{"id":968,"date":"2025-04-17T04:50:58","date_gmt":"2025-04-17T04:50:58","guid":{"rendered":"https:\/\/vapesaler.com\/?post_type=product&#038;p=968"},"modified":"2025-06-13T10:30:15","modified_gmt":"2025-06-13T10:30:15","slug":"waspe-triple-flavors-vape","status":"publish","type":"product","link":"https:\/\/vapesaler.com\/pt\/produto\/waspe-triple-flavors-vape","title":{"rendered":"Waspe Triple Flavors vape 60000 PUFFS 3 em 1 Vape descart\u00e1vel"},"content":{"rendered":"<p>O <a href=\"https:\/\/vapesaler.com\/pt\/brands\/waspe\/\">Vespa <\/a>O Vape descart\u00e1vel 3-em-1 Triple Flavors vape 60000 PUFFS \u00e9 um produto criativo. Com o design de tr\u00eas compartimentos de l\u00edquido numa estrutura, combinado com o interrutor rotativo mec\u00e2nico de 360 graus do bocal, \u00e9 f\u00e1cil realizar a comuta\u00e7\u00e3o de tr\u00eas sabores num s\u00f3 produto.<\/p>\n<p>Em primeiro lugar, em termos de conce\u00e7\u00e3o, trata-se de um n\u00edvel superior. Adopta <a href=\"https:\/\/en.wikipedia.org\/wiki\/Pascal%27s_triangle\">Tri\u00e2ngulo de Pascal<\/a> design de estrutura de apar\u00eancia, que \u00e9 atualmente reconhecida como a estrutura triangular mais est\u00e1vel e razo\u00e1vel, combinada com um grande chanfro de arco. O produto \u00e9 est\u00e1vel sem perder a sensa\u00e7\u00e3o de moda.<\/p>\n<p>E o esquema de cores, adopta o esquema de cores da dopamina, juntamente com a textura da tinta spray met\u00e1lica. O tema da dopamina combina na perfei\u00e7\u00e3o com o tema da lata de nicotina. Na parte inferior do processo de revestimento a v\u00e1cuo, a galvanoplastia confere uma textura met\u00e1lica e, ao mesmo tempo, permite ocultar o visor. A sensa\u00e7\u00e3o de tecnologia, a sensa\u00e7\u00e3o de classe alta, a estabilidade e a moda misturam-se muito naturalmente.<\/p>\n<p>Relativamente ao design do sabor, o mesmo produto nos tr\u00eas sabores \u00e9 excessivo, n\u00e3o ser\u00e1 demasiado grande, tem um sabor semelhante, para que os clientes possam reduzir porque pode haver um sabor que n\u00e3o gostam e n\u00e3o podem fazer uma escolha.<\/p>\n<p>Desempenho, <a href=\"https:\/\/vapesaler.com\/pt\/brands\/waspe\/\">Vespa<\/a> O Triple Flavor adopta uma bateria de alta capacidade de 850mAh, reduzindo a ansiedade de carregamento. Capacidade do compartimento de l\u00edquido de 54ml, mas tamb\u00e9m melhora muito a vida \u00fatil do produto, pois a dosagem normal dos clientes pode durar mais de duas semanas.<\/p>\n<h2><strong>Waspe Triple Flavors vape 60000 PUFFS 3 em 1 Vape descart\u00e1vel Detalhes r\u00e1pidos<\/strong><\/h2>\n<p><img decoding=\"async\" class=\"alignright wp-image-996\" title=\"waspe Triple Flavor vape 60000 PUFFS 3 em 1 vape descart\u00e1vel\" src=\"https:\/\/vapesaler.com\/wp-content\/uploads\/2025\/04\/waspe-Triple-Flavor-vape-60000-PUFFS-3-in-1-disposable-vape-300x300.jpg\" alt=\"waspe Triple Flavor vape 60000 PUFFS 3 em 1 vape descart\u00e1vel\" width=\"500\" height=\"500\" srcset=\"https:\/\/vapesaler.com\/wp-content\/uploads\/2025\/04\/waspe-Triple-Flavor-vape-60000-PUFFS-3-in-1-disposable-vape-300x300.jpg 300w, https:\/\/vapesaler.com\/wp-content\/uploads\/2025\/04\/waspe-Triple-Flavor-vape-60000-PUFFS-3-in-1-disposable-vape-150x150.jpg 150w, https:\/\/vapesaler.com\/wp-content\/uploads\/2025\/04\/waspe-Triple-Flavor-vape-60000-PUFFS-3-in-1-disposable-vape-768x768.jpg 768w, https:\/\/vapesaler.com\/wp-content\/uploads\/2025\/04\/waspe-Triple-Flavor-vape-60000-PUFFS-3-in-1-disposable-vape-12x12.jpg 12w, https:\/\/vapesaler.com\/wp-content\/uploads\/2025\/04\/waspe-Triple-Flavor-vape-60000-PUFFS-3-in-1-disposable-vape-510x510.jpg 510w, https:\/\/vapesaler.com\/wp-content\/uploads\/2025\/04\/waspe-Triple-Flavor-vape-60000-PUFFS-3-in-1-disposable-vape-100x100.jpg 100w, https:\/\/vapesaler.com\/wp-content\/uploads\/2025\/04\/waspe-Triple-Flavor-vape-60000-PUFFS-3-in-1-disposable-vape.jpg 800w\" sizes=\"(max-width: 500px) 100vw, 500px\" \/><\/p>\n<ul>\n<li>Puffs: 3*20000\uff0860000\uff09 Puffs<\/li>\n<li>Capacidade da bateria: 850mAh<\/li>\n<li>Volume do E-l\u00edquido: 54ml<\/li>\n<li>Teor de nicotina: 0\/20\/50mg<\/li>\n<li>Embalagem: 10 pe\u00e7as em 1 caixa m\u00e9dia<\/li>\n<li>Ecr\u00e3 LED<\/li>\n<li>\n<div>Tipo C recarreg\u00e1vel<\/div>\n<\/li>\n<li>\n<div>Sabores triplos<\/div>\n<\/li>\n<li>\n<div>Visor de carga e de l\u00edquido eletr\u00f3nico<\/div>\n<\/li>\n<li>Resist\u00eancia do fio de aquecimento: Bobina de malha \/ 0,9ohm+0,9ohm+0,9ohm<\/li>\n<\/ul>\n<h2><strong>Lista de sabores<\/strong><\/h2>\n<ol>\n<li>Gelado de melancia e morango Kiwi e lima-lim\u00e3o<\/li>\n<li>Melancia com morango e framboesa com morango e gelo de uva<\/li>\n<li>Gelo de mirtilo &amp; Gelo de drag\u00e3o negro &amp; Gelo de cereja com g\u00e1s<\/li>\n<li>Morango Framboesa Cereja &amp; Love 666 &amp; Cherry Candy Ice<\/li>\n<li>P\u00eassego Ice &amp; Anan\u00e1s Manga P\u00eassego &amp; Arando Lim\u00e3o<\/li>\n<li>Red Bull Ice &amp; Morango Manga &amp; Morango Melancia Pastilha el\u00e1stica<\/li>\n<li>Mistura de bagas e gomas e mistura de frutos<\/li>\n<li>Gelo triplo de mel\u00e3o e rebu\u00e7ado arco-\u00edris e rebu\u00e7ado de mirtilo<\/li>\n<li>Gelo de uva e rebu\u00e7ado de morango e morango e framboesa e cereja<\/li>\n<li>Morango, banana e anan\u00e1s, gelo de coco e gelo de manga<\/li>\n<li>Cola Ice de cereja e Cola Ice de morango e Cola Ice<\/li>\n<li>Framboesa com mirtilo e algod\u00e3o doce com mirtilo e gelo duplo de ma\u00e7\u00e3<\/li>\n<\/ol>\n<h2><strong>Conte\u00fado da embalagem<\/strong><\/h2>\n<ul>\n<li>Peso do produto: 130g\/pcs<\/li>\n<li>Tamanho do produto: 47*47*161mm<\/li>\n<li>QTY: 160pcs\/ ctn, 10pcs\/caixa<\/li>\n<li>Peso bruto: 21 kg<\/li>\n<\/ul>\n<p><img decoding=\"async\" class=\"aligncenter wp-image-997 size-full\" title=\"waspe Triple Flavors vape 60000 PUFFS 3 em 1 vape descart\u00e1vel\" src=\"https:\/\/vapesaler.com\/wp-content\/uploads\/2025\/04\/waspe-Triple-Flavors-vape-60000-PUFFS-3-in-1-disposable-vape.jpg\" alt=\"waspe Triple Flavors vape 60000 PUFFS 3 em 1 vape descart\u00e1vel\" width=\"1024\" height=\"600\" srcset=\"https:\/\/vapesaler.com\/wp-content\/uploads\/2025\/04\/waspe-Triple-Flavors-vape-60000-PUFFS-3-in-1-disposable-vape.jpg 1024w, https:\/\/vapesaler.com\/wp-content\/uploads\/2025\/04\/waspe-Triple-Flavors-vape-60000-PUFFS-3-in-1-disposable-vape-300x176.jpg 300w, https:\/\/vapesaler.com\/wp-content\/uploads\/2025\/04\/waspe-Triple-Flavors-vape-60000-PUFFS-3-in-1-disposable-vape-768x450.jpg 768w, https:\/\/vapesaler.com\/wp-content\/uploads\/2025\/04\/waspe-Triple-Flavors-vape-60000-PUFFS-3-in-1-disposable-vape-18x12.jpg 18w, https:\/\/vapesaler.com\/wp-content\/uploads\/2025\/04\/waspe-Triple-Flavors-vape-60000-PUFFS-3-in-1-disposable-vape-510x299.jpg 510w\" sizes=\"(max-width: 1024px) 100vw, 1024px\" \/><\/p>","protected":false},"excerpt":{"rendered":"<p>The Waspe Triple Flavors vape 60000 PUFFS 3-in-1 Disposable Vape is a creative product. With the design of three liquid compartments in one structure, combined with the 360-degree mechanical rotary switch of the mouthpiece, it is easy to realize the switching of three flavors in one product. First, In terms of design, it is a [&#8230;]\n","protected":false},"featured_media":969,"comment_status":"open","ping_status":"closed","template":"","meta":{"om_disable_all_campaigns":false},"product_brand":[145],"product_cat":[105],"product_tag":[180,179,50],"class_list":{"0":"post-968","1":"product","2":"type-product","3":"status-publish","4":"has-post-thumbnail","6":"product_brand-waspe","7":"product_cat-dual-flavour","8":"product_tag-3-in-1","9":"product_tag-60000puffs","10":"product_tag-disposable-vape","11":"pa_flavor-blueberry-ice-black-dragon-ice-fizzy-cherry-ice","12":"pa_flavor-blueberry-raspberry-blueberry-cotton-candy-double-apple-ice","13":"pa_flavor-cherry-cola-ice-strawberry-cola-cola-ice","14":"pa_flavor-grape-ice-strawberry-candy-strawberry-raspberry-cherry","15":"pa_flavor-mixed-berries-gummy-bear-mixed-fruit","16":"pa_flavor-peach-ice-pineapple-mango-peach-cranberry-lemon","17":"pa_flavor-red-bull-ice-strawberry-mango-strawberry-watermelon-bubblegum","18":"pa_flavor-strawberry-banana-pineapple-coconut-ice-mango-ice","19":"pa_flavor-strawberry-raspberry-cherry-love-666-cherry-candy-ice","20":"pa_flavor-strawberry-watermelon-strawberry-raspberry-candy-grape-ice","21":"pa_flavor-triple-melon-ice-rainbow-candy-blueberry-candy","22":"pa_flavor-watermelon-ice-strawberry-kiwi-lemon-lime","23":"pa_nicotine-0mg","24":"pa_nicotine-20mg","25":"pa_nicotine-50mg","26":"pa_puffs-60000-puffs","28":"first","29":"instock","30":"shipping-taxable","31":"purchasable","32":"product-type-variable"},"aioseo_notices":[],"_links":{"self":[{"href":"https:\/\/vapesaler.com\/pt\/wp-json\/wp\/v2\/product\/968","targetHints":{"allow":["GET"]}}],"collection":[{"href":"https:\/\/vapesaler.com\/pt\/wp-json\/wp\/v2\/product"}],"about":[{"href":"https:\/\/vapesaler.com\/pt\/wp-json\/wp\/v2\/types\/product"}],"replies":[{"embeddable":true,"href":"https:\/\/vapesaler.com\/pt\/wp-json\/wp\/v2\/comments?post=968"}],"wp:featuredmedia":[{"embeddable":true,"href":"https:\/\/vapesaler.com\/pt\/wp-json\/wp\/v2\/media\/969"}],"wp:attachment":[{"href":"https:\/\/vapesaler.com\/pt\/wp-json\/wp\/v2\/media?parent=968"}],"wp:term":[{"taxonomy":"product_brand","embeddable":true,"href":"https:\/\/vapesaler.com\/pt\/wp-json\/wp\/v2\/product_brand?post=968"},{"taxonomy":"product_cat","embeddable":true,"href":"https:\/\/vapesaler.com\/pt\/wp-json\/wp\/v2\/product_cat?post=968"},{"taxonomy":"product_tag","embeddable":true,"href":"https:\/\/vapesaler.com\/pt\/wp-json\/wp\/v2\/product_tag?post=968"}],"curies":[{"name":"wp","href":"https:\/\/api.w.org\/{rel}","templated":true}]}}