{"id":871,"date":"2025-04-14T08:16:41","date_gmt":"2025-04-14T08:16:41","guid":{"rendered":"https:\/\/vapesaler.com\/?post_type=product&#038;p=871"},"modified":"2025-04-28T09:36:32","modified_gmt":"2025-04-28T09:36:32","slug":"bangking-disposable-vape-with-screen","status":"publish","type":"product","link":"https:\/\/vapesaler.com\/pt\/produto\/bangking-vape-descartavel-com-ecra","title":{"rendered":"BangKing Vape descart\u00e1vel com ecr\u00e3 36000 baforadas"},"content":{"rendered":"<p>O BangKing Disposable vape With Screen 36000 Puffs with Zodiac Star Sign Design, o design do bot\u00e3o de toque tamb\u00e9m est\u00e1 cheio de tecnologia no design geral.<\/p>\n<p>Tem capacidade para 30ml de l\u00edquido, bateria com capacidade para 650mha, ajuste do fluxo de ar e o ajuste do fluxo de ar \u00e9 poss\u00edvel atrav\u00e9s do bot\u00e3o de press\u00e3o na parte inferior.<\/p>\n<p id=\"brxe-sultlx\" class=\"brxe-product-title singal-product-title\">O BangKing Constellation tem 36.000 puffs, 12 sabores que duram 1 semana de vaporiza\u00e7\u00e3o, desfruta da tecnologia e experimenta 12 incr\u00edveis sabores de fruta ao mesmo tempo. \u00c9 a escolha favorita da maioria dos consumidores<\/p>\n<h2><strong>BangKing Vape descart\u00e1vel com ecr\u00e3 36000 Puffs Detalhes r\u00e1pidos<\/strong><\/h2>\n<p><img decoding=\"async\" class=\"wp-image-885 alignright\" title=\"Vape descart\u00e1vel com ecr\u00e3 36000 Puffs\" src=\"https:\/\/vapesaler.com\/wp-content\/uploads\/2025\/04\/Disposable-vape-with-screen-36000-Puffs-300x300.jpg\" alt=\"Vape descart\u00e1vel com ecr\u00e3 36000 Puffs\" width=\"500\" height=\"500\" srcset=\"https:\/\/vapesaler.com\/wp-content\/uploads\/2025\/04\/Disposable-vape-with-screen-36000-Puffs-300x300.jpg 300w, https:\/\/vapesaler.com\/wp-content\/uploads\/2025\/04\/Disposable-vape-with-screen-36000-Puffs-150x150.jpg 150w, https:\/\/vapesaler.com\/wp-content\/uploads\/2025\/04\/Disposable-vape-with-screen-36000-Puffs-768x768.jpg 768w, https:\/\/vapesaler.com\/wp-content\/uploads\/2025\/04\/Disposable-vape-with-screen-36000-Puffs-12x12.jpg 12w, https:\/\/vapesaler.com\/wp-content\/uploads\/2025\/04\/Disposable-vape-with-screen-36000-Puffs-510x510.jpg 510w, https:\/\/vapesaler.com\/wp-content\/uploads\/2025\/04\/Disposable-vape-with-screen-36000-Puffs-100x100.jpg 100w, https:\/\/vapesaler.com\/wp-content\/uploads\/2025\/04\/Disposable-vape-with-screen-36000-Puffs.jpg 800w\" sizes=\"(max-width: 500px) 100vw, 500px\" \/><\/p>\n<ul>\n<li>Puffs: 28000<\/li>\n<li>Capacidade da bateria:650mAh<\/li>\n<li>Volume do E-l\u00edquido: 30ml<\/li>\n<li>Teor de nicotina: 0\/20\/50mg<\/li>\n<li>Embalagem: 10 pe\u00e7as em 1 caixa de exposi\u00e7\u00e3o<\/li>\n<li>Tipo C recarreg\u00e1vel<\/li>\n<li>Visor de carga e de l\u00edquido eletr\u00f3nico<\/li>\n<li>Resist\u00eancia do fio de aquecimento: 1.0Q n\u00facleo de malha<\/li>\n<li>bot\u00e3o t\u00e1til\/controlo de pot\u00eancia<\/li>\n<li>Desenho do signo do Zod\u00edaco<\/li>\n<\/ul>\n<h2><strong>Lista de sabores<\/strong><\/h2>\n<ol>\n<li>Gelo Blue Razz<\/li>\n<li>Melancia com morango<\/li>\n<li>Gelo de melancia<\/li>\n<li>Banana com morango<\/li>\n<li>Frutos tropicais<\/li>\n<li>Gelo de bagas triplo<\/li>\n<li>Gelo de p\u00eassego sumarento<\/li>\n<li>Morango Kiwi<\/li>\n<li>P\u00eassego Manga Melancia<\/li>\n<li>Kiwi Maracuj\u00e1 Goiaba<\/li>\n<li>Gelo de uva<\/li>\n<li>Sr. Blue<\/li>\n<\/ol>\n<h2><strong>Conte\u00fado da embalagem<\/strong><\/h2>\n<ul>\n<li>10 unidades \/ caixa m\u00e9dia.<\/li>\n<li>100 unidades\/caixa<\/li>\n<\/ul>","protected":false},"excerpt":{"rendered":"<p>The BangKing Disposable vape With Screen 36000 Puffs with Zodiac Star Sign Design, the touch button design is also full of technology in the overall design. It has 30ml Liquid capacity, Battery 650mha capacity, airflow adjustment and airflow adjustment is possible through the push button at the bottom. The BangKing Constellation has 36,000puffs, 12 flavors [&#8230;]\n","protected":false},"featured_media":872,"comment_status":"open","ping_status":"closed","template":"","meta":{"om_disable_all_campaigns":false},"product_brand":[36],"product_cat":[34],"product_tag":[84,50,138],"class_list":{"0":"post-871","1":"product","2":"type-product","3":"status-publish","4":"has-post-thumbnail","6":"product_brand-bangking","7":"product_cat-full-screen","8":"product_tag-36000puffs","9":"product_tag-disposable-vape","10":"product_tag-touch-button","11":"pa_flavor-blue-razz-ice","12":"pa_flavor-grape-ice","13":"pa_flavor-juicy-peach-ice","14":"pa_flavor-kiwi-passion-fruit-guava","15":"pa_flavor-mr-blue","16":"pa_flavor-peach-mango-watermelon","17":"pa_flavor-strawberry-banana","18":"pa_flavor-strawberry-kiwi","19":"pa_flavor-strawberry-watermelon","20":"pa_flavor-triple-berry-ice","21":"pa_flavor-tropical-fruit","22":"pa_flavor-watermelon-ice","23":"pa_nicotine-0mg","24":"pa_nicotine-20mg","25":"pa_nicotine-50mg","26":"pa_puffs-36000-puffs","28":"first","29":"instock","30":"shipping-taxable","31":"purchasable","32":"product-type-variable"},"aioseo_notices":[],"_links":{"self":[{"href":"https:\/\/vapesaler.com\/pt\/wp-json\/wp\/v2\/product\/871","targetHints":{"allow":["GET"]}}],"collection":[{"href":"https:\/\/vapesaler.com\/pt\/wp-json\/wp\/v2\/product"}],"about":[{"href":"https:\/\/vapesaler.com\/pt\/wp-json\/wp\/v2\/types\/product"}],"replies":[{"embeddable":true,"href":"https:\/\/vapesaler.com\/pt\/wp-json\/wp\/v2\/comments?post=871"}],"wp:featuredmedia":[{"embeddable":true,"href":"https:\/\/vapesaler.com\/pt\/wp-json\/wp\/v2\/media\/872"}],"wp:attachment":[{"href":"https:\/\/vapesaler.com\/pt\/wp-json\/wp\/v2\/media?parent=871"}],"wp:term":[{"taxonomy":"product_brand","embeddable":true,"href":"https:\/\/vapesaler.com\/pt\/wp-json\/wp\/v2\/product_brand?post=871"},{"taxonomy":"product_cat","embeddable":true,"href":"https:\/\/vapesaler.com\/pt\/wp-json\/wp\/v2\/product_cat?post=871"},{"taxonomy":"product_tag","embeddable":true,"href":"https:\/\/vapesaler.com\/pt\/wp-json\/wp\/v2\/product_tag?post=871"}],"curies":[{"name":"wp","href":"https:\/\/api.w.org\/{rel}","templated":true}]}}