{"id":821,"date":"2025-04-10T03:19:14","date_gmt":"2025-04-10T03:19:14","guid":{"rendered":"https:\/\/vapesaler.com\/?post_type=product&#038;p=821"},"modified":"2025-04-28T09:36:21","modified_gmt":"2025-04-28T09:36:21","slug":"bang-tornado-dtl-40000","status":"publish","type":"product","link":"https:\/\/vapesaler.com\/pt\/produto\/bang-tornado-dtl-40000","title":{"rendered":"Bang Tornado DTL 40000 Puffs Vape descart\u00e1vel"},"content":{"rendered":"<p>O Bang Tornado DTL 40000 Puffs Disposable vape \u00e9 um inalador de vape DTL (Diret To Lung) e MTL (Mouth To Lung) com um fundo que pode ser mudado atrav\u00e9s do bot\u00e3o de ajuste do fluxo de ar. Tem tamb\u00e9m um fecho para crian\u00e7as. \u00c9 muito potente e abrangente, com tr\u00eas n\u00facleos de malha 1.0 Omega que fornecem uma quantidade poderosa de fumo. \u00c9 uma escolha muito boa para os clientes que gostam da sensa\u00e7\u00e3o de vaporiza\u00e7\u00e3o do cachimbo de \u00e1gua.<br \/>\nAo mesmo tempo, tem uma apar\u00eancia muito requintada, a parte superior do design de concha de cristal de elefante transparente, a parte inferior do ecr\u00e3 LED, fornecendo E-l\u00edquidos e exibi\u00e7\u00e3o de status de uso de energia. Bateria de grande capacidade de 850mAh, capacidade de 40Ml e n\u00facleo de 3 malhas de alta pot\u00eancia. Permite um grande fumo e, ao mesmo tempo, uma utiliza\u00e7\u00e3o muito duradoura!<\/p>\n<h2><strong>Bang Tornado DTL 40000 Puffs Vape descart\u00e1vel Detalhes r\u00e1pidos<\/strong><\/h2>\n<p><img decoding=\"async\" class=\"wp-image-848 alignright\" title=\"bang tornado DTL 40k Puffs\" src=\"https:\/\/vapesaler.com\/wp-content\/uploads\/2025\/04\/bang-tornado-DTL-40k-Puffs-300x300.jpg\" alt=\"bang tornado DTL 40k Puffs\" width=\"500\" height=\"500\" srcset=\"https:\/\/vapesaler.com\/wp-content\/uploads\/2025\/04\/bang-tornado-DTL-40k-Puffs-300x300.jpg 300w, https:\/\/vapesaler.com\/wp-content\/uploads\/2025\/04\/bang-tornado-DTL-40k-Puffs-150x150.jpg 150w, https:\/\/vapesaler.com\/wp-content\/uploads\/2025\/04\/bang-tornado-DTL-40k-Puffs-768x768.jpg 768w, https:\/\/vapesaler.com\/wp-content\/uploads\/2025\/04\/bang-tornado-DTL-40k-Puffs-12x12.jpg 12w, https:\/\/vapesaler.com\/wp-content\/uploads\/2025\/04\/bang-tornado-DTL-40k-Puffs-510x510.jpg 510w, https:\/\/vapesaler.com\/wp-content\/uploads\/2025\/04\/bang-tornado-DTL-40k-Puffs-100x100.jpg 100w, https:\/\/vapesaler.com\/wp-content\/uploads\/2025\/04\/bang-tornado-DTL-40k-Puffs.jpg 1000w\" sizes=\"(max-width: 500px) 100vw, 500px\" \/><\/p>\n<ul>\n<li>Puffs: 40000<\/li>\n<li>Capacidade da bateria: 850mAh<\/li>\n<li>Volume do E-l\u00edquido: 40ML<\/li>\n<li>Teor de nicotina: 0\/20\/50mg<\/li>\n<li>Embalagem: 10 pe\u00e7as em 1 caixa de exposi\u00e7\u00e3o<\/li>\n<li>Ecr\u00e3 de LED<\/li>\n<li>\n<div>Tipo C recarreg\u00e1vel<\/div>\n<\/li>\n<li>\n<div>Visor de carga e de l\u00edquido eletr\u00f3nico<\/div>\n<\/li>\n<li>Resist\u00eancia do fio de aquecimento: Tr\u00eas n\u00facleos de malha 1.0Q<\/li>\n<li>Fa\u00e7\u00e3o: Ajuste do fluxo de ar \/ DTL\/MTL<\/li>\n<\/ul>\n<h2><strong>Lista de sabores<\/strong><\/h2>\n<ol>\n<li><strong>Gelo de p\u00eassego<\/strong><\/li>\n<li><strong>Amor 66<\/strong><\/li>\n<li><strong>Baga tripla<\/strong><\/li>\n<li><strong>Mirtilo Lim\u00e3o<\/strong><\/li>\n<li><strong>Bebida Enereg<\/strong><\/li>\n<li><strong>Ma\u00e7\u00e3 dupla<\/strong><\/li>\n<li><strong>Manga P\u00eassego<\/strong><\/li>\n<li><strong>Mirtilo Uva<\/strong><\/li>\n<li><strong>Melancia com morango<\/strong><\/li>\n<li><strong>Mirtilo Framboesa<\/strong><\/li>\n<li><strong>Melancia<\/strong><\/li>\n<li><strong>Morango Kiwi<\/strong><\/li>\n<\/ol>\n<h2><strong>Conte\u00fado da embalagem<\/strong><\/h2>\n<ul>\n<li>10 unidades \/ caixa m\u00e9dia.<\/li>\n<li>100 unidades\/caixa<\/li>\n<li>14 kg\/caixa<\/li>\n<\/ul>","protected":false},"excerpt":{"rendered":"<p>The Bang Tornado DTL 40000 Puffs Disposable vape is a DTL (Direct To Lung) and MTL(Mouth To Lung) vape\u00a0inhaler with a bottom that can be switched by the airflow adjustment push knob. It is also a child lock. It is very powerful and comprehensive with three mesh 1.0 Omega cores that provide a powerful amount [&#8230;]\n","protected":false},"featured_media":822,"comment_status":"open","ping_status":"closed","template":"","meta":{"om_disable_all_campaigns":false},"product_brand":[81],"product_cat":[15],"product_tag":[],"class_list":{"0":"post-821","1":"product","2":"type-product","3":"status-publish","4":"has-post-thumbnail","6":"product_brand-bang","7":"product_cat-disposables","8":"pa_flavor-blueberry-grape","9":"pa_flavor-blueberry-lemonade","10":"pa_flavor-blueberry-raspberry","11":"pa_flavor-double-apple","12":"pa_flavor-enereg-drink","13":"pa_flavor-love-66","14":"pa_flavor-mango-peach","15":"pa_flavor-peach-ice","16":"pa_flavor-strawberry-kiwi","17":"pa_flavor-strawberry-watermelon","18":"pa_flavor-triple-berry","19":"pa_flavor-watermelon","20":"pa_nicotine-20mg","21":"pa_nicotine-50mg","22":"pa_puffs-40000-puffs","24":"first","25":"instock","26":"shipping-taxable","27":"purchasable","28":"product-type-variable"},"aioseo_notices":[],"_links":{"self":[{"href":"https:\/\/vapesaler.com\/pt\/wp-json\/wp\/v2\/product\/821","targetHints":{"allow":["GET"]}}],"collection":[{"href":"https:\/\/vapesaler.com\/pt\/wp-json\/wp\/v2\/product"}],"about":[{"href":"https:\/\/vapesaler.com\/pt\/wp-json\/wp\/v2\/types\/product"}],"replies":[{"embeddable":true,"href":"https:\/\/vapesaler.com\/pt\/wp-json\/wp\/v2\/comments?post=821"}],"wp:featuredmedia":[{"embeddable":true,"href":"https:\/\/vapesaler.com\/pt\/wp-json\/wp\/v2\/media\/822"}],"wp:attachment":[{"href":"https:\/\/vapesaler.com\/pt\/wp-json\/wp\/v2\/media?parent=821"}],"wp:term":[{"taxonomy":"product_brand","embeddable":true,"href":"https:\/\/vapesaler.com\/pt\/wp-json\/wp\/v2\/product_brand?post=821"},{"taxonomy":"product_cat","embeddable":true,"href":"https:\/\/vapesaler.com\/pt\/wp-json\/wp\/v2\/product_cat?post=821"},{"taxonomy":"product_tag","embeddable":true,"href":"https:\/\/vapesaler.com\/pt\/wp-json\/wp\/v2\/product_tag?post=821"}],"curies":[{"name":"wp","href":"https:\/\/api.w.org\/{rel}","templated":true}]}}