{"id":747,"date":"2025-04-03T08:16:49","date_gmt":"2025-04-03T08:16:49","guid":{"rendered":"https:\/\/vapesaler.com\/?post_type=product&#038;p=747"},"modified":"2025-04-28T09:30:17","modified_gmt":"2025-04-28T09:30:17","slug":"bang-refillable-vape-40k-puffs","status":"publish","type":"product","link":"https:\/\/vapesaler.com\/pt\/produto\/bang-vape-recarregavel-40k-puffs","title":{"rendered":"Bang Vape recarreg\u00e1vel 40K Puffs"},"content":{"rendered":"<p><strong>The Bang Vape Recarreg\u00e1vel 40K Puffs<\/strong> \u00e9 a s\u00e9rie Bang's Refillable Vape, que foi concebida com um compartimento de e-l\u00edquido transparente e leve, que \u00e9 sobreposto por uma cor gradiente, fazendo com que o produto d\u00ea uma sensa\u00e7\u00e3o muito limpa.<\/p>\n<p>\u00c9 fornecido com um dep\u00f3sito de e-l\u00edquido vazio, que pode ser reabastecido vezes sem conta, e o conjunto de produtos vem com uma garrafa de 10 ml de e-l\u00edquido da marca Bang. Pode optar por utilizar o e-l\u00edquido da marca BANG ou o seu preferido.<\/p>\n<p>Ao mesmo tempo, \u00e9 tamb\u00e9m uma configura\u00e7\u00e3o de n\u00facleo de aquecimento de 1,0 ohm e regula\u00e7\u00e3o da fun\u00e7\u00e3o de fluxo de ar, cada vez que pode encher o e-l\u00edquido 10Ml. Pode encher o e-l\u00edquido muitas vezes, at\u00e9 que o sabor do produto entre em recess\u00e3o. Normalmente, pode suportar at\u00e9 40ML ou mais.<\/p>\n<h2><strong>Bang Refillable Vape 40K Puffs Detalhes r\u00e1pidos<\/strong><\/h2>\n<p><img decoding=\"async\" class=\"alignright wp-image-773\" title=\"Bang Vape recarreg\u00e1vel 40K Puffs 1\" src=\"https:\/\/vapesaler.com\/wp-content\/uploads\/2025\/04\/Bang-Refillable-Vape-40K-Puffs-1-300x300.jpg\" alt=\"Bang Vape recarreg\u00e1vel 40K Puffs 1\" width=\"500\" height=\"499\" srcset=\"https:\/\/vapesaler.com\/wp-content\/uploads\/2025\/04\/Bang-Refillable-Vape-40K-Puffs-1-300x300.jpg 300w, https:\/\/vapesaler.com\/wp-content\/uploads\/2025\/04\/Bang-Refillable-Vape-40K-Puffs-1-150x150.jpg 150w, https:\/\/vapesaler.com\/wp-content\/uploads\/2025\/04\/Bang-Refillable-Vape-40K-Puffs-1-768x767.jpg 768w, https:\/\/vapesaler.com\/wp-content\/uploads\/2025\/04\/Bang-Refillable-Vape-40K-Puffs-1-510x509.jpg 510w, https:\/\/vapesaler.com\/wp-content\/uploads\/2025\/04\/Bang-Refillable-Vape-40K-Puffs-1-100x100.jpg 100w, https:\/\/vapesaler.com\/wp-content\/uploads\/2025\/04\/Bang-Refillable-Vape-40K-Puffs-1.jpg 800w\" sizes=\"(max-width: 500px) 100vw, 500px\" \/><\/p>\n<ul>\n<li>Puffs: 40.000 Puffs ou mais<\/li>\n<li>Capacidade da bateria: 650mAh<\/li>\n<li>Capacidade do E-l\u00edquido: 10ml (vem com uma garrafa inclu\u00edda)<\/li>\n<li>Carater\u00edsticas: Fluxo de ar ajust\u00e1vel e bloqueio para crian\u00e7as para maior seguran\u00e7a<\/li>\n<li>Embalagem: 10 pe\u00e7as em 1 caixa m\u00e9dia<\/li>\n<li>Tipo C recarreg\u00e1vel<\/li>\n<li>Visor de carga e de l\u00edquido eletr\u00f3nico<\/li>\n<li>Resist\u00eancia do fio de aquecimento: 1.0Q n\u00facleo de malha<\/li>\n<\/ul>\n<h2><strong>Lista de sabores<\/strong><\/h2>\n<ol>\n<li>Gelo de melancia<\/li>\n<li>Manga com morango<\/li>\n<li>Melancia com morango<\/li>\n<li>Gelo de uva<\/li>\n<li>P\u00eassego Manga Melancia<\/li>\n<li>Mirtilo Framboesa<\/li>\n<li>Gelo de mirtilo<\/li>\n<li>Banana com morango<\/li>\n<li>Melancia com mirtilo<\/li>\n<li>Red Bull<\/li>\n<li>Morango Kiwi<\/li>\n<li>Frutos mistos<\/li>\n<\/ol>\n<h2><strong>Conte\u00fado da embalagem<\/strong><\/h2>\n<ul>\n<li>10 unidades \/ caixa m\u00e9dia.<\/li>\n<li>100 unidades\/caixa<img decoding=\"async\" class=\"alignnone wp-image-774 size-full\" title=\"Bang Vape recarreg\u00e1vel 40K Puffs\" src=\"https:\/\/vapesaler.com\/wp-content\/uploads\/2025\/04\/Bang-Refillable-Vape-40K-Puffs.jpg\" alt=\"Bang Vape recarreg\u00e1vel 40K Puffs\" width=\"1024\" height=\"600\" srcset=\"https:\/\/vapesaler.com\/wp-content\/uploads\/2025\/04\/Bang-Refillable-Vape-40K-Puffs.jpg 1024w, https:\/\/vapesaler.com\/wp-content\/uploads\/2025\/04\/Bang-Refillable-Vape-40K-Puffs-300x176.jpg 300w, https:\/\/vapesaler.com\/wp-content\/uploads\/2025\/04\/Bang-Refillable-Vape-40K-Puffs-768x450.jpg 768w, https:\/\/vapesaler.com\/wp-content\/uploads\/2025\/04\/Bang-Refillable-Vape-40K-Puffs-510x299.jpg 510w\" sizes=\"(max-width: 1024px) 100vw, 1024px\" \/><\/li>\n<\/ul>","protected":false},"excerpt":{"rendered":"<p>The Bang Refillable Vape 40K Puffs is Bang&#8217;s Refillable Vape series, which is designed with a light transparent e-liquid compartment, which is overdone by a gradient color, making the product give a very clean feeling. It comes with an empty e-liquid tank, which can be refilled over and over again, and the product set comes [&#8230;]\n","protected":false},"featured_media":748,"comment_status":"open","ping_status":"closed","template":"","meta":{"om_disable_all_campaigns":false},"product_brand":[81],"product_cat":[26],"product_tag":[119,104],"class_list":{"0":"post-747","1":"product","2":"type-product","3":"status-publish","4":"has-post-thumbnail","6":"product_brand-bang","7":"product_cat-refillable","8":"product_tag-40000puffs","9":"product_tag-dual-mesh","10":"pa_flavor-blueberry-ice","11":"pa_flavor-blueberry-raspberry","12":"pa_flavor-blueberry-watermelon","13":"pa_flavor-grape-ice","14":"pa_flavor-mixed-fruit","15":"pa_flavor-peach-mango-watermelon","16":"pa_flavor-red-bull","17":"pa_flavor-strawberry-banana","18":"pa_flavor-strawberry-kiwi","19":"pa_flavor-strawberry-mango","20":"pa_flavor-strawberry-watermelon","21":"pa_flavor-watermelon-ice","22":"pa_nicotine-20mg","23":"pa_puffs-40000-puffs","25":"first","26":"instock","27":"shipping-taxable","28":"purchasable","29":"product-type-variable"},"aioseo_notices":[],"_links":{"self":[{"href":"https:\/\/vapesaler.com\/pt\/wp-json\/wp\/v2\/product\/747","targetHints":{"allow":["GET"]}}],"collection":[{"href":"https:\/\/vapesaler.com\/pt\/wp-json\/wp\/v2\/product"}],"about":[{"href":"https:\/\/vapesaler.com\/pt\/wp-json\/wp\/v2\/types\/product"}],"replies":[{"embeddable":true,"href":"https:\/\/vapesaler.com\/pt\/wp-json\/wp\/v2\/comments?post=747"}],"wp:featuredmedia":[{"embeddable":true,"href":"https:\/\/vapesaler.com\/pt\/wp-json\/wp\/v2\/media\/748"}],"wp:attachment":[{"href":"https:\/\/vapesaler.com\/pt\/wp-json\/wp\/v2\/media?parent=747"}],"wp:term":[{"taxonomy":"product_brand","embeddable":true,"href":"https:\/\/vapesaler.com\/pt\/wp-json\/wp\/v2\/product_brand?post=747"},{"taxonomy":"product_cat","embeddable":true,"href":"https:\/\/vapesaler.com\/pt\/wp-json\/wp\/v2\/product_cat?post=747"},{"taxonomy":"product_tag","embeddable":true,"href":"https:\/\/vapesaler.com\/pt\/wp-json\/wp\/v2\/product_tag?post=747"}],"curies":[{"name":"wp","href":"https:\/\/api.w.org\/{rel}","templated":true}]}}