{"id":543,"date":"2025-03-23T10:00:32","date_gmt":"2025-03-23T10:00:32","guid":{"rendered":"https:\/\/vapesaler.com\/?post_type=product&#038;p=543"},"modified":"2025-06-10T08:44:12","modified_gmt":"2025-06-10T08:44:12","slug":"bood-infinity-30k-puffs-disposable-vape","status":"publish","type":"product","link":"https:\/\/vapesaler.com\/pt\/produto\/bood-infinity-30k-puffs-vape-descartavel","title":{"rendered":"Vape descart\u00e1vel Bood Infinity 30K Puffs"},"content":{"rendered":"<div>\n<p>Experimente a vaping redefinida com o <strong>Vape descart\u00e1vel Bood Infinity 30K Puffs<\/strong>um potente vape concebido para os entusiastas que desejam um sabor intenso e uma durabilidade inigual\u00e1vel. Sendo um dos principais produtos da BOOD, este vape descart\u00e1vel combina tecnologia de ponta com carater\u00edsticas de f\u00e1cil utiliza\u00e7\u00e3o, tornando-o uma escolha de topo nos mercados europeus.<\/p>\n<\/div>\n<div><strong style=\"font-size: 23.04px;\">Vape descart\u00e1vel Bood Infinity 30K Detalhes r\u00e1pidos<\/strong><\/div>\n<div>\n<ul>\n<li><strong>30.000 baforadas ultra-longas<\/strong>: O <strong>Bood 30000 Puffs <\/strong>O dispositivo proporciona uma experi\u00eancia de vaporiza\u00e7\u00e3o prolongada, perfeita para utilizadores intensivos que procuram uma satisfa\u00e7\u00e3o duradoura.<\/li>\n<li><strong>20mL de E-l\u00edquido pr\u00e9-cheio<\/strong>: Embalado com 20ml de suco eletr\u00f4nico premium, desfrute de um sabor consistente desde o primeiro sopro at\u00e9 o \u00faltimo.<\/li>\n<li><strong>Bateria recarreg\u00e1vel de 650mAh<\/strong>: Constru\u00eddo com uma bateria dur\u00e1vel de l\u00edtio de cobalto puro, o <strong>Vape descart\u00e1vel Bood Infinity <\/strong>suporta o carregamento r\u00e1pido por USB-C para uma utiliza\u00e7\u00e3o sem interrup\u00e7\u00f5es.<\/li>\n<li><strong>N\u00facleo de aquecimento de malha dupla<\/strong>: As bobinas de malha dupla de 1.0\u03a9 produzem nuvens densas e suaves e amplificam a intensidade do sabor para uma experi\u00eancia mais rica.<\/li>\n<li><strong>Ecr\u00e3 LED inteligente<\/strong>: Monitorize os n\u00edveis de e-l\u00edquido e a dura\u00e7\u00e3o da bateria sem esfor\u00e7o com o intuitivo ecr\u00e3 LED.<\/li>\n<li><strong>Mais de 10 sabores a frutos fortes<\/strong>: De <em>Melancia com morango <\/em>para <em>Gelo Blue Razz<\/em>, explore uma gama vibrante de sabores para agradar a todos os paladares.<\/li>\n<\/ul>\n<h2><strong>Lista de sabores<\/strong><\/h2>\n<ol>\n<li><span style=\"font-size: 100%;\">MORANGO MELANCIA<\/span><\/li>\n<li><span style=\"font-size: 100%;\">P\u00caSSEGO MANGA ANAN\u00c1S<\/span><\/li>\n<li><span style=\"font-size: 100%;\">LUSH ICE<\/span><\/li>\n<li><span style=\"font-size: 100%;\">REBENTAMENTO DE BAGA\u00c7O <\/span><\/li>\n<li><span style=\"font-size: 100%;\">MORANGO KIWI<\/span><\/li>\n<li><span style=\"font-size: 100%;\">HAWAII<\/span><\/li>\n<li><span style=\"font-size: 100%;\">AZUL RAZZ ICE<\/span><\/li>\n<li><span style=\"font-size: 100%;\">LIMONADA DE MIRTILO<\/span><\/li>\n<li><span style=\"font-size: 100%;\">GELO NEGRO<\/span><\/li>\n<li><span style=\"font-size: 100%;\">TIFFANY<\/span><\/li>\n<\/ol>\n<p>Cada sabor \u00e9 criado para proporcionar um sabor refrescante e aut\u00eantico que perdura, garantindo que cada baforada pare\u00e7a a primeira.<\/p>\n<h3><strong>Porqu\u00ea escolher Bood Infinity 30K Puffs?<\/strong><\/h3>\n<p>O <strong>Vape descart\u00e1vel Bood Infinity <\/strong>destaca-se pela sua <strong>30K Puffs <\/strong>de capacidade, o que o torna uma das op\u00e7\u00f5es mais econ\u00f3micas do mercado. Quer seja um ca\u00e7ador de nuvens ou um entusiasta do sabor, o sistema de bobina de malha dupla garante que cada tragada \u00e9 repleta de sabor arrojado e vapor espesso. O seu design compacto, mas de grande capacidade (21,5 kg por caixa), tamb\u00e9m o torna ideal para os retalhistas que procuram um produto de qualidade superior e de elevada procura.<\/p>\n<h2><strong>Conte\u00fado da embalagem<\/strong><\/h2>\n<ul>\n<li>10 unidades \/ caixa m\u00e9dia.<\/li>\n<li>200 unidades\/caixa<\/li>\n<li>21,5 kg\/caixa<\/li>\n<\/ul>\n<p>Eleve a sua viagem vaporizadora com o\u00a0<strong>Vape descart\u00e1vel Bood Infinity 30K Puffs<\/strong>-onde a inova\u00e7\u00e3o encontra a satisfa\u00e7\u00e3o. Perfeito para utiliza\u00e7\u00e3o durante todo o dia, viagens ou para partilhar com amigos, este dispositivo garante uma experi\u00eancia de excel\u00eancia em cada inala\u00e7\u00e3o. Compre agora e junte-se \u00e0 onda de vapers que abra\u00e7am a derradeira mistura de sabor, nuvens e longevidade!<\/p>\n<figure id=\"attachment_552\" aria-describedby=\"caption-attachment-552\" style=\"width: 800px\" class=\"wp-caption alignnone\"><img decoding=\"async\" class=\"wp-image-552 size-full\" title=\"Vape descart\u00e1vel Bood Infinity 30K Puffs\" src=\"https:\/\/vapesaler.com\/wp-content\/uploads\/2025\/03\/bood-infiniy-disposable-vape-30k-puffs.jpg\" alt=\"Vape descart\u00e1vel Bood Infinity 30K Puffs\" width=\"800\" height=\"799\" srcset=\"https:\/\/vapesaler.com\/wp-content\/uploads\/2025\/03\/bood-infiniy-disposable-vape-30k-puffs.jpg 800w, https:\/\/vapesaler.com\/wp-content\/uploads\/2025\/03\/bood-infiniy-disposable-vape-30k-puffs-300x300.jpg 300w, https:\/\/vapesaler.com\/wp-content\/uploads\/2025\/03\/bood-infiniy-disposable-vape-30k-puffs-150x150.jpg 150w, https:\/\/vapesaler.com\/wp-content\/uploads\/2025\/03\/bood-infiniy-disposable-vape-30k-puffs-768x767.jpg 768w, https:\/\/vapesaler.com\/wp-content\/uploads\/2025\/03\/bood-infiniy-disposable-vape-30k-puffs-510x509.jpg 510w, https:\/\/vapesaler.com\/wp-content\/uploads\/2025\/03\/bood-infiniy-disposable-vape-30k-puffs-100x100.jpg 100w\" sizes=\"(max-width: 800px) 100vw, 800px\" \/><figcaption id=\"caption-attachment-552\" class=\"wp-caption-text\">Vape descart\u00e1vel Bood Infinity 30K Puffs<\/figcaption><\/figure>\n<\/div>","protected":false},"excerpt":{"rendered":"<p>Experience vaping redefined with the Bood Infinity 30K Puffs Disposable Vape, a powerhouse designed for enthusiasts craving intense flavor and unmatched durability. As one of BOOD\u2019s flagship products, this disposable vape combines cutting-edge technology with user-friendly features, making it a top choice across European markets. Bood Infinity 30K Disposable Vape Quick Details 30,000 Ultra-Long Puffs: [&#8230;]\n","protected":false},"featured_media":552,"comment_status":"open","ping_status":"closed","template":"","meta":{"om_disable_all_campaigns":false},"product_brand":[49],"product_cat":[15],"product_tag":[52,50,51],"class_list":{"0":"post-543","1":"product","2":"type-product","3":"status-publish","4":"has-post-thumbnail","6":"product_brand-bood","7":"product_cat-disposables","8":"product_tag-30000puffs","9":"product_tag-disposable-vape","10":"product_tag-vape","11":"pa_flavor-barry-burst","12":"pa_flavor-black-ice","13":"pa_flavor-blue-razz-ice","14":"pa_flavor-blueberry-lemonade","15":"pa_flavor-hawii","16":"pa_flavor-lush-ice","17":"pa_flavor-peachy-mango-pineapple","18":"pa_flavor-strawberry-kiwi","19":"pa_flavor-strawberry-watermelon","20":"pa_flavor-tiffany","21":"pa_nicotine-0mg","22":"pa_nicotine-20mg","23":"pa_nicotine-50mg","24":"pa_puffs-30000-puffs","26":"first","27":"instock","28":"shipping-taxable","29":"purchasable","30":"product-type-variable"},"aioseo_notices":[],"_links":{"self":[{"href":"https:\/\/vapesaler.com\/pt\/wp-json\/wp\/v2\/product\/543","targetHints":{"allow":["GET"]}}],"collection":[{"href":"https:\/\/vapesaler.com\/pt\/wp-json\/wp\/v2\/product"}],"about":[{"href":"https:\/\/vapesaler.com\/pt\/wp-json\/wp\/v2\/types\/product"}],"replies":[{"embeddable":true,"href":"https:\/\/vapesaler.com\/pt\/wp-json\/wp\/v2\/comments?post=543"}],"wp:featuredmedia":[{"embeddable":true,"href":"https:\/\/vapesaler.com\/pt\/wp-json\/wp\/v2\/media\/552"}],"wp:attachment":[{"href":"https:\/\/vapesaler.com\/pt\/wp-json\/wp\/v2\/media?parent=543"}],"wp:term":[{"taxonomy":"product_brand","embeddable":true,"href":"https:\/\/vapesaler.com\/pt\/wp-json\/wp\/v2\/product_brand?post=543"},{"taxonomy":"product_cat","embeddable":true,"href":"https:\/\/vapesaler.com\/pt\/wp-json\/wp\/v2\/product_cat?post=543"},{"taxonomy":"product_tag","embeddable":true,"href":"https:\/\/vapesaler.com\/pt\/wp-json\/wp\/v2\/product_tag?post=543"}],"curies":[{"name":"wp","href":"https:\/\/api.w.org\/{rel}","templated":true}]}}