{"id":393,"date":"2025-03-17T08:04:18","date_gmt":"2025-03-17T08:04:18","guid":{"rendered":"https:\/\/vapesaler.com\/?post_type=product&#038;p=393"},"modified":"2025-04-28T09:37:03","modified_gmt":"2025-04-28T09:37:03","slug":"bang-king-15000-puffs","status":"publish","type":"product","link":"https:\/\/vapesaler.com\/pt\/produto\/bang-king-15000-puffs","title":{"rendered":"BANG KING 15000 Puffs Vapes Vaporizador descart\u00e1vel com ecr\u00e3 inteligente"},"content":{"rendered":"<p>O vaporizador descart\u00e1vel BANG KING 15000 Puffs Vapes Smart Screen \u00e9 um vaporizador descart\u00e1vel de topo de gama, concebido para uma comodidade, estilo e desempenho inigual\u00e1veis. Sendo o modelo mais vendido da Bangking, este dispositivo combina tecnologia de ponta com um design elegante e ergon\u00f3mico para proporcionar uma experi\u00eancia de vaporiza\u00e7\u00e3o suave e saborosa. Perfeito para vapers casuais e experientes, o BANG 15000 destaca-se pelas suas carater\u00edsticas inteligentes e sabores de fruta vibrantes.<\/p>\n<h2><strong>BANG KING 15000 Puffs Vapes Smart Screen Disposable Vape Detalhes r\u00e1pidos<\/strong><\/h2>\n<p><img decoding=\"async\" class=\"wp-image-429 alignright\" title=\"vape descart\u00e1vel\" src=\"https:\/\/vapesaler.com\/wp-content\/uploads\/2025\/03\/disposable-vape-300x300.jpg\" alt=\"vape descart\u00e1vel\" width=\"500\" height=\"499\" srcset=\"https:\/\/vapesaler.com\/wp-content\/uploads\/2025\/03\/disposable-vape-300x300.jpg 300w, https:\/\/vapesaler.com\/wp-content\/uploads\/2025\/03\/disposable-vape-150x150.jpg 150w, https:\/\/vapesaler.com\/wp-content\/uploads\/2025\/03\/disposable-vape-768x767.jpg 768w, https:\/\/vapesaler.com\/wp-content\/uploads\/2025\/03\/disposable-vape-510x509.jpg 510w, https:\/\/vapesaler.com\/wp-content\/uploads\/2025\/03\/disposable-vape-100x100.jpg 100w, https:\/\/vapesaler.com\/wp-content\/uploads\/2025\/03\/disposable-vape.jpg 800w\" sizes=\"(max-width: 500px) 100vw, 500px\" \/><\/p>\n<ul>\n<li><strong>Desempenho de longa dura\u00e7\u00e3o<\/strong>:\n<ul>\n<li><strong>15000 Puffs <\/strong>por dispositivo garantem um prazer prolongado.<\/li>\n<li><strong>23mL E-Liquid pr\u00e9-cheio <\/strong>com <strong>Op\u00e7\u00f5es de 0\/20\/50 mg de nicotina <\/strong>para satisfazer todas as prefer\u00eancias.<\/li>\n<li><strong>Bateria recarreg\u00e1vel de 500mAh <\/strong>para uma alimenta\u00e7\u00e3o fi\u00e1vel e r\u00e1pida <strong>Carregamento do tipo C<\/strong>.<\/li>\n<\/ul>\n<\/li>\n<li><strong>Ecr\u00e3 inteligente<\/strong>:\n<ul>\n<li><strong>Monitoriza\u00e7\u00e3o em tempo real<\/strong>: Rastrear <strong>n\u00edveis de e-l\u00edquido <\/strong>e <strong>estado da bateria <\/strong>atrav\u00e9s do ecr\u00e3 LED incorporado. Nunca se esgote inesperadamente!<\/li>\n<li>Interface de f\u00e1cil utiliza\u00e7\u00e3o para um controlo sem esfor\u00e7o.<\/li>\n<\/ul>\n<\/li>\n<li><strong>Design ergon\u00f3mico e elegante<\/strong>:\n<ul>\n<li><strong>Forma plana e arredondada <\/strong>cabe confortavelmente na sua m\u00e3o.<\/li>\n<li>Na moda <strong>Padr\u00f5es de macacos com tema de IP <\/strong>acrescentam um toque \u00fanico e moderno.<\/li>\n<\/ul>\n<\/li>\n<li><strong>Experi\u00eancia de Sabor Premium<\/strong>:\n<ul>\n<li><strong>10 sabores deliciosos <\/strong>com <strong>notas de fruta altamente reprodut\u00edveis <\/strong>e <strong>vapor suave<\/strong>.<\/li>\n<li>Do\u00e7ura equilibrada para um <strong>aroma forte <\/strong>sem sabor residual. Ideal para os amantes da fruta natural.<\/li>\n<\/ul>\n<\/li>\n<\/ul>\n<h2><strong>Sabores dispon\u00edveis<\/strong><\/h2>\n<ol>\n<li>Congelamento azul<\/li>\n<li>Explos\u00e3o de bagas<\/li>\n<li>Lim\u00e3o Cereja Azul<\/li>\n<li>Congelamento de p\u00eassego<\/li>\n<li>Congelamento de uvas<\/li>\n<li>Baga de p\u00eassego<\/li>\n<li>Ma\u00e7\u00e3 azeda Razberry<\/li>\n<li>Frutos tropicais<\/li>\n<li>Gelo exuberante<\/li>\n<li>Melancia com morango<\/li>\n<\/ol>\n<p>Cada sabor \u00e9 criado para proporcionar um sabor crocante e aut\u00eantico com<strong>1.0\u03a9 Tecnologia de n\u00facleo em malha <\/strong>para nuvens consistentes e ricas.<\/p>\n<h2><strong>Especifica\u00e7\u00f5es t\u00e9cnicas<\/strong><\/h2>\n<ul>\n<li><strong>Puffs<\/strong>: 15,000<\/li>\n<li><strong>Capacidade do E-l\u00edquido<\/strong>: 23mL<\/li>\n<li><strong>Bateria<\/strong>: 500mAh (tipo C recarreg\u00e1vel)<\/li>\n<li><strong>Pontos fortes da nicotina<\/strong>: 0mg, 20mg, 50mg<\/li>\n<li><strong>Resist\u00eancia<\/strong>: Bobina de malha de 1.0\u03a9<\/li>\n<li><strong>Embalagem<\/strong>: 10 unidades\/caixa m\u00e9dia | 200 unidades\/caixa de cart\u00e3o (23 kg\/caixa de cart\u00e3o)<\/li>\n<\/ul>\n<h3><strong>Porqu\u00ea escolher o Vape descart\u00e1vel BANG KING 15000 Puffs?<\/strong><\/h3>\n<ul>\n<li><strong>Port\u00e1til e sem complica\u00e7\u00f5es<\/strong>: N\u00e3o \u00e9 necess\u00e1rio recarregar ou mudar a bobina.<\/li>\n<li><strong>Carregamento amigo do ambiente<\/strong>: Recarregar atrav\u00e9s de USB-C para maximizar a vida \u00fatil do dispositivo.<\/li>\n<li><strong>Vasta gama de sabores<\/strong>: Desde misturas de mentol gelado a misturas tropicais sumarentas, h\u00e1 algo para todos.<\/li>\n<\/ul>\n<h3><strong>Ideal para retalhistas e grossistas<\/strong><\/h3>\n<ul>\n<li><strong>Elevada procura<\/strong>: Um favorito dos clientes pelo seu estilo, sabor e funcionalidades inteligentes.<\/li>\n<li><strong>Embalagem a granel<\/strong>: 10 unidades por caixa de exposi\u00e7\u00e3o, 200 unidades por caixa de cart\u00e3o.<\/li>\n<\/ul>\n<h3><strong>Encomendar BANG KING 15000 Puffs hoje!<\/strong><\/h3>\n<p>Melhore o seu jogo de vaporiza\u00e7\u00e3o com o <strong>BANG 15000<\/strong>-uma mistura perfeita de inova\u00e7\u00e3o, sabor e conveni\u00eancia. Quer seja um retalhista ou um vaper, este dispositivo garante satisfa\u00e7\u00e3o.<\/p>\n<figure id=\"attachment_396\" aria-describedby=\"caption-attachment-396\" style=\"width: 800px\" class=\"wp-caption aligncenter\"><img decoding=\"async\" class=\"wp-image-396 size-full\" title=\"bang king 15000 vape descart\u00e1vel\" src=\"https:\/\/vapesaler.com\/wp-content\/uploads\/2025\/03\/bang-king-15000-disposable-vape.jpg\" alt=\"bang king 15000 vape descart\u00e1vel\" width=\"800\" height=\"799\" srcset=\"https:\/\/vapesaler.com\/wp-content\/uploads\/2025\/03\/bang-king-15000-disposable-vape.jpg 800w, https:\/\/vapesaler.com\/wp-content\/uploads\/2025\/03\/bang-king-15000-disposable-vape-300x300.jpg 300w, https:\/\/vapesaler.com\/wp-content\/uploads\/2025\/03\/bang-king-15000-disposable-vape-150x150.jpg 150w, https:\/\/vapesaler.com\/wp-content\/uploads\/2025\/03\/bang-king-15000-disposable-vape-768x767.jpg 768w, https:\/\/vapesaler.com\/wp-content\/uploads\/2025\/03\/bang-king-15000-disposable-vape-510x509.jpg 510w, https:\/\/vapesaler.com\/wp-content\/uploads\/2025\/03\/bang-king-15000-disposable-vape-100x100.jpg 100w\" sizes=\"(max-width: 800px) 100vw, 800px\" \/><figcaption id=\"caption-attachment-396\" class=\"wp-caption-text\">bang king 15000 vape descart\u00e1vel<\/figcaption><\/figure>","protected":false},"excerpt":{"rendered":"<p>The BANG KING 15000 Puffs Vapes Smart Screen Disposable Vapeis a top-tier disposable vape designed for unmatched convenience, style, and performance. As Bangking\u2019s best-selling model, this device combines cutting-edge technology with a sleek, ergonomic design to deliver a smooth, flavorful vaping experience. Perfect for both casual and seasoned vapers, the BANG 15000 stands out with [&#8230;]\n","protected":false},"featured_media":432,"comment_status":"open","ping_status":"closed","template":"","meta":{"om_disable_all_campaigns":false},"product_brand":[36],"product_cat":[15],"product_tag":[80,50],"class_list":{"0":"post-393","1":"product","2":"type-product","3":"status-publish","4":"has-post-thumbnail","6":"product_brand-bangking","7":"product_cat-disposables","8":"product_tag-15000puffs","9":"product_tag-disposable-vape","10":"pa_flavor-berry-blast","11":"pa_flavor-blue-cherry-lemon","12":"pa_flavor-blue-freeze","13":"pa_flavor-grape-freeze","14":"pa_flavor-lush-ice","15":"pa_flavor-peach-berry","16":"pa_flavor-peach-freeze","17":"pa_flavor-sour-apple-razberry","18":"pa_flavor-strawberry-watermelon","19":"pa_flavor-troiple-fruit","20":"pa_nicotine-0mg","21":"pa_nicotine-20mg","22":"pa_nicotine-50mg","23":"pa_puffs-15000-puffs","25":"first","26":"instock","27":"shipping-taxable","28":"purchasable","29":"product-type-variable"},"aioseo_notices":[],"_links":{"self":[{"href":"https:\/\/vapesaler.com\/pt\/wp-json\/wp\/v2\/product\/393","targetHints":{"allow":["GET"]}}],"collection":[{"href":"https:\/\/vapesaler.com\/pt\/wp-json\/wp\/v2\/product"}],"about":[{"href":"https:\/\/vapesaler.com\/pt\/wp-json\/wp\/v2\/types\/product"}],"replies":[{"embeddable":true,"href":"https:\/\/vapesaler.com\/pt\/wp-json\/wp\/v2\/comments?post=393"}],"wp:featuredmedia":[{"embeddable":true,"href":"https:\/\/vapesaler.com\/pt\/wp-json\/wp\/v2\/media\/432"}],"wp:attachment":[{"href":"https:\/\/vapesaler.com\/pt\/wp-json\/wp\/v2\/media?parent=393"}],"wp:term":[{"taxonomy":"product_brand","embeddable":true,"href":"https:\/\/vapesaler.com\/pt\/wp-json\/wp\/v2\/product_brand?post=393"},{"taxonomy":"product_cat","embeddable":true,"href":"https:\/\/vapesaler.com\/pt\/wp-json\/wp\/v2\/product_cat?post=393"},{"taxonomy":"product_tag","embeddable":true,"href":"https:\/\/vapesaler.com\/pt\/wp-json\/wp\/v2\/product_tag?post=393"}],"curies":[{"name":"wp","href":"https:\/\/api.w.org\/{rel}","templated":true}]}}