{"id":1876,"date":"2025-07-30T08:47:33","date_gmt":"2025-07-30T08:47:33","guid":{"rendered":"https:\/\/vapesaler.com\/?post_type=product&#038;p=1876"},"modified":"2025-07-30T08:47:34","modified_gmt":"2025-07-30T08:47:34","slug":"bang-king-city-vape-50000-puffs-hd-display-disposable-vape","status":"publish","type":"product","link":"https:\/\/vapesaler.com\/pt\/produto\/bang-king-city-vape-50000-puffs-hd-display-vape-descartavel","title":{"rendered":"Bang King City Vape 50000 Puffs HD Display Vape descart\u00e1vel"},"content":{"rendered":"<p>Experimente o excecional <strong>Cidade de Bangkok 50.000 Puffs <\/strong>vape descart\u00e1vel, concebido para a m\u00e1xima longevidade e sabor. Desfrutar <strong>50.000 baforadas <\/strong>de vapor consistente e satisfat\u00f3rio de um enorme <strong>45mL <\/strong>capacidade de e-l\u00edquido, minimizando as recargas. Escolha o seu e-l\u00edquido perfeito <strong>teor de nicotina <\/strong>(2%, 3%, ou 5%) para um vape personalizado.<\/p>\n<p>Alimentado por um<strong>Bobina de malha de 1,0 ohm<\/strong>, este vape oferece <strong>vapor suave e rico <\/strong>sempre. <strong>Fluxo de ar ajust\u00e1vel <\/strong>permite-lhe personalizar o seu desenho, enquanto a <strong>ecr\u00e3 digital <\/strong>espect\u00e1culos <strong>dura\u00e7\u00e3o da bateria <\/strong>e <strong>n\u00edveis de e-l\u00edquido <\/strong>instantaneamente. A fiabilidade<strong>Bateria de 650mAh <\/strong>garante <strong>pot\u00eancia para todo o dia<\/strong>, apoiado por <strong>carregamento r\u00e1pido do tipo C<\/strong>.<\/p>\n<p>Explorar<strong>12 sabores \u00fanicos <\/strong>para satisfazer qualquer desejo. Quer procures um sabor intenso ou nuvens impressionantes, o Bangking City 50.000 Puffs oferece uma gama de <strong>experi\u00eancia de vaporiza\u00e7\u00e3o personalizada e de qualidade superior <\/strong>com um n\u00famero incompar\u00e1vel de puffs e comodidade.<\/p>\n<h2><strong>Bang King City Vape 50000 Puffs HD Display Vape descart\u00e1vel Detalhes r\u00e1pidos<\/strong><\/h2>\n<figure id=\"attachment_1914\" aria-describedby=\"caption-attachment-1914\" style=\"width: 500px\" class=\"wp-caption alignright\"><img decoding=\"async\" class=\"wp-image-1914\" title=\"Bang King City 50000 Puffs Vape descart\u00e1vel\" src=\"https:\/\/vapesaler.com\/wp-content\/uploads\/2025\/07\/Bang-King-City-50000-Puffs-Disposable-Vape-122x300.webp\" alt=\"Bang King City 50000 Puffs Vape descart\u00e1vel\" width=\"500\" height=\"1230\" srcset=\"https:\/\/vapesaler.com\/wp-content\/uploads\/2025\/07\/Bang-King-City-50000-Puffs-Disposable-Vape-122x300.webp 122w, https:\/\/vapesaler.com\/wp-content\/uploads\/2025\/07\/Bang-King-City-50000-Puffs-Disposable-Vape-416x1024.webp 416w, https:\/\/vapesaler.com\/wp-content\/uploads\/2025\/07\/Bang-King-City-50000-Puffs-Disposable-Vape-5x12.webp 5w, https:\/\/vapesaler.com\/wp-content\/uploads\/2025\/07\/Bang-King-City-50000-Puffs-Disposable-Vape-510x1254.webp 510w, https:\/\/vapesaler.com\/wp-content\/uploads\/2025\/07\/Bang-King-City-50000-Puffs-Disposable-Vape.webp 616w\" sizes=\"(max-width: 500px) 100vw, 500px\" \/><figcaption id=\"caption-attachment-1914\" class=\"wp-caption-text\">Bang King City 50000 Puffs Vape descart\u00e1vel<\/figcaption><\/figure>\n<ul>\n<li><strong>Capacidade de sopro: <\/strong>50.000 baforadas<\/li>\n<li><strong>Capacidade de E-Liquid: <\/strong>45mL<\/li>\n<li><strong>Pontos fortes da nicotina: <\/strong>2% | 3% | 5% (personaliz\u00e1vel)<\/li>\n<li><strong>Bateria: <\/strong>650mAh com <strong>Carregamento r\u00e1pido tipo C<\/strong><\/li>\n<li><strong>Bobina: <\/strong>1<strong>.<\/strong>Bobina de malha de 0\u03a9 (vapor suave e rico)<\/li>\n<li><strong>Ecr\u00e3: <\/strong>Ecr\u00e3 digital (monitoriza\u00e7\u00e3o em tempo real do e-l\u00edquido e da bateria)<\/li>\n<li><strong>Fluxo de ar: <\/strong>Ajust\u00e1vel para uma resist\u00eancia \u00e0 tra\u00e7\u00e3o personalizada<\/li>\n<\/ul>\n<h2><strong>Sabor\uff1a<\/strong><\/h2>\n<ol>\n<li>Gelo Blue Razz<\/li>\n<li>Melancia com morango<\/li>\n<li>Gelo de melancia<\/li>\n<li>Banana com morango<\/li>\n<li>Frutos tropicais<\/li>\n<li>Baga tripla<\/li>\n<li>Sumo de p\u00eassego gelado<\/li>\n<li>Morango Kiwi<\/li>\n<li>P\u00eassego Manga Melancia<\/li>\n<li>Kiwi Maracuj\u00e1 Goiaba<\/li>\n<li>Gelo de uva<\/li>\n<li>MR Azul<\/li>\n<\/ol>\n<h2><strong>Conte\u00fado da embalagem<\/strong><\/h2>\n<ul>\n<li>Peso do produto: 131g<\/li>\n<li>Venda a retalho: 10 unidades\/caixa<\/li>\n<li>Expedi\u00e7\u00e3o: 200 unidades\/caixa<\/li>\n<li>Tamanho da caixa: 61,5 \u00d7 28 \u00d7 34,5 cm | 27 kg<\/li>\n<\/ul>\n<h3><strong>Porqu\u00ea escolher Bang King City?<\/strong><\/h3>\n<p><em>\"Para vapers cansados de compromissos: A resist\u00eancia de 50.000 baforadas, o desempenho monitorizado digitalmente e a galeria de sabores fazem deste o auge da inova\u00e7\u00e3o descart\u00e1vel. Saboreie o mundo - uma baforada de cada vez\".<\/em><\/p>\n<p><strong>Ideal para<\/strong><\/p>\n<ul>\n<li>Vapers para todos os dias em busca de longevidade<\/li>\n<li>Os exploradores de sabores anseiam por variedade<\/li>\n<li>Ca\u00e7adores de nuvens que desejam um vapor suave e denso<\/li>\n<li>Viajantes que necessitam de dispositivos fi\u00e1veis e sem manuten\u00e7\u00e3o<\/li>\n<\/ul>\n<figure id=\"attachment_1915\" aria-describedby=\"caption-attachment-1915\" style=\"width: 2560px\" class=\"wp-caption aligncenter\"><img decoding=\"async\" class=\"wp-image-1915 size-full\" title=\"Bang King City Vape 50000 Puffs Vape descart\u00e1vel\" src=\"https:\/\/vapesaler.com\/wp-content\/uploads\/2025\/07\/Bang-King-City-Vape-50000-Puffs-Disposable-Vape-scaled.webp\" alt=\"Bang King City Vape 50000 Puffs Vape descart\u00e1vel\" width=\"2560\" height=\"930\" srcset=\"https:\/\/vapesaler.com\/wp-content\/uploads\/2025\/07\/Bang-King-City-Vape-50000-Puffs-Disposable-Vape-scaled.webp 2560w, https:\/\/vapesaler.com\/wp-content\/uploads\/2025\/07\/Bang-King-City-Vape-50000-Puffs-Disposable-Vape-300x109.webp 300w, https:\/\/vapesaler.com\/wp-content\/uploads\/2025\/07\/Bang-King-City-Vape-50000-Puffs-Disposable-Vape-1024x372.webp 1024w, https:\/\/vapesaler.com\/wp-content\/uploads\/2025\/07\/Bang-King-City-Vape-50000-Puffs-Disposable-Vape-768x279.webp 768w, https:\/\/vapesaler.com\/wp-content\/uploads\/2025\/07\/Bang-King-City-Vape-50000-Puffs-Disposable-Vape-1536x558.webp 1536w, https:\/\/vapesaler.com\/wp-content\/uploads\/2025\/07\/Bang-King-City-Vape-50000-Puffs-Disposable-Vape-2048x744.webp 2048w, https:\/\/vapesaler.com\/wp-content\/uploads\/2025\/07\/Bang-King-City-Vape-50000-Puffs-Disposable-Vape-18x7.webp 18w, https:\/\/vapesaler.com\/wp-content\/uploads\/2025\/07\/Bang-King-City-Vape-50000-Puffs-Disposable-Vape-510x185.webp 510w\" sizes=\"(max-width: 2560px) 100vw, 2560px\" \/><figcaption id=\"caption-attachment-1915\" class=\"wp-caption-text\">Bang King City Vape 50000 Puffs Vape descart\u00e1vel<\/figcaption><\/figure>","protected":false},"excerpt":{"rendered":"<p>Experience the exceptional Bangking City 50,000 Puffs disposable vape, designed for ultimate longevity and flavor. Enjoy 50,000 puffs of consistent, satisfying vapor from a massive 45mL e-liquid capacity, minimizing refills. Choose your perfect nicotine strength (2%, 3%, or 5%) for a personalized vape. Powered by a1.0 ohm Mesh Coil, this vape delivers smooth, rich vapor [&#8230;]\n","protected":false},"featured_media":1916,"comment_status":"open","ping_status":"closed","template":"","meta":{"om_disable_all_campaigns":false},"product_brand":[36],"product_cat":[15],"product_tag":[78,401,50,104],"class_list":{"0":"post-1876","1":"product","2":"type-product","3":"status-publish","4":"has-post-thumbnail","6":"product_brand-bangking","7":"product_cat-disposables","8":"product_tag-50000puffs","9":"product_tag-bangking","10":"product_tag-disposable-vape","11":"product_tag-dual-mesh","12":"pa_flavor-blue-razz-ice","13":"pa_flavor-grape-ice","14":"pa_flavor-juice-peach-ice","15":"pa_flavor-kiwi-passion-fruit-guava","16":"pa_flavor-mr-blue","17":"pa_flavor-peach-mango-watermelon","18":"pa_flavor-strawberry-banana","19":"pa_flavor-strawberry-kiwi","20":"pa_flavor-strawberry-watermelon","21":"pa_flavor-triple-berry","22":"pa_flavor-tropical-fruit","23":"pa_flavor-watermelon-ice","24":"pa_nicotine-20mg","25":"pa_nicotine-30mg","26":"pa_nicotine-50mg","27":"pa_puffs-50000-puffs","29":"first","30":"instock","31":"shipping-taxable","32":"purchasable","33":"product-type-variable"},"aioseo_notices":[],"_links":{"self":[{"href":"https:\/\/vapesaler.com\/pt\/wp-json\/wp\/v2\/product\/1876","targetHints":{"allow":["GET"]}}],"collection":[{"href":"https:\/\/vapesaler.com\/pt\/wp-json\/wp\/v2\/product"}],"about":[{"href":"https:\/\/vapesaler.com\/pt\/wp-json\/wp\/v2\/types\/product"}],"replies":[{"embeddable":true,"href":"https:\/\/vapesaler.com\/pt\/wp-json\/wp\/v2\/comments?post=1876"}],"wp:featuredmedia":[{"embeddable":true,"href":"https:\/\/vapesaler.com\/pt\/wp-json\/wp\/v2\/media\/1916"}],"wp:attachment":[{"href":"https:\/\/vapesaler.com\/pt\/wp-json\/wp\/v2\/media?parent=1876"}],"wp:term":[{"taxonomy":"product_brand","embeddable":true,"href":"https:\/\/vapesaler.com\/pt\/wp-json\/wp\/v2\/product_brand?post=1876"},{"taxonomy":"product_cat","embeddable":true,"href":"https:\/\/vapesaler.com\/pt\/wp-json\/wp\/v2\/product_cat?post=1876"},{"taxonomy":"product_tag","embeddable":true,"href":"https:\/\/vapesaler.com\/pt\/wp-json\/wp\/v2\/product_tag?post=1876"}],"curies":[{"name":"wp","href":"https:\/\/api.w.org\/{rel}","templated":true}]}}