{"id":1802,"date":"2025-07-21T07:53:11","date_gmt":"2025-07-21T07:53:11","guid":{"rendered":"https:\/\/vapesaler.com\/?post_type=product&#038;p=1802"},"modified":"2025-12-07T11:42:03","modified_gmt":"2025-12-07T11:42:03","slug":"bang-king-triple-85000k-puffs-disposable-vape","status":"publish","type":"product","link":"https:\/\/vapesaler.com\/pt\/produto\/bang-king-triple-85000k-puffs-vape-descartavel","title":{"rendered":"Bang King Triple 85000K Puffs Vape descart\u00e1vel"},"content":{"rendered":"<p>Descubra o revolucion\u00e1rio Bang King Triple 3in1 Disposable Vape, concebido para os vapers que exigem escolha e comodidade sem compromissos. O inovador Bang Vape re\u00fane tr\u00eas cartuchos de sabores distintos numa \u00fanica unidade elegante. Obtenha at\u00e9 85 mil baforadas de satisfa\u00e7\u00e3o saborosa com total liberdade!<\/p>\n<ol>\n<li>Conveni\u00eancia revolucion\u00e1ria do triplo sabor: O Bang King Triple 3in1 Disposable Vape elimina a necessidade de v\u00e1rios dispositivos. O seu design inovador integra na perfei\u00e7\u00e3o tr\u00eas cartuchos de sabores distintos pr\u00e9-cheios numa \u00fanica unidade elegante. Alterne sem esfor\u00e7o entre os seus tr\u00eas sabores favoritos em qualquer altura com um simples levantar e rodar do bocal.<\/li>\n<li>Alta capacidade e carater\u00edsticas inteligentes : Concebido para um prazer prolongado, o dispositivo tem capacidade para 63 ml de e-l\u00edquido de primeira qualidade (aprox. 21 ml por cartucho), proporcionando at\u00e9 85 mil baforadas. Mantenha-se informado com o visor inteligente integrado que mostra os n\u00edveis de e-l\u00edquido e o estado da bateria em tempo real. A energia vem de uma robusta bateria recarreg\u00e1vel USB-C de 600mAh para uma utiliza\u00e7\u00e3o duradoura.<\/li>\n<li>Desempenho e escolha optimizados: Cada cartucho utiliza uma bobina de malha de 1,0\u03a9 de alto desempenho para obter um desenho excecionalmente suave e o m\u00e1ximo sabor. Escolha a sua experi\u00eancia perfeita entre 16 combina\u00e7\u00f5es de sabores \u00fanicos e selecione a sua concentra\u00e7\u00e3o de nicotina preferida: 2% ou 5%.<\/li>\n<\/ol>\n<h2><strong>Bang King Triple 85000K Puffs Vape descart\u00e1vel Vape Carater\u00edsticas:<\/strong><\/h2>\n<figure id=\"attachment_1821\" aria-describedby=\"caption-attachment-1821\" style=\"width: 500px\" class=\"wp-caption alignright\"><img decoding=\"async\" class=\"wp-image-1821\" title=\"Bang King Triple 85000K Puffs Vape descart\u00e1vel\" src=\"https:\/\/vapesaler.com\/wp-content\/uploads\/2025\/07\/Bang-King-Triple-85000K-Puffs-Disposable-Vape-615x1024.webp\" alt=\"Bang King Triple 85000K Puffs Vape descart\u00e1vel\" width=\"500\" height=\"833\" srcset=\"https:\/\/vapesaler.com\/wp-content\/uploads\/2025\/07\/Bang-King-Triple-85000K-Puffs-Disposable-Vape-615x1024.webp 615w, https:\/\/vapesaler.com\/wp-content\/uploads\/2025\/07\/Bang-King-Triple-85000K-Puffs-Disposable-Vape-180x300.webp 180w, https:\/\/vapesaler.com\/wp-content\/uploads\/2025\/07\/Bang-King-Triple-85000K-Puffs-Disposable-Vape-768x1280.webp 768w, https:\/\/vapesaler.com\/wp-content\/uploads\/2025\/07\/Bang-King-Triple-85000K-Puffs-Disposable-Vape-922x1536.webp 922w, https:\/\/vapesaler.com\/wp-content\/uploads\/2025\/07\/Bang-King-Triple-85000K-Puffs-Disposable-Vape-7x12.webp 7w, https:\/\/vapesaler.com\/wp-content\/uploads\/2025\/07\/Bang-King-Triple-85000K-Puffs-Disposable-Vape-510x850.webp 510w, https:\/\/vapesaler.com\/wp-content\/uploads\/2025\/07\/Bang-King-Triple-85000K-Puffs-Disposable-Vape.webp 998w\" sizes=\"(max-width: 500px) 100vw, 500px\" \/><figcaption id=\"caption-attachment-1821\" class=\"wp-caption-text\">Bang King Triple 85000K Puffs Vape descart\u00e1vel<\/figcaption><\/figure>\n<ul>\n<li><strong>Design 3 em 1 revolucion\u00e1rio: <\/strong>Tr\u00eas sabores, um dispositivo.<\/li>\n<li><strong>Potencial de 85.000 puffs: <\/strong>Total 63mL E-Liquid (21mL por cartucho).<\/li>\n<li><strong>Ecr\u00e3 OLED inteligente: <\/strong>Monitoriza\u00e7\u00e3o em tempo real do e-l\u00edquido e da bateria.<\/li>\n<li><strong>Recarreg\u00e1vel e de longa dura\u00e7\u00e3o: <\/strong>Bateria de 600mAh com carregamento USB-C.<\/li>\n<li><strong>Experi\u00eancia de sabor de primeira qualidade: <\/strong>Bobinas de malha tripla de 1.0\u03a9.<\/li>\n<li><strong>Packs de 16 sabores: <\/strong>Diversas combina\u00e7\u00f5es para todos os gostos.<\/li>\n<li><strong>Op\u00e7\u00f5es de nicotina: <\/strong>\u00a02%, 5%.<\/li>\n<\/ul>\n<h2><strong>Explore as 16 combina\u00e7\u00f5es de sabores triplos de Bang King:<\/strong><\/h2>\n<ol>\n<li>Gelo de melancia &amp; Red Bull &amp; Kiwi de morango<\/li>\n<li>Lim\u00e3o, lima e morango Melancia e mirtilo<\/li>\n<li>Morango, banana e framboesa, melancia e limonada cor-de-rosa<\/li>\n<li>Blue Razz Cherry &amp; Cool Mint &amp; Peach Mango<\/li>\n<li>Frutos tropicais e morango Melancia e p\u00eassego-lim\u00e3o<\/li>\n<li>Anan\u00e1s Coco &amp; Morango Banana &amp; Blue Razz<\/li>\n<li>Melancia com morango &amp; Mel\u00e3o triplo &amp; Gelo de morango<\/li>\n<li>Frutos mistos e manga P\u00eassego e uva gelados<\/li>\n<li>Coca-Cola de morango e baunilha, gelo de p\u00eassego e gelo de drag\u00e3o negro<\/li>\n<li>Lush Ice &amp; Kiwi Maracuj\u00e1 Goiaba &amp; Morango Manga<\/li>\n<li>Melancia com morango &amp; Melancia &amp; Blue Razz<\/li>\n<li>Limonada de frutos silvestres e Red Bull de morango e Pom de morango<\/li>\n<li>Dupla Ma\u00e7\u00e3 &amp; Fus\u00e3o Frutada &amp; Anan\u00e1s<\/li>\n<li>Cola Ice &amp; Mr Blue &amp; Cherry Cola<\/li>\n<li>Donut de morango e gelo de banana e amor 66<\/li>\n<li>Ch\u00e1 gelado de lim\u00e3o e manga no gelo e gelo de lichia<\/li>\n<\/ol>\n<p><strong>Embalagem: <\/strong>Caixa individual (1 unidade), caixa de exposi\u00e7\u00e3o (10 unidades), cart\u00e3o (100 unidades, ~15,0kg).<\/p>\n<figure id=\"attachment_1803\" aria-describedby=\"caption-attachment-1803\" style=\"width: 1265px\" class=\"wp-caption aligncenter\"><img decoding=\"async\" class=\"wp-image-1803 size-full\" title=\"Bang King Triple 85K Puffs Vape descart\u00e1vel\" src=\"https:\/\/vapesaler.com\/wp-content\/uploads\/2025\/07\/Bang-King-Triple-85K-Puffs-Disposable-Vape.webp\" alt=\"Bang King Triple 85K Puffs Vape descart\u00e1vel\" width=\"1265\" height=\"885\" srcset=\"https:\/\/vapesaler.com\/wp-content\/uploads\/2025\/07\/Bang-King-Triple-85K-Puffs-Disposable-Vape.webp 1265w, https:\/\/vapesaler.com\/wp-content\/uploads\/2025\/07\/Bang-King-Triple-85K-Puffs-Disposable-Vape-300x210.webp 300w, https:\/\/vapesaler.com\/wp-content\/uploads\/2025\/07\/Bang-King-Triple-85K-Puffs-Disposable-Vape-1024x716.webp 1024w, https:\/\/vapesaler.com\/wp-content\/uploads\/2025\/07\/Bang-King-Triple-85K-Puffs-Disposable-Vape-768x537.webp 768w, https:\/\/vapesaler.com\/wp-content\/uploads\/2025\/07\/Bang-King-Triple-85K-Puffs-Disposable-Vape-18x12.webp 18w, https:\/\/vapesaler.com\/wp-content\/uploads\/2025\/07\/Bang-King-Triple-85K-Puffs-Disposable-Vape-510x357.webp 510w\" sizes=\"(max-width: 1265px) 100vw, 1265px\" \/><figcaption id=\"caption-attachment-1803\" class=\"wp-caption-text\">Bang King Triple 85K Puffs Vape descart\u00e1vel<\/figcaption><\/figure>","protected":false},"excerpt":{"rendered":"<p>Discover the revolutionary Bang King Triple 3in1 Disposable Vape, designed for vapers who demand choice and convenience without compromise. Ditch the need for multiple devices \u2013 the innovative\u00a0Bang vape\u00a0packs\u00a0three distinct flavor cartridges\u00a0seamlessly into one sleek unit. Get up to a massive\u00a085K Puffs\u00a0of flavorful satisfaction with total freedom! Revolutionary Triple Flavor Convenience: The Bang King Triple [&#8230;]\n","protected":false},"featured_media":1820,"comment_status":"open","ping_status":"closed","template":"","meta":{"om_disable_all_campaigns":false},"product_brand":[36],"product_cat":[105],"product_tag":[180,399,50,304],"class_list":{"0":"post-1802","1":"product","2":"type-product","3":"status-publish","4":"has-post-thumbnail","6":"product_brand-bangking","7":"product_cat-dual-flavour","8":"product_tag-3-in-1","9":"product_tag-85000puffs","10":"product_tag-disposable-vape","11":"product_tag-tripe-favour","12":"pa_flavor-berry-lemonade-strawberry-red-bull-strawberry-pom","13":"pa_flavor-blue-razz-cherry-cool-mint-peach-mango","14":"pa_flavor-cola-ice-mr-blue-cherry-cola","15":"pa_flavor-double-apple-fruity-fusion-pineapple","16":"pa_flavor-iced-tea-lemon-mango-on-ice-lychee-ice","17":"pa_flavor-lemon-lime-strawberry-watermelon-blueberry-ice","18":"pa_flavor-lush-ice-kiwi-passion-fruit-guava-strawberry-mango","19":"pa_flavor-mixed-fruit-mango-peach-grape-ice","20":"pa_flavor-pineapple-coconut-strawberry-banana-blue-razz","21":"pa_flavor-strawberry-banana-raspberry-watermelon-pink-lemonade","22":"pa_flavor-strawberry-donut-banana-ice-love-66","23":"pa_flavor-strawberry-vanilla-coke-peach-ice-black-dragon-ice","24":"pa_flavor-strawberry-watermelon-triple-melon-strawberry-ice","25":"pa_flavor-strawberry-watermelon-watermelon-blue-razz","26":"pa_flavor-tropical-fruit-strawberry-watermelon-lemon-peach","27":"pa_flavor-watermelon-ice-red-bull-strawberry-kiwi","28":"pa_nicotine-20mg","29":"pa_nicotine-30mg","30":"pa_nicotine-50mg","31":"pa_puffs-85000-puffs","33":"first","34":"instock","35":"shipping-taxable","36":"purchasable","37":"product-type-variable"},"aioseo_notices":[],"_links":{"self":[{"href":"https:\/\/vapesaler.com\/pt\/wp-json\/wp\/v2\/product\/1802","targetHints":{"allow":["GET"]}}],"collection":[{"href":"https:\/\/vapesaler.com\/pt\/wp-json\/wp\/v2\/product"}],"about":[{"href":"https:\/\/vapesaler.com\/pt\/wp-json\/wp\/v2\/types\/product"}],"replies":[{"embeddable":true,"href":"https:\/\/vapesaler.com\/pt\/wp-json\/wp\/v2\/comments?post=1802"}],"wp:featuredmedia":[{"embeddable":true,"href":"https:\/\/vapesaler.com\/pt\/wp-json\/wp\/v2\/media\/1820"}],"wp:attachment":[{"href":"https:\/\/vapesaler.com\/pt\/wp-json\/wp\/v2\/media?parent=1802"}],"wp:term":[{"taxonomy":"product_brand","embeddable":true,"href":"https:\/\/vapesaler.com\/pt\/wp-json\/wp\/v2\/product_brand?post=1802"},{"taxonomy":"product_cat","embeddable":true,"href":"https:\/\/vapesaler.com\/pt\/wp-json\/wp\/v2\/product_cat?post=1802"},{"taxonomy":"product_tag","embeddable":true,"href":"https:\/\/vapesaler.com\/pt\/wp-json\/wp\/v2\/product_tag?post=1802"}],"curies":[{"name":"wp","href":"https:\/\/api.w.org\/{rel}","templated":true}]}}