{"id":1597,"date":"2025-06-04T09:36:30","date_gmt":"2025-06-04T09:36:30","guid":{"rendered":"https:\/\/vapesaler.com\/?post_type=product&#038;p=1597"},"modified":"2025-06-11T13:02:27","modified_gmt":"2025-06-11T13:02:27","slug":"fizzy-twins-50000-puffs-dual-flavors-disposable-vape","status":"publish","type":"product","link":"https:\/\/vapesaler.com\/pt\/produto\/efervescente-twins-50000-puffs-duplo-sabor-vape-descartavel","title":{"rendered":"Fizzy Twins 50000 Puffs Vape descart\u00e1vel de duplo sabor"},"content":{"rendered":"<p>O Fizzy Twins 50K Puffs Dual Flavors Disposable Vape \u00e9 um dispositivo de vaporiza\u00e7\u00e3o de \u00faltima gera\u00e7\u00e3o que oferece a derradeira experi\u00eancia de duplo sabor. Com um simples toque no bocal, pode alternar instantaneamente entre dois sabores distintos. Quer te apete\u00e7a uma mistura de fruta doce ou um refrescante pontap\u00e9 gelado, o Fizzy Twins tem tudo o que precisas.<\/p>\n<p><strong>Fluxo de ar duplo ajust\u00e1vel:\u00a0<\/strong>Uma das carater\u00edsticas de destaque deste vape s\u00e3o os seus dois sistemas de fluxo de ar ajust\u00e1veis de forma independente. Isto significa que pode personalizar a intensidade do vapor para cada sabor. Adapte o vape \u00e0s suas prefer\u00eancias, assegurando sempre uma experi\u00eancia perfeitamente ajustada. Quer uma batida mais forte para um sabor e uma tiragem mais suave para o outro? O Fizzy Twins torna-o poss\u00edvel.<\/p>\n<p>Com 12 sabores tentadores por onde escolher, h\u00e1 algo para todos os entusiastas de sabores. Desde a combina\u00e7\u00e3o cl\u00e1ssica de Melancia Ice \/ Morango Kiwi at\u00e9 \u00e0 mistura \u00fanica de Limonada de Framboesa \/ Morango Ice, a Fizzy Twins oferece uma vasta sele\u00e7\u00e3o que satisfaz todas as papilas gustativas. Frutado, refrescante ou um equil\u00edbrio perfeito de ambos - a escolha \u00e9 sua.<\/p>\n<p>O Fizzy Twins vem equipado com uma bateria integrada de 850mAh recarreg\u00e1vel de Tipo C, juntamente com um generoso e-l\u00edquido pr\u00e9-cheio de 50mL. As 50000 baforadas significam um prazer duradouro sem ter de substituir constantemente o seu dispositivo. N\u00e3o se preocupe mais com a falta de energia ou de e-l\u00edquido a meio da sua sess\u00e3o de vaporiza\u00e7\u00e3o. Tem modos duplos, alterna entre os modos Normal e Boost para corresponder \u00e0s suas prefer\u00eancias de vaporiza\u00e7\u00e3o. No modo Normal, desfruta de uma liberta\u00e7\u00e3o de vapor equilibrada, perfeita para uma sess\u00e3o de vaporiza\u00e7\u00e3o descontra\u00edda. Quando lhe apetecer nuvens mais intensas, basta mudar para o modo Boost e deixar que o vapor fale por si.<\/p>\n<p>Quer seja propriet\u00e1rio de uma loja de vaporizadores que procura armazenar os melhores e mais recentes produtos ou um vaporizador individual que procura uma experi\u00eancia de vaporiza\u00e7\u00e3o \u00fanica e satisfat\u00f3ria, o vaporizador descart\u00e1vel Fizzy Twins 50000 Puffs Dual Flavors \u00e9 a escolha perfeita. N\u00e3o perca esta oportunidade de revolucionar a sua rotina de vaporiza\u00e7\u00e3o. Contacte-nos hoje para obter informa\u00e7\u00f5es sobre vendas por grosso e comece a desfrutar do futuro da vaporiza\u00e7\u00e3o.<\/p>\n<h2>Fizzy Twins 50000 Puffs Dual Flavors Vape Descart\u00e1vel Detalhes r\u00e1pidos<\/h2>\n<figure id=\"attachment_1611\" aria-describedby=\"caption-attachment-1611\" style=\"width: 500px\" class=\"wp-caption alignright\"><img decoding=\"async\" class=\"wp-image-1611\" title=\"Vaporizadores descart\u00e1veis Fizzy Twins 50K Puffs Dual Flavors\" src=\"https:\/\/vapesaler.com\/wp-content\/uploads\/2025\/06\/Fizzy-Twins-50K-Puffs-Dual-Flavors-Disposable-Vapes-300x300.jpg\" alt=\"Vaporizadores descart\u00e1veis Fizzy Twins 50K Puffs Dual Flavors\" width=\"500\" height=\"500\" srcset=\"https:\/\/vapesaler.com\/wp-content\/uploads\/2025\/06\/Fizzy-Twins-50K-Puffs-Dual-Flavors-Disposable-Vapes-300x300.jpg 300w, https:\/\/vapesaler.com\/wp-content\/uploads\/2025\/06\/Fizzy-Twins-50K-Puffs-Dual-Flavors-Disposable-Vapes-150x150.jpg 150w, https:\/\/vapesaler.com\/wp-content\/uploads\/2025\/06\/Fizzy-Twins-50K-Puffs-Dual-Flavors-Disposable-Vapes-768x768.jpg 768w, https:\/\/vapesaler.com\/wp-content\/uploads\/2025\/06\/Fizzy-Twins-50K-Puffs-Dual-Flavors-Disposable-Vapes-12x12.jpg 12w, https:\/\/vapesaler.com\/wp-content\/uploads\/2025\/06\/Fizzy-Twins-50K-Puffs-Dual-Flavors-Disposable-Vapes-510x510.jpg 510w, https:\/\/vapesaler.com\/wp-content\/uploads\/2025\/06\/Fizzy-Twins-50K-Puffs-Dual-Flavors-Disposable-Vapes-100x100.jpg 100w, https:\/\/vapesaler.com\/wp-content\/uploads\/2025\/06\/Fizzy-Twins-50K-Puffs-Dual-Flavors-Disposable-Vapes.jpg 1000w\" sizes=\"(max-width: 500px) 100vw, 500px\" \/><figcaption id=\"caption-attachment-1611\" class=\"wp-caption-text\">Vaporizadores descart\u00e1veis Fizzy Twins 50K Puffs Dual Flavors<\/figcaption><\/figure>\n<ul>\n<li>Puffs:50000 Puffs<\/li>\n<li>Tecnologia de duplo sabor<\/li>\n<li>Fluxo de ar duplo ajust\u00e1vel<\/li>\n<li>Modo ajust\u00e1vel: ECO E BOOST<\/li>\n<li>Eliquido: 50ml<\/li>\n<li>Bateria: 850 mAh<\/li>\n<li>Nicotina:2%\/ 5%<\/li>\n<li>Recarreg\u00e1vel:Tipo C<\/li>\n<li>Ecr\u00e3 LED N\u00edvel da bateria e do l\u00edquido<\/li>\n<\/ul>\n<h2>Sabores\uff1a<\/h2>\n<ol>\n<li>Gelo de melancia e Kiwi de morango<\/li>\n<li>Morango, Kiwi, Rom\u00e3 e Red Bull<\/li>\n<li>Gelo de mirtilo, coco e uva<\/li>\n<li>Limonada Blue Razz e Mel\u00e3o Triplo<\/li>\n<li>Gelado de morango, melancia e mirtilo<\/li>\n<li>P\u00eassego, Manga, Melancia e Morango, Banana<\/li>\n<li>Framboesa Melancia e Kiwi Maracuj\u00e1 Goiaba<\/li>\n<li>Anan\u00e1s P\u00eassego Maracuj\u00e1 e Mirtilo Framboesa<\/li>\n<li>Gelo de melancia e lima-lim\u00e3o<\/li>\n<li>Gelado de frutos silvestres e p\u00eassego<\/li>\n<li>Gelo de morango e cereja com g\u00e1s<\/li>\n<li>Limonada de framboesa e gelo de morango<\/li>\n<\/ol>\n<h2>Detalhes da embalagem<\/h2>\n<ul>\n<li>1\/ Caixa \u00fanica<\/li>\n<li>10\/ Caixa de apresenta\u00e7\u00e3o<\/li>\n<li>120 PCS\/Caixa, 18kg<\/li>\n<\/ul>\n<p><img decoding=\"async\" class=\"alignnone wp-image-1613 size-full\" title=\"Fizzy Twins 50000 Puffs Vapes descart\u00e1veis de duplo sabor\" src=\"https:\/\/vapesaler.com\/wp-content\/uploads\/2025\/06\/Fizzy-Twins-50000-Puffs-Dual-Flavors-Disposable-Vapes.jpg\" alt=\"Fizzy Twins 50000 Puffs Vapes descart\u00e1veis de duplo sabor\" width=\"1024\" height=\"1082\" srcset=\"https:\/\/vapesaler.com\/wp-content\/uploads\/2025\/06\/Fizzy-Twins-50000-Puffs-Dual-Flavors-Disposable-Vapes.jpg 1024w, https:\/\/vapesaler.com\/wp-content\/uploads\/2025\/06\/Fizzy-Twins-50000-Puffs-Dual-Flavors-Disposable-Vapes-284x300.jpg 284w, https:\/\/vapesaler.com\/wp-content\/uploads\/2025\/06\/Fizzy-Twins-50000-Puffs-Dual-Flavors-Disposable-Vapes-969x1024.jpg 969w, https:\/\/vapesaler.com\/wp-content\/uploads\/2025\/06\/Fizzy-Twins-50000-Puffs-Dual-Flavors-Disposable-Vapes-768x812.jpg 768w, https:\/\/vapesaler.com\/wp-content\/uploads\/2025\/06\/Fizzy-Twins-50000-Puffs-Dual-Flavors-Disposable-Vapes-11x12.jpg 11w, https:\/\/vapesaler.com\/wp-content\/uploads\/2025\/06\/Fizzy-Twins-50000-Puffs-Dual-Flavors-Disposable-Vapes-510x539.jpg 510w\" sizes=\"(max-width: 1024px) 100vw, 1024px\" \/><\/p>\n<p><img decoding=\"async\" class=\"alignnone wp-image-1612 size-full\" title=\"Fizzy Twins 50000 Puffs Vapes descart\u00e1veis de duplo sabor 2\" src=\"https:\/\/vapesaler.com\/wp-content\/uploads\/2025\/06\/Fizzy-Twins-50000-Puffs-Dual-Flavors-Disposable-Vapes-2.jpg\" alt=\"Fizzy Twins 50000 Puffs Vapes descart\u00e1veis de duplo sabor 2\" width=\"1024\" height=\"1599\" srcset=\"https:\/\/vapesaler.com\/wp-content\/uploads\/2025\/06\/Fizzy-Twins-50000-Puffs-Dual-Flavors-Disposable-Vapes-2.jpg 1024w, https:\/\/vapesaler.com\/wp-content\/uploads\/2025\/06\/Fizzy-Twins-50000-Puffs-Dual-Flavors-Disposable-Vapes-2-192x300.jpg 192w, https:\/\/vapesaler.com\/wp-content\/uploads\/2025\/06\/Fizzy-Twins-50000-Puffs-Dual-Flavors-Disposable-Vapes-2-656x1024.jpg 656w, https:\/\/vapesaler.com\/wp-content\/uploads\/2025\/06\/Fizzy-Twins-50000-Puffs-Dual-Flavors-Disposable-Vapes-2-768x1199.jpg 768w, https:\/\/vapesaler.com\/wp-content\/uploads\/2025\/06\/Fizzy-Twins-50000-Puffs-Dual-Flavors-Disposable-Vapes-2-984x1536.jpg 984w, https:\/\/vapesaler.com\/wp-content\/uploads\/2025\/06\/Fizzy-Twins-50000-Puffs-Dual-Flavors-Disposable-Vapes-2-8x12.jpg 8w, https:\/\/vapesaler.com\/wp-content\/uploads\/2025\/06\/Fizzy-Twins-50000-Puffs-Dual-Flavors-Disposable-Vapes-2-510x796.jpg 510w\" sizes=\"(max-width: 1024px) 100vw, 1024px\" \/><\/p>","protected":false},"excerpt":{"rendered":"<p>The Fizzy Twins 50K Puffs Dual Flavors Disposable Vape is a state of the art vaping device that offers the ultimate dual flavor experience. With just a simple push of the mouthpiece, you can instantly switch between two distinct tastes. Whether you\u2019re in the mood for a sweet fruit blend or a refreshing icy kick, [&#8230;]\n","protected":false},"featured_media":1610,"comment_status":"open","ping_status":"closed","template":"","meta":{"om_disable_all_campaigns":false},"product_brand":[338],"product_cat":[105],"product_tag":[78,50,79,104,292],"class_list":{"0":"post-1597","1":"product","2":"type-product","3":"status-publish","4":"has-post-thumbnail","6":"product_brand-fizzy","7":"product_cat-dual-flavour","8":"product_tag-50000puffs","9":"product_tag-disposable-vape","10":"product_tag-dual-favour","11":"product_tag-dual-mesh","12":"product_tag-led-display","13":"pa_flavor-blue-razz-lemonade-triple-melon","14":"pa_flavor-blueberry-coconut-grape-ice","15":"pa_flavor-mixed-berry-peach-ice","16":"pa_flavor-peach-mango-watermelon-strawberry-banana","17":"pa_flavor-pineapple-peach-passion-fruit-blueberry-raspberry","18":"pa_flavor-raspberry-lemonade-strawberry-ice","19":"pa_flavor-raspberry-watermelon-kiwi-passion-fruit-guava","20":"pa_flavor-strawberry-ice-fizzy-cherry","21":"pa_flavor-strawberry-kiwi-pomegranate-red-bull","22":"pa_flavor-strawberry-watermelon-blueberry-ice","23":"pa_flavor-watermelon-ice-lemon-lime-2","24":"pa_flavor-watermelon-ice-strawberry-kiwi","25":"pa_nicotine-20mg","26":"pa_nicotine-50mg","27":"pa_puffs-50000-puffs","29":"first","30":"instock","31":"shipping-taxable","32":"purchasable","33":"product-type-variable"},"aioseo_notices":[],"_links":{"self":[{"href":"https:\/\/vapesaler.com\/pt\/wp-json\/wp\/v2\/product\/1597","targetHints":{"allow":["GET"]}}],"collection":[{"href":"https:\/\/vapesaler.com\/pt\/wp-json\/wp\/v2\/product"}],"about":[{"href":"https:\/\/vapesaler.com\/pt\/wp-json\/wp\/v2\/types\/product"}],"replies":[{"embeddable":true,"href":"https:\/\/vapesaler.com\/pt\/wp-json\/wp\/v2\/comments?post=1597"}],"wp:featuredmedia":[{"embeddable":true,"href":"https:\/\/vapesaler.com\/pt\/wp-json\/wp\/v2\/media\/1610"}],"wp:attachment":[{"href":"https:\/\/vapesaler.com\/pt\/wp-json\/wp\/v2\/media?parent=1597"}],"wp:term":[{"taxonomy":"product_brand","embeddable":true,"href":"https:\/\/vapesaler.com\/pt\/wp-json\/wp\/v2\/product_brand?post=1597"},{"taxonomy":"product_cat","embeddable":true,"href":"https:\/\/vapesaler.com\/pt\/wp-json\/wp\/v2\/product_cat?post=1597"},{"taxonomy":"product_tag","embeddable":true,"href":"https:\/\/vapesaler.com\/pt\/wp-json\/wp\/v2\/product_tag?post=1597"}],"curies":[{"name":"wp","href":"https:\/\/api.w.org\/{rel}","templated":true}]}}