{"id":1569,"date":"2025-06-04T05:23:12","date_gmt":"2025-06-04T05:23:12","guid":{"rendered":"https:\/\/vapesaler.com\/?post_type=product&#038;p=1569"},"modified":"2025-06-04T05:23:13","modified_gmt":"2025-06-04T05:23:13","slug":"fizzy-nova-plus-40000-puffs-dual-mesh-disposable-vape","status":"publish","type":"product","link":"https:\/\/vapesaler.com\/pt\/produto\/fizzy-nova-plus-40000-puffs-dual-mesh-vape-descartavel","title":{"rendered":"Fizzy Nova Plus 40000 puffs Vape descart\u00e1vel de malha dupla"},"content":{"rendered":"<div>O Fizzy Nova Plus 40000 puffs Dual Mesh Disposable Vape \u00e9 uma atualiza\u00e7\u00e3o do Fizzy Nova 20000 Puffs. A gama completa de sabores foi actualizada para um sabor mais fresco e completo. Tem uma bateria de alta capacidade de 850mAh, 40ml de e-l\u00edquido. durar\u00e1 semanas de experi\u00eancia de vaporiza\u00e7\u00e3o.<\/div>\n<div>Durar\u00e1 semanas de experi\u00eancia de vaporiza\u00e7\u00e3o. Em termos de desempenho, adopta dois modos de funcionamento - ECO e BOOST, que podem ser facilmente alternados atrav\u00e9s do bot\u00e3o na parte inferior. O ECO pode tornar o produto mais dur\u00e1vel e adequado para fumar por via oral, e o BOOST pode aumentar o poder explosivo de todo o produto, para que o produto possa obter um sabor mais rico e um fumo maior. O Fizzy Nova tamb\u00e9m vem com ajuste de fluxo de ar.<\/div>\n<div>Melhor ainda, o Fizzy 40K Puff Disposable Vape possui um ecr\u00e3 LED inteligente que mostra rapidamente o n\u00edvel da bateria, o estado do e-l\u00edquido e o modo de utiliza\u00e7\u00e3o. Em termos de design de sabores, este dispositivo tem um total de 12 sabores de fruta cl\u00e1ssicos para um sabor fresco e natural. Parece que est\u00e1 a dar uma dentada numa fruta fresca, e o sabor rico e refrescante do dispositivo \u00e9 uma excelente adi\u00e7\u00e3o a qualquer dispositivo. Parece que est\u00e1 a dar uma dentada em fruta fresca, e a sensa\u00e7\u00e3o rica e refrescante enche toda a boca. Quer seja um principiante ou um ex-fumador, este \u00e9 um produto que vale a pena experimentar!<\/div>\n<div>\n<h2>Fizzy Nova Plus 40000 puffs Dual Mesh Disposable Vape Detalhes r\u00e1pidos<\/h2>\n<figure id=\"attachment_1595\" aria-describedby=\"caption-attachment-1595\" style=\"width: 500px\" class=\"wp-caption alignright\"><img decoding=\"async\" class=\"wp-image-1595\" title=\"Fizzy 40K puff Nova Plus Dual Mesh Vape descart\u00e1vel\" src=\"https:\/\/vapesaler.com\/wp-content\/uploads\/2025\/06\/Fizzy-40K-puff-Nova-Plus-Dual-Mesh-Disposable-Vape-300x300.jpg\" alt=\"Fizzy 40K puff Nova Plus Dual Mesh Vape descart\u00e1vel\" width=\"500\" height=\"500\" srcset=\"https:\/\/vapesaler.com\/wp-content\/uploads\/2025\/06\/Fizzy-40K-puff-Nova-Plus-Dual-Mesh-Disposable-Vape-300x300.jpg 300w, https:\/\/vapesaler.com\/wp-content\/uploads\/2025\/06\/Fizzy-40K-puff-Nova-Plus-Dual-Mesh-Disposable-Vape-150x150.jpg 150w, https:\/\/vapesaler.com\/wp-content\/uploads\/2025\/06\/Fizzy-40K-puff-Nova-Plus-Dual-Mesh-Disposable-Vape-768x768.jpg 768w, https:\/\/vapesaler.com\/wp-content\/uploads\/2025\/06\/Fizzy-40K-puff-Nova-Plus-Dual-Mesh-Disposable-Vape-12x12.jpg 12w, https:\/\/vapesaler.com\/wp-content\/uploads\/2025\/06\/Fizzy-40K-puff-Nova-Plus-Dual-Mesh-Disposable-Vape-510x510.jpg 510w, https:\/\/vapesaler.com\/wp-content\/uploads\/2025\/06\/Fizzy-40K-puff-Nova-Plus-Dual-Mesh-Disposable-Vape-100x100.jpg 100w, https:\/\/vapesaler.com\/wp-content\/uploads\/2025\/06\/Fizzy-40K-puff-Nova-Plus-Dual-Mesh-Disposable-Vape.jpg 1000w\" sizes=\"(max-width: 500px) 100vw, 500px\" \/><figcaption id=\"caption-attachment-1595\" class=\"wp-caption-text\">Fizzy 40K puff Nova Plus Dual Mesh Vape descart\u00e1vel<\/figcaption><\/figure>\n<ul>\n<li>Puffs:40000 Puffs<\/li>\n<li>Bobina de malha<\/li>\n<li>Modo ajust\u00e1vel: ECO E BOOST<\/li>\n<li>Controlo do fluxo de ar<\/li>\n<li>Eliquido: 40ml<\/li>\n<li>Bateria: 850 mAh<\/li>\n<li>Nicotina:2%\/ 5%<\/li>\n<li>Recarreg\u00e1vel:Tipo C<\/li>\n<li>Ecr\u00e3 LED N\u00edvel da bateria e do l\u00edquido<\/li>\n<\/ul>\n<h2>Sabores\uff1a<\/h2>\n<p>1. Gelo de morango<br \/>\n2. Coco com mirtilo<br \/>\n3. Morango Kiwi<br \/>\n4. Gelo de mirtilo<br \/>\n5. Gelo de melancia<br \/>\n6. P\u00eassego Manga Melancia<br \/>\n7. Kiwi Maracuj\u00e1 Goiaba<br \/>\n8. Lim\u00e3o com framboesa<br \/>\n9. Baga tripla<br \/>\n10. Gelo de p\u00eassego<br \/>\n11. Lima Uva<br \/>\n12. Blue Razz Lemonade<\/p>\n<h2>Detalhes da embalagem<\/h2>\n<p>Peso do produto:120g\/pc<br \/>\nTamanho do produto:52.5*24.5*104.3mm<br \/>\nQTY:180pcs\/ ctn,10pcs\/caixa<br \/>\nPeso bruto:22kg\/ctn<\/p>\n<figure id=\"attachment_1596\" aria-describedby=\"caption-attachment-1596\" style=\"width: 1024px\" class=\"wp-caption aligncenter\"><img decoding=\"async\" class=\"wp-image-1596 size-full\" title=\"Fizzy 40000 puff Nova Plus Dual Mesh Vape descart\u00e1vel\" src=\"https:\/\/vapesaler.com\/wp-content\/uploads\/2025\/06\/Fizzy-40000-puff-Nova-Plus-Dual-Mesh-Disposable-Vape.jpg\" alt=\"Fizzy 40000 puff Nova Plus Dual Mesh Vape descart\u00e1vel\" width=\"1024\" height=\"683\" srcset=\"https:\/\/vapesaler.com\/wp-content\/uploads\/2025\/06\/Fizzy-40000-puff-Nova-Plus-Dual-Mesh-Disposable-Vape.jpg 1024w, https:\/\/vapesaler.com\/wp-content\/uploads\/2025\/06\/Fizzy-40000-puff-Nova-Plus-Dual-Mesh-Disposable-Vape-300x200.jpg 300w, https:\/\/vapesaler.com\/wp-content\/uploads\/2025\/06\/Fizzy-40000-puff-Nova-Plus-Dual-Mesh-Disposable-Vape-768x512.jpg 768w, https:\/\/vapesaler.com\/wp-content\/uploads\/2025\/06\/Fizzy-40000-puff-Nova-Plus-Dual-Mesh-Disposable-Vape-18x12.jpg 18w, https:\/\/vapesaler.com\/wp-content\/uploads\/2025\/06\/Fizzy-40000-puff-Nova-Plus-Dual-Mesh-Disposable-Vape-510x340.jpg 510w\" sizes=\"(max-width: 1024px) 100vw, 1024px\" \/><figcaption id=\"caption-attachment-1596\" class=\"wp-caption-text\">Fizzy 40000 puff Nova Plus Dual Mesh Vape descart\u00e1vel<\/figcaption><\/figure>\n<\/div>","protected":false},"excerpt":{"rendered":"<p>Fizzy Nova Plus 40000 puffs Dual Mesh Disposable Vape is an upgrade from Fizzy Nova 20000 Puffs. The full range of flavors have been upgraded for a fresher and fuller taste. It has 850mAh high capacity battery, 40ml e-liquid. it will last for weeks of vaping experience. It will last for weeks of vaping experience. [&#8230;]\n","protected":false},"featured_media":1594,"comment_status":"open","ping_status":"closed","template":"","meta":{"om_disable_all_campaigns":false},"product_brand":[338],"product_cat":[15],"product_tag":[119,50,104,292],"class_list":{"0":"post-1569","1":"product","2":"type-product","3":"status-publish","4":"has-post-thumbnail","6":"product_brand-fizzy","7":"product_cat-disposables","8":"product_tag-40000puffs","9":"product_tag-disposable-vape","10":"product_tag-dual-mesh","11":"product_tag-led-display","12":"pa_flavor-blue-razz-lemonade","13":"pa_flavor-blueberry-coconut","14":"pa_flavor-blueberry-ice","15":"pa_flavor-grape-lime","16":"pa_flavor-kiwi-passion-fruit-guava","17":"pa_flavor-peach-ice","18":"pa_flavor-peach-mango-watermelon","19":"pa_flavor-raspberry-lemon","20":"pa_flavor-strawberry-ice","21":"pa_flavor-strawberry-kiwi","22":"pa_flavor-triple-berry","23":"pa_flavor-watermelon-ice","24":"pa_nicotine-20mg","25":"pa_nicotine-50mg","26":"pa_puffs-40000-puffs","28":"first","29":"instock","30":"shipping-taxable","31":"purchasable","32":"product-type-variable"},"aioseo_notices":[],"_links":{"self":[{"href":"https:\/\/vapesaler.com\/pt\/wp-json\/wp\/v2\/product\/1569","targetHints":{"allow":["GET"]}}],"collection":[{"href":"https:\/\/vapesaler.com\/pt\/wp-json\/wp\/v2\/product"}],"about":[{"href":"https:\/\/vapesaler.com\/pt\/wp-json\/wp\/v2\/types\/product"}],"replies":[{"embeddable":true,"href":"https:\/\/vapesaler.com\/pt\/wp-json\/wp\/v2\/comments?post=1569"}],"wp:featuredmedia":[{"embeddable":true,"href":"https:\/\/vapesaler.com\/pt\/wp-json\/wp\/v2\/media\/1594"}],"wp:attachment":[{"href":"https:\/\/vapesaler.com\/pt\/wp-json\/wp\/v2\/media?parent=1569"}],"wp:term":[{"taxonomy":"product_brand","embeddable":true,"href":"https:\/\/vapesaler.com\/pt\/wp-json\/wp\/v2\/product_brand?post=1569"},{"taxonomy":"product_cat","embeddable":true,"href":"https:\/\/vapesaler.com\/pt\/wp-json\/wp\/v2\/product_cat?post=1569"},{"taxonomy":"product_tag","embeddable":true,"href":"https:\/\/vapesaler.com\/pt\/wp-json\/wp\/v2\/product_tag?post=1569"}],"curies":[{"name":"wp","href":"https:\/\/api.w.org\/{rel}","templated":true}]}}