{"id":1474,"date":"2025-05-20T10:36:03","date_gmt":"2025-05-20T10:36:03","guid":{"rendered":"https:\/\/vapesaler.com\/?post_type=product&#038;p=1474"},"modified":"2025-05-20T10:44:16","modified_gmt":"2025-05-20T10:44:16","slug":"vopk-ultra-40k-puffs-40000-double-flavors-disposable-vape","status":"publish","type":"product","link":"https:\/\/vapesaler.com\/pt\/produto\/vopk-ultra-40k-puffs-40000-sabores-duplos-vape-descartavel","title":{"rendered":"VOPK ULTRA 40K Puffs 40000 Sabores Duplos Vape Descart\u00e1vel"},"content":{"rendered":"<div><strong>O VOPK ULTRA 40K Puffs 40000 Sabores Duplos Vape Descart\u00e1vel<\/strong> \u00e9 um dispositivo de vaporiza\u00e7\u00e3o descart\u00e1vel muito vers\u00e1til.<\/div>\n<div>Funcionalmente, \u00e9 um<strong> Dispositivo 2 em 1<\/strong> que permite alternar facilmente entre os sabores, rodando o bocal para a esquerda e para a direita. Al\u00e9m disso, cada sabor est\u00e1 equipado com uma bobina de malha dupla que permite alternar entre os dois modos de funcionamento com um bot\u00e3o lateral. Desta forma, os clientes podem experimentar um fumo de alta pot\u00eancia e um sabor mais forte.<\/div>\n<div>Em termos de desempenho, est\u00e1 equipado com uma bateria de 650mAh de alta capacidade e uma porta de carregamento r\u00e1pido Tipo C. 36ml de capacidade de l\u00edquido vape d\u00e1 ao produto 40.000 Puffs, que podem durar mais tempo!<\/div>\n<div>Em termos de design exterior, possui um visor LED completo, que permite observar a quantidade de l\u00edquido em cada sabor individualmente. O visor LED pode mostrar o n\u00edvel de pot\u00eancia e a mudan\u00e7a de modo. Inclui um padr\u00e3o de homem do espa\u00e7o que acende o homem do espa\u00e7o durante a utiliza\u00e7\u00e3o. Cheio de sentido de tecnologia.<\/div>\n<div>Em termos de sabor, VOPK ULTRA 40K, a escolha de m\u00faltiplos sabores de fruta compostos, para que a boca desfrute da derradeira experi\u00eancia, uma variedade de sabores doces de fruta fresca com o fumo a encher a boca, quer se trate de um fumador que deixou de fumar ou de um jogador s\u00e9nior, esta \u00e9 uma escolha muito boa.<\/div>\n<h2><strong>O VOPK ULTRA 40K Puffs 40000 Sabores Duplos Vape Descart\u00e1vel Detalhes R\u00e1pidos<\/strong><\/h2>\n<figure id=\"attachment_1496\" aria-describedby=\"caption-attachment-1496\" style=\"width: 600px\" class=\"wp-caption alignright\"><img decoding=\"async\" class=\"wp-image-1496\" title=\"VOPK ULTRA 40000 Puffs Duplo Sabor Vape Descart\u00e1vel\" src=\"https:\/\/vapesaler.com\/wp-content\/uploads\/2025\/05\/VOPK-ULTRA-40000-Puffs-Double-Flavors-Disposable-Vape-148x300.jpg\" alt=\"VOPK ULTRA 40000 Puffs Duplo Sabor Vape Descart\u00e1vel\" width=\"600\" height=\"1213\" srcset=\"https:\/\/vapesaler.com\/wp-content\/uploads\/2025\/05\/VOPK-ULTRA-40000-Puffs-Double-Flavors-Disposable-Vape-148x300.jpg 148w, https:\/\/vapesaler.com\/wp-content\/uploads\/2025\/05\/VOPK-ULTRA-40000-Puffs-Double-Flavors-Disposable-Vape-507x1024.jpg 507w, https:\/\/vapesaler.com\/wp-content\/uploads\/2025\/05\/VOPK-ULTRA-40000-Puffs-Double-Flavors-Disposable-Vape-768x1552.jpg 768w, https:\/\/vapesaler.com\/wp-content\/uploads\/2025\/05\/VOPK-ULTRA-40000-Puffs-Double-Flavors-Disposable-Vape-760x1536.jpg 760w, https:\/\/vapesaler.com\/wp-content\/uploads\/2025\/05\/VOPK-ULTRA-40000-Puffs-Double-Flavors-Disposable-Vape-6x12.jpg 6w, https:\/\/vapesaler.com\/wp-content\/uploads\/2025\/05\/VOPK-ULTRA-40000-Puffs-Double-Flavors-Disposable-Vape-510x1031.jpg 510w, https:\/\/vapesaler.com\/wp-content\/uploads\/2025\/05\/VOPK-ULTRA-40000-Puffs-Double-Flavors-Disposable-Vape.jpg 1000w\" sizes=\"(max-width: 600px) 100vw, 600px\" \/><figcaption id=\"caption-attachment-1496\" class=\"wp-caption-text\">VOPK ULTRA 40000 Puffs Duplo Sabor Vape Descart\u00e1vel<\/figcaption><\/figure>\n<ul>\n<li>Puffs: At\u00e9 40000 Puffs<\/li>\n<li>Nicotina:2%\/5%<\/li>\n<li>Bobina de quatro malhas: <strong>\u00a0<\/strong>1 ohm \/ 0,5 ohm\uff08N\u00facleos de aquecimento comut\u00e1veis para cada sabor )<\/li>\n<li>E-l\u00edquido:36ml<\/li>\n<li>Bateria:650mah<\/li>\n<li>Recarreg\u00e1vel:Tipo C<\/li>\n<li>O ecr\u00e3 LED inteligente mostra a dura\u00e7\u00e3o da bateria e os n\u00edveis de e-l\u00edquido<\/li>\n<li>Sabor duplo<\/li>\n<li>Fun\u00e7\u00e3o de seguran\u00e7a de bloqueio para crian\u00e7as<\/li>\n<li>Modos de saque simples e duplo<\/li>\n<li>10 sabores \u00e0 escolha<\/li>\n<\/ul>\n<h2><strong>Lista de sabores<\/strong><\/h2>\n<ol>\n<li>Morango Melancia e Kiwi Maracuj\u00e1 Goiaba<\/li>\n<li>Mirtilo Framboesa e Manga P\u00eassego Melancia<\/li>\n<li>Blue Razz Gummy Bear &amp; Strawberry Kiwi<\/li>\n<li>Blue Razz Cherry e Strawberry Raspberry<\/li>\n<li>Lim\u00e3o, lima e melancia com hortel\u00e3 fresca<\/li>\n<li>Gelo de melancia e Gelo Blue Razz<\/li>\n<li>Blue Razz Anan\u00e1s e Tripla Manga<\/li>\n<li>Bagas de uva e framboesa de ma\u00e7\u00e3 e pera<\/li>\n<li>Morango, Arando, Cereja e Anan\u00e1s, Paix\u00e3o, Lima<\/li>\n<li>Mentol de morango com mirtilo e Mentol de framboesa com mirtilo<\/li>\n<\/ol>\n<h2><strong>Conte\u00fado da embalagem<\/strong><\/h2>\n<ul>\n<li>10 unidades \/ caixa m\u00e9dia.<\/li>\n<li>16 caixas m\u00e9dias \/ cart\u00e3o<\/li>\n<li>160 unidades\/caixa<\/li>\n<\/ul>\n<figure id=\"attachment_1497\" aria-describedby=\"caption-attachment-1497\" style=\"width: 1024px\" class=\"wp-caption aligncenter\"><img decoding=\"async\" class=\"wp-image-1497 size-full\" title=\"VOPK ULTRA 40000 Puff Duplo Sabor Vape Descart\u00e1vel\" src=\"https:\/\/vapesaler.com\/wp-content\/uploads\/2025\/05\/VOPK-ULTRA-40000-Puff-Double-Flavors-Disposable-Vape.jpg\" alt=\"VOPK ULTRA 40000 Puff Duplo Sabor Vape Descart\u00e1vel\" width=\"1024\" height=\"996\" srcset=\"https:\/\/vapesaler.com\/wp-content\/uploads\/2025\/05\/VOPK-ULTRA-40000-Puff-Double-Flavors-Disposable-Vape.jpg 1024w, https:\/\/vapesaler.com\/wp-content\/uploads\/2025\/05\/VOPK-ULTRA-40000-Puff-Double-Flavors-Disposable-Vape-300x292.jpg 300w, https:\/\/vapesaler.com\/wp-content\/uploads\/2025\/05\/VOPK-ULTRA-40000-Puff-Double-Flavors-Disposable-Vape-768x747.jpg 768w, https:\/\/vapesaler.com\/wp-content\/uploads\/2025\/05\/VOPK-ULTRA-40000-Puff-Double-Flavors-Disposable-Vape-12x12.jpg 12w, https:\/\/vapesaler.com\/wp-content\/uploads\/2025\/05\/VOPK-ULTRA-40000-Puff-Double-Flavors-Disposable-Vape-510x496.jpg 510w\" sizes=\"(max-width: 1024px) 100vw, 1024px\" \/><figcaption id=\"caption-attachment-1497\" class=\"wp-caption-text\">VOPK ULTRA 40000 Puff Duplo Sabor Vape Descart\u00e1vel<\/figcaption><\/figure>","protected":false},"excerpt":{"rendered":"<p>The VOPK ULTRA 40K Puffs 40000 Double Flavors Disposable Vape is a very versatile disposable vaping device. Functionally, it is a 2 in 1 device that allows you to easily switch between flavors by toggling the mouthpiece left and right. Also, each flavor is equipped with a dual mesh coil that allows you to switch [&#8230;]\n","protected":false},"featured_media":1480,"comment_status":"open","ping_status":"closed","template":"","meta":{"om_disable_all_campaigns":false},"product_brand":[293],"product_cat":[105],"product_tag":[119,50,79,104,292],"class_list":{"0":"post-1474","1":"product","2":"type-product","3":"status-publish","4":"has-post-thumbnail","6":"product_brand-vopk","7":"product_cat-dual-flavour","8":"product_tag-40000puffs","9":"product_tag-disposable-vape","10":"product_tag-dual-favour","11":"product_tag-dual-mesh","12":"product_tag-led-display","13":"pa_flavor-blue-razz-cherry-strawberry-raspberry","14":"pa_flavor-blue-razz-gummy-bear-strawberry-kiwi","15":"pa_flavor-blue-razz-pineapple-triple-mango","16":"pa_flavor-blueberry-raspberry-peach-mango-watermelon","17":"pa_flavor-blueberry-strawberry-menthol-blueberry-raspberry-menthol","18":"pa_flavor-fizzy-lemon-lime-watermelon-fresh-mint","19":"pa_flavor-grape-berry-burst-pear-apple-raspberry","20":"pa_flavor-strawberry-cranberry-cherry-pineapple-passion-lime","21":"pa_flavor-strawberry-watermelon-kiwi-passion-fruit-guava-2","22":"pa_flavor-watermelon-ice-blue-razz-ice","23":"pa_nicotine-20mg","24":"pa_nicotine-50mg","25":"pa_puffs-40000-puffs","27":"first","28":"instock","29":"shipping-taxable","30":"purchasable","31":"product-type-variable"},"aioseo_notices":[],"_links":{"self":[{"href":"https:\/\/vapesaler.com\/pt\/wp-json\/wp\/v2\/product\/1474","targetHints":{"allow":["GET"]}}],"collection":[{"href":"https:\/\/vapesaler.com\/pt\/wp-json\/wp\/v2\/product"}],"about":[{"href":"https:\/\/vapesaler.com\/pt\/wp-json\/wp\/v2\/types\/product"}],"replies":[{"embeddable":true,"href":"https:\/\/vapesaler.com\/pt\/wp-json\/wp\/v2\/comments?post=1474"}],"wp:featuredmedia":[{"embeddable":true,"href":"https:\/\/vapesaler.com\/pt\/wp-json\/wp\/v2\/media\/1480"}],"wp:attachment":[{"href":"https:\/\/vapesaler.com\/pt\/wp-json\/wp\/v2\/media?parent=1474"}],"wp:term":[{"taxonomy":"product_brand","embeddable":true,"href":"https:\/\/vapesaler.com\/pt\/wp-json\/wp\/v2\/product_brand?post=1474"},{"taxonomy":"product_cat","embeddable":true,"href":"https:\/\/vapesaler.com\/pt\/wp-json\/wp\/v2\/product_cat?post=1474"},{"taxonomy":"product_tag","embeddable":true,"href":"https:\/\/vapesaler.com\/pt\/wp-json\/wp\/v2\/product_tag?post=1474"}],"curies":[{"name":"wp","href":"https:\/\/api.w.org\/{rel}","templated":true}]}}