{"id":1273,"date":"2025-04-30T08:33:49","date_gmt":"2025-04-30T08:33:49","guid":{"rendered":"https:\/\/vapesaler.com\/?post_type=product&#038;p=1273"},"modified":"2025-06-13T10:29:15","modified_gmt":"2025-06-13T10:29:15","slug":"bang-box-30000-pro-30k-puffs-dual-flavour-disposable-vape","status":"publish","type":"product","link":"https:\/\/vapesaler.com\/pt\/produto\/bang-box-30000-pro-30k-puffs-vape-descartavel-de-duplo-sabor","title":{"rendered":"Bang Box 30000 PRO 30k puffs Vape descart\u00e1vel de duplo sabor"},"content":{"rendered":"<p>Descobrir o <a href=\"https:\/\/vapesaler.com\/pt\/brands\/bang\/\"><strong>Pancada<\/strong><\/a> O Vape descart\u00e1vel Box 30000 PRO da Vapesaler oferece at\u00e9 30 mil baforadas com duas op\u00e7\u00f5es de sabor. Desfrute de uma vaporiza\u00e7\u00e3o sem esfor\u00e7o com uma potente bateria recarreg\u00e1vel de 550mAh e 36ml de e-l\u00edquido. Escolha a sua for\u00e7a de nicotina e experimente a derradeira comodidade de vaporiza\u00e7\u00e3o hoje mesmo!<\/p>\n<div>Esta Bang Box apresenta um design de duplo sabor que permite alternar entre sabores, rodando o bocal para a esquerda e para a direita. O design do produto est\u00e1 muito na moda, com um estilo escuro. O tema geral \u00e9 preto com cores de dopamina em ambos os lados.<\/div>\n<div><\/div>\n<div>A unidade art\u00edstica do produto \u00e9 muito harmoniosa. A metade inferior do produto adopta um ecr\u00e3 de visualiza\u00e7\u00e3o, que pode mostrar a capacidade da bateria e a capacidade do l\u00edquido vape. H\u00e1 um total de 16 sabores aqui, como drag\u00e3o preto, morango e outros sabores cl\u00e1ssicos.<\/div>\n<div>\n<h2><strong>Bang Box 30000 PRO 30k puffs Vape descart\u00e1vel de duplo sabor Detalhes r\u00e1pidos<\/strong><\/h2>\n<figure id=\"attachment_1296\" aria-describedby=\"caption-attachment-1296\" style=\"width: 500px\" class=\"wp-caption alignright\"><img decoding=\"async\" class=\"wp-image-1296\" title=\"Bang Box 30000 PRO 30k puffs Vape de duplo sabor\" src=\"https:\/\/vapesaler.com\/wp-content\/uploads\/2025\/04\/Bang-Box-30000-PRO-30k-puffs-Dual-Flavour-vape-200x300.jpg\" alt=\"Bang Box 30000 PRO 30k puffs Vape de duplo sabor\" width=\"500\" height=\"750\" srcset=\"https:\/\/vapesaler.com\/wp-content\/uploads\/2025\/04\/Bang-Box-30000-PRO-30k-puffs-Dual-Flavour-vape-200x300.jpg 200w, https:\/\/vapesaler.com\/wp-content\/uploads\/2025\/04\/Bang-Box-30000-PRO-30k-puffs-Dual-Flavour-vape-683x1024.jpg 683w, https:\/\/vapesaler.com\/wp-content\/uploads\/2025\/04\/Bang-Box-30000-PRO-30k-puffs-Dual-Flavour-vape-768x1152.jpg 768w, https:\/\/vapesaler.com\/wp-content\/uploads\/2025\/04\/Bang-Box-30000-PRO-30k-puffs-Dual-Flavour-vape-8x12.jpg 8w, https:\/\/vapesaler.com\/wp-content\/uploads\/2025\/04\/Bang-Box-30000-PRO-30k-puffs-Dual-Flavour-vape-510x765.jpg 510w, https:\/\/vapesaler.com\/wp-content\/uploads\/2025\/04\/Bang-Box-30000-PRO-30k-puffs-Dual-Flavour-vape.jpg 800w\" sizes=\"(max-width: 500px) 100vw, 500px\" \/><figcaption id=\"caption-attachment-1296\" class=\"wp-caption-text\">Bang Box 30000 PRO 30k puffs Vape de duplo sabor<\/figcaption><\/figure>\n<ul>\n<li>Puffs: 30000<\/li>\n<li>Capacidade da bateria: 550mAh<\/li>\n<li>Volume do E-l\u00edquido: 36ml<\/li>\n<li>Teor de nicotina: 0\/20\/50mg<\/li>\n<li>Embalagem: 10 pe\u00e7as em 1 caixa de exposi\u00e7\u00e3o<\/li>\n<li>Ecr\u00e3 de LED<\/li>\n<li>\n<div>Tipo C recarreg\u00e1vel<\/div>\n<\/li>\n<li>\n<div>Visor de carga e de l\u00edquido eletr\u00f3nico<\/div>\n<\/li>\n<li>Resist\u00eancia do fio de aquecimento: n\u00facleo de malha dupla 1.0Q.<\/li>\n<\/ul>\n<\/div>\n<div>\n<h2><strong>Lista de sabores<\/strong><\/h2>\n<\/div>\n<p>1. Melancia e mirtilo Min<br \/>\n2. Drag\u00e3o negro gelado e banana com morango<br \/>\n3. Ma\u00e7\u00e3 \u00e1cida e framboesa com mirtilo<br \/>\n4. Gelado de manga, p\u00eassego e banana<br \/>\n5. Red Bull e manga com morango<br \/>\n6. Duplo Ma\u00e7\u00e3 &amp; Kiwi Maracuj\u00e1 Rom\u00e3<br \/>\n7. Gelo de uva e Cola de cereja<br \/>\n8. Gelo de hortel\u00e3-pimenta e Triple Berry<br \/>\n9. Gelo de p\u00eassego e melancia de morango<br \/>\n10. Mirtilo Cereja Arando e Melancia Berry Boom<br \/>\n11. Amor66 &amp; Morango Kiwi<br \/>\n12. Gelo de anan\u00e1s e fus\u00e3o azul<br \/>\n13. Uva Sakura e Lichia de Morango<br \/>\n14. Purple Rain &amp; Strawberry Raspberry Cherry Ice<br \/>\n15. Fruta mista e gelo de mirtilo<br \/>\n16. Drag\u00e3o Negro Gelo e Manga Anan\u00e1s P\u00eassego<\/p>\n<h2><strong>Conte\u00fado da embalagem<\/strong><\/h2>\n<ul>\n<li>10 unidades \/ caixa m\u00e9dia.<\/li>\n<li>100 unidades\/caixa<\/li>\n<li>14 kg\/caixa<\/li>\n<\/ul>\n<figure id=\"attachment_1298\" aria-describedby=\"caption-attachment-1298\" style=\"width: 1705px\" class=\"wp-caption aligncenter\"><img decoding=\"async\" class=\"wp-image-1298 size-full\" title=\"Bang Box 30000 PRO Vape descart\u00e1vel de duplo sabor\" src=\"https:\/\/vapesaler.com\/wp-content\/uploads\/2025\/04\/Bang-Box-30000-PRO-Dual-Flavour-Disposable-Vape.jpg\" alt=\"Bang Box 30000 PRO Vape descart\u00e1vel de duplo sabor\" width=\"1705\" height=\"884\" srcset=\"https:\/\/vapesaler.com\/wp-content\/uploads\/2025\/04\/Bang-Box-30000-PRO-Dual-Flavour-Disposable-Vape.jpg 1705w, https:\/\/vapesaler.com\/wp-content\/uploads\/2025\/04\/Bang-Box-30000-PRO-Dual-Flavour-Disposable-Vape-300x156.jpg 300w, https:\/\/vapesaler.com\/wp-content\/uploads\/2025\/04\/Bang-Box-30000-PRO-Dual-Flavour-Disposable-Vape-1024x531.jpg 1024w, https:\/\/vapesaler.com\/wp-content\/uploads\/2025\/04\/Bang-Box-30000-PRO-Dual-Flavour-Disposable-Vape-768x398.jpg 768w, https:\/\/vapesaler.com\/wp-content\/uploads\/2025\/04\/Bang-Box-30000-PRO-Dual-Flavour-Disposable-Vape-1536x796.jpg 1536w, https:\/\/vapesaler.com\/wp-content\/uploads\/2025\/04\/Bang-Box-30000-PRO-Dual-Flavour-Disposable-Vape-18x9.jpg 18w, https:\/\/vapesaler.com\/wp-content\/uploads\/2025\/04\/Bang-Box-30000-PRO-Dual-Flavour-Disposable-Vape-510x264.jpg 510w\" sizes=\"(max-width: 1705px) 100vw, 1705px\" \/><figcaption id=\"caption-attachment-1298\" class=\"wp-caption-text\">Bang Box 30000 PRO Vape descart\u00e1vel de duplo sabor<\/figcaption><\/figure>","protected":false},"excerpt":{"rendered":"<p>Discover the Bang Box 30000 PRO Disposable Vape from Vapesaler, offering up to 30k puffs with dual flavor options. Enjoy effortless vaping with a powerful 550mAh rechargeable battery and 36ml of e-liquid. Choose your nicotine strength and experience the ultimate vaping convenience today! This Bang Box features a dual-flavor design that allows you to switch [&#8230;]\n","protected":false},"featured_media":1283,"comment_status":"open","ping_status":"closed","template":"","meta":{"om_disable_all_campaigns":false},"product_brand":[81],"product_cat":[105],"product_tag":[50,79],"class_list":{"0":"post-1273","1":"product","2":"type-product","3":"status-publish","4":"has-post-thumbnail","6":"product_brand-bang","7":"product_cat-dual-flavour","8":"product_tag-disposable-vape","9":"product_tag-dual-favour","10":"pa_flavor-black-dragon-ice-mango-pineapple-peach","11":"pa_flavor-black-dragon-ice-strawberry-banana","12":"pa_flavor-blueberry-cherry-cranberry-watermelon-berry-boom","13":"pa_flavor-double-apple-kiwi-passion-fruit-pomegranate","14":"pa_flavor-grape-ice-cherry-cola","15":"pa_flavor-love66-strawberry-kiwi","16":"pa_flavor-mango-peach-banana-ice","17":"pa_flavor-mixed-fruit-blueberry-ice","18":"pa_flavor-peach-ice-strawberry-watermelon","19":"pa_flavor-peppermint-ice-triple-berry","20":"pa_flavor-pineapple-ice-blue-fusion","21":"pa_flavor-purple-rain-strawberry-raspberry-cherry-ice","22":"pa_flavor-red-bull-strawberry-mango","23":"pa_flavor-sakura-grape-strawberry-lychee","24":"pa_flavor-sour-apple-blueberry-raspberry","25":"pa_flavor-watermelon-blueberry-min","26":"pa_nicotine-0mg","27":"pa_nicotine-20mg","28":"pa_nicotine-50mg","29":"pa_puffs-30000-puffs","31":"first","32":"instock","33":"shipping-taxable","34":"purchasable","35":"product-type-variable"},"aioseo_notices":[],"_links":{"self":[{"href":"https:\/\/vapesaler.com\/pt\/wp-json\/wp\/v2\/product\/1273","targetHints":{"allow":["GET"]}}],"collection":[{"href":"https:\/\/vapesaler.com\/pt\/wp-json\/wp\/v2\/product"}],"about":[{"href":"https:\/\/vapesaler.com\/pt\/wp-json\/wp\/v2\/types\/product"}],"replies":[{"embeddable":true,"href":"https:\/\/vapesaler.com\/pt\/wp-json\/wp\/v2\/comments?post=1273"}],"wp:featuredmedia":[{"embeddable":true,"href":"https:\/\/vapesaler.com\/pt\/wp-json\/wp\/v2\/media\/1283"}],"wp:attachment":[{"href":"https:\/\/vapesaler.com\/pt\/wp-json\/wp\/v2\/media?parent=1273"}],"wp:term":[{"taxonomy":"product_brand","embeddable":true,"href":"https:\/\/vapesaler.com\/pt\/wp-json\/wp\/v2\/product_brand?post=1273"},{"taxonomy":"product_cat","embeddable":true,"href":"https:\/\/vapesaler.com\/pt\/wp-json\/wp\/v2\/product_cat?post=1273"},{"taxonomy":"product_tag","embeddable":true,"href":"https:\/\/vapesaler.com\/pt\/wp-json\/wp\/v2\/product_tag?post=1273"}],"curies":[{"name":"wp","href":"https:\/\/api.w.org\/{rel}","templated":true}]}}