{"id":1123,"date":"2025-04-22T07:32:30","date_gmt":"2025-04-22T07:32:30","guid":{"rendered":"https:\/\/vapesaler.com\/?post_type=product&#038;p=1123"},"modified":"2025-04-28T09:32:37","modified_gmt":"2025-04-28T09:32:37","slug":"bang-e-shisha-gold-42000-puffs-disposable-vape","status":"publish","type":"product","link":"https:\/\/vapesaler.com\/pt\/produto\/bang-e-shisha-gold-42000-puffs-vape-descartavel","title":{"rendered":"Bang E-shisha Gold 42000 Puffs Vape descart\u00e1vel"},"content":{"rendered":"<p>Sobre o Bang E-shisha Gold 42000 Puffs Vape descart\u00e1vel Este vape, um cigarro descart\u00e1vel da Bang que pode ser combinado com um cachimbo de \u00e1gua. Tamb\u00e9m pode ser usado como um cigarro eletr\u00f3nico normal.<br \/>\nTem uma bateria de 1000mAh, uma capacidade de 40ml de l\u00edquido, um bot\u00e3o na parte inferior para regular o fluxo de ar e um ecr\u00e3 LED. O cartucho de malha dupla de 0,6 ohm proporciona uma elevada pot\u00eancia e produz um fumo t\u00e3o intenso como o fumo do cachimbo de \u00e1gua.<br \/>\nO Bang E-shisha foi concebido com um cilindro totalmente dourado, o que confere ao produto uma sensa\u00e7\u00e3o de luxo. Os seus sabores s\u00e3o desenvolvidos exatamente no mesmo estilo do narguil\u00e9. A forte coluna de aroma do narguil\u00e9, combinada com o enorme volume de fumo, est\u00e1 pronta para ser usada em qualquer lugar e a qualquer hora. \u00c9 a melhor escolha para os clientes que adoram o estilo do narguil\u00e9.<\/p>\n<h2><strong>Bang E-shisha Gold 42000 Puffs Vape descart\u00e1vel Detalhes r\u00e1pidos<\/strong><\/h2>\n<p><img decoding=\"async\" class=\"wp-image-1122 alignright\" title=\"Bang E shisha Gold 42000 Puffs vape descart\u00e1vel 1\" src=\"https:\/\/vapesaler.com\/wp-content\/uploads\/2025\/04\/Bang-E-shisha-Gold-42000-Puffs-disposable-vape-1-192x300.jpg\" alt=\"Bang E shisha Gold 42000 Puffs vape descart\u00e1vel 1\" width=\"500\" height=\"781\" srcset=\"https:\/\/vapesaler.com\/wp-content\/uploads\/2025\/04\/Bang-E-shisha-Gold-42000-Puffs-disposable-vape-1-192x300.jpg 192w, https:\/\/vapesaler.com\/wp-content\/uploads\/2025\/04\/Bang-E-shisha-Gold-42000-Puffs-disposable-vape-1-656x1024.jpg 656w, https:\/\/vapesaler.com\/wp-content\/uploads\/2025\/04\/Bang-E-shisha-Gold-42000-Puffs-disposable-vape-1-768x1199.jpg 768w, https:\/\/vapesaler.com\/wp-content\/uploads\/2025\/04\/Bang-E-shisha-Gold-42000-Puffs-disposable-vape-1-8x12.jpg 8w, https:\/\/vapesaler.com\/wp-content\/uploads\/2025\/04\/Bang-E-shisha-Gold-42000-Puffs-disposable-vape-1-510x796.jpg 510w, https:\/\/vapesaler.com\/wp-content\/uploads\/2025\/04\/Bang-E-shisha-Gold-42000-Puffs-disposable-vape-1.jpg 800w\" sizes=\"(max-width: 500px) 100vw, 500px\" \/><\/p>\n<ul>\n<li>Puffs: 42000 Puffs<\/li>\n<li>Capacidade da bateria: 1000mAh<\/li>\n<li>Volume do E-l\u00edquido: 40ml<\/li>\n<li>Teor de nicotina: 0\/20\/50mg<\/li>\n<li>Embalagem: 10 pe\u00e7as em 1 caixa m\u00e9dia<\/li>\n<li>Ecr\u00e3 completo de LED<\/li>\n<li>\n<div>Tipo C recarreg\u00e1vel<\/div>\n<\/li>\n<li>controlo do fluxo de ar<\/li>\n<li>\n<div>Visor de carga e de l\u00edquido eletr\u00f3nico<\/div>\n<\/li>\n<li>Resist\u00eancia do fio de aquecimento: n\u00facleo de malha dupla 0.6.0Q<\/li>\n<\/ul>\n<h2><strong>Sabor\uff1a<\/strong><\/h2>\n<ol>\n<li><strong>hortel\u00e3<\/strong><\/li>\n<li><strong>mirtilo e menta<\/strong><\/li>\n<li><strong>ma\u00e7\u00e3s duplas<\/strong><\/li>\n<li><strong>gelo de p\u00eassego<\/strong><\/li>\n<li><strong>mirtilo framboesa<\/strong><\/li>\n<li><strong>gelo de mirtilo<\/strong><\/li>\n<li><strong>mirtilo p\u00eassego<\/strong><\/li>\n<li><strong>melancia<\/strong><\/li>\n<li><strong>morango melancia<\/strong><\/li>\n<li><strong>lichia de morango<\/strong><\/li>\n<li><strong>menta uva<\/strong><\/li>\n<li><strong>mistura de frutas<\/strong><\/li>\n<\/ol>\n<h2><strong>Conte\u00fado da embalagem<\/strong><\/h2>\n<ul>\n<li>Por caixa<strong>:<\/strong> 8 unidades<\/li>\n<li>Peso<strong>:<\/strong>\n<ul>\n<li>Unidade individual: 146g<\/li>\n<li>8 unidades: 1224g<\/li>\n<\/ul>\n<\/li>\n<li>Dimens\u00f5es da caixa de cart\u00e3o<strong>:<\/strong>\u00a054 x 42,6 x 28,8 cm<\/li>\n<li>Peso bruto: 25,5 kg<\/li>\n<\/ul>","protected":false},"excerpt":{"rendered":"<p>About Bang E-shisha Gold 42000 Puffs Disposable Vape This vape, a disposable cigarette from Bang that can be combined with a hookah. It can also be used as a regular e-cigarette. It has a 1000mAh battery capacity, 40ml liquid capacity, a push button at the bottom to regulate the airflow and an LED display. The [&#8230;]\n","protected":false},"featured_media":1099,"comment_status":"open","ping_status":"closed","template":"","meta":{"om_disable_all_campaigns":false},"product_brand":[81],"product_cat":[15],"product_tag":[50,104,199],"class_list":{"0":"post-1123","1":"product","2":"type-product","3":"status-publish","4":"has-post-thumbnail","6":"product_brand-bang","7":"product_cat-disposables","8":"product_tag-disposable-vape","9":"product_tag-dual-mesh","10":"product_tag-e-shisha","11":"pa_flavor-blueberry-ice","12":"pa_flavor-blueberry-mint","13":"pa_flavor-blueberry-peach","14":"pa_flavor-blueberry-raspberry","15":"pa_flavor-double-apples","16":"pa_flavor-grape-mint","17":"pa_flavor-mint","18":"pa_flavor-mixed-fruit","19":"pa_flavor-peach-ice","20":"pa_flavor-strawberry-lychee","21":"pa_flavor-strawberry-watermelon","22":"pa_flavor-watermelon","23":"pa_nicotine-0mg","24":"pa_nicotine-20mg","25":"pa_nicotine-50mg","26":"pa_puffs-42000puffs","28":"first","29":"instock","30":"shipping-taxable","31":"purchasable","32":"product-type-variable"},"aioseo_notices":[],"_links":{"self":[{"href":"https:\/\/vapesaler.com\/pt\/wp-json\/wp\/v2\/product\/1123","targetHints":{"allow":["GET"]}}],"collection":[{"href":"https:\/\/vapesaler.com\/pt\/wp-json\/wp\/v2\/product"}],"about":[{"href":"https:\/\/vapesaler.com\/pt\/wp-json\/wp\/v2\/types\/product"}],"replies":[{"embeddable":true,"href":"https:\/\/vapesaler.com\/pt\/wp-json\/wp\/v2\/comments?post=1123"}],"wp:featuredmedia":[{"embeddable":true,"href":"https:\/\/vapesaler.com\/pt\/wp-json\/wp\/v2\/media\/1099"}],"wp:attachment":[{"href":"https:\/\/vapesaler.com\/pt\/wp-json\/wp\/v2\/media?parent=1123"}],"wp:term":[{"taxonomy":"product_brand","embeddable":true,"href":"https:\/\/vapesaler.com\/pt\/wp-json\/wp\/v2\/product_brand?post=1123"},{"taxonomy":"product_cat","embeddable":true,"href":"https:\/\/vapesaler.com\/pt\/wp-json\/wp\/v2\/product_cat?post=1123"},{"taxonomy":"product_tag","embeddable":true,"href":"https:\/\/vapesaler.com\/pt\/wp-json\/wp\/v2\/product_tag?post=1123"}],"curies":[{"name":"wp","href":"https:\/\/api.w.org\/{rel}","templated":true}]}}