{"id":444,"date":"2025-03-18T06:47:35","date_gmt":"2025-03-18T06:47:35","guid":{"rendered":"https:\/\/vapesaler.com\/?page_id=444"},"modified":"2025-05-18T03:33:20","modified_gmt":"2025-05-18T03:33:20","slug":"payment-info","status":"publish","type":"page","link":"https:\/\/vapesaler.com\/pt\/apoio\/informacoes-de-pagamento","title":{"rendered":"Informa\u00e7\u00f5es de pagamento"},"content":{"rendered":"<p><strong>Ler antes de efetuar o pagamento.<\/strong><\/p>\n<ol>\n<li>Utilizar o n\u00famero de ordem como nota de pagamento banc\u00e1rio.<\/li>\n<li>Ap\u00f3s a conclus\u00e3o do pagamento, \u00e9 favor enviar o extrato banc\u00e1rio para hello@vapesaler.com, obrigado!<\/li>\n<li>Por favor, selecione \"SHA\" durante o pagamento, para que possamos suportar conjuntamente a taxa banc\u00e1ria.<\/li>\n<li>Moedas aceites: USD EUR GBP HKD CNH AUD CAD JPY CHF DKK NOK NZD SEK SGD ZAR<br \/>\nSe pretender pagar a sua encomenda numa moeda diferente do d\u00f3lar americano, contacte-nos para obter o montante na outra moeda.<\/li>\n<li>Pode pagar ao nosso banco atrav\u00e9s da Wise.com ou da Revolut, para poupar algumas taxas banc\u00e1rias e para que possamos receber o dinheiro mais rapidamente.<\/li>\n<\/ol>\n<h2><strong>Conta banc\u00e1ria:<\/strong><\/h2>\n<ul>\n<li><strong>Nome da conta do benefici\u00e1rio: <span style=\"color: #22a6b3;\">ENJOY TIMES GROUP LIMITED<\/span><\/strong><\/li>\n<li><strong>N\u00famero da conta do benefici\u00e1rio: <span style=\"color: #22a6b3;\">63003710128<\/span><\/strong><\/li>\n<li><strong>C\u00f3digo SWIFT:<\/strong> CHASHKHH<\/li>\n<li><strong>11 caracteres C\u00f3digo SWIFT\/BIC<\/strong>: CHASHKHHXXX<\/li>\n<li><strong>Nome do banco: <span style=\"color: #22a6b3;\">JPMORGAN Chase Bank N.A., Sucursal de Hong Kong<\/span><\/strong><\/li>\n<li><strong>Endere\u00e7o do banco:<\/strong> 18\/F,20\/F,22-29\/F,CHATER HOUSE,8 CONNAUGHT ROAD CENTRAL, HONG KONG<\/li>\n<li><strong>C\u00f3digo do banco:<\/strong>007<\/li>\n<li><strong>C\u00f3digo Bankch:<\/strong> 863 (Se o pagamento for efectuado por bancos de Hong Kong)<\/li>\n<li>\n<div class=\"name_Mg4UL\"><strong>Mensagem de pagamento<\/strong>: O seu n\u00famero de encomenda (por exemplo, V4W8681)<\/div>\n<\/li>\n<li>\n<div class=\"name_Mg4UL\">\n<p><strong>Moeda de suporte:<\/strong> USD, EUR, GBP, AUD, CAD, NZD<\/p>\n<div>\n<div class=\"item_WK5AS\"><\/div>\n<\/div>\n<div><\/div>\n<\/div>\n<\/li>\n<\/ul>\n<p>Os dados da sua encomenda e as informa\u00e7\u00f5es banc\u00e1rias foram enviados para o seu endere\u00e7o de correio eletr\u00f3nico.<\/p>","protected":false},"excerpt":{"rendered":"<p>Please read before paying. Use the order number as the bank payment note. After the payment is completed, please send the bank statement to\u00a0hello@vapesaler.com, thanks! Please choose \u201cSHA\u201d while paying, so that we will jointly bear the bank fee. Acceptable currencies: USD EUR GBP HKD CNH AUD CAD JPY CHF DKK NOK NZD SEK SGD [&#8230;]\n","protected":false},"author":2,"featured_media":0,"parent":148,"menu_order":2,"comment_status":"closed","ping_status":"closed","template":"page-blank-sub-nav-vertical.php","meta":{"om_disable_all_campaigns":false,"footnotes":""},"class_list":["post-444","page","type-page","status-publish","hentry"],"aioseo_notices":[],"_links":{"self":[{"href":"https:\/\/vapesaler.com\/pt\/wp-json\/wp\/v2\/pages\/444","targetHints":{"allow":["GET"]}}],"collection":[{"href":"https:\/\/vapesaler.com\/pt\/wp-json\/wp\/v2\/pages"}],"about":[{"href":"https:\/\/vapesaler.com\/pt\/wp-json\/wp\/v2\/types\/page"}],"author":[{"embeddable":true,"href":"https:\/\/vapesaler.com\/pt\/wp-json\/wp\/v2\/users\/2"}],"replies":[{"embeddable":true,"href":"https:\/\/vapesaler.com\/pt\/wp-json\/wp\/v2\/comments?post=444"}],"version-history":[{"count":0,"href":"https:\/\/vapesaler.com\/pt\/wp-json\/wp\/v2\/pages\/444\/revisions"}],"up":[{"embeddable":true,"href":"https:\/\/vapesaler.com\/pt\/wp-json\/wp\/v2\/pages\/148"}],"wp:attachment":[{"href":"https:\/\/vapesaler.com\/pt\/wp-json\/wp\/v2\/media?parent=444"}],"curies":[{"name":"wp","href":"https:\/\/api.w.org\/{rel}","templated":true}]}}