{"id":341,"date":"2025-03-11T07:55:00","date_gmt":"2025-03-11T07:55:00","guid":{"rendered":"https:\/\/vapesaler.com\/?page_id=341"},"modified":"2025-03-29T09:39:37","modified_gmt":"2025-03-29T09:39:37","slug":"ship-track","status":"publish","type":"page","link":"https:\/\/vapesaler.com\/pt\/apoio\/rasto-do-navio","title":{"rendered":"Enviar e seguir"},"content":{"rendered":"<p>Podemos fornecer a maior parte do mundo, e algumas \u00e1reas s\u00e3o de envio gratuito, como a Am\u00e9rica do Norte e a maior parte da Europa. No entanto, algumas zonas requerem custos de envio adicionais, que ser\u00e3o especificamente indicados na p\u00e1gina de encomenda quando submeter a sua encomenda. Se tiver alguma d\u00favida, pode contactar diretamente a nossa equipa de vendas.<\/p>\n<h2>Instru\u00e7\u00f5es de envio<\/h2>\n<p>Devido \u00e0 proibi\u00e7\u00e3o de envio de produtos de vapor, as principais transportadoras, como a USPS, UPS, FedEx e DHL, j\u00e1 n\u00e3o est\u00e3o a entregar produtos de vapor a consumidores e empresas. Associ\u00e1mo-nos a um servi\u00e7o de envio privado que abrange a grande maioria da popula\u00e7\u00e3o. Todas as encomendas ter\u00e3o agora um tempo de processamento entre 1 a 3 dias. Ap\u00f3s o processamento, as encomendas podem demorar 7 a 14 dias \u00fateis a serem entregues, dependendo da localiza\u00e7\u00e3o, das condi\u00e7\u00f5es climat\u00e9ricas e dos atrasos nos envios nos feriados.<\/p>\n<h2>N\u00famero de rastreio<\/h2>\n<p>O seu n\u00famero de seguimento pode ser encontrado em v\u00e1rios s\u00edtios:<\/p>\n<ul>\n<li><strong>E-mail de confirma\u00e7\u00e3o da encomenda:<\/strong> Quando efectua uma encomenda, a Vapesaler envia um e-mail de confirma\u00e7\u00e3o que inclui o seu n\u00famero de seguimento.<\/li>\n<li><strong>E-mail de notifica\u00e7\u00e3o de envio:<\/strong> Assim que a sua encomenda for enviada, receber\u00e1 um e-mail de notifica\u00e7\u00e3o de envio com o n\u00famero de seguimento.<\/li>\n<li><strong>Etiqueta ou recibo de envio:<\/strong> Verifique a etiqueta de envio ou o recibo que recebeu com a sua encomenda. Normalmente, o n\u00famero de seguimento est\u00e1 a\u00ed impresso.<\/li>\n<li><strong>Contactar o transportador mar\u00edtimo:<\/strong> Contacte o servi\u00e7o de apoio ao cliente da transportadora com os dados da sua encomenda. Eles podem fornecer-lhe o n\u00famero de seguimento.<\/li>\n<\/ul>","protected":false},"excerpt":{"rendered":"<p>We can supply most parts of the world, and some areas are free shipping, such as North America and most of Europe. However, some areas require additional shipping charges, which will be specifically shown on the order page when you submit your order. If there is any unclear question, you can contact our sales team [&#8230;]\n","protected":false},"author":1,"featured_media":0,"parent":148,"menu_order":1,"comment_status":"closed","ping_status":"closed","template":"page-blank-sub-nav-vertical.php","meta":{"om_disable_all_campaigns":false,"footnotes":""},"class_list":["post-341","page","type-page","status-publish","hentry"],"aioseo_notices":[],"_links":{"self":[{"href":"https:\/\/vapesaler.com\/pt\/wp-json\/wp\/v2\/pages\/341","targetHints":{"allow":["GET"]}}],"collection":[{"href":"https:\/\/vapesaler.com\/pt\/wp-json\/wp\/v2\/pages"}],"about":[{"href":"https:\/\/vapesaler.com\/pt\/wp-json\/wp\/v2\/types\/page"}],"author":[{"embeddable":true,"href":"https:\/\/vapesaler.com\/pt\/wp-json\/wp\/v2\/users\/1"}],"replies":[{"embeddable":true,"href":"https:\/\/vapesaler.com\/pt\/wp-json\/wp\/v2\/comments?post=341"}],"version-history":[{"count":0,"href":"https:\/\/vapesaler.com\/pt\/wp-json\/wp\/v2\/pages\/341\/revisions"}],"up":[{"embeddable":true,"href":"https:\/\/vapesaler.com\/pt\/wp-json\/wp\/v2\/pages\/148"}],"wp:attachment":[{"href":"https:\/\/vapesaler.com\/pt\/wp-json\/wp\/v2\/media?parent=341"}],"curies":[{"name":"wp","href":"https:\/\/api.w.org\/{rel}","templated":true}]}}