{"id":871,"date":"2025-04-14T08:16:41","date_gmt":"2025-04-14T08:16:41","guid":{"rendered":"https:\/\/vapesaler.com\/?post_type=product&#038;p=871"},"modified":"2025-04-28T09:36:32","modified_gmt":"2025-04-28T09:36:32","slug":"bangking-disposable-vape-with-screen","status":"publish","type":"product","link":"https:\/\/vapesaler.com\/pl\/produkt\/bangking-jednorazowy-vape-z-ekranem","title":{"rendered":"BangKing Jednorazowy vape z ekranem 36000 zaci\u0105gni\u0119\u0107"},"content":{"rendered":"<p>BangKing Disposable vape With Screen 36000 Puffs with Zodiac Star Sign Design, konstrukcja przycisku dotykowego jest r\u00f3wnie\u017c pe\u0142na technologii w og\u00f3lnym projekcie.<\/p>\n<p>Posiada 30 ml pojemno\u015bci liquidu, bateri\u0119 o pojemno\u015bci 650 mAh, regulacj\u0119 przep\u0142ywu powietrza i regulacj\u0119 przep\u0142ywu powietrza za pomoc\u0105 przycisku na dole.<\/p>\n<p id=\"brxe-sultlx\" class=\"brxe-product-title singal-product-title\">BangKing Constellation ma 36 000 zaci\u0105gni\u0119\u0107, 12 smak\u00f3w, kt\u00f3re wystarczaj\u0105 na 1 tydzie\u0144 waporyzacji, ciesz si\u0119 technologi\u0105 i do\u015bwiadczaj 12 niesamowitych owocowych smak\u00f3w w tym samym czasie. Jest to ulubiony wyb\u00f3r wi\u0119kszo\u015bci konsument\u00f3w<\/p>\n<h2><strong>BangKing Jednorazowe vape z ekranem 36000 zaci\u0105gni\u0119\u0107 Szybkie szczeg\u00f3\u0142y<\/strong><\/h2>\n<p><img decoding=\"async\" class=\"wp-image-885 alignright\" title=\"Jednorazowy vape z ekranem 36000 zaci\u0105gni\u0119\u0107\" src=\"https:\/\/vapesaler.com\/wp-content\/uploads\/2025\/04\/Disposable-vape-with-screen-36000-Puffs-300x300.jpg\" alt=\"Jednorazowy vape z ekranem 36000 zaci\u0105gni\u0119\u0107\" width=\"500\" height=\"500\" srcset=\"https:\/\/vapesaler.com\/wp-content\/uploads\/2025\/04\/Disposable-vape-with-screen-36000-Puffs-300x300.jpg 300w, https:\/\/vapesaler.com\/wp-content\/uploads\/2025\/04\/Disposable-vape-with-screen-36000-Puffs-150x150.jpg 150w, https:\/\/vapesaler.com\/wp-content\/uploads\/2025\/04\/Disposable-vape-with-screen-36000-Puffs-768x768.jpg 768w, https:\/\/vapesaler.com\/wp-content\/uploads\/2025\/04\/Disposable-vape-with-screen-36000-Puffs-12x12.jpg 12w, https:\/\/vapesaler.com\/wp-content\/uploads\/2025\/04\/Disposable-vape-with-screen-36000-Puffs-510x510.jpg 510w, https:\/\/vapesaler.com\/wp-content\/uploads\/2025\/04\/Disposable-vape-with-screen-36000-Puffs-100x100.jpg 100w, https:\/\/vapesaler.com\/wp-content\/uploads\/2025\/04\/Disposable-vape-with-screen-36000-Puffs.jpg 800w\" sizes=\"(max-width: 500px) 100vw, 500px\" \/><\/p>\n<ul>\n<li>Puffy: 28000<\/li>\n<li>Pojemno\u015b\u0107 baterii: 650 mAh<\/li>\n<li>Pojemno\u015b\u0107 e-cieczy: 30 ml<\/li>\n<li>Zawarto\u015b\u0107 nikotyny: 0\/20\/50mg<\/li>\n<li>Opakowanie: 10 sztuk w 1 pude\u0142ku ekspozycyjnym<\/li>\n<li>Akumulator typu C<\/li>\n<li>Wska\u017anik na\u0142adowania i poziomu e-cieczy<\/li>\n<li>Odporno\u015b\u0107 drutu grzejnego: 1.0Q mesh core<\/li>\n<li>przycisk dotykowy\/sterowanie zasilaniem<\/li>\n<li>Projekt znaku zodiaku<\/li>\n<\/ul>\n<h2><strong>Lista smak\u00f3w<\/strong><\/h2>\n<ol>\n<li>Blue Razz Ice<\/li>\n<li>Arbuz truskawkowy<\/li>\n<li>Arbuzowy l\u00f3d<\/li>\n<li>Banan truskawkowy<\/li>\n<li>Owoce tropikalne<\/li>\n<li>Triple Berry Ice<\/li>\n<li>Soczysty brzoskwiniowy l\u00f3d<\/li>\n<li>Truskawka Kiwi<\/li>\n<li>Brzoskwinia Mango Arbuz<\/li>\n<li>Kiwi Passion Fruit Guava<\/li>\n<li>L\u00f3d winogronowy<\/li>\n<li>Mr Blue<\/li>\n<\/ol>\n<h2><strong>Zawarto\u015b\u0107 opakowania<\/strong><\/h2>\n<ul>\n<li>10 sztuk \/ \u015brednie pude\u0142ko.<\/li>\n<li>100 sztuk\/karton<\/li>\n<\/ul>","protected":false},"excerpt":{"rendered":"<p>The BangKing Disposable vape With Screen 36000 Puffs with Zodiac Star Sign Design, the touch button design is also full of technology in the overall design. It has 30ml Liquid capacity, Battery 650mha capacity, airflow adjustment and airflow adjustment is possible through the push button at the bottom. The BangKing Constellation has 36,000puffs, 12 flavors [&#8230;]\n","protected":false},"featured_media":872,"comment_status":"open","ping_status":"closed","template":"","meta":{"om_disable_all_campaigns":false},"product_brand":[36],"product_cat":[34],"product_tag":[84,50,138],"class_list":{"0":"post-871","1":"product","2":"type-product","3":"status-publish","4":"has-post-thumbnail","6":"product_brand-bangking","7":"product_cat-full-screen","8":"product_tag-36000puffs","9":"product_tag-disposable-vape","10":"product_tag-touch-button","11":"pa_flavor-blue-razz-ice","12":"pa_flavor-grape-ice","13":"pa_flavor-juicy-peach-ice","14":"pa_flavor-kiwi-passion-fruit-guava","15":"pa_flavor-mr-blue","16":"pa_flavor-peach-mango-watermelon","17":"pa_flavor-strawberry-banana","18":"pa_flavor-strawberry-kiwi","19":"pa_flavor-strawberry-watermelon","20":"pa_flavor-triple-berry-ice","21":"pa_flavor-tropical-fruit","22":"pa_flavor-watermelon-ice","23":"pa_nicotine-0mg","24":"pa_nicotine-20mg","25":"pa_nicotine-50mg","26":"pa_puffs-36000-puffs","28":"first","29":"instock","30":"shipping-taxable","31":"purchasable","32":"product-type-variable"},"aioseo_notices":[],"_links":{"self":[{"href":"https:\/\/vapesaler.com\/pl\/wp-json\/wp\/v2\/product\/871","targetHints":{"allow":["GET"]}}],"collection":[{"href":"https:\/\/vapesaler.com\/pl\/wp-json\/wp\/v2\/product"}],"about":[{"href":"https:\/\/vapesaler.com\/pl\/wp-json\/wp\/v2\/types\/product"}],"replies":[{"embeddable":true,"href":"https:\/\/vapesaler.com\/pl\/wp-json\/wp\/v2\/comments?post=871"}],"wp:featuredmedia":[{"embeddable":true,"href":"https:\/\/vapesaler.com\/pl\/wp-json\/wp\/v2\/media\/872"}],"wp:attachment":[{"href":"https:\/\/vapesaler.com\/pl\/wp-json\/wp\/v2\/media?parent=871"}],"wp:term":[{"taxonomy":"product_brand","embeddable":true,"href":"https:\/\/vapesaler.com\/pl\/wp-json\/wp\/v2\/product_brand?post=871"},{"taxonomy":"product_cat","embeddable":true,"href":"https:\/\/vapesaler.com\/pl\/wp-json\/wp\/v2\/product_cat?post=871"},{"taxonomy":"product_tag","embeddable":true,"href":"https:\/\/vapesaler.com\/pl\/wp-json\/wp\/v2\/product_tag?post=871"}],"curies":[{"name":"wp","href":"https:\/\/api.w.org\/{rel}","templated":true}]}}