{"id":543,"date":"2025-03-23T10:00:32","date_gmt":"2025-03-23T10:00:32","guid":{"rendered":"https:\/\/vapesaler.com\/?post_type=product&#038;p=543"},"modified":"2025-06-10T08:44:12","modified_gmt":"2025-06-10T08:44:12","slug":"bood-infinity-30k-puffs-disposable-vape","status":"publish","type":"product","link":"https:\/\/vapesaler.com\/pl\/produkt\/bood-infinity-30k-puff-jednorazowe-vape","title":{"rendered":"Bood Infinity 30K Puffs jednorazowe Vape"},"content":{"rendered":"<div>\n<p>Do\u015bwiadcz waporyzacji na nowo zdefiniowanej dzi\u0119ki <strong>Bood Infinity 30K Puffs jednorazowe Vape<\/strong>to urz\u0105dzenie zaprojektowane z my\u015bl\u0105 o entuzjastach intensywnego smaku i niezr\u00f3wnanej trwa\u0142o\u015bci. Jako jeden z flagowych produkt\u00f3w BOOD, ten jednorazowy waporyzator \u0142\u0105czy w sobie najnowocze\u015bniejsz\u0105 technologi\u0119 z przyjaznymi dla u\u017cytkownika funkcjami, co czyni go najlepszym wyborem na rynkach europejskich.<\/p>\n<\/div>\n<div><strong style=\"font-size: 23.04px;\">Bood Infinity 30K jednorazowe Vape Szybkie szczeg\u00f3\u0142y<\/strong><\/div>\n<div>\n<ul>\n<li><strong>30 000 ultrad\u0142ugich zaci\u0105gni\u0119\u0107<\/strong>: The <strong>Bood 30000 Puffs <\/strong>Urz\u0105dzenie zapewnia d\u0142u\u017csze doznania z waporyzacji, idealne dla intensywnych u\u017cytkownik\u00f3w poszukuj\u0105cych d\u0142ugotrwa\u0142ej satysfakcji.<\/li>\n<li><strong>20 ml wst\u0119pnie nape\u0142nionego p\u0142ynu E-Liquid<\/strong>: Zapakowany w 20 ml wysokiej jako\u015bci e-soku, cieszy si\u0119 niezmiennym smakiem od pierwszego do ostatniego zaci\u0105gni\u0119cia.<\/li>\n<li><strong>Akumulator 650 mAh<\/strong>: Zbudowany z wytrzyma\u0142ego akumulatora litowo-kobaltowego. <strong>Vape jednorazowe Bood Infinity <\/strong>obs\u0142uguje szybkie \u0142adowanie USB-C dla nieprzerwanego u\u017cytkowania.<\/li>\n<li><strong>Rdze\u0144 grzewczy z podw\u00f3jn\u0105 siatk\u0105<\/strong>: Podw\u00f3jne cewki siatkowe 1,0\u03a9 wytwarzaj\u0105 g\u0119ste, g\u0142adkie chmury i wzmacniaj\u0105 intensywno\u015b\u0107 smaku, zapewniaj\u0105c bogatsze doznania.<\/li>\n<li><strong>Inteligentny wy\u015bwietlacz LED<\/strong>: Monitoruj poziom e-cieczy i \u017cywotno\u015b\u0107 baterii bez wysi\u0142ku dzi\u0119ki intuicyjnemu ekranowi LED.<\/li>\n<li><strong>Ponad 10 wyrazistych smak\u00f3w owocowych<\/strong>: Od <em>Arbuz truskawkowy <\/em>do <em>Blue Razz Ice<\/em>Odkryj t\u0119tni\u0105c\u0105 \u017cyciem gam\u0119 smak\u00f3w, kt\u00f3ra zaspokoi ka\u017cde podniebienie.<\/li>\n<\/ul>\n<h2><strong>Lista smak\u00f3w<\/strong><\/h2>\n<ol>\n<li><span style=\"font-size: 100%;\">ARBUZ TRUSKAWKOWY<\/span><\/li>\n<li><span style=\"font-size: 100%;\">BRZOSKWINIA MANGO ANANAS<\/span><\/li>\n<li><span style=\"font-size: 100%;\">LUSH ICE<\/span><\/li>\n<li><span style=\"font-size: 100%;\">BERRY BURST <\/span><\/li>\n<li><span style=\"font-size: 100%;\">TRUSKAWKA KIWI<\/span><\/li>\n<li><span style=\"font-size: 100%;\">HAWAII<\/span><\/li>\n<li><span style=\"font-size: 100%;\">BLUE RAZZ ICE<\/span><\/li>\n<li><span style=\"font-size: 100%;\">LEMONIADA JAGODOWA<\/span><\/li>\n<li><span style=\"font-size: 100%;\">BLACK ICE<\/span><\/li>\n<li><span style=\"font-size: 100%;\">TIFFANY<\/span><\/li>\n<\/ol>\n<p>Ka\u017cdy smak zosta\u0142 opracowany tak, aby zapewni\u0107 orze\u017awiaj\u0105cy, autentyczny smak, kt\u00f3ry utrzymuje si\u0119 przez d\u0142ugi czas, zapewniaj\u0105c, \u017ce ka\u017cde zaci\u0105gni\u0119cie si\u0119 jest jak pierwsze.<\/p>\n<h3><strong>Dlaczego warto wybra\u0107 Bood Infinity 30K Puffs?<\/strong><\/h3>\n<p>The <strong>Vape jednorazowe Bood Infinity <\/strong>wyr\u00f3\u017cnia si\u0119 swoim <strong>30K Puffs <\/strong>pojemno\u015bci, co czyni go jedn\u0105 z najbardziej op\u0142acalnych opcji na rynku. Niezale\u017cnie od tego, czy jeste\u015b mi\u0142o\u015bnikiem chmur, czy entuzjast\u0105 smaku, system podw\u00f3jnej cewki siatkowej zapewnia, \u017ce ka\u017cde zaci\u0105gni\u0119cie jest pe\u0142ne wyrazistego smaku i g\u0119stej pary. Kompaktowa konstrukcja o du\u017cej pojemno\u015bci (21,5 kg w kartonie) sprawia, \u017ce jest to idealne rozwi\u0105zanie dla sprzedawc\u00f3w detalicznych poszukuj\u0105cych produktu premium o wysokim popycie.<\/p>\n<h2><strong>Zawarto\u015b\u0107 opakowania<\/strong><\/h2>\n<ul>\n<li>10 sztuk \/ \u015brednie pude\u0142ko.<\/li>\n<li>200 sztuk\/karton<\/li>\n<li>21,5 kg\/karton<\/li>\n<\/ul>\n<p>Ulepsz swoj\u0105 podr\u00f3\u017c z waporyzatorem\u00a0<strong>Bood Infinity 30K Puffs jednorazowe Vape<\/strong>-gdzie innowacja spotyka si\u0119 z satysfakcj\u0105. Idealny do ca\u0142odziennego u\u017cytku, podr\u00f3\u017cy lub dzielenia si\u0119 z przyjaci\u00f3\u0142mi, to urz\u0105dzenie gwarantuje najwy\u017cszej jako\u015bci doznania przy ka\u017cdym wdechu. Dokonaj zakupu ju\u017c teraz i do\u0142\u0105cz do fali vaper\u00f3w korzystaj\u0105cych z najlepszego po\u0142\u0105czenia smaku, chmur i d\u0142ugowieczno\u015bci!<\/p>\n<figure id=\"attachment_552\" aria-describedby=\"caption-attachment-552\" style=\"width: 800px\" class=\"wp-caption alignnone\"><img decoding=\"async\" class=\"wp-image-552 size-full\" title=\"Bood Infinity 30K Puffs jednorazowe Vape\" src=\"https:\/\/vapesaler.com\/wp-content\/uploads\/2025\/03\/bood-infiniy-disposable-vape-30k-puffs.jpg\" alt=\"Bood Infinity 30K Puffs jednorazowe Vape\" width=\"800\" height=\"799\" srcset=\"https:\/\/vapesaler.com\/wp-content\/uploads\/2025\/03\/bood-infiniy-disposable-vape-30k-puffs.jpg 800w, https:\/\/vapesaler.com\/wp-content\/uploads\/2025\/03\/bood-infiniy-disposable-vape-30k-puffs-300x300.jpg 300w, https:\/\/vapesaler.com\/wp-content\/uploads\/2025\/03\/bood-infiniy-disposable-vape-30k-puffs-150x150.jpg 150w, https:\/\/vapesaler.com\/wp-content\/uploads\/2025\/03\/bood-infiniy-disposable-vape-30k-puffs-768x767.jpg 768w, https:\/\/vapesaler.com\/wp-content\/uploads\/2025\/03\/bood-infiniy-disposable-vape-30k-puffs-510x509.jpg 510w, https:\/\/vapesaler.com\/wp-content\/uploads\/2025\/03\/bood-infiniy-disposable-vape-30k-puffs-100x100.jpg 100w\" sizes=\"(max-width: 800px) 100vw, 800px\" \/><figcaption id=\"caption-attachment-552\" class=\"wp-caption-text\">Bood Infinity 30K Puffs jednorazowe Vape<\/figcaption><\/figure>\n<\/div>","protected":false},"excerpt":{"rendered":"<p>Experience vaping redefined with the Bood Infinity 30K Puffs Disposable Vape, a powerhouse designed for enthusiasts craving intense flavor and unmatched durability. As one of BOOD\u2019s flagship products, this disposable vape combines cutting-edge technology with user-friendly features, making it a top choice across European markets. Bood Infinity 30K Disposable Vape Quick Details 30,000 Ultra-Long Puffs: [&#8230;]\n","protected":false},"featured_media":552,"comment_status":"open","ping_status":"closed","template":"","meta":{"om_disable_all_campaigns":false},"product_brand":[49],"product_cat":[15],"product_tag":[52,50,51],"class_list":{"0":"post-543","1":"product","2":"type-product","3":"status-publish","4":"has-post-thumbnail","6":"product_brand-bood","7":"product_cat-disposables","8":"product_tag-30000puffs","9":"product_tag-disposable-vape","10":"product_tag-vape","11":"pa_flavor-barry-burst","12":"pa_flavor-black-ice","13":"pa_flavor-blue-razz-ice","14":"pa_flavor-blueberry-lemonade","15":"pa_flavor-hawii","16":"pa_flavor-lush-ice","17":"pa_flavor-peachy-mango-pineapple","18":"pa_flavor-strawberry-kiwi","19":"pa_flavor-strawberry-watermelon","20":"pa_flavor-tiffany","21":"pa_nicotine-0mg","22":"pa_nicotine-20mg","23":"pa_nicotine-50mg","24":"pa_puffs-30000-puffs","26":"first","27":"instock","28":"shipping-taxable","29":"purchasable","30":"product-type-variable"},"aioseo_notices":[],"_links":{"self":[{"href":"https:\/\/vapesaler.com\/pl\/wp-json\/wp\/v2\/product\/543","targetHints":{"allow":["GET"]}}],"collection":[{"href":"https:\/\/vapesaler.com\/pl\/wp-json\/wp\/v2\/product"}],"about":[{"href":"https:\/\/vapesaler.com\/pl\/wp-json\/wp\/v2\/types\/product"}],"replies":[{"embeddable":true,"href":"https:\/\/vapesaler.com\/pl\/wp-json\/wp\/v2\/comments?post=543"}],"wp:featuredmedia":[{"embeddable":true,"href":"https:\/\/vapesaler.com\/pl\/wp-json\/wp\/v2\/media\/552"}],"wp:attachment":[{"href":"https:\/\/vapesaler.com\/pl\/wp-json\/wp\/v2\/media?parent=543"}],"wp:term":[{"taxonomy":"product_brand","embeddable":true,"href":"https:\/\/vapesaler.com\/pl\/wp-json\/wp\/v2\/product_brand?post=543"},{"taxonomy":"product_cat","embeddable":true,"href":"https:\/\/vapesaler.com\/pl\/wp-json\/wp\/v2\/product_cat?post=543"},{"taxonomy":"product_tag","embeddable":true,"href":"https:\/\/vapesaler.com\/pl\/wp-json\/wp\/v2\/product_tag?post=543"}],"curies":[{"name":"wp","href":"https:\/\/api.w.org\/{rel}","templated":true}]}}