{"id":393,"date":"2025-03-17T08:04:18","date_gmt":"2025-03-17T08:04:18","guid":{"rendered":"https:\/\/vapesaler.com\/?post_type=product&#038;p=393"},"modified":"2025-04-28T09:37:03","modified_gmt":"2025-04-28T09:37:03","slug":"bang-king-15000-puffs","status":"publish","type":"product","link":"https:\/\/vapesaler.com\/pl\/produkt\/bang-king-15000-puff","title":{"rendered":"BANG KING 15000 Puffs Vapes Smart Screen Vape jednorazowego u\u017cytku"},"content":{"rendered":"<p>BANG KING 15000 Puffs Vapes Smart Screen Disposable Vape to najwy\u017cszej klasy jednorazowy waporyzator zaprojektowany z my\u015bl\u0105 o niezr\u00f3wnanej wygodzie, stylu i wydajno\u015bci. Jako najlepiej sprzedaj\u0105cy si\u0119 model Bangking, urz\u0105dzenie to \u0142\u0105czy w sobie najnowocze\u015bniejsz\u0105 technologi\u0119 z eleganck\u0105, ergonomiczn\u0105 konstrukcj\u0105, aby zapewni\u0107 p\u0142ynne, aromatyczne doznania podczas waporyzacji. Idealny zar\u00f3wno dla zwyk\u0142ych, jak i do\u015bwiadczonych waper\u00f3w, BANG 15000 wyr\u00f3\u017cnia si\u0119 inteligentnymi funkcjami i \u017cywymi owocowymi smakami.<\/p>\n<h2><strong>BANG KING 15000 Puffs Vapes Smart Screen Vape jednorazowego u\u017cytku Szybkie szczeg\u00f3\u0142y<\/strong><\/h2>\n<p><img decoding=\"async\" class=\"wp-image-429 alignright\" title=\"jednorazowe vape\" src=\"https:\/\/vapesaler.com\/wp-content\/uploads\/2025\/03\/disposable-vape-300x300.jpg\" alt=\"jednorazowe vape\" width=\"500\" height=\"499\" srcset=\"https:\/\/vapesaler.com\/wp-content\/uploads\/2025\/03\/disposable-vape-300x300.jpg 300w, https:\/\/vapesaler.com\/wp-content\/uploads\/2025\/03\/disposable-vape-150x150.jpg 150w, https:\/\/vapesaler.com\/wp-content\/uploads\/2025\/03\/disposable-vape-768x767.jpg 768w, https:\/\/vapesaler.com\/wp-content\/uploads\/2025\/03\/disposable-vape-510x509.jpg 510w, https:\/\/vapesaler.com\/wp-content\/uploads\/2025\/03\/disposable-vape-100x100.jpg 100w, https:\/\/vapesaler.com\/wp-content\/uploads\/2025\/03\/disposable-vape.jpg 800w\" sizes=\"(max-width: 500px) 100vw, 500px\" \/><\/p>\n<ul>\n<li><strong>D\u0142ugotrwa\u0142a wydajno\u015b\u0107<\/strong>:\n<ul>\n<li><strong>15000 Puff\u00f3w <\/strong>na urz\u0105dzenie zapewnia d\u0142u\u017csz\u0105 rado\u015b\u0107 z u\u017cytkowania.<\/li>\n<li><strong>23 ml wst\u0119pnie nape\u0142nionego p\u0142ynu E-Liquid <\/strong>z <strong>Opcje 0\/20\/50 mg nikotyny <\/strong>dopasowane do ka\u017cdych preferencji.<\/li>\n<li><strong>Akumulator 500 mAh <\/strong>dla niezawodnej mocy i szybkiego <strong>\u0141adowanie typu C<\/strong>.<\/li>\n<\/ul>\n<\/li>\n<li><strong>Inteligentny ekran<\/strong>:\n<ul>\n<li><strong>Monitorowanie w czasie rzeczywistym<\/strong>: \u015acie\u017cka <strong>Poziomy e-cieczy <\/strong>oraz <strong>stan baterii <\/strong>za po\u015brednictwem wbudowanego ekranu LED. Nigdy nie zabraknie niespodziewanie!<\/li>\n<li>Przyjazny dla u\u017cytkownika interfejs zapewniaj\u0105cy \u0142atw\u0105 kontrol\u0119.<\/li>\n<\/ul>\n<\/li>\n<li><strong>Ergonomiczna i stylowa konstrukcja<\/strong>:\n<ul>\n<li><strong>Zaokr\u0105glony p\u0142aski kszta\u0142t <\/strong>wygodnie le\u017cy w d\u0142oni.<\/li>\n<li>Modny <strong>Wzory z ma\u0142pami o tematyce IP <\/strong>dodaj\u0105 wyj\u0105tkowego, modnego charakteru.<\/li>\n<\/ul>\n<\/li>\n<li><strong>Najwy\u017cszej jako\u015bci doznania smakowe<\/strong>:\n<ul>\n<li><strong>10 pysznych smak\u00f3w <\/strong>z <strong>wysoce powtarzalne nuty owocowe <\/strong>oraz <strong>g\u0142adka para<\/strong>.<\/li>\n<li>Zr\u00f3wnowa\u017cona s\u0142odycz dla <strong>silny aromat <\/strong>bez d\u0142ugotrwa\u0142ego posmaku. Idealny dla mi\u0142o\u015bnik\u00f3w naturalnych owoc\u00f3w.<\/li>\n<\/ul>\n<\/li>\n<\/ul>\n<h2><strong>Dost\u0119pne smaki<\/strong><\/h2>\n<ol>\n<li>Blue Freeze<\/li>\n<li>Berry Blast<\/li>\n<li>Blue Cherry Lemon<\/li>\n<li>Peach Freeze<\/li>\n<li>Grape Freeze<\/li>\n<li>Peach Berry<\/li>\n<li>Kwa\u015bne jab\u0142ko Razberry<\/li>\n<li>Troiple Fruit<\/li>\n<li>Lush Ice<\/li>\n<li>Arbuz truskawkowy<\/li>\n<\/ol>\n<p>Ka\u017cdy smak zosta\u0142 opracowany tak, aby zapewni\u0107 wyrazisty, autentyczny smak z<strong>Technologia Mesh Core 1.0\u03a9 <\/strong>dla sp\u00f3jnych, bogatych chmur.<\/p>\n<h2><strong>Specyfikacja techniczna<\/strong><\/h2>\n<ul>\n<li><strong>Puffy<\/strong>: 15,000<\/li>\n<li><strong>Pojemno\u015b\u0107 E-Liquid<\/strong>23 ml<\/li>\n<li><strong>Bateria<\/strong>: 500 mAh (akumulator typu C)<\/li>\n<li><strong>Mocne strony nikotyny<\/strong>: 0mg, 20mg, 50mg<\/li>\n<li><strong>Odporno\u015b\u0107<\/strong>: Cewka siatkowa 1,0\u03a9<\/li>\n<li><strong>Opakowanie<\/strong>: 10 sztuk\/pude\u0142ko \u015brednie | 200 sztuk\/karton (23 kg\/karton)<\/li>\n<\/ul>\n<h3><strong>Dlaczego warto wybra\u0107 jednorazowe Vape BANG KING 15000 Puffs?<\/strong><\/h3>\n<ul>\n<li><strong>Przeno\u015bny i bezproblemowy<\/strong>: Nie wymaga uzupe\u0142niania ani wymiany cewki.<\/li>\n<li><strong>Ekologiczne \u0142adowanie<\/strong>: \u0141adowanie przez USB-C maksymalizuje \u017cywotno\u015b\u0107 urz\u0105dzenia.<\/li>\n<li><strong>Szeroki zakres smak\u00f3w<\/strong>: Od lodowatych mieszanek mentolowych po soczyste mieszanki tropikalne - ka\u017cdy znajdzie co\u015b dla siebie.<\/li>\n<\/ul>\n<h3><strong>Idealny dla sprzedawc\u00f3w detalicznych i hurtowych<\/strong><\/h3>\n<ul>\n<li><strong>Wysoki popyt<\/strong>: Ulubiony produkt klient\u00f3w ze wzgl\u0119du na styl, smak i inteligentne funkcje.<\/li>\n<li><strong>Opakowanie zbiorcze<\/strong>: 10 sztuk w pude\u0142ku ekspozycyjnym, 200 sztuk w kartonie.<\/li>\n<\/ul>\n<h3><strong>Zam\u00f3w BANG KING 15000 Puffs ju\u017c dzi\u015b!<\/strong><\/h3>\n<p>Podnie\u015b sw\u00f3j poziom waporyzacji dzi\u0119ki <strong>BANG 15000<\/strong>-Doskona\u0142e po\u0142\u0105czenie innowacji, smaku i wygody. Niezale\u017cnie od tego, czy jeste\u015b sprzedawc\u0105, czy waperem, to urz\u0105dzenie gwarantuje satysfakcj\u0119.<\/p>\n<figure id=\"attachment_396\" aria-describedby=\"caption-attachment-396\" style=\"width: 800px\" class=\"wp-caption aligncenter\"><img decoding=\"async\" class=\"wp-image-396 size-full\" title=\"bang king 15000 jednorazowy vape\" src=\"https:\/\/vapesaler.com\/wp-content\/uploads\/2025\/03\/bang-king-15000-disposable-vape.jpg\" alt=\"bang king 15000 jednorazowy vape\" width=\"800\" height=\"799\" srcset=\"https:\/\/vapesaler.com\/wp-content\/uploads\/2025\/03\/bang-king-15000-disposable-vape.jpg 800w, https:\/\/vapesaler.com\/wp-content\/uploads\/2025\/03\/bang-king-15000-disposable-vape-300x300.jpg 300w, https:\/\/vapesaler.com\/wp-content\/uploads\/2025\/03\/bang-king-15000-disposable-vape-150x150.jpg 150w, https:\/\/vapesaler.com\/wp-content\/uploads\/2025\/03\/bang-king-15000-disposable-vape-768x767.jpg 768w, https:\/\/vapesaler.com\/wp-content\/uploads\/2025\/03\/bang-king-15000-disposable-vape-510x509.jpg 510w, https:\/\/vapesaler.com\/wp-content\/uploads\/2025\/03\/bang-king-15000-disposable-vape-100x100.jpg 100w\" sizes=\"(max-width: 800px) 100vw, 800px\" \/><figcaption id=\"caption-attachment-396\" class=\"wp-caption-text\">bang king 15000 jednorazowy vape<\/figcaption><\/figure>","protected":false},"excerpt":{"rendered":"<p>The BANG KING 15000 Puffs Vapes Smart Screen Disposable Vapeis a top-tier disposable vape designed for unmatched convenience, style, and performance. As Bangking\u2019s best-selling model, this device combines cutting-edge technology with a sleek, ergonomic design to deliver a smooth, flavorful vaping experience. Perfect for both casual and seasoned vapers, the BANG 15000 stands out with [&#8230;]\n","protected":false},"featured_media":432,"comment_status":"open","ping_status":"closed","template":"","meta":{"om_disable_all_campaigns":false},"product_brand":[36],"product_cat":[15],"product_tag":[80,50],"class_list":{"0":"post-393","1":"product","2":"type-product","3":"status-publish","4":"has-post-thumbnail","6":"product_brand-bangking","7":"product_cat-disposables","8":"product_tag-15000puffs","9":"product_tag-disposable-vape","10":"pa_flavor-berry-blast","11":"pa_flavor-blue-cherry-lemon","12":"pa_flavor-blue-freeze","13":"pa_flavor-grape-freeze","14":"pa_flavor-lush-ice","15":"pa_flavor-peach-berry","16":"pa_flavor-peach-freeze","17":"pa_flavor-sour-apple-razberry","18":"pa_flavor-strawberry-watermelon","19":"pa_flavor-troiple-fruit","20":"pa_nicotine-0mg","21":"pa_nicotine-20mg","22":"pa_nicotine-50mg","23":"pa_puffs-15000-puffs","25":"first","26":"instock","27":"shipping-taxable","28":"purchasable","29":"product-type-variable"},"aioseo_notices":[],"_links":{"self":[{"href":"https:\/\/vapesaler.com\/pl\/wp-json\/wp\/v2\/product\/393","targetHints":{"allow":["GET"]}}],"collection":[{"href":"https:\/\/vapesaler.com\/pl\/wp-json\/wp\/v2\/product"}],"about":[{"href":"https:\/\/vapesaler.com\/pl\/wp-json\/wp\/v2\/types\/product"}],"replies":[{"embeddable":true,"href":"https:\/\/vapesaler.com\/pl\/wp-json\/wp\/v2\/comments?post=393"}],"wp:featuredmedia":[{"embeddable":true,"href":"https:\/\/vapesaler.com\/pl\/wp-json\/wp\/v2\/media\/432"}],"wp:attachment":[{"href":"https:\/\/vapesaler.com\/pl\/wp-json\/wp\/v2\/media?parent=393"}],"wp:term":[{"taxonomy":"product_brand","embeddable":true,"href":"https:\/\/vapesaler.com\/pl\/wp-json\/wp\/v2\/product_brand?post=393"},{"taxonomy":"product_cat","embeddable":true,"href":"https:\/\/vapesaler.com\/pl\/wp-json\/wp\/v2\/product_cat?post=393"},{"taxonomy":"product_tag","embeddable":true,"href":"https:\/\/vapesaler.com\/pl\/wp-json\/wp\/v2\/product_tag?post=393"}],"curies":[{"name":"wp","href":"https:\/\/api.w.org\/{rel}","templated":true}]}}