{"id":341,"date":"2025-03-11T07:55:00","date_gmt":"2025-03-11T07:55:00","guid":{"rendered":"https:\/\/vapesaler.com\/?page_id=341"},"modified":"2025-03-29T09:39:37","modified_gmt":"2025-03-29T09:39:37","slug":"ship-track","status":"publish","type":"page","link":"https:\/\/vapesaler.com\/pl\/wsparcie\/tor-statku","title":{"rendered":"Ship &amp; Track"},"content":{"rendered":"<p>Mo\u017cemy dostarczy\u0107 towar do wi\u0119kszo\u015bci miejsc na \u015bwiecie, a do niekt\u00f3rych obszar\u00f3w wysy\u0142ka jest bezp\u0142atna, np. do Ameryki P\u00f3\u0142nocnej i wi\u0119kszo\u015bci Europy. Jednak niekt\u00f3re obszary wymagaj\u0105 dodatkowych op\u0142at za wysy\u0142k\u0119, kt\u00f3re zostan\u0105 wyra\u017anie pokazane na stronie zam\u00f3wienia podczas sk\u0142adania zam\u00f3wienia. W razie jakichkolwiek niejasno\u015bci mo\u017cna skontaktowa\u0107 si\u0119 bezpo\u015brednio z naszym zespo\u0142em sprzeda\u017cy.<\/p>\n<h2>Instrukcje dotycz\u0105ce wysy\u0142ki<\/h2>\n<p>Ze wzgl\u0119du na zakaz przesy\u0142ania produkt\u00f3w waporyzacyjnych, g\u0142\u00f3wni przewo\u017anicy, tacy jak USPS, UPS, FedEx i DHL, nie dostarczaj\u0105 ju\u017c produkt\u00f3w waporyzacyjnych konsumentom i firmom. Nawi\u0105zali\u015bmy wsp\u00f3\u0142prac\u0119 z prywatn\u0105 firm\u0105 kuriersk\u0105, kt\u00f3ra obejmuje swoim zasi\u0119giem zdecydowan\u0105 wi\u0119kszo\u015b\u0107 populacji. Czas realizacji wszystkich zam\u00f3wie\u0144 wynosi od 1 do 3 dni. Po przetworzeniu dostawa zam\u00f3wie\u0144 mo\u017ce zaj\u0105\u0107 od 7 do 14 dni roboczych, w zale\u017cno\u015bci od lokalizacji, pogody i op\u00f3\u017anie\u0144 w wysy\u0142ce w okresie \u015bwi\u0105tecznym.<\/p>\n<h2>Numer \u015bledzenia<\/h2>\n<p>Numer przesy\u0142ki mo\u017cna zazwyczaj znale\u017a\u0107 w kilku miejscach:<\/p>\n<ul>\n<li><strong>Wiadomo\u015b\u0107 e-mail z potwierdzeniem zam\u00f3wienia:<\/strong> Po z\u0142o\u017ceniu zam\u00f3wienia Vapesaler wysy\u0142a wiadomo\u015b\u0107 e-mail z potwierdzeniem, kt\u00f3ra zawiera numer \u015bledzenia.<\/li>\n<li><strong>Wiadomo\u015b\u0107 e-mail z powiadomieniem o wysy\u0142ce:<\/strong> Po wys\u0142aniu zam\u00f3wienia otrzymasz wiadomo\u015b\u0107 e-mail z powiadomieniem o wysy\u0142ce zawieraj\u0105c\u0105 numer \u015bledzenia.<\/li>\n<li><strong>Etykieta wysy\u0142kowa lub pokwitowanie:<\/strong> Sprawd\u017a etykiet\u0119 wysy\u0142kow\u0105 lub pokwitowanie otrzymane wraz z paczk\u0105. Zazwyczaj wydrukowany jest tam numer przesy\u0142ki.<\/li>\n<li><strong>Kontakt z przewo\u017anikiem:<\/strong> Skontaktuj si\u0119 z obs\u0142ug\u0105 klienta przewo\u017anika, podaj\u0105c szczeg\u00f3\u0142y zam\u00f3wienia. Mo\u017ce on poda\u0107 numer \u015bledzenia przesy\u0142ki.<\/li>\n<\/ul>","protected":false},"excerpt":{"rendered":"<p>We can supply most parts of the world, and some areas are free shipping, such as North America and most of Europe. However, some areas require additional shipping charges, which will be specifically shown on the order page when you submit your order. If there is any unclear question, you can contact our sales team [&#8230;]\n","protected":false},"author":1,"featured_media":0,"parent":148,"menu_order":1,"comment_status":"closed","ping_status":"closed","template":"page-blank-sub-nav-vertical.php","meta":{"om_disable_all_campaigns":false,"footnotes":""},"class_list":["post-341","page","type-page","status-publish","hentry"],"aioseo_notices":[],"_links":{"self":[{"href":"https:\/\/vapesaler.com\/pl\/wp-json\/wp\/v2\/pages\/341","targetHints":{"allow":["GET"]}}],"collection":[{"href":"https:\/\/vapesaler.com\/pl\/wp-json\/wp\/v2\/pages"}],"about":[{"href":"https:\/\/vapesaler.com\/pl\/wp-json\/wp\/v2\/types\/page"}],"author":[{"embeddable":true,"href":"https:\/\/vapesaler.com\/pl\/wp-json\/wp\/v2\/users\/1"}],"replies":[{"embeddable":true,"href":"https:\/\/vapesaler.com\/pl\/wp-json\/wp\/v2\/comments?post=341"}],"version-history":[{"count":0,"href":"https:\/\/vapesaler.com\/pl\/wp-json\/wp\/v2\/pages\/341\/revisions"}],"up":[{"embeddable":true,"href":"https:\/\/vapesaler.com\/pl\/wp-json\/wp\/v2\/pages\/148"}],"wp:attachment":[{"href":"https:\/\/vapesaler.com\/pl\/wp-json\/wp\/v2\/media?parent=341"}],"curies":[{"name":"wp","href":"https:\/\/api.w.org\/{rel}","templated":true}]}}