{"id":871,"date":"2025-04-14T08:16:41","date_gmt":"2025-04-14T08:16:41","guid":{"rendered":"https:\/\/vapesaler.com\/?post_type=product&#038;p=871"},"modified":"2025-04-28T09:36:32","modified_gmt":"2025-04-28T09:36:32","slug":"bangking-disposable-vape-with-screen","status":"publish","type":"product","link":"https:\/\/vapesaler.com\/it\/prodotto\/bangking-vape-monouso-con-schermo","title":{"rendered":"BangKing Vape usa e getta con schermo 36000 boccate"},"content":{"rendered":"<p>Il BangKing vape usa e getta con schermo 36000 puff con Zodiac Star Sign Design, il design del pulsante touch \u00e8 anche pieno di tecnologia nel design generale.<\/p>\n<p>Ha una capacit\u00e0 di 30ml di liquido, una capacit\u00e0 della batteria di 650mha, la regolazione del flusso d'aria e la regolazione del flusso d'aria \u00e8 possibile attraverso il pulsante in basso.<\/p>\n<p id=\"brxe-sultlx\" class=\"brxe-product-title singal-product-title\">BangKing Constellation ha 36.000 puff, 12 sapori che durano per 1 settimana di svapo, godetevi la tecnologia e provate 12 incredibili sapori di frutta allo stesso tempo. \u00c8 la scelta preferita dalla maggior parte dei consumatori<\/p>\n<h2><strong>BangKing Vape usa e getta con schermo 36000 soffi Dettagli rapidi<\/strong><\/h2>\n<p><img decoding=\"async\" class=\"wp-image-885 alignright\" title=\"Vape monouso con schermo 36000 soffi\" src=\"https:\/\/vapesaler.com\/wp-content\/uploads\/2025\/04\/Disposable-vape-with-screen-36000-Puffs-300x300.jpg\" alt=\"Vape monouso con schermo 36000 soffi\" width=\"500\" height=\"500\" srcset=\"https:\/\/vapesaler.com\/wp-content\/uploads\/2025\/04\/Disposable-vape-with-screen-36000-Puffs-300x300.jpg 300w, https:\/\/vapesaler.com\/wp-content\/uploads\/2025\/04\/Disposable-vape-with-screen-36000-Puffs-150x150.jpg 150w, https:\/\/vapesaler.com\/wp-content\/uploads\/2025\/04\/Disposable-vape-with-screen-36000-Puffs-768x768.jpg 768w, https:\/\/vapesaler.com\/wp-content\/uploads\/2025\/04\/Disposable-vape-with-screen-36000-Puffs-12x12.jpg 12w, https:\/\/vapesaler.com\/wp-content\/uploads\/2025\/04\/Disposable-vape-with-screen-36000-Puffs-510x510.jpg 510w, https:\/\/vapesaler.com\/wp-content\/uploads\/2025\/04\/Disposable-vape-with-screen-36000-Puffs-100x100.jpg 100w, https:\/\/vapesaler.com\/wp-content\/uploads\/2025\/04\/Disposable-vape-with-screen-36000-Puffs.jpg 800w\" sizes=\"(max-width: 500px) 100vw, 500px\" \/><\/p>\n<ul>\n<li>Bign\u00e8: 28000<\/li>\n<li>Capacit\u00e0 della batteria: 650mAh<\/li>\n<li>Volume del liquido elettronico: 30 ml<\/li>\n<li>Contenuto di nicotina: 0\/20\/50mg<\/li>\n<li>Confezione: 10 pezzi in 1 scatola da esposizione<\/li>\n<li>Ricaricabile di tipo C<\/li>\n<li>Visualizzazione della carica e dell'e-liquid<\/li>\n<li>Resistenza del filo di riscaldamento: 1.0Q nucleo della maglia<\/li>\n<li>pulsante a sfioramento\/controllo dell'alimentazione<\/li>\n<li>Design del segno zodiacale<\/li>\n<\/ul>\n<h2><strong>Elenco dei sapori<\/strong><\/h2>\n<ol>\n<li>Ghiaccio Blu Razz<\/li>\n<li>Anguria alla fragola<\/li>\n<li>Ghiaccio all'anguria<\/li>\n<li>Fragola e banana<\/li>\n<li>Frutta tropicale<\/li>\n<li>Triplo ghiaccio ai frutti di bosco<\/li>\n<li>Ghiaccio alla pesca succosa<\/li>\n<li>Fragola Kiwi<\/li>\n<li>Pesca, mango e anguria<\/li>\n<li>Kiwi Frutto della passione Guava<\/li>\n<li>Ghiaccio d'uva<\/li>\n<li>Mr. Blue<\/li>\n<\/ol>\n<h2><strong>Contenuto dell'imballaggio<\/strong><\/h2>\n<ul>\n<li>10 pezzi \/scatola media.<\/li>\n<li>100 pezzi\/cartone<\/li>\n<\/ul>","protected":false},"excerpt":{"rendered":"<p>The BangKing Disposable vape With Screen 36000 Puffs with Zodiac Star Sign Design, the touch button design is also full of technology in the overall design. It has 30ml Liquid capacity, Battery 650mha capacity, airflow adjustment and airflow adjustment is possible through the push button at the bottom. The BangKing Constellation has 36,000puffs, 12 flavors [&#8230;]\n","protected":false},"featured_media":872,"comment_status":"open","ping_status":"closed","template":"","meta":{"om_disable_all_campaigns":false},"product_brand":[36],"product_cat":[34],"product_tag":[84,50,138],"class_list":{"0":"post-871","1":"product","2":"type-product","3":"status-publish","4":"has-post-thumbnail","6":"product_brand-bangking","7":"product_cat-full-screen","8":"product_tag-36000puffs","9":"product_tag-disposable-vape","10":"product_tag-touch-button","11":"pa_flavor-blue-razz-ice","12":"pa_flavor-grape-ice","13":"pa_flavor-juicy-peach-ice","14":"pa_flavor-kiwi-passion-fruit-guava","15":"pa_flavor-mr-blue","16":"pa_flavor-peach-mango-watermelon","17":"pa_flavor-strawberry-banana","18":"pa_flavor-strawberry-kiwi","19":"pa_flavor-strawberry-watermelon","20":"pa_flavor-triple-berry-ice","21":"pa_flavor-tropical-fruit","22":"pa_flavor-watermelon-ice","23":"pa_nicotine-0mg","24":"pa_nicotine-20mg","25":"pa_nicotine-50mg","26":"pa_puffs-36000-puffs","28":"first","29":"instock","30":"shipping-taxable","31":"purchasable","32":"product-type-variable"},"aioseo_notices":[],"_links":{"self":[{"href":"https:\/\/vapesaler.com\/it\/wp-json\/wp\/v2\/product\/871","targetHints":{"allow":["GET"]}}],"collection":[{"href":"https:\/\/vapesaler.com\/it\/wp-json\/wp\/v2\/product"}],"about":[{"href":"https:\/\/vapesaler.com\/it\/wp-json\/wp\/v2\/types\/product"}],"replies":[{"embeddable":true,"href":"https:\/\/vapesaler.com\/it\/wp-json\/wp\/v2\/comments?post=871"}],"wp:featuredmedia":[{"embeddable":true,"href":"https:\/\/vapesaler.com\/it\/wp-json\/wp\/v2\/media\/872"}],"wp:attachment":[{"href":"https:\/\/vapesaler.com\/it\/wp-json\/wp\/v2\/media?parent=871"}],"wp:term":[{"taxonomy":"product_brand","embeddable":true,"href":"https:\/\/vapesaler.com\/it\/wp-json\/wp\/v2\/product_brand?post=871"},{"taxonomy":"product_cat","embeddable":true,"href":"https:\/\/vapesaler.com\/it\/wp-json\/wp\/v2\/product_cat?post=871"},{"taxonomy":"product_tag","embeddable":true,"href":"https:\/\/vapesaler.com\/it\/wp-json\/wp\/v2\/product_tag?post=871"}],"curies":[{"name":"wp","href":"https:\/\/api.w.org\/{rel}","templated":true}]}}