{"id":1474,"date":"2025-05-20T10:36:03","date_gmt":"2025-05-20T10:36:03","guid":{"rendered":"https:\/\/vapesaler.com\/?post_type=product&#038;p=1474"},"modified":"2025-05-20T10:44:16","modified_gmt":"2025-05-20T10:44:16","slug":"vopk-ultra-40k-puffs-40000-double-flavors-disposable-vape","status":"publish","type":"product","link":"https:\/\/vapesaler.com\/it\/prodotto\/vopk-ultra-40k-soffi-40000-doppi-sapori-vape-monouso","title":{"rendered":"VOPK ULTRA 40K Boccate 40000 Doppi Sapori Vape usa e getta"},"content":{"rendered":"<div><strong>Il VOPK ULTRA 40K boccate 40000 doppi sapori usa e getta<\/strong> \u00e8 un dispositivo di vaping monouso molto versatile.<\/div>\n<div>Funzionalmente, \u00e8 un<strong> Dispositivo 2 in 1<\/strong> che consente di passare facilmente da un aroma all'altro spostando il bocchino a destra e a sinistra. Inoltre, ogni aroma \u00e8 dotato di una bobina a doppia maglia che consente di passare da una modalit\u00e0 di funzionamento all'altra con un pulsante laterale. In questo modo, i clienti possono sperimentare un fumo ad alta potenza e un sapore pi\u00f9 intenso.<\/div>\n<div>In termini di prestazioni, \u00e8 dotata di una batteria ad alta capacit\u00e0 da 650 mAh e di una porta di ricarica rapida Type-C. 36 ml di capacit\u00e0 del liquido da svapo danno al prodotto 40.000 boccate, che possono durare pi\u00f9 a lungo!<\/div>\n<div>In termini di design esterno, \u00e8 dotato di un display a led completo, che consente di osservare la quantit\u00e0 di liquido in ogni singolo aroma. il display a led pu\u00f2 mostrare sia il livello di potenza che la commutazione della modalit\u00e0. Viene fornito con un modello di astronauta che si illumina durante l'uso. Pieno di senso della tecnologia.<\/div>\n<div>In termini di sapore, VOPK ULTRA 40K, la scelta di molteplici sapori di frutta composita, in modo che la bocca di godere l'esperienza finale, una variet\u00e0 di dolci sapori di frutta fresca con il fumo per riempire la bocca, se si tratta di un smettere di fumare o un giocatore senior, questa \u00e8 una scelta molto buona.<\/div>\n<h2><strong>Il VOPK ULTRA 40K Puffs 40000 doppi sapori monouso Vape Dettagli rapidi<\/strong><\/h2>\n<figure id=\"attachment_1496\" aria-describedby=\"caption-attachment-1496\" style=\"width: 600px\" class=\"wp-caption alignright\"><img decoding=\"async\" class=\"wp-image-1496\" title=\"VOPK ULTRA 40000 Bocconi Doppio Gusto Vape usa e getta\" src=\"https:\/\/vapesaler.com\/wp-content\/uploads\/2025\/05\/VOPK-ULTRA-40000-Puffs-Double-Flavors-Disposable-Vape-148x300.jpg\" alt=\"VOPK ULTRA 40000 Bocconi Doppio Gusto Vape usa e getta\" width=\"600\" height=\"1213\" srcset=\"https:\/\/vapesaler.com\/wp-content\/uploads\/2025\/05\/VOPK-ULTRA-40000-Puffs-Double-Flavors-Disposable-Vape-148x300.jpg 148w, https:\/\/vapesaler.com\/wp-content\/uploads\/2025\/05\/VOPK-ULTRA-40000-Puffs-Double-Flavors-Disposable-Vape-507x1024.jpg 507w, https:\/\/vapesaler.com\/wp-content\/uploads\/2025\/05\/VOPK-ULTRA-40000-Puffs-Double-Flavors-Disposable-Vape-768x1552.jpg 768w, https:\/\/vapesaler.com\/wp-content\/uploads\/2025\/05\/VOPK-ULTRA-40000-Puffs-Double-Flavors-Disposable-Vape-760x1536.jpg 760w, https:\/\/vapesaler.com\/wp-content\/uploads\/2025\/05\/VOPK-ULTRA-40000-Puffs-Double-Flavors-Disposable-Vape-6x12.jpg 6w, https:\/\/vapesaler.com\/wp-content\/uploads\/2025\/05\/VOPK-ULTRA-40000-Puffs-Double-Flavors-Disposable-Vape-510x1031.jpg 510w, https:\/\/vapesaler.com\/wp-content\/uploads\/2025\/05\/VOPK-ULTRA-40000-Puffs-Double-Flavors-Disposable-Vape.jpg 1000w\" sizes=\"(max-width: 600px) 100vw, 600px\" \/><figcaption id=\"caption-attachment-1496\" class=\"wp-caption-text\">VOPK ULTRA 40000 Bocconi Doppio Gusto Vape usa e getta<\/figcaption><\/figure>\n<ul>\n<li>Bign\u00e8: Fino a 40000 soffi<\/li>\n<li>Nicotina: 2%\/5%<\/li>\n<li>Bobina a quattro maglie: <strong>\u00a0<\/strong>1 ohm \/ 0,5 ohm (nuclei riscaldanti commutabili per ogni aroma)<\/li>\n<li>E-liquido: 36ml<\/li>\n<li>Batteria: 650mah<\/li>\n<li>Ricaricabile: Tipo-C<\/li>\n<li>Il display a LED intelligente mostra la durata della batteria e i livelli di e-liquido<\/li>\n<li>Doppio gusto<\/li>\n<li>Funzione di sicurezza per bambini<\/li>\n<li>Modalit\u00e0 di estrazione singola e doppia<\/li>\n<li>10 gusti tra cui scegliere<\/li>\n<\/ul>\n<h2><strong>Elenco dei sapori<\/strong><\/h2>\n<ol>\n<li>Fragola, anguria e kiwi, frutto della passione e guaiava<\/li>\n<li>Mirtillo Lampone e Mango Pesca Anguria<\/li>\n<li>Orso gommoso Blue Razz e Kiwi alla fragola<\/li>\n<li>Blue Razz Ciliegia e Fragola Lampone<\/li>\n<li>Menta fresca frizzante al limone e lime e anguria<\/li>\n<li>Ghiaccio all'anguria e ghiaccio al razz blu<\/li>\n<li>Blue Razz ananas e triplo mango<\/li>\n<li>Uva e frutti di bosco e pera e mela e lampone<\/li>\n<li>Fragola, mirtillo rosso, ciliegia e ananas, passione e lime<\/li>\n<li>Mentolo alla fragola e lampone al mentolo<\/li>\n<\/ol>\n<h2><strong>Contenuto dell'imballaggio<\/strong><\/h2>\n<ul>\n<li>10 pezzi \/scatola media.<\/li>\n<li>16 scatola media\/cartone<\/li>\n<li>160 pezzi\/cartone<\/li>\n<\/ul>\n<figure id=\"attachment_1497\" aria-describedby=\"caption-attachment-1497\" style=\"width: 1024px\" class=\"wp-caption aligncenter\"><img decoding=\"async\" class=\"wp-image-1497 size-full\" title=\"VOPK ULTRA 40000 Puff Doppio Gusto Vape usa e getta\" src=\"https:\/\/vapesaler.com\/wp-content\/uploads\/2025\/05\/VOPK-ULTRA-40000-Puff-Double-Flavors-Disposable-Vape.jpg\" alt=\"VOPK ULTRA 40000 Puff Doppio Gusto Vape usa e getta\" width=\"1024\" height=\"996\" srcset=\"https:\/\/vapesaler.com\/wp-content\/uploads\/2025\/05\/VOPK-ULTRA-40000-Puff-Double-Flavors-Disposable-Vape.jpg 1024w, https:\/\/vapesaler.com\/wp-content\/uploads\/2025\/05\/VOPK-ULTRA-40000-Puff-Double-Flavors-Disposable-Vape-300x292.jpg 300w, https:\/\/vapesaler.com\/wp-content\/uploads\/2025\/05\/VOPK-ULTRA-40000-Puff-Double-Flavors-Disposable-Vape-768x747.jpg 768w, https:\/\/vapesaler.com\/wp-content\/uploads\/2025\/05\/VOPK-ULTRA-40000-Puff-Double-Flavors-Disposable-Vape-12x12.jpg 12w, https:\/\/vapesaler.com\/wp-content\/uploads\/2025\/05\/VOPK-ULTRA-40000-Puff-Double-Flavors-Disposable-Vape-510x496.jpg 510w\" sizes=\"(max-width: 1024px) 100vw, 1024px\" \/><figcaption id=\"caption-attachment-1497\" class=\"wp-caption-text\">VOPK ULTRA 40000 Puff Doppio Gusto Vape usa e getta<\/figcaption><\/figure>","protected":false},"excerpt":{"rendered":"<p>The VOPK ULTRA 40K Puffs 40000 Double Flavors Disposable Vape is a very versatile disposable vaping device. Functionally, it is a 2 in 1 device that allows you to easily switch between flavors by toggling the mouthpiece left and right. Also, each flavor is equipped with a dual mesh coil that allows you to switch [&#8230;]\n","protected":false},"featured_media":1480,"comment_status":"open","ping_status":"closed","template":"","meta":{"om_disable_all_campaigns":false},"product_brand":[293],"product_cat":[105],"product_tag":[119,50,79,104,292],"class_list":{"0":"post-1474","1":"product","2":"type-product","3":"status-publish","4":"has-post-thumbnail","6":"product_brand-vopk","7":"product_cat-dual-flavour","8":"product_tag-40000puffs","9":"product_tag-disposable-vape","10":"product_tag-dual-favour","11":"product_tag-dual-mesh","12":"product_tag-led-display","13":"pa_flavor-blue-razz-cherry-strawberry-raspberry","14":"pa_flavor-blue-razz-gummy-bear-strawberry-kiwi","15":"pa_flavor-blue-razz-pineapple-triple-mango","16":"pa_flavor-blueberry-raspberry-peach-mango-watermelon","17":"pa_flavor-blueberry-strawberry-menthol-blueberry-raspberry-menthol","18":"pa_flavor-fizzy-lemon-lime-watermelon-fresh-mint","19":"pa_flavor-grape-berry-burst-pear-apple-raspberry","20":"pa_flavor-strawberry-cranberry-cherry-pineapple-passion-lime","21":"pa_flavor-strawberry-watermelon-kiwi-passion-fruit-guava-2","22":"pa_flavor-watermelon-ice-blue-razz-ice","23":"pa_nicotine-20mg","24":"pa_nicotine-50mg","25":"pa_puffs-40000-puffs","27":"first","28":"instock","29":"shipping-taxable","30":"purchasable","31":"product-type-variable"},"aioseo_notices":[],"_links":{"self":[{"href":"https:\/\/vapesaler.com\/it\/wp-json\/wp\/v2\/product\/1474","targetHints":{"allow":["GET"]}}],"collection":[{"href":"https:\/\/vapesaler.com\/it\/wp-json\/wp\/v2\/product"}],"about":[{"href":"https:\/\/vapesaler.com\/it\/wp-json\/wp\/v2\/types\/product"}],"replies":[{"embeddable":true,"href":"https:\/\/vapesaler.com\/it\/wp-json\/wp\/v2\/comments?post=1474"}],"wp:featuredmedia":[{"embeddable":true,"href":"https:\/\/vapesaler.com\/it\/wp-json\/wp\/v2\/media\/1480"}],"wp:attachment":[{"href":"https:\/\/vapesaler.com\/it\/wp-json\/wp\/v2\/media?parent=1474"}],"wp:term":[{"taxonomy":"product_brand","embeddable":true,"href":"https:\/\/vapesaler.com\/it\/wp-json\/wp\/v2\/product_brand?post=1474"},{"taxonomy":"product_cat","embeddable":true,"href":"https:\/\/vapesaler.com\/it\/wp-json\/wp\/v2\/product_cat?post=1474"},{"taxonomy":"product_tag","embeddable":true,"href":"https:\/\/vapesaler.com\/it\/wp-json\/wp\/v2\/product_tag?post=1474"}],"curies":[{"name":"wp","href":"https:\/\/api.w.org\/{rel}","templated":true}]}}