{"id":1449,"date":"2025-05-19T10:19:19","date_gmt":"2025-05-19T10:19:19","guid":{"rendered":"https:\/\/vapesaler.com\/?post_type=product&#038;p=1449"},"modified":"2025-05-19T10:36:40","modified_gmt":"2025-05-19T10:36:40","slug":"vopk-tripe-favors-60000-puffs-3-in-1-disposable-vape","status":"publish","type":"product","link":"https:\/\/vapesaler.com\/it\/prodotto\/vopk-trippa-bomboniere-60000-soffi-3-in-1-vape-usa-e-getta","title":{"rendered":"VOPK Trippa Bomboniere 60000 boccate 3 in 1 monouso vape"},"content":{"rendered":"<div>Il VOPK Tripe Favors 60000 Puffs 3 in 1 Disposable Vape \u00e8 un vape monouso 3 in 1 del rinomato marchio VOPK, caratterizzato da un design straordinario che combina squisitamente tre sapori in un unico dispositivo.<\/div>\n<div>Le prestazioni sono molto elevate, con tre scomparti da 18 ml per un totale di 54 ml, che portano l'intero prodotto a 60.000 boccate, senza pi\u00f9 preoccuparsi di non avere abbastanza da svapare. I tre nuclei da 0,9 ohm conferiscono al prodotto un sapore e un fumo molto ricco e pieno.<\/div>\n<div>La batteria \u00e8 una batteria di alta capacit\u00e0 e qualit\u00e0 da 650 mAh, con porta di ricarica rapida di tipo C, display a LED nascosto e guscio in metallo. La capacit\u00e0 di ogni scomparto del liquido pu\u00f2 essere visualizzata individualmente. I dettagli offrono ai clienti un'esperienza straordinaria.<\/div>\n<div>Il design del sapore \u00e8 una variet\u00e0 di sapori di frutta compositi, ricco aroma naturale di frutta, sentire il gusto dolce allo stesso tempo, il dolce si dissipa rapidamente in bocca, in modo che le persone non si sentono molliccio. \u00c8 un prodotto che vale la pena sperimentare sia per chi smette di fumare sia per chi \u00e8 alle prime armi.<\/div>\n<div><\/div>\n<div>\n<h2><strong>Il VOPK Tripe Favors 60000 Puffs 3 in 1 usa e getta Vape Dettagli rapidi<\/strong><\/h2>\n<figure id=\"attachment_1461\" aria-describedby=\"caption-attachment-1461\" style=\"width: 500px\" class=\"wp-caption alignright\"><img decoding=\"async\" class=\"wp-image-1461\" title=\"VOPK Trippa Bomboniere 60000 boccate monouso vape\" src=\"https:\/\/vapesaler.com\/wp-content\/uploads\/2025\/05\/VOPK-Tripe-Favors-60000-Puffs-Disposable-vape-232x300.jpg\" alt=\"VOPK Trippa Bomboniere 60000 boccate monouso vape\" width=\"500\" height=\"646\" srcset=\"https:\/\/vapesaler.com\/wp-content\/uploads\/2025\/05\/VOPK-Tripe-Favors-60000-Puffs-Disposable-vape-232x300.jpg 232w, https:\/\/vapesaler.com\/wp-content\/uploads\/2025\/05\/VOPK-Tripe-Favors-60000-Puffs-Disposable-vape-793x1024.jpg 793w, https:\/\/vapesaler.com\/wp-content\/uploads\/2025\/05\/VOPK-Tripe-Favors-60000-Puffs-Disposable-vape-768x991.jpg 768w, https:\/\/vapesaler.com\/wp-content\/uploads\/2025\/05\/VOPK-Tripe-Favors-60000-Puffs-Disposable-vape-9x12.jpg 9w, https:\/\/vapesaler.com\/wp-content\/uploads\/2025\/05\/VOPK-Tripe-Favors-60000-Puffs-Disposable-vape-510x658.jpg 510w, https:\/\/vapesaler.com\/wp-content\/uploads\/2025\/05\/VOPK-Tripe-Favors-60000-Puffs-Disposable-vape.jpg 1000w\" sizes=\"(max-width: 500px) 100vw, 500px\" \/><figcaption id=\"caption-attachment-1461\" class=\"wp-caption-text\">VOPK Trippa Bomboniere 60000 boccate monouso vape<\/figcaption><\/figure>\n<ul>\n<li>Bign\u00e8: Fino a 60000 soffi<\/li>\n<li>Nicotina: 2%\/5%<\/li>\n<li>Bobina a rete: 0,9ohm+0,9ohm+0,9ohm<\/li>\n<li>E-liquido: 54ml<\/li>\n<li>Batteria: 650mah<\/li>\n<li>Ricaricabile: Tipo-C<\/li>\n<li>Il display a LED intelligente mostra la durata della batteria e i livelli di e-liquido<\/li>\n<li>Triplo gusto<\/li>\n<li>10 gusti tra cui scegliere<\/li>\n<\/ul>\n<h2><strong>Elenco dei sapori<\/strong><\/h2>\n<ol>\n<li data-start=\"116\" data-end=\"174\">Gelato all'anguria e triplo gelato al melone e gelato alla fragola<\/li>\n<li data-start=\"178\" data-end=\"240\">Fragola, banana e lampone Anguria e ananas Cocco<\/li>\n<li data-start=\"244\" data-end=\"298\">Frutti di bosco e Blue Razz Ice &amp; Anguria Pesca Mango<\/li>\n<li data-start=\"302\" data-end=\"366\">Mango aspro, ananas e Red Bull, fragola e ribes nero<\/li>\n<li data-start=\"370\" data-end=\"420\">Kiwi Frutto della Passione &amp; Fragola Ciliegia &amp; Amore 66<\/li>\n<li data-start=\"424\" data-end=\"493\">Doppia mela ghiacciata e frutta tropicale e fragola anguria Bubblegum<\/li>\n<li data-start=\"497\" data-end=\"548\">Ghiaccio all'uva, kiwi alla fragola e anguria Red Bull<\/li>\n<li data-start=\"552\" data-end=\"610\">Fragola, anguria, mirtillo, lampone, limone e lime<\/li>\n<li data-start=\"614\" data-end=\"666\">Ananas alla banana &amp; Red Bull Ice &amp; Mango alla fragola<\/li>\n<li data-start=\"671\" data-end=\"734\">Orso gommoso e fragola Coca-Cola alla vaniglia e zucchero filato al mirtillo<\/li>\n<\/ol>\n<h2><strong>Contenuto dell'imballaggio<\/strong><\/h2>\n<ul>\n<li>10 pezzi \/scatola media.<\/li>\n<li>16 scatola media\/cartone<\/li>\n<li>160 pezzi\/cartone<\/li>\n<\/ul>\n<figure id=\"attachment_1462\" aria-describedby=\"caption-attachment-1462\" style=\"width: 1245px\" class=\"wp-caption aligncenter\"><img decoding=\"async\" class=\"wp-image-1462 size-full\" title=\"VOPK Trippa Bomboniera 60000 Boccate Vape usa e getta\" src=\"https:\/\/vapesaler.com\/wp-content\/uploads\/2025\/05\/VOPK-Tripe-Favor-60000-Puffs-Disposable-vape.jpg\" alt=\"VOPK Trippa Bomboniera 60000 Boccate Vape usa e getta\" width=\"1245\" height=\"830\" srcset=\"https:\/\/vapesaler.com\/wp-content\/uploads\/2025\/05\/VOPK-Tripe-Favor-60000-Puffs-Disposable-vape.jpg 1245w, https:\/\/vapesaler.com\/wp-content\/uploads\/2025\/05\/VOPK-Tripe-Favor-60000-Puffs-Disposable-vape-300x200.jpg 300w, https:\/\/vapesaler.com\/wp-content\/uploads\/2025\/05\/VOPK-Tripe-Favor-60000-Puffs-Disposable-vape-1024x683.jpg 1024w, https:\/\/vapesaler.com\/wp-content\/uploads\/2025\/05\/VOPK-Tripe-Favor-60000-Puffs-Disposable-vape-768x512.jpg 768w, https:\/\/vapesaler.com\/wp-content\/uploads\/2025\/05\/VOPK-Tripe-Favor-60000-Puffs-Disposable-vape-18x12.jpg 18w, https:\/\/vapesaler.com\/wp-content\/uploads\/2025\/05\/VOPK-Tripe-Favor-60000-Puffs-Disposable-vape-510x340.jpg 510w\" sizes=\"(max-width: 1245px) 100vw, 1245px\" \/><figcaption id=\"caption-attachment-1462\" class=\"wp-caption-text\">VOPK Trippa Bomboniera 60000 Boccate Vape usa e getta<\/figcaption><\/figure>\n<\/div>","protected":false},"excerpt":{"rendered":"<p>The VOPK Tripe Favors 60000 Puffs 3 in 1 Disposable Vape is a 3 in 1 disposable vape from the renowned brand VOPK, features an extraordinary design that exquisitely combines three flavors into one device. The performance is very strong with three 18ml vape compartments for a total of 54ml, boosting the whole product to [&#8230;]\n","protected":false},"featured_media":1460,"comment_status":"open","ping_status":"closed","template":"","meta":{"om_disable_all_campaigns":false},"product_brand":[293],"product_cat":[105],"product_tag":[180,179,50,304],"class_list":{"0":"post-1449","1":"product","2":"type-product","3":"status-publish","4":"has-post-thumbnail","6":"product_brand-vopk","7":"product_cat-dual-flavour","8":"product_tag-3-in-1","9":"product_tag-60000puffs","10":"product_tag-disposable-vape","11":"product_tag-tripe-favour","12":"pa_flavor-banana-pineapple-red-bull-ice-strawberry-mango","13":"pa_flavor-double-apple-ice-tropical-fruit-strawberry-watermelon-bubblegum","14":"pa_flavor-grape-ice-strawberry-kiwi-watermelon-red-bull","15":"pa_flavor-gummy-bear-strawberry-vanilla-coke-blueberry-cotton-candy","16":"pa_flavor-kiwi-passion-fruit-strawberry-cherry-love-66","17":"pa_flavor-peach-berry-blue-razz-ice-watermelon-peach-mango","18":"pa_flavor-sour-mango-pineapple-red-bull-strawberry-black-currant-ice","19":"pa_flavor-strawberry-banana-raspberry-watermelon-pineapple-coconut","20":"pa_flavor-strawberry-watermelon-blueberry-raspberry-lemon-lime","21":"pa_flavor-watermelon-ice-triple-melon-ice-strawberry-ice-cream","22":"pa_nicotine-20mg","23":"pa_nicotine-50mg","24":"pa_puffs-60000-puffs","26":"first","27":"instock","28":"shipping-taxable","29":"purchasable","30":"product-type-variable"},"aioseo_notices":[],"_links":{"self":[{"href":"https:\/\/vapesaler.com\/it\/wp-json\/wp\/v2\/product\/1449","targetHints":{"allow":["GET"]}}],"collection":[{"href":"https:\/\/vapesaler.com\/it\/wp-json\/wp\/v2\/product"}],"about":[{"href":"https:\/\/vapesaler.com\/it\/wp-json\/wp\/v2\/types\/product"}],"replies":[{"embeddable":true,"href":"https:\/\/vapesaler.com\/it\/wp-json\/wp\/v2\/comments?post=1449"}],"wp:featuredmedia":[{"embeddable":true,"href":"https:\/\/vapesaler.com\/it\/wp-json\/wp\/v2\/media\/1460"}],"wp:attachment":[{"href":"https:\/\/vapesaler.com\/it\/wp-json\/wp\/v2\/media?parent=1449"}],"wp:term":[{"taxonomy":"product_brand","embeddable":true,"href":"https:\/\/vapesaler.com\/it\/wp-json\/wp\/v2\/product_brand?post=1449"},{"taxonomy":"product_cat","embeddable":true,"href":"https:\/\/vapesaler.com\/it\/wp-json\/wp\/v2\/product_cat?post=1449"},{"taxonomy":"product_tag","embeddable":true,"href":"https:\/\/vapesaler.com\/it\/wp-json\/wp\/v2\/product_tag?post=1449"}],"curies":[{"name":"wp","href":"https:\/\/api.w.org\/{rel}","templated":true}]}}