{"id":1243,"date":"2025-04-28T08:26:59","date_gmt":"2025-04-28T08:26:59","guid":{"rendered":"https:\/\/vapesaler.com\/?post_type=product&#038;p=1243"},"modified":"2025-06-13T10:24:06","modified_gmt":"2025-06-13T10:24:06","slug":"bangking-25000k-puffs-two-liquid-tanks-disposable-vape","status":"publish","type":"product","link":"https:\/\/vapesaler.com\/it\/prodotto\/bangking-25000k-soffia-due-serbatoi-di-liquido-vape-monouso","title":{"rendered":"BangKing 25000 boccate Due serbatoi di liquido Vape usa e getta"},"content":{"rendered":"<div>Scoprire il <a href=\"https:\/\/vapesaler.com\/it\/brands\/bangking\/\">BangKing<\/a> 25000 Puffs Two Liquid Tanks Disposable Vape, un prodotto diverso, dotato di due scomparti per liquidi da 23 ml, che si attivano tramite il bocchino e il tappo in alto.<\/div>\n<div><\/div>\n<div>\u00c8 dotato di una batteria da 650 mAh che supporta la ricarica rapida e pu\u00f2 essere caricata completamente in soli 20 minuti. L'aspetto meraviglioso della scatola integrata a forma di piatto \u00e8 uno spettacolo da vedere. Il processo di spruzzatura dell'olio a colori sfumati rende l'intero prodotto semplice, con una sensazione di piacere alla moda e di tendenza.<\/div>\n<div><\/div>\n<div>La parte inferiore \u00e8 dotata di flusso d'aria regolabile e porta Type-C per la ricarica rapida, un totale di 12 fantastici aromi con diverse opzioni di contenuto di nicotina.<\/div>\n<div>\n<h2><strong>BangKing 25000 soffi due serbatoi di liquido monouso Vape Dettagli rapidi<\/strong><\/h2>\n<figure id=\"attachment_1259\" aria-describedby=\"caption-attachment-1259\" style=\"width: 500px\" class=\"wp-caption alignright\"><img decoding=\"async\" class=\"wp-image-1259\" title=\"BangKing 25000 soffi Due serbatoi di liquido\" src=\"https:\/\/vapesaler.com\/wp-content\/uploads\/2025\/04\/BangKing-25000-Puffs-Two-Liquid-Tanks-300x284.jpg\" alt=\"BangKing 25000 soffi Due serbatoi di liquido\" width=\"500\" height=\"474\" srcset=\"https:\/\/vapesaler.com\/wp-content\/uploads\/2025\/04\/BangKing-25000-Puffs-Two-Liquid-Tanks-300x284.jpg 300w, https:\/\/vapesaler.com\/wp-content\/uploads\/2025\/04\/BangKing-25000-Puffs-Two-Liquid-Tanks-768x727.jpg 768w, https:\/\/vapesaler.com\/wp-content\/uploads\/2025\/04\/BangKing-25000-Puffs-Two-Liquid-Tanks-13x12.jpg 13w, https:\/\/vapesaler.com\/wp-content\/uploads\/2025\/04\/BangKing-25000-Puffs-Two-Liquid-Tanks-510x483.jpg 510w, https:\/\/vapesaler.com\/wp-content\/uploads\/2025\/04\/BangKing-25000-Puffs-Two-Liquid-Tanks.jpg 872w\" sizes=\"(max-width: 500px) 100vw, 500px\" \/><figcaption id=\"caption-attachment-1259\" class=\"wp-caption-text\">BangKing 25000 soffi Due serbatoi di liquido<\/figcaption><\/figure>\n<ul>\n<li>Bign\u00e8: 25000 Bign\u00e8<\/li>\n<li>Capacit\u00e0 della batteria: 650 mAh<\/li>\n<li>Volume del liquido elettronico: 23ml+23ml<\/li>\n<li>Contenuto di nicotina: 0\/20\/50mg<\/li>\n<li>Confezione: 10 pezzi in 1 scatola media<\/li>\n<li>Display a LED<\/li>\n<li>\n<div>Ricaricabile di tipo C<\/div>\n<\/li>\n<li>\n<div>Doppio serbatoio<\/div>\n<\/li>\n<li>\n<div>Visualizzazione della carica e dell'e-liquid<\/div>\n<\/li>\n<li>Resistenza del filo riscaldante: doppio nucleo a maglia da 1\u03a9<\/li>\n<\/ul>\n<h1><strong>Elenco dei sapori<\/strong><\/h1>\n<ol>\n<li>Ghiaccio Blu Razz<\/li>\n<li>Ghiaccio alla pesca succosa<\/li>\n<li>Anguria alla fragola<\/li>\n<li>Ghiaccio all'anguria<\/li>\n<li>Fragola e banana<\/li>\n<li>Ghiaccio alla mela acida<\/li>\n<li>Ghiaccio ai tripli frutti di bosco<\/li>\n<li>Frutta tropicale<\/li>\n<li>Bomba alla ciliegia<\/li>\n<li>Ghiaccio d'uva<\/li>\n<li>Pesca e mango<\/li>\n<li>Mango alla fragola<\/li>\n<\/ol>\n<h2><strong>Contenuto dell'imballaggio<\/strong><\/h2>\n<ul>\n<li>Peso del prodotto: 120g\/pz<\/li>\n<li>Dimensioni del prodotto: 61*31*115 mm<\/li>\n<li>Q.t\u00e0: 160pz\/ctn, 10pz\/box<\/li>\n<li>Peso specifico: 20 kg<\/li>\n<\/ul>\n<figure id=\"attachment_1257\" aria-describedby=\"caption-attachment-1257\" style=\"width: 1920px\" class=\"wp-caption alignnone\"><img decoding=\"async\" class=\"wp-image-1257 size-full\" title=\"BangKing 25000 boccate Due Vape usa e getta\" src=\"https:\/\/vapesaler.com\/wp-content\/uploads\/2025\/04\/BangKing-25000-Puffs-Two-Disposable-Vape.jpg\" alt=\"BangKing 25000 boccate Due Vape usa e getta\" width=\"1920\" height=\"1240\" srcset=\"https:\/\/vapesaler.com\/wp-content\/uploads\/2025\/04\/BangKing-25000-Puffs-Two-Disposable-Vape.jpg 1920w, https:\/\/vapesaler.com\/wp-content\/uploads\/2025\/04\/BangKing-25000-Puffs-Two-Disposable-Vape-300x194.jpg 300w, https:\/\/vapesaler.com\/wp-content\/uploads\/2025\/04\/BangKing-25000-Puffs-Two-Disposable-Vape-1024x661.jpg 1024w, https:\/\/vapesaler.com\/wp-content\/uploads\/2025\/04\/BangKing-25000-Puffs-Two-Disposable-Vape-768x496.jpg 768w, https:\/\/vapesaler.com\/wp-content\/uploads\/2025\/04\/BangKing-25000-Puffs-Two-Disposable-Vape-1536x992.jpg 1536w, https:\/\/vapesaler.com\/wp-content\/uploads\/2025\/04\/BangKing-25000-Puffs-Two-Disposable-Vape-18x12.jpg 18w, https:\/\/vapesaler.com\/wp-content\/uploads\/2025\/04\/BangKing-25000-Puffs-Two-Disposable-Vape-510x329.jpg 510w\" sizes=\"(max-width: 1920px) 100vw, 1920px\" \/><figcaption id=\"caption-attachment-1257\" class=\"wp-caption-text\">BangKing 25000 boccate Due Vape usa e getta<\/figcaption><\/figure>\n<\/div>","protected":false},"excerpt":{"rendered":"<p>Discover the BangKing 25000 Puffs Two Liquid Tanks Disposable Vape, a product with a difference, which comes with two 23ml liquid compartments, which are switched via the mouthpiece and stopper at the top. It comes with a 650mAh battery that supports fast charging and can be fully charged in just 20 minutes. The marvelous appearance [&#8230;]\n","protected":false},"featured_media":1258,"comment_status":"open","ping_status":"closed","template":"","meta":{"om_disable_all_campaigns":false},"product_brand":[36],"product_cat":[15],"product_tag":[233,232,50,51],"class_list":{"0":"post-1243","1":"product","2":"type-product","3":"status-publish","4":"has-post-thumbnail","6":"product_brand-bangking","7":"product_cat-disposables","8":"product_tag-2-in-1","9":"product_tag-25000puffs","10":"product_tag-disposable-vape","11":"product_tag-vape","12":"pa_flavor-blue-razz-ice","13":"pa_flavor-cherry-bomb","14":"pa_flavor-grape-ice","15":"pa_flavor-juicy-peach-ice","16":"pa_flavor-peach-mango","17":"pa_flavor-sour-apple-ice","18":"pa_flavor-strawberry-banana","19":"pa_flavor-strawberry-mango","20":"pa_flavor-strawberry-watermelon","21":"pa_flavor-triple-berry-ice","22":"pa_flavor-tropical-fruit","23":"pa_flavor-watermelon-ice","24":"pa_nicotine-0mg","25":"pa_nicotine-20mg","26":"pa_nicotine-50mg","27":"pa_puffs-25000-puffs","29":"first","30":"instock","31":"shipping-taxable","32":"purchasable","33":"product-type-variable"},"aioseo_notices":[],"_links":{"self":[{"href":"https:\/\/vapesaler.com\/it\/wp-json\/wp\/v2\/product\/1243","targetHints":{"allow":["GET"]}}],"collection":[{"href":"https:\/\/vapesaler.com\/it\/wp-json\/wp\/v2\/product"}],"about":[{"href":"https:\/\/vapesaler.com\/it\/wp-json\/wp\/v2\/types\/product"}],"replies":[{"embeddable":true,"href":"https:\/\/vapesaler.com\/it\/wp-json\/wp\/v2\/comments?post=1243"}],"wp:featuredmedia":[{"embeddable":true,"href":"https:\/\/vapesaler.com\/it\/wp-json\/wp\/v2\/media\/1258"}],"wp:attachment":[{"href":"https:\/\/vapesaler.com\/it\/wp-json\/wp\/v2\/media?parent=1243"}],"wp:term":[{"taxonomy":"product_brand","embeddable":true,"href":"https:\/\/vapesaler.com\/it\/wp-json\/wp\/v2\/product_brand?post=1243"},{"taxonomy":"product_cat","embeddable":true,"href":"https:\/\/vapesaler.com\/it\/wp-json\/wp\/v2\/product_cat?post=1243"},{"taxonomy":"product_tag","embeddable":true,"href":"https:\/\/vapesaler.com\/it\/wp-json\/wp\/v2\/product_tag?post=1243"}],"curies":[{"name":"wp","href":"https:\/\/api.w.org\/{rel}","templated":true}]}}