{"id":1136,"date":"2025-04-22T11:21:20","date_gmt":"2025-04-22T11:21:20","guid":{"rendered":"https:\/\/vapesaler.com\/?post_type=product&#038;p=1136"},"modified":"2025-04-28T09:29:23","modified_gmt":"2025-04-28T09:29:23","slug":"bangking-30k-dual-flavors-monkey-disposable-vape","status":"publish","type":"product","link":"https:\/\/vapesaler.com\/it\/prodotto\/bangking-30k-doppio-sapore-scimmia-monouso-vape","title":{"rendered":"BangKing 30K Vape usa e getta a doppio gusto di scimmia"},"content":{"rendered":"<p>Il <a href=\"https:\/\/vapesaler.com\/it\/brands\/bangking\/\">BangKing<\/a> 30K Dual Flavors Monkey Disposable Vape \u00e8 uno dei prodotti di bangking. <a href=\"https:\/\/vapesaler.com\/it\/product-category\/disposables\/dual-flavour\/\">doppio gusto<\/a> che consente di passare facilmente da un aroma all'altro grazie a una manopola sul bocchino superiore.<br \/>\n\u00c8 anche molto potente, con una potente batteria da 550 mAh e una generosa capacit\u00e0 di 18 ml+18 ml36 ml di liquido in 12 entusiasmanti gusti. e viene fornito con la funzione di ricarica rapida Type-C. pu\u00f2 essere completamente caricato in 10 minuti. Resiste al fumo senza dover aspettare ansiosamente la ricarica.<br \/>\nCome sempre, il design bangking continua a seguire la tendenza della scimmia IP, utilizzando un guscio di metallo con processo di ossidazione metallica a colori sfumati, dando al prodotto un senso di alta classe e tendenza. La porta di ricarica e i fori per l'aria situati nella parte inferiore garantiscono un flusso d'aria diretto attraverso il prodotto. Rendono l'aspirazione del prodotto molto confortevole.<br \/>\nIn termini di sapore, adotta i gusti pi\u00f9 popolari sul mercato, la dolcezza naturale della frutta e il grado di ghiaccio appropriato fanno s\u00ec che tutti vogliano fermarsi.<\/p>\n<h2><strong>BangKing 30K Dual Flavors Monkey Disposable Vape Dettagli veloci<\/strong><\/h2>\n<p><img decoding=\"async\" class=\"wp-image-1162 alignright\" title=\"BangKing 30K Vape Scimmia a doppio gusto\" src=\"https:\/\/vapesaler.com\/wp-content\/uploads\/2025\/04\/BangKing-30K-Dual-Flavors-Monkey-Vape-300x300.jpg\" alt=\"BangKing 30K Vape Scimmia a doppio gusto\" width=\"500\" height=\"500\" srcset=\"https:\/\/vapesaler.com\/wp-content\/uploads\/2025\/04\/BangKing-30K-Dual-Flavors-Monkey-Vape-300x300.jpg 300w, https:\/\/vapesaler.com\/wp-content\/uploads\/2025\/04\/BangKing-30K-Dual-Flavors-Monkey-Vape-150x150.jpg 150w, https:\/\/vapesaler.com\/wp-content\/uploads\/2025\/04\/BangKing-30K-Dual-Flavors-Monkey-Vape-768x768.jpg 768w, https:\/\/vapesaler.com\/wp-content\/uploads\/2025\/04\/BangKing-30K-Dual-Flavors-Monkey-Vape-12x12.jpg 12w, https:\/\/vapesaler.com\/wp-content\/uploads\/2025\/04\/BangKing-30K-Dual-Flavors-Monkey-Vape-510x510.jpg 510w, https:\/\/vapesaler.com\/wp-content\/uploads\/2025\/04\/BangKing-30K-Dual-Flavors-Monkey-Vape-100x100.jpg 100w, https:\/\/vapesaler.com\/wp-content\/uploads\/2025\/04\/BangKing-30K-Dual-Flavors-Monkey-Vape.jpg 1000w\" sizes=\"(max-width: 500px) 100vw, 500px\" \/><\/p>\n<ul>\n<li>Soffi: 15000*2<\/li>\n<li>Capacit\u00e0 della batteria: 550mAh<\/li>\n<li>Volume del liquido elettronico: 18ml*2<\/li>\n<li>Contenuto di nicotina: 0\/20\/50mg<\/li>\n<li>Fazione: Gusto doppio\/interruttore a levetta<\/li>\n<li>Confezione: 10 pezzi in 1 scatola da esposizione<\/li>\n<li>Ricaricabile di tipo C<\/li>\n<li>Visualizzazione della carica e dell'e-liquid<\/li>\n<li>Resistenza del filo riscaldante: Doppio nucleo a maglia 1.0Q<\/li>\n<\/ul>\n<h2><strong>Elenco dei sapori<\/strong><\/h2>\n<ol>\n<li>Ghiaccio al mirtillo e ghiaccio al drago nero<\/li>\n<li>Ghiaccio al mirtillo e banana alla fragola<\/li>\n<li>Mirtillo, lampone e frutta mista<\/li>\n<li>Mirtillo Lampone e Pesca Mango Anguria<\/li>\n<li>Red Bull e anguria al mirtillo<\/li>\n<li>Red Bull e caramelle a bolle d'aria all'anguria<\/li>\n<li>Ghiaccio alla fragola e all'uva<\/li>\n<li>Ghiaccio alla fragola, kiwi e pesca<\/li>\n<li>Kiwi alla fragola e lampone alla mela acida<\/li>\n<li>Fragola, anguria e kiwi, frutto della passione e guaiava<\/li>\n<li>Ghiaccio all'anguria e menta al mirtillo<\/li>\n<li>Ghiaccio all'anguria e Mango alla fragola<\/li>\n<\/ol>\n<h2><strong>Contenuto dell'imballaggio<\/strong><\/h2>\n<ul>\n<li>Per scatola<strong>:<\/strong> 10 unit\u00e0<\/li>\n<li>Peso<strong>:<\/strong>\n<ul>\n<li>Unit\u00e0 singola: 120 g<\/li>\n<li>10 unit\u00e0: 1200 g<\/li>\n<\/ul>\n<\/li>\n<li>Dimensioni del cartone<strong>:<\/strong> 60,5x 33,2 x 14 cm<\/li>\n<li>Peso lordo: 12,6 kg<\/li>\n<\/ul>","protected":false},"excerpt":{"rendered":"<p>The BangKing 30K Dual Flavors Monkey Disposable Vape is one of bangking&#8217;s dual flavors that makes it easy to switch between flavors by way of a knob on the top mouthpiece. It is also very powerful with a powerful 550mAh battery and a generous 18ml+18ml36ml liquid capacity across 12 exciting flavors. and comes with Type-C [&#8230;]\n","protected":false},"featured_media":1137,"comment_status":"open","ping_status":"closed","template":"","meta":{"om_disable_all_campaigns":false},"product_brand":[36],"product_cat":[105],"product_tag":[52,50,79],"class_list":{"0":"post-1136","1":"product","2":"type-product","3":"status-publish","4":"has-post-thumbnail","6":"product_brand-bangking","7":"product_cat-dual-flavour","8":"product_tag-30000puffs","9":"product_tag-disposable-vape","10":"product_tag-dual-favour","11":"pa_flavor-blueberry-ice-black-dragon-ice-2","12":"pa_flavor-blueberry-ice-strawberry-banana","13":"pa_flavor-blueberry-raspberry-mixed-mouldy-fruit","14":"pa_flavor-blueberry-raspberry-peach-mango-watermelon","15":"pa_flavor-red-bull-blueberry-watermelon-2","16":"pa_flavor-red-bull-watermelon-bubble-candy","17":"pa_flavor-strawberry-and-watermelon-grape-ice","18":"pa_flavor-strawberry-kiwi-peach-ice","19":"pa_flavor-strawberry-kiwi-sour-apple-raspberry","20":"pa_flavor-strawberry-watermelon-kiwi-passion-fruit-guava-2","21":"pa_flavor-watermelon-ice-blueberry-mint-2","22":"pa_flavor-watermelon-ice-strawberry-mango","23":"pa_nicotine-0mg","24":"pa_nicotine-20mg","25":"pa_nicotine-50mg","26":"pa_puffs-30000-puffs","28":"first","29":"instock","30":"shipping-taxable","31":"purchasable","32":"product-type-variable"},"aioseo_notices":[],"_links":{"self":[{"href":"https:\/\/vapesaler.com\/it\/wp-json\/wp\/v2\/product\/1136","targetHints":{"allow":["GET"]}}],"collection":[{"href":"https:\/\/vapesaler.com\/it\/wp-json\/wp\/v2\/product"}],"about":[{"href":"https:\/\/vapesaler.com\/it\/wp-json\/wp\/v2\/types\/product"}],"replies":[{"embeddable":true,"href":"https:\/\/vapesaler.com\/it\/wp-json\/wp\/v2\/comments?post=1136"}],"wp:featuredmedia":[{"embeddable":true,"href":"https:\/\/vapesaler.com\/it\/wp-json\/wp\/v2\/media\/1137"}],"wp:attachment":[{"href":"https:\/\/vapesaler.com\/it\/wp-json\/wp\/v2\/media?parent=1136"}],"wp:term":[{"taxonomy":"product_brand","embeddable":true,"href":"https:\/\/vapesaler.com\/it\/wp-json\/wp\/v2\/product_brand?post=1136"},{"taxonomy":"product_cat","embeddable":true,"href":"https:\/\/vapesaler.com\/it\/wp-json\/wp\/v2\/product_cat?post=1136"},{"taxonomy":"product_tag","embeddable":true,"href":"https:\/\/vapesaler.com\/it\/wp-json\/wp\/v2\/product_tag?post=1136"}],"curies":[{"name":"wp","href":"https:\/\/api.w.org\/{rel}","templated":true}]}}