{"id":1074,"date":"2025-04-21T09:25:40","date_gmt":"2025-04-21T09:25:40","guid":{"rendered":"https:\/\/vapesaler.com\/?post_type=product&#038;p=1074"},"modified":"2025-04-28T09:28:08","modified_gmt":"2025-04-28T09:28:08","slug":"bangking-triple-3-in-1-flavors-45000-puffs-disposable-vape","status":"publish","type":"product","link":"https:\/\/vapesaler.com\/it\/prodotto\/bangking-triplo-3-in-1-sapori-45000-soffi-vape-monouso","title":{"rendered":"BangKing Triplo 3 in 1 Aromi 45000 Bocconi Vape Usa e Getta"},"content":{"rendered":"<p>BangKing Triple 3 in 1 Flavors 45000 Puffs Disposable Vape \u00e8 un nuovo monouso a tre gusti in uno da <a href=\"https:\/\/vapesaler.com\/it\/brands\/bangking\/\">Bangking<\/a>. Ogni prodotto contiene tre scomparti per il liquido e il bocchino \u00e8 progettato come un grande interruttore rotante che consente di passare facilmente da un aroma all'altro.<br \/>\nIl design del BangKing Triple \u00e8 caratterizzato da un design cilindrico minimalista che esalta la sensazione dell'intero prodotto nella mano. L'uso complessivo del processo di verniciatura a colori sfumati, la transizione del colore superiore e inferiore \u00e8 molto naturale.<br \/>\nQuesta volta \u00e8 stata apportata una nuova modifica al sapore, utilizzando una variet\u00e0 di compositi di frutta per migliorare la succosit\u00e0 del fumo. Rende il sapore della bocca pi\u00f9 pieno e forte<br \/>\nLe prestazioni sono sempre le stesse del design ad alto prezzo, 3 * 15ML di capacit\u00e0 totale di 45ML di liquido, accoppiato con la capacit\u00e0 della batteria da 650mAh, permette ai consumatori di utilizzare pi\u00f9 di una settimana.<\/p>\n<h2><strong>BangKing Triplo 3 in 1 Aromi 45000 Boccate Vape usa e gettaQuick Details<\/strong><\/h2>\n<p><img decoding=\"async\" class=\"wp-image-1097 alignright\" title=\"Bangking triplo 45000 soffi vape\" src=\"https:\/\/vapesaler.com\/wp-content\/uploads\/2025\/04\/Bangking-triple-45000-Puffs-vape-300x300.jpg\" alt=\"Bangking triplo 45000 soffi vape\" width=\"500\" height=\"500\" srcset=\"https:\/\/vapesaler.com\/wp-content\/uploads\/2025\/04\/Bangking-triple-45000-Puffs-vape-300x300.jpg 300w, https:\/\/vapesaler.com\/wp-content\/uploads\/2025\/04\/Bangking-triple-45000-Puffs-vape-150x150.jpg 150w, https:\/\/vapesaler.com\/wp-content\/uploads\/2025\/04\/Bangking-triple-45000-Puffs-vape-768x768.jpg 768w, https:\/\/vapesaler.com\/wp-content\/uploads\/2025\/04\/Bangking-triple-45000-Puffs-vape-12x12.jpg 12w, https:\/\/vapesaler.com\/wp-content\/uploads\/2025\/04\/Bangking-triple-45000-Puffs-vape-510x510.jpg 510w, https:\/\/vapesaler.com\/wp-content\/uploads\/2025\/04\/Bangking-triple-45000-Puffs-vape-100x100.jpg 100w, https:\/\/vapesaler.com\/wp-content\/uploads\/2025\/04\/Bangking-triple-45000-Puffs-vape.jpg 800w\" sizes=\"(max-width: 500px) 100vw, 500px\" \/><\/p>\n<ul>\n<li>Bign\u00e9: 3*15000\uff0845000\uff09 Bign\u00e8<\/li>\n<li>Capacit\u00e0 della batteria: 650 mAh<\/li>\n<li>Volume del liquido elettronico: 45 ml<\/li>\n<li>Contenuto di nicotina: 0\/20\/50mg<\/li>\n<li>Confezione: 10 pezzi in 1 scatola media<\/li>\n<li>\n<div>Ricaricabile di tipo C<\/div>\n<\/li>\n<li>\n<div>Tripli sapori<\/div>\n<\/li>\n<li>Resistenza del filo riscaldante: Bobina a rete<\/li>\n<\/ul>\n<h2><strong>Elenco dei sapori<\/strong><\/h2>\n<ol>\n<li><strong>Anguria &amp; Red Bull &amp; Kiwi alla fragola<\/strong><\/li>\n<li><strong>Limone, lime e fragola Anguria e mirtillo ghiacciati<\/strong><\/li>\n<li><strong>Fragola, banana, lampone, anguria, limone e lime<\/strong><\/li>\n<li><strong>Kiwi alla fragola e ananas al mango acido &amp; Red Bull<\/strong><\/li>\n<li><strong>Frutta tropicale e fragola Anguria e pesca al limone<\/strong><\/li>\n<li><strong>Ananas e cocco, fragola e banana e Blue Razz<\/strong><\/li>\n<li><strong>Fragola, lampone e triplo melone, ananas e mango acido<\/strong><\/li>\n<li><strong>Lampone Anguria e Mango Pesca e Fragola Kiwi<\/strong><\/li>\n<li><strong>Coca-Cola alla fragola e alla vaniglia, lampone, mirtillo e limone.<\/strong><\/li>\n<li><strong>Gelato all'anguria e alla fragola e triplo melone<\/strong><\/li>\n<\/ol>\n<h2><strong>Contenuto dell'imballaggio<\/strong><\/h2>\n<ul>\n<li>Peso del prodotto: 140g\/pz<\/li>\n<li>Dimensioni del prodotto: 47*47*161 mm<\/li>\n<li>Q.t\u00e0: 10pz\/scatola<\/li>\n<li>Peso specifico: 21 kg<\/li>\n<\/ul>","protected":false},"excerpt":{"rendered":"<p>BangKing Triple 3 in 1 Flavors 45000 Puffs Disposable Vape is a new three-flavor-in-one disposable from Bangking. Each product contains three liquid compartments, and the mouthpiece is designed as a large rotary switch that makes it easy to switch between different flavors. The design of the BangKing Triple features a minimalist cylindrical design that enhances [&#8230;]\n","protected":false},"featured_media":1075,"comment_status":"open","ping_status":"closed","template":"","meta":{"om_disable_all_campaigns":false},"product_brand":[36],"product_cat":[105],"product_tag":[],"class_list":{"0":"post-1074","1":"product","2":"type-product","3":"status-publish","4":"has-post-thumbnail","6":"product_brand-bangking","7":"product_cat-dual-flavour","8":"pa_flavor-lemon-lime-strawberry-watermelon-blueberry-ice","9":"pa_flavor-pineapple-coconut-strawberry-banana-blue-razz","10":"pa_flavor-raspberry-watermelon-mango-peach-strawberry-kiwi","11":"pa_flavor-strawberry-banana-raspberry-watermelon-lemon-lime","12":"pa_flavor-strawberry-kiwi-sour-mango-pineapple-red-bull","13":"pa_flavor-strawberry-raspberry-triple-melon-sour-mango-pineapple","14":"pa_flavor-strawberry-vanilla-coke-blueberry-raspberry-lemon-lime","15":"pa_flavor-tropical-fruit-strawberry-watermelon-lemon-peach","16":"pa_flavor-watermelon-red-bull-strawberry-kiwi","17":"pa_flavor-watermelon-strawberry-ice-cream-triple-melon","18":"pa_nicotine-0mg","19":"pa_nicotine-20mg","20":"pa_nicotine-50mg","21":"pa_puffs-45000-puffs","23":"first","24":"instock","25":"shipping-taxable","26":"purchasable","27":"product-type-variable"},"aioseo_notices":[],"_links":{"self":[{"href":"https:\/\/vapesaler.com\/it\/wp-json\/wp\/v2\/product\/1074","targetHints":{"allow":["GET"]}}],"collection":[{"href":"https:\/\/vapesaler.com\/it\/wp-json\/wp\/v2\/product"}],"about":[{"href":"https:\/\/vapesaler.com\/it\/wp-json\/wp\/v2\/types\/product"}],"replies":[{"embeddable":true,"href":"https:\/\/vapesaler.com\/it\/wp-json\/wp\/v2\/comments?post=1074"}],"wp:featuredmedia":[{"embeddable":true,"href":"https:\/\/vapesaler.com\/it\/wp-json\/wp\/v2\/media\/1075"}],"wp:attachment":[{"href":"https:\/\/vapesaler.com\/it\/wp-json\/wp\/v2\/media?parent=1074"}],"wp:term":[{"taxonomy":"product_brand","embeddable":true,"href":"https:\/\/vapesaler.com\/it\/wp-json\/wp\/v2\/product_brand?post=1074"},{"taxonomy":"product_cat","embeddable":true,"href":"https:\/\/vapesaler.com\/it\/wp-json\/wp\/v2\/product_cat?post=1074"},{"taxonomy":"product_tag","embeddable":true,"href":"https:\/\/vapesaler.com\/it\/wp-json\/wp\/v2\/product_tag?post=1074"}],"curies":[{"name":"wp","href":"https:\/\/api.w.org\/{rel}","templated":true}]}}