{"id":341,"date":"2025-03-11T07:55:00","date_gmt":"2025-03-11T07:55:00","guid":{"rendered":"https:\/\/vapesaler.com\/?page_id=341"},"modified":"2025-03-29T09:39:37","modified_gmt":"2025-03-29T09:39:37","slug":"ship-track","status":"publish","type":"page","link":"https:\/\/vapesaler.com\/it\/supporto\/traccia-della-nave","title":{"rendered":"Spedizione e tracciamento"},"content":{"rendered":"<p>Siamo in grado di fornire la maggior parte del mondo e alcune aree sono a spedizione gratuita, come il Nord America e la maggior parte dell'Europa. Tuttavia, alcune aree richiedono spese di spedizione aggiuntive, che saranno indicate specificamente nella pagina dell'ordine al momento dell'invio. Per qualsiasi domanda non chiara, \u00e8 possibile contattare direttamente il nostro team di vendita.<\/p>\n<h2>Istruzioni per la spedizione<\/h2>\n<p>A causa del divieto di spedizione dei prodotti da svapo, i principali corrieri come USPS, UPS, FedEx e DHL non consegnano pi\u00f9 prodotti da svapo a consumatori e aziende. Abbiamo collaborato con un servizio di spedizione privato che copre la maggior parte della popolazione. Tutti gli ordini avranno ora un tempo di elaborazione compreso tra 1 e 3 giorni. Dopo l'elaborazione, la consegna degli ordini pu\u00f2 richiedere da 7 a 14 giorni lavorativi, a seconda della localit\u00e0, del tempo e dei ritardi di spedizione dovuti alle festivit\u00e0.<\/p>\n<h2>Numero di tracciamento<\/h2>\n<p>Il numero di tracking \u00e8 solitamente reperibile in diversi punti:<\/p>\n<ul>\n<li><strong>E-mail di conferma dell'ordine:<\/strong> Quando si effettua un ordine, Vapesaler invia un'e-mail di conferma che include il numero di tracking.<\/li>\n<li><strong>Email di notifica della spedizione:<\/strong> Una volta spedito l'ordine, riceverete un'e-mail di notifica della spedizione contenente il numero di tracking.<\/li>\n<li><strong>Etichetta o ricevuta di spedizione:<\/strong> Controllate l'etichetta di spedizione o la ricevuta che avete ricevuto con il pacco. Il numero di tracking \u00e8 solitamente stampato l\u00ec.<\/li>\n<li><strong>Contatto Vettore di spedizione:<\/strong> Contattate il servizio clienti del corriere con i dettagli dell'ordine. Potranno fornirvi il numero di tracciamento.<\/li>\n<\/ul>","protected":false},"excerpt":{"rendered":"<p>We can supply most parts of the world, and some areas are free shipping, such as North America and most of Europe. However, some areas require additional shipping charges, which will be specifically shown on the order page when you submit your order. If there is any unclear question, you can contact our sales team [&#8230;]\n","protected":false},"author":1,"featured_media":0,"parent":148,"menu_order":1,"comment_status":"closed","ping_status":"closed","template":"page-blank-sub-nav-vertical.php","meta":{"om_disable_all_campaigns":false,"footnotes":""},"class_list":["post-341","page","type-page","status-publish","hentry"],"aioseo_notices":[],"_links":{"self":[{"href":"https:\/\/vapesaler.com\/it\/wp-json\/wp\/v2\/pages\/341","targetHints":{"allow":["GET"]}}],"collection":[{"href":"https:\/\/vapesaler.com\/it\/wp-json\/wp\/v2\/pages"}],"about":[{"href":"https:\/\/vapesaler.com\/it\/wp-json\/wp\/v2\/types\/page"}],"author":[{"embeddable":true,"href":"https:\/\/vapesaler.com\/it\/wp-json\/wp\/v2\/users\/1"}],"replies":[{"embeddable":true,"href":"https:\/\/vapesaler.com\/it\/wp-json\/wp\/v2\/comments?post=341"}],"version-history":[{"count":0,"href":"https:\/\/vapesaler.com\/it\/wp-json\/wp\/v2\/pages\/341\/revisions"}],"up":[{"embeddable":true,"href":"https:\/\/vapesaler.com\/it\/wp-json\/wp\/v2\/pages\/148"}],"wp:attachment":[{"href":"https:\/\/vapesaler.com\/it\/wp-json\/wp\/v2\/media?parent=341"}],"curies":[{"name":"wp","href":"https:\/\/api.w.org\/{rel}","templated":true}]}}