{"id":871,"date":"2025-04-14T08:16:41","date_gmt":"2025-04-14T08:16:41","guid":{"rendered":"https:\/\/vapesaler.com\/?post_type=product&#038;p=871"},"modified":"2025-04-28T09:36:32","modified_gmt":"2025-04-28T09:36:32","slug":"bangking-disposable-vape-with-screen","status":"publish","type":"product","link":"https:\/\/vapesaler.com\/fr\/produit\/bangking-vape-jetable-avec-ecran","title":{"rendered":"BangKing Vape jetable avec \u00e9cran 36000 bouff\u00e9es"},"content":{"rendered":"<p>Le BangKing Disposable vape With Screen 36000 Puffs avec Zodiac Star Sign Design, le design du bouton tactile est \u00e9galement plein de technologie dans le design global.<\/p>\n<p>Il a une capacit\u00e9 de 30ml de liquide, une capacit\u00e9 de batterie de 650mha, un r\u00e9glage de l'airflow et le r\u00e9glage de l'airflow est possible gr\u00e2ce au bouton poussoir situ\u00e9 en bas de l'appareil.<\/p>\n<p id=\"brxe-sultlx\" class=\"brxe-product-title singal-product-title\">Le BangKing Constellation a 36 000 bouff\u00e9es, 12 saveurs qui durent une semaine de vapotage, profitez de la technologie et exp\u00e9rimentez 12 saveurs de fruits \u00e9tonnantes en m\u00eame temps. C'est le choix pr\u00e9f\u00e9r\u00e9 de la plupart des consommateurs<\/p>\n<h2><strong>BangKing Vape jetable avec \u00e9cran 36000 bouff\u00e9es D\u00e9tails rapides<\/strong><\/h2>\n<p><img decoding=\"async\" class=\"wp-image-885 alignright\" title=\"Vape jetable avec \u00e9cran 36000 bouff\u00e9es\" src=\"https:\/\/vapesaler.com\/wp-content\/uploads\/2025\/04\/Disposable-vape-with-screen-36000-Puffs-300x300.jpg\" alt=\"Vape jetable avec \u00e9cran 36000 bouff\u00e9es\" width=\"500\" height=\"500\" srcset=\"https:\/\/vapesaler.com\/wp-content\/uploads\/2025\/04\/Disposable-vape-with-screen-36000-Puffs-300x300.jpg 300w, https:\/\/vapesaler.com\/wp-content\/uploads\/2025\/04\/Disposable-vape-with-screen-36000-Puffs-150x150.jpg 150w, https:\/\/vapesaler.com\/wp-content\/uploads\/2025\/04\/Disposable-vape-with-screen-36000-Puffs-768x768.jpg 768w, https:\/\/vapesaler.com\/wp-content\/uploads\/2025\/04\/Disposable-vape-with-screen-36000-Puffs-12x12.jpg 12w, https:\/\/vapesaler.com\/wp-content\/uploads\/2025\/04\/Disposable-vape-with-screen-36000-Puffs-510x510.jpg 510w, https:\/\/vapesaler.com\/wp-content\/uploads\/2025\/04\/Disposable-vape-with-screen-36000-Puffs-100x100.jpg 100w, https:\/\/vapesaler.com\/wp-content\/uploads\/2025\/04\/Disposable-vape-with-screen-36000-Puffs.jpg 800w\" sizes=\"(max-width: 500px) 100vw, 500px\" \/><\/p>\n<ul>\n<li>Puffs : 28000<\/li>\n<li>Capacit\u00e9 de la batterie : 650mAh<\/li>\n<li>Volume de l'e-liquide : 30ml<\/li>\n<li>Teneur en nicotine : 0\/20\/50mg<\/li>\n<li>Emballage : 10 pi\u00e8ces dans 1 bo\u00eete de pr\u00e9sentation<\/li>\n<li>Type C Rechargeable<\/li>\n<li>Affichage de la charge et de l'e-liquide<\/li>\n<li>R\u00e9sistance du fil chauffant : 1,0Q maille de l'\u00e2me<\/li>\n<li>bouton tactile\/commande de puissance<\/li>\n<li>Dessin du signe astrologique du zodiaque<\/li>\n<\/ul>\n<h2><strong>Liste des ar\u00f4mes<\/strong><\/h2>\n<ol>\n<li>Glace Blue Razz<\/li>\n<li>Past\u00e8que \u00e0 la fraise<\/li>\n<li>Glace \u00e0 la past\u00e8que<\/li>\n<li>Fraise et banane<\/li>\n<li>Fruits tropicaux<\/li>\n<li>Glace aux trois baies<\/li>\n<li>Glace \u00e0 la p\u00eache juteuse<\/li>\n<li>Fraise Kiwi<\/li>\n<li>P\u00eache Mangue Past\u00e8que<\/li>\n<li>Kiwi Fruit de la passion Goyave<\/li>\n<li>Glace de raisin<\/li>\n<li>M. Bleu<\/li>\n<\/ol>\n<h2><strong>Contenu de l'emballage<\/strong><\/h2>\n<ul>\n<li>10 pi\u00e8ces \/ bo\u00eete moyenne.<\/li>\n<li>100 pcs\/carton<\/li>\n<\/ul>","protected":false},"excerpt":{"rendered":"<p>The BangKing Disposable vape With Screen 36000 Puffs with Zodiac Star Sign Design, the touch button design is also full of technology in the overall design. It has 30ml Liquid capacity, Battery 650mha capacity, airflow adjustment and airflow adjustment is possible through the push button at the bottom. The BangKing Constellation has 36,000puffs, 12 flavors [&#8230;]\n","protected":false},"featured_media":872,"comment_status":"open","ping_status":"closed","template":"","meta":{"om_disable_all_campaigns":false},"product_brand":[36],"product_cat":[34],"product_tag":[84,50,138],"class_list":{"0":"post-871","1":"product","2":"type-product","3":"status-publish","4":"has-post-thumbnail","6":"product_brand-bangking","7":"product_cat-full-screen","8":"product_tag-36000puffs","9":"product_tag-disposable-vape","10":"product_tag-touch-button","11":"pa_flavor-blue-razz-ice","12":"pa_flavor-grape-ice","13":"pa_flavor-juicy-peach-ice","14":"pa_flavor-kiwi-passion-fruit-guava","15":"pa_flavor-mr-blue","16":"pa_flavor-peach-mango-watermelon","17":"pa_flavor-strawberry-banana","18":"pa_flavor-strawberry-kiwi","19":"pa_flavor-strawberry-watermelon","20":"pa_flavor-triple-berry-ice","21":"pa_flavor-tropical-fruit","22":"pa_flavor-watermelon-ice","23":"pa_nicotine-0mg","24":"pa_nicotine-20mg","25":"pa_nicotine-50mg","26":"pa_puffs-36000-puffs","28":"first","29":"instock","30":"shipping-taxable","31":"purchasable","32":"product-type-variable"},"aioseo_notices":[],"_links":{"self":[{"href":"https:\/\/vapesaler.com\/fr\/wp-json\/wp\/v2\/product\/871","targetHints":{"allow":["GET"]}}],"collection":[{"href":"https:\/\/vapesaler.com\/fr\/wp-json\/wp\/v2\/product"}],"about":[{"href":"https:\/\/vapesaler.com\/fr\/wp-json\/wp\/v2\/types\/product"}],"replies":[{"embeddable":true,"href":"https:\/\/vapesaler.com\/fr\/wp-json\/wp\/v2\/comments?post=871"}],"wp:featuredmedia":[{"embeddable":true,"href":"https:\/\/vapesaler.com\/fr\/wp-json\/wp\/v2\/media\/872"}],"wp:attachment":[{"href":"https:\/\/vapesaler.com\/fr\/wp-json\/wp\/v2\/media?parent=871"}],"wp:term":[{"taxonomy":"product_brand","embeddable":true,"href":"https:\/\/vapesaler.com\/fr\/wp-json\/wp\/v2\/product_brand?post=871"},{"taxonomy":"product_cat","embeddable":true,"href":"https:\/\/vapesaler.com\/fr\/wp-json\/wp\/v2\/product_cat?post=871"},{"taxonomy":"product_tag","embeddable":true,"href":"https:\/\/vapesaler.com\/fr\/wp-json\/wp\/v2\/product_tag?post=871"}],"curies":[{"name":"wp","href":"https:\/\/api.w.org\/{rel}","templated":true}]}}