{"id":821,"date":"2025-04-10T03:19:14","date_gmt":"2025-04-10T03:19:14","guid":{"rendered":"https:\/\/vapesaler.com\/?post_type=product&#038;p=821"},"modified":"2025-04-28T09:36:21","modified_gmt":"2025-04-28T09:36:21","slug":"bang-tornado-dtl-40000","status":"publish","type":"product","link":"https:\/\/vapesaler.com\/fr\/produit\/bang-tornado-dtl-40000","title":{"rendered":"Bang Tornado DTL 40000 Puffs Jetable vape"},"content":{"rendered":"<p>Le Bang Tornado DTL 40000 Puffs Disposable vape est un inhalateur DTL (Direct To Lung) et MTL (Mouth To Lung) avec un fond qui peut \u00eatre commut\u00e9 par le bouton poussoir de r\u00e9glage du flux d'air. Il est \u00e9galement dot\u00e9 d'une s\u00e9curit\u00e9 enfant. Il est tr\u00e8s puissant et complet avec trois noyaux mesh 1.0 Omega qui fournissent une quantit\u00e9 de fum\u00e9e puissante. C'est un tr\u00e8s bon choix pour les clients qui aiment la sensation du narguil\u00e9.<br \/>\nEn m\u00eame temps, il a une apparence tr\u00e8s exquise, la partie sup\u00e9rieure de la coquille transparente en cristal d'\u00e9l\u00e9phant, la partie inf\u00e9rieure de l'\u00e9cran LED, fournissant des E-liquides et l'affichage de l'\u00e9tat de l'utilisation de l'\u00e9nergie. Batterie de grande capacit\u00e9 850mAh, capacit\u00e9 40Ml et 3 mesh core haute puissance. Il peut fournir une grande fum\u00e9e en m\u00eame temps qu'une utilisation de longue dur\u00e9e !<\/p>\n<h2><strong>Bang Tornado DTL 40000 Puffs Disposable vape Quick Details<\/strong><\/h2>\n<p><img decoding=\"async\" class=\"wp-image-848 alignright\" title=\"bang tornado DTL 40k Puffs\" src=\"https:\/\/vapesaler.com\/wp-content\/uploads\/2025\/04\/bang-tornado-DTL-40k-Puffs-300x300.jpg\" alt=\"bang tornado DTL 40k Puffs\" width=\"500\" height=\"500\" srcset=\"https:\/\/vapesaler.com\/wp-content\/uploads\/2025\/04\/bang-tornado-DTL-40k-Puffs-300x300.jpg 300w, https:\/\/vapesaler.com\/wp-content\/uploads\/2025\/04\/bang-tornado-DTL-40k-Puffs-150x150.jpg 150w, https:\/\/vapesaler.com\/wp-content\/uploads\/2025\/04\/bang-tornado-DTL-40k-Puffs-768x768.jpg 768w, https:\/\/vapesaler.com\/wp-content\/uploads\/2025\/04\/bang-tornado-DTL-40k-Puffs-12x12.jpg 12w, https:\/\/vapesaler.com\/wp-content\/uploads\/2025\/04\/bang-tornado-DTL-40k-Puffs-510x510.jpg 510w, https:\/\/vapesaler.com\/wp-content\/uploads\/2025\/04\/bang-tornado-DTL-40k-Puffs-100x100.jpg 100w, https:\/\/vapesaler.com\/wp-content\/uploads\/2025\/04\/bang-tornado-DTL-40k-Puffs.jpg 1000w\" sizes=\"(max-width: 500px) 100vw, 500px\" \/><\/p>\n<ul>\n<li>Puffs : 40000<\/li>\n<li>Capacit\u00e9 de la batterie : 850mAh<\/li>\n<li>Volume d'e-liquide : 40ML<\/li>\n<li>Teneur en nicotine : 0\/20\/50mg<\/li>\n<li>Emballage : 10 pi\u00e8ces dans 1 bo\u00eete de pr\u00e9sentation<\/li>\n<li>\u00c9cran d'affichage \u00e0 diodes \u00e9lectroluminescentes<\/li>\n<li>\n<div>Type C Rechargeable<\/div>\n<\/li>\n<li>\n<div>Affichage de la charge et de l'e-liquide<\/div>\n<\/li>\n<li>R\u00e9sistance du fil chauffant : Trois noyaux de maille de 1,0 Q<\/li>\n<li>Faction : R\u00e9glage du flux d'air \/ DTL\/MTL<\/li>\n<\/ul>\n<h2><strong>Liste des ar\u00f4mes<\/strong><\/h2>\n<ol>\n<li><strong>Glace \u00e0 la p\u00eache<\/strong><\/li>\n<li><strong>Amour 66<\/strong><\/li>\n<li><strong>Triple baie<\/strong><\/li>\n<li><strong>Myrtille Citron<\/strong><\/li>\n<li><strong>Boisson Enereg<\/strong><\/li>\n<li><strong>Double pomme<\/strong><\/li>\n<li><strong>Mangue P\u00eache<\/strong><\/li>\n<li><strong>Myrtille Raisin<\/strong><\/li>\n<li><strong>Past\u00e8que \u00e0 la fraise<\/strong><\/li>\n<li><strong>Myrtille Framboise<\/strong><\/li>\n<li><strong>Past\u00e8que<\/strong><\/li>\n<li><strong>Fraise Kiwi<\/strong><\/li>\n<\/ol>\n<h2><strong>Contenu de l'emballage<\/strong><\/h2>\n<ul>\n<li>10 pi\u00e8ces \/ bo\u00eete moyenne.<\/li>\n<li>100 pcs\/carton<\/li>\n<li>14kg\/ carton<\/li>\n<\/ul>","protected":false},"excerpt":{"rendered":"<p>The Bang Tornado DTL 40000 Puffs Disposable vape is a DTL (Direct To Lung) and MTL(Mouth To Lung) vape\u00a0inhaler with a bottom that can be switched by the airflow adjustment push knob. It is also a child lock. It is very powerful and comprehensive with three mesh 1.0 Omega cores that provide a powerful amount [&#8230;]\n","protected":false},"featured_media":822,"comment_status":"open","ping_status":"closed","template":"","meta":{"om_disable_all_campaigns":false},"product_brand":[81],"product_cat":[15],"product_tag":[],"class_list":{"0":"post-821","1":"product","2":"type-product","3":"status-publish","4":"has-post-thumbnail","6":"product_brand-bang","7":"product_cat-disposables","8":"pa_flavor-blueberry-grape","9":"pa_flavor-blueberry-lemonade","10":"pa_flavor-blueberry-raspberry","11":"pa_flavor-double-apple","12":"pa_flavor-enereg-drink","13":"pa_flavor-love-66","14":"pa_flavor-mango-peach","15":"pa_flavor-peach-ice","16":"pa_flavor-strawberry-kiwi","17":"pa_flavor-strawberry-watermelon","18":"pa_flavor-triple-berry","19":"pa_flavor-watermelon","20":"pa_nicotine-20mg","21":"pa_nicotine-50mg","22":"pa_puffs-40000-puffs","24":"first","25":"instock","26":"shipping-taxable","27":"purchasable","28":"product-type-variable"},"aioseo_notices":[],"_links":{"self":[{"href":"https:\/\/vapesaler.com\/fr\/wp-json\/wp\/v2\/product\/821","targetHints":{"allow":["GET"]}}],"collection":[{"href":"https:\/\/vapesaler.com\/fr\/wp-json\/wp\/v2\/product"}],"about":[{"href":"https:\/\/vapesaler.com\/fr\/wp-json\/wp\/v2\/types\/product"}],"replies":[{"embeddable":true,"href":"https:\/\/vapesaler.com\/fr\/wp-json\/wp\/v2\/comments?post=821"}],"wp:featuredmedia":[{"embeddable":true,"href":"https:\/\/vapesaler.com\/fr\/wp-json\/wp\/v2\/media\/822"}],"wp:attachment":[{"href":"https:\/\/vapesaler.com\/fr\/wp-json\/wp\/v2\/media?parent=821"}],"wp:term":[{"taxonomy":"product_brand","embeddable":true,"href":"https:\/\/vapesaler.com\/fr\/wp-json\/wp\/v2\/product_brand?post=821"},{"taxonomy":"product_cat","embeddable":true,"href":"https:\/\/vapesaler.com\/fr\/wp-json\/wp\/v2\/product_cat?post=821"},{"taxonomy":"product_tag","embeddable":true,"href":"https:\/\/vapesaler.com\/fr\/wp-json\/wp\/v2\/product_tag?post=821"}],"curies":[{"name":"wp","href":"https:\/\/api.w.org\/{rel}","templated":true}]}}