{"id":658,"date":"2025-03-31T10:49:11","date_gmt":"2025-03-31T10:49:11","guid":{"rendered":"https:\/\/vapesaler.com\/?post_type=product&#038;p=658"},"modified":"2025-04-28T09:25:54","modified_gmt":"2025-04-28T09:25:54","slug":"bood-pulese-vape-50k-puffs-dual-mesh","status":"publish","type":"product","link":"https:\/\/vapesaler.com\/fr\/produit\/bood-pulese-vape-50k-puffs-dual-mesh","title":{"rendered":"Bood Pulese Vape 50k Puffs Dual mesh"},"content":{"rendered":"<p>Ce Bood Pulese Vape 50k Puffs est une machine phare d\u00e9velopp\u00e9e par Bood. Un design minimaliste, une fonctionnalit\u00e9 compl\u00e8te et des saveurs fra\u00eeches. Elle est con\u00e7ue avec des lignes douces pour offrir une prise en main tr\u00e8s confortable. Il est important de noter qu'il a une capacit\u00e9 de 38 ml, qu'il peut supporter 50 000 bouff\u00e9es et qu'il est dot\u00e9 d'une double modulation mesh core. Une m\u00e8che permet une utilisation prolong\u00e9e, et deux m\u00e8ches permettent de doubler la quantit\u00e9 de fum\u00e9e et d'obtenir un go\u00fbt plus intense.<\/p>\n<p>Ce produit adopte \u00e9galement un design plein \u00e9cran avec un effet d'\u00e9cran \u00e9l\u00e9gant et magnifique, qui permet \u00e9galement aux clients de garder un \u0153il sur la capacit\u00e9 et la puissance restantes du produit. Le produit a un total de 10 saveurs, et son go\u00fbt est tr\u00e8s frais, appr\u00e9ciant la douceur et la sensation d'agitation dans la gorge sans cr\u00e9er de sensations d\u00e9sagr\u00e9ables. Il s'agit d'un produit recommand\u00e9.<\/p>\n<h2><strong>Bood Pulese Vape 50k Puffs D\u00e9tails rapides<\/strong><\/h2>\n<ul>\n<li>Puffs : 36000 Puffs<\/li>\n<li>Capacit\u00e9 de la batterie : 850mAh<\/li>\n<li>Volume d'e-liquide : 38ml<\/li>\n<li>Teneur en nicotine : 0\/20\/50mg<\/li>\n<li>Emballage : 10 pi\u00e8ces dans 1 bo\u00eete moyenne<\/li>\n<li>Affichage plein \u00e9cran \u00e0 diodes \u00e9lectroluminescentes (DEL)<\/li>\n<li>\n<div>Type C Rechargeable<\/div>\n<\/li>\n<li>Trois niveaux de puissance et commande tactile<\/li>\n<li>\n<div>Affichage de la charge et de l'e-liquide<\/div>\n<\/li>\n<li>R\u00e9sistance du fil chauffant : double noyau de maille 1.0Q<\/li>\n<li>Taille\uff1a54*38.5*27cm<\/li>\n<\/ul>\n<h2><strong>Liste des ar\u00f4mes<\/strong><\/h2>\n<ol>\n<li>MELON PIN POMME ORANGE<\/li>\n<li>MYRTILLE FRAMBOISE ACIDUL\u00c9E<\/li>\n<li>PAST\u00c8QUE KIWI<\/li>\n<li>MYRTILLE PAST\u00c8QUE<\/li>\n<li>GLACE AUX BAIES NOIRES<\/li>\n<li>TRIPLE MELON<\/li>\n<li>GLACE \u00c0 LA FRAMBOISE<\/li>\n<li>GLACE \u00c0 LA FRAISE ET \u00c0 LA PAST\u00c8QUE<\/li>\n<li>DOUBLE LIMONADE<\/li>\n<li>RAISIN CANNEBERGE MYRTILLE FRAMBOISE<\/li>\n<\/ol>\n<h2><strong>Contenu de l'emballage<\/strong><\/h2>\n<ul>\n<li>10 pi\u00e8ces \/ bo\u00eete moyenne.<\/li>\n<li>180 pcs\/carton<\/li>\n<li>22.5kg\/180pcs<\/li>\n<\/ul>\n<p><img decoding=\"async\" class=\"wp-image-673 size-full\" title=\"Bood Pulese Vape 50k Puffs Jetable\" src=\"https:\/\/vapesaler.com\/wp-content\/uploads\/2025\/03\/Bood-Pulese-Vape-50k-Puffs-Disposable.jpg\" alt=\"Bood Pulese Vape 50k Puffs Jetable\" width=\"1200\" height=\"400\" srcset=\"https:\/\/vapesaler.com\/wp-content\/uploads\/2025\/03\/Bood-Pulese-Vape-50k-Puffs-Disposable.jpg 1200w, https:\/\/vapesaler.com\/wp-content\/uploads\/2025\/03\/Bood-Pulese-Vape-50k-Puffs-Disposable-300x100.jpg 300w, https:\/\/vapesaler.com\/wp-content\/uploads\/2025\/03\/Bood-Pulese-Vape-50k-Puffs-Disposable-1024x341.jpg 1024w, https:\/\/vapesaler.com\/wp-content\/uploads\/2025\/03\/Bood-Pulese-Vape-50k-Puffs-Disposable-768x256.jpg 768w, https:\/\/vapesaler.com\/wp-content\/uploads\/2025\/03\/Bood-Pulese-Vape-50k-Puffs-Disposable-510x170.jpg 510w\" sizes=\"(max-width: 1200px) 100vw, 1200px\" \/><\/p>","protected":false},"excerpt":{"rendered":"<p>This Bood Pulese Vape 50k Puffs is a flagship machine developed by Bood. Minimalist design, full functionality and fresh flavours. And It is designed with smooth lines to deliver a very comfortable hand grip. Importantly it has a 38ml capacity, can support 50,000 puffs and features a dual mesh core modulation.It can support one core [&#8230;]\n","protected":false},"featured_media":659,"comment_status":"open","ping_status":"closed","template":"","meta":{"om_disable_all_campaigns":false},"product_brand":[49],"product_cat":[34],"product_tag":[78,50,104],"class_list":{"0":"post-658","1":"product","2":"type-product","3":"status-publish","4":"has-post-thumbnail","6":"product_brand-bood","7":"product_cat-full-screen","8":"product_tag-50000puffs","9":"product_tag-disposable-vape","10":"product_tag-dual-mesh","11":"pa_flavor-blackberry-ice","12":"pa_flavor-blueberry-sour-raspberry","13":"pa_flavor-blueberry-watermelon","14":"pa_flavor-double-lemonade","15":"pa_flavor-grape-cranberry-blueberry-raspberry","16":"pa_flavor-melon-pine-apple-orange","17":"pa_flavor-strawberry-ice","18":"pa_flavor-strawberry-watermelon-ice","19":"pa_flavor-triple-melon","20":"pa_flavor-watermelon-kiwi","21":"pa_nicotine-0mg","22":"pa_nicotine-20mg","23":"pa_nicotine-50mg","24":"pa_puffs-50000-puffs","26":"first","27":"instock","28":"shipping-taxable","29":"purchasable","30":"product-type-variable"},"aioseo_notices":[],"_links":{"self":[{"href":"https:\/\/vapesaler.com\/fr\/wp-json\/wp\/v2\/product\/658","targetHints":{"allow":["GET"]}}],"collection":[{"href":"https:\/\/vapesaler.com\/fr\/wp-json\/wp\/v2\/product"}],"about":[{"href":"https:\/\/vapesaler.com\/fr\/wp-json\/wp\/v2\/types\/product"}],"replies":[{"embeddable":true,"href":"https:\/\/vapesaler.com\/fr\/wp-json\/wp\/v2\/comments?post=658"}],"wp:featuredmedia":[{"embeddable":true,"href":"https:\/\/vapesaler.com\/fr\/wp-json\/wp\/v2\/media\/659"}],"wp:attachment":[{"href":"https:\/\/vapesaler.com\/fr\/wp-json\/wp\/v2\/media?parent=658"}],"wp:term":[{"taxonomy":"product_brand","embeddable":true,"href":"https:\/\/vapesaler.com\/fr\/wp-json\/wp\/v2\/product_brand?post=658"},{"taxonomy":"product_cat","embeddable":true,"href":"https:\/\/vapesaler.com\/fr\/wp-json\/wp\/v2\/product_cat?post=658"},{"taxonomy":"product_tag","embeddable":true,"href":"https:\/\/vapesaler.com\/fr\/wp-json\/wp\/v2\/product_tag?post=658"}],"curies":[{"name":"wp","href":"https:\/\/api.w.org\/{rel}","templated":true}]}}