{"id":1474,"date":"2025-05-20T10:36:03","date_gmt":"2025-05-20T10:36:03","guid":{"rendered":"https:\/\/vapesaler.com\/?post_type=product&#038;p=1474"},"modified":"2025-05-20T10:44:16","modified_gmt":"2025-05-20T10:44:16","slug":"vopk-ultra-40k-puffs-40000-double-flavors-disposable-vape","status":"publish","type":"product","link":"https:\/\/vapesaler.com\/fr\/produit\/vopk-ultra-40k-puffs-40000-double-flavors-jetable-vape","title":{"rendered":"VOPK ULTRA 40K Puffs 40000 Double Flavors Vape jetable"},"content":{"rendered":"<div><strong>La VOPK ULTRA 40K Puffs 40000 Double Flavors Vape jetable<\/strong> est un dispositif de vapotage jetable tr\u00e8s polyvalent.<\/div>\n<div>Sur le plan fonctionnel, il s'agit d'un<strong> Dispositif 2 en 1<\/strong> qui vous permet de passer facilement d'un ar\u00f4me \u00e0 l'autre en basculant l'embout vers la gauche ou vers la droite. De plus, chaque ar\u00f4me est \u00e9quip\u00e9 d'une bobine \u00e0 double maille qui permet de passer d'un mode de fonctionnement \u00e0 l'autre \u00e0 l'aide d'un bouton situ\u00e9 sur le c\u00f4t\u00e9. Ainsi, les clients peuvent b\u00e9n\u00e9ficier d'une fum\u00e9e puissante et d'une saveur plus prononc\u00e9e.<\/div>\n<div>C\u00f4t\u00e9 performances, il est \u00e9quip\u00e9 d'une batterie haute capacit\u00e9 de 650mAh et d'un port de charge rapide Type-C. Une capacit\u00e9 de 36ml de liquide de vape permet au produit d'avoir 40.000 bouff\u00e9es, ce qui peut durer plus longtemps !<\/div>\n<div>En termes de design ext\u00e9rieur, il est dot\u00e9 d'un \u00e9cran LED complet, qui vous permet d'observer la quantit\u00e9 de liquide dans chaque ar\u00f4me individuellement. L'\u00e9cran LED peut indiquer le niveau de puissance et le changement de mode. Il est livr\u00e9 avec un motif d'homme de l'espace qui s'allume pendant l'utilisation. Plein de sens de la technologie.<\/div>\n<div>En termes de saveur, VOPK ULTRA 40K, le choix de multiples saveurs de fruits composites, de sorte que la bouche profite de l'exp\u00e9rience ultime, une vari\u00e9t\u00e9 de saveurs de fruits frais sucr\u00e9s avec la fum\u00e9e pour remplir la bouche, qu'il s'agisse d'un fumeur qui a arr\u00eat\u00e9 de fumer ou d'un joueur chevronn\u00e9, c'est un tr\u00e8s bon choix.<\/div>\n<h2><strong>La VOPK ULTRA 40K Puffs 40000 Double Flavors Vape jetable Quick Details<\/strong><\/h2>\n<figure id=\"attachment_1496\" aria-describedby=\"caption-attachment-1496\" style=\"width: 600px\" class=\"wp-caption alignright\"><img decoding=\"async\" class=\"wp-image-1496\" title=\"VOPK ULTRA 40000 Puffs Double Flavors Vape jetable\" src=\"https:\/\/vapesaler.com\/wp-content\/uploads\/2025\/05\/VOPK-ULTRA-40000-Puffs-Double-Flavors-Disposable-Vape-148x300.jpg\" alt=\"VOPK ULTRA 40000 Puffs Double Flavors Vape jetable\" width=\"600\" height=\"1213\" srcset=\"https:\/\/vapesaler.com\/wp-content\/uploads\/2025\/05\/VOPK-ULTRA-40000-Puffs-Double-Flavors-Disposable-Vape-148x300.jpg 148w, https:\/\/vapesaler.com\/wp-content\/uploads\/2025\/05\/VOPK-ULTRA-40000-Puffs-Double-Flavors-Disposable-Vape-507x1024.jpg 507w, https:\/\/vapesaler.com\/wp-content\/uploads\/2025\/05\/VOPK-ULTRA-40000-Puffs-Double-Flavors-Disposable-Vape-768x1552.jpg 768w, https:\/\/vapesaler.com\/wp-content\/uploads\/2025\/05\/VOPK-ULTRA-40000-Puffs-Double-Flavors-Disposable-Vape-760x1536.jpg 760w, https:\/\/vapesaler.com\/wp-content\/uploads\/2025\/05\/VOPK-ULTRA-40000-Puffs-Double-Flavors-Disposable-Vape-6x12.jpg 6w, https:\/\/vapesaler.com\/wp-content\/uploads\/2025\/05\/VOPK-ULTRA-40000-Puffs-Double-Flavors-Disposable-Vape-510x1031.jpg 510w, https:\/\/vapesaler.com\/wp-content\/uploads\/2025\/05\/VOPK-ULTRA-40000-Puffs-Double-Flavors-Disposable-Vape.jpg 1000w\" sizes=\"(max-width: 600px) 100vw, 600px\" \/><figcaption id=\"caption-attachment-1496\" class=\"wp-caption-text\">VOPK ULTRA 40000 Puffs Double Flavors Vape jetable<\/figcaption><\/figure>\n<ul>\n<li>Bouff\u00e9es : Jusqu'\u00e0 40000 bouff\u00e9es<\/li>\n<li>Nicotine:2%\/5%<\/li>\n<li>Bobine \u00e0 quatre mailles : <strong>\u00a0<\/strong>1 ohm \/ 0.5 ohm\uff08 Noyaux chauffants commutables pour chaque ar\u00f4me )<\/li>\n<li>E-liquide:36ml<\/li>\n<li>Batterie : 650mah<\/li>\n<li>Rechargeable:Type-C<\/li>\n<li>L'\u00e9cran LED intelligent indique l'autonomie de la batterie et les niveaux d'e-liquide<\/li>\n<li>Double saveur<\/li>\n<li>Dispositif de s\u00e9curit\u00e9 pour les enfants<\/li>\n<li>Modes de tirage simple et double<\/li>\n<li>10 saveurs au choix<\/li>\n<\/ul>\n<h2><strong>Liste des ar\u00f4mes<\/strong><\/h2>\n<ol>\n<li>Fraise Past\u00e8que &amp; Kiwi Fruit de la passion Goyave<\/li>\n<li>Myrtille Framboise &amp; Mangue P\u00eache Past\u00e8que<\/li>\n<li>Ours en gomme Blue Razz &amp; Fraise Kiwi<\/li>\n<li>Bleu Razz Cerise &amp; Fraise Framboise<\/li>\n<li>P\u00e9tillant citron-citron vert et past\u00e8que \u00e0 la menthe fra\u00eeche<\/li>\n<li>Glace past\u00e8que et glace bleue<\/li>\n<li>Ananas et mangue triple Blue Razz<\/li>\n<li>\u00c9clat de baies de raisin et poire-pomme-framboise<\/li>\n<li>Fraise, canneberge, cerise et ananas, passion et citron vert<\/li>\n<li>Menthol fraise myrtille &amp; Menthol framboise myrtille<\/li>\n<\/ol>\n<h2><strong>Contenu de l'emballage<\/strong><\/h2>\n<ul>\n<li>10 pi\u00e8ces \/ bo\u00eete moyenne.<\/li>\n<li>16 bo\u00eetes moyennes \/ carton<\/li>\n<li>160 pcs\/carton<\/li>\n<\/ul>\n<figure id=\"attachment_1497\" aria-describedby=\"caption-attachment-1497\" style=\"width: 1024px\" class=\"wp-caption aligncenter\"><img decoding=\"async\" class=\"wp-image-1497 size-full\" title=\"VOPK ULTRA 40000 Puff Double Flavors Vape jetable\" src=\"https:\/\/vapesaler.com\/wp-content\/uploads\/2025\/05\/VOPK-ULTRA-40000-Puff-Double-Flavors-Disposable-Vape.jpg\" alt=\"VOPK ULTRA 40000 Puff Double Flavors Vape jetable\" width=\"1024\" height=\"996\" srcset=\"https:\/\/vapesaler.com\/wp-content\/uploads\/2025\/05\/VOPK-ULTRA-40000-Puff-Double-Flavors-Disposable-Vape.jpg 1024w, https:\/\/vapesaler.com\/wp-content\/uploads\/2025\/05\/VOPK-ULTRA-40000-Puff-Double-Flavors-Disposable-Vape-300x292.jpg 300w, https:\/\/vapesaler.com\/wp-content\/uploads\/2025\/05\/VOPK-ULTRA-40000-Puff-Double-Flavors-Disposable-Vape-768x747.jpg 768w, https:\/\/vapesaler.com\/wp-content\/uploads\/2025\/05\/VOPK-ULTRA-40000-Puff-Double-Flavors-Disposable-Vape-12x12.jpg 12w, https:\/\/vapesaler.com\/wp-content\/uploads\/2025\/05\/VOPK-ULTRA-40000-Puff-Double-Flavors-Disposable-Vape-510x496.jpg 510w\" sizes=\"(max-width: 1024px) 100vw, 1024px\" \/><figcaption id=\"caption-attachment-1497\" class=\"wp-caption-text\">VOPK ULTRA 40000 Puff Double Flavors Vape jetable<\/figcaption><\/figure>","protected":false},"excerpt":{"rendered":"<p>The VOPK ULTRA 40K Puffs 40000 Double Flavors Disposable Vape is a very versatile disposable vaping device. Functionally, it is a 2 in 1 device that allows you to easily switch between flavors by toggling the mouthpiece left and right. Also, each flavor is equipped with a dual mesh coil that allows you to switch [&#8230;]\n","protected":false},"featured_media":1480,"comment_status":"open","ping_status":"closed","template":"","meta":{"om_disable_all_campaigns":false},"product_brand":[293],"product_cat":[105],"product_tag":[119,50,79,104,292],"class_list":{"0":"post-1474","1":"product","2":"type-product","3":"status-publish","4":"has-post-thumbnail","6":"product_brand-vopk","7":"product_cat-dual-flavour","8":"product_tag-40000puffs","9":"product_tag-disposable-vape","10":"product_tag-dual-favour","11":"product_tag-dual-mesh","12":"product_tag-led-display","13":"pa_flavor-blue-razz-cherry-strawberry-raspberry","14":"pa_flavor-blue-razz-gummy-bear-strawberry-kiwi","15":"pa_flavor-blue-razz-pineapple-triple-mango","16":"pa_flavor-blueberry-raspberry-peach-mango-watermelon","17":"pa_flavor-blueberry-strawberry-menthol-blueberry-raspberry-menthol","18":"pa_flavor-fizzy-lemon-lime-watermelon-fresh-mint","19":"pa_flavor-grape-berry-burst-pear-apple-raspberry","20":"pa_flavor-strawberry-cranberry-cherry-pineapple-passion-lime","21":"pa_flavor-strawberry-watermelon-kiwi-passion-fruit-guava-2","22":"pa_flavor-watermelon-ice-blue-razz-ice","23":"pa_nicotine-20mg","24":"pa_nicotine-50mg","25":"pa_puffs-40000-puffs","27":"first","28":"instock","29":"shipping-taxable","30":"purchasable","31":"product-type-variable"},"aioseo_notices":[],"_links":{"self":[{"href":"https:\/\/vapesaler.com\/fr\/wp-json\/wp\/v2\/product\/1474","targetHints":{"allow":["GET"]}}],"collection":[{"href":"https:\/\/vapesaler.com\/fr\/wp-json\/wp\/v2\/product"}],"about":[{"href":"https:\/\/vapesaler.com\/fr\/wp-json\/wp\/v2\/types\/product"}],"replies":[{"embeddable":true,"href":"https:\/\/vapesaler.com\/fr\/wp-json\/wp\/v2\/comments?post=1474"}],"wp:featuredmedia":[{"embeddable":true,"href":"https:\/\/vapesaler.com\/fr\/wp-json\/wp\/v2\/media\/1480"}],"wp:attachment":[{"href":"https:\/\/vapesaler.com\/fr\/wp-json\/wp\/v2\/media?parent=1474"}],"wp:term":[{"taxonomy":"product_brand","embeddable":true,"href":"https:\/\/vapesaler.com\/fr\/wp-json\/wp\/v2\/product_brand?post=1474"},{"taxonomy":"product_cat","embeddable":true,"href":"https:\/\/vapesaler.com\/fr\/wp-json\/wp\/v2\/product_cat?post=1474"},{"taxonomy":"product_tag","embeddable":true,"href":"https:\/\/vapesaler.com\/fr\/wp-json\/wp\/v2\/product_tag?post=1474"}],"curies":[{"name":"wp","href":"https:\/\/api.w.org\/{rel}","templated":true}]}}