{"id":1449,"date":"2025-05-19T10:19:19","date_gmt":"2025-05-19T10:19:19","guid":{"rendered":"https:\/\/vapesaler.com\/?post_type=product&#038;p=1449"},"modified":"2025-05-19T10:36:40","modified_gmt":"2025-05-19T10:36:40","slug":"vopk-tripe-favors-60000-puffs-3-in-1-disposable-vape","status":"publish","type":"product","link":"https:\/\/vapesaler.com\/fr\/produit\/vopk-tripe-favors-60000-puffs-3-in-1-disposable-vape","title":{"rendered":"VOPK Tripe Favors 60000 Puffs 3 in 1 Disposable vape"},"content":{"rendered":"<div>Le VOPK Tripe Favors 60000 Puffs 3 in 1 Disposable Vape est un vaporisateur jetable 3 en 1 de la marque renomm\u00e9e VOPK. Il pr\u00e9sente un design extraordinaire qui combine d\u00e9licieusement trois saveurs en un seul appareil.<\/div>\n<div>La performance est tr\u00e8s forte avec trois compartiments de vape de 18 ml pour un total de 54 ml, ce qui permet \u00e0 l'ensemble du produit d'atteindre 60 000 bouff\u00e9es. Les trois noyaux de 0,9 ohm donnent \u00e9galement au produit une saveur et une fum\u00e9e tr\u00e8s riches et compl\u00e8tes.<\/div>\n<div>La batterie est une batterie de haute capacit\u00e9 et de haute qualit\u00e9 de 650mAh, avec un port de charge rapide de type C, un \u00e9cran LED cach\u00e9 et une coque en m\u00e9tal. La capacit\u00e9 de chaque compartiment \u00e0 liquide peut \u00eatre affich\u00e9e individuellement. Ces d\u00e9tails offrent aux clients une exp\u00e9rience extraordinaire.<\/div>\n<div>La conception de l'ar\u00f4me est une vari\u00e9t\u00e9 d'ar\u00f4mes de fruits composites, un ar\u00f4me naturel riche en fruits, une sensation de go\u00fbt sucr\u00e9 en m\u00eame temps, le go\u00fbt sucr\u00e9 se dissipera rapidement dans la bouche, de sorte que les gens ne se sentiront pas mou. C'est un produit qui vaut la peine d'\u00eatre exp\u00e9riment\u00e9, tant pour les personnes qui ont arr\u00eat\u00e9 de fumer que pour les novices.<\/div>\n<div><\/div>\n<div>\n<h2><strong>Le VOPK Tripe Favors 60000 Puffs 3 en 1 Vape jetable Quick Details<\/strong><\/h2>\n<figure id=\"attachment_1461\" aria-describedby=\"caption-attachment-1461\" style=\"width: 500px\" class=\"wp-caption alignright\"><img decoding=\"async\" class=\"wp-image-1461\" title=\"VOPK Tripe Favors 60000 Puffs Disposable vape\" src=\"https:\/\/vapesaler.com\/wp-content\/uploads\/2025\/05\/VOPK-Tripe-Favors-60000-Puffs-Disposable-vape-232x300.jpg\" alt=\"VOPK Tripe Favors 60000 Puffs Disposable vape\" width=\"500\" height=\"646\" srcset=\"https:\/\/vapesaler.com\/wp-content\/uploads\/2025\/05\/VOPK-Tripe-Favors-60000-Puffs-Disposable-vape-232x300.jpg 232w, https:\/\/vapesaler.com\/wp-content\/uploads\/2025\/05\/VOPK-Tripe-Favors-60000-Puffs-Disposable-vape-793x1024.jpg 793w, https:\/\/vapesaler.com\/wp-content\/uploads\/2025\/05\/VOPK-Tripe-Favors-60000-Puffs-Disposable-vape-768x991.jpg 768w, https:\/\/vapesaler.com\/wp-content\/uploads\/2025\/05\/VOPK-Tripe-Favors-60000-Puffs-Disposable-vape-9x12.jpg 9w, https:\/\/vapesaler.com\/wp-content\/uploads\/2025\/05\/VOPK-Tripe-Favors-60000-Puffs-Disposable-vape-510x658.jpg 510w, https:\/\/vapesaler.com\/wp-content\/uploads\/2025\/05\/VOPK-Tripe-Favors-60000-Puffs-Disposable-vape.jpg 1000w\" sizes=\"(max-width: 500px) 100vw, 500px\" \/><figcaption id=\"caption-attachment-1461\" class=\"wp-caption-text\">VOPK Tripe Favors 60000 Puffs Disposable vape<\/figcaption><\/figure>\n<ul>\n<li>Bouff\u00e9es : Jusqu'\u00e0 60000 bouff\u00e9es<\/li>\n<li>Nicotine:2%\/5%<\/li>\n<li>Bobine en maille : 0.9ohm+0.9ohm+0.9ohm<\/li>\n<li>E-liquide:54ml<\/li>\n<li>Batterie : 650mah<\/li>\n<li>Rechargeable:Type-C<\/li>\n<li>L'\u00e9cran LED intelligent indique l'autonomie de la batterie et les niveaux d'e-liquide<\/li>\n<li>Triple saveur<\/li>\n<li>10 saveurs au choix<\/li>\n<\/ul>\n<h2><strong>Liste des ar\u00f4mes<\/strong><\/h2>\n<ol>\n<li data-start=\"116\" data-end=\"174\">Glace \u00e0 la past\u00e8que, glace au triple melon et glace \u00e0 la fraise<\/li>\n<li data-start=\"178\" data-end=\"240\">Fraise, banane et framboise Past\u00e8que et ananas, noix de coco<\/li>\n<li data-start=\"244\" data-end=\"298\">P\u00eache baie &amp; Blue Razz Ice &amp; Past\u00e8que p\u00eache mangue<\/li>\n<li data-start=\"302\" data-end=\"366\">Mangue acide Ananas &amp; Red Bull Fraise &amp; Cassis Ice<\/li>\n<li data-start=\"370\" data-end=\"420\">Kiwi Passion &amp; Fraise Cerise &amp; Amour 66<\/li>\n<li data-start=\"424\" data-end=\"493\">Double Apple Ice &amp; Tropical Fruit &amp; Strawberry Watermelon Bubblegum<\/li>\n<li data-start=\"497\" data-end=\"548\">Grape Ice &amp; Strawberry Kiwi &amp; Watermelon Red Bull<\/li>\n<li data-start=\"552\" data-end=\"610\">Fraise Past\u00e8que &amp; Myrtille Framboise &amp; Citron Vert<\/li>\n<li data-start=\"614\" data-end=\"666\">Banane Ananas &amp; Red Bull Ice &amp; Fraise Mangue<\/li>\n<li data-start=\"671\" data-end=\"734\">Ours en gomme et fraise Vanilla Coke et barbe \u00e0 papa aux myrtilles<\/li>\n<\/ol>\n<h2><strong>Contenu de l'emballage<\/strong><\/h2>\n<ul>\n<li>10 pi\u00e8ces \/ bo\u00eete moyenne.<\/li>\n<li>16 bo\u00eetes moyennes \/ carton<\/li>\n<li>160 pcs\/carton<\/li>\n<\/ul>\n<figure id=\"attachment_1462\" aria-describedby=\"caption-attachment-1462\" style=\"width: 1245px\" class=\"wp-caption aligncenter\"><img decoding=\"async\" class=\"wp-image-1462 size-full\" title=\"VOPK Tripe Favor 60000 bouff\u00e9es jetables vape\" src=\"https:\/\/vapesaler.com\/wp-content\/uploads\/2025\/05\/VOPK-Tripe-Favor-60000-Puffs-Disposable-vape.jpg\" alt=\"VOPK Tripe Favor 60000 bouff\u00e9es jetables vape\" width=\"1245\" height=\"830\" srcset=\"https:\/\/vapesaler.com\/wp-content\/uploads\/2025\/05\/VOPK-Tripe-Favor-60000-Puffs-Disposable-vape.jpg 1245w, https:\/\/vapesaler.com\/wp-content\/uploads\/2025\/05\/VOPK-Tripe-Favor-60000-Puffs-Disposable-vape-300x200.jpg 300w, https:\/\/vapesaler.com\/wp-content\/uploads\/2025\/05\/VOPK-Tripe-Favor-60000-Puffs-Disposable-vape-1024x683.jpg 1024w, https:\/\/vapesaler.com\/wp-content\/uploads\/2025\/05\/VOPK-Tripe-Favor-60000-Puffs-Disposable-vape-768x512.jpg 768w, https:\/\/vapesaler.com\/wp-content\/uploads\/2025\/05\/VOPK-Tripe-Favor-60000-Puffs-Disposable-vape-18x12.jpg 18w, https:\/\/vapesaler.com\/wp-content\/uploads\/2025\/05\/VOPK-Tripe-Favor-60000-Puffs-Disposable-vape-510x340.jpg 510w\" sizes=\"(max-width: 1245px) 100vw, 1245px\" \/><figcaption id=\"caption-attachment-1462\" class=\"wp-caption-text\">VOPK Tripe Favor 60000 bouff\u00e9es jetables vape<\/figcaption><\/figure>\n<\/div>","protected":false},"excerpt":{"rendered":"<p>The VOPK Tripe Favors 60000 Puffs 3 in 1 Disposable Vape is a 3 in 1 disposable vape from the renowned brand VOPK, features an extraordinary design that exquisitely combines three flavors into one device. The performance is very strong with three 18ml vape compartments for a total of 54ml, boosting the whole product to [&#8230;]\n","protected":false},"featured_media":1460,"comment_status":"open","ping_status":"closed","template":"","meta":{"om_disable_all_campaigns":false},"product_brand":[293],"product_cat":[105],"product_tag":[180,179,50,304],"class_list":{"0":"post-1449","1":"product","2":"type-product","3":"status-publish","4":"has-post-thumbnail","6":"product_brand-vopk","7":"product_cat-dual-flavour","8":"product_tag-3-in-1","9":"product_tag-60000puffs","10":"product_tag-disposable-vape","11":"product_tag-tripe-favour","12":"pa_flavor-banana-pineapple-red-bull-ice-strawberry-mango","13":"pa_flavor-double-apple-ice-tropical-fruit-strawberry-watermelon-bubblegum","14":"pa_flavor-grape-ice-strawberry-kiwi-watermelon-red-bull","15":"pa_flavor-gummy-bear-strawberry-vanilla-coke-blueberry-cotton-candy","16":"pa_flavor-kiwi-passion-fruit-strawberry-cherry-love-66","17":"pa_flavor-peach-berry-blue-razz-ice-watermelon-peach-mango","18":"pa_flavor-sour-mango-pineapple-red-bull-strawberry-black-currant-ice","19":"pa_flavor-strawberry-banana-raspberry-watermelon-pineapple-coconut","20":"pa_flavor-strawberry-watermelon-blueberry-raspberry-lemon-lime","21":"pa_flavor-watermelon-ice-triple-melon-ice-strawberry-ice-cream","22":"pa_nicotine-20mg","23":"pa_nicotine-50mg","24":"pa_puffs-60000-puffs","26":"first","27":"instock","28":"shipping-taxable","29":"purchasable","30":"product-type-variable"},"aioseo_notices":[],"_links":{"self":[{"href":"https:\/\/vapesaler.com\/fr\/wp-json\/wp\/v2\/product\/1449","targetHints":{"allow":["GET"]}}],"collection":[{"href":"https:\/\/vapesaler.com\/fr\/wp-json\/wp\/v2\/product"}],"about":[{"href":"https:\/\/vapesaler.com\/fr\/wp-json\/wp\/v2\/types\/product"}],"replies":[{"embeddable":true,"href":"https:\/\/vapesaler.com\/fr\/wp-json\/wp\/v2\/comments?post=1449"}],"wp:featuredmedia":[{"embeddable":true,"href":"https:\/\/vapesaler.com\/fr\/wp-json\/wp\/v2\/media\/1460"}],"wp:attachment":[{"href":"https:\/\/vapesaler.com\/fr\/wp-json\/wp\/v2\/media?parent=1449"}],"wp:term":[{"taxonomy":"product_brand","embeddable":true,"href":"https:\/\/vapesaler.com\/fr\/wp-json\/wp\/v2\/product_brand?post=1449"},{"taxonomy":"product_cat","embeddable":true,"href":"https:\/\/vapesaler.com\/fr\/wp-json\/wp\/v2\/product_cat?post=1449"},{"taxonomy":"product_tag","embeddable":true,"href":"https:\/\/vapesaler.com\/fr\/wp-json\/wp\/v2\/product_tag?post=1449"}],"curies":[{"name":"wp","href":"https:\/\/api.w.org\/{rel}","templated":true}]}}