{"id":1165,"date":"2025-04-23T09:56:20","date_gmt":"2025-04-23T09:56:20","guid":{"rendered":"https:\/\/vapesaler.com\/?post_type=product&#038;p=1165"},"modified":"2025-04-28T09:31:44","modified_gmt":"2025-04-28T09:31:44","slug":"bang-leader-dual-flavors-45000-puffs-2-in-1-vape","status":"publish","type":"product","link":"https:\/\/vapesaler.com\/fr\/produit\/bang-leader-dual-flavors-45000-puffs-2-in-1-vape","title":{"rendered":"Bang Leader dual flavors 45000 Puffs 2 in 1 Vape"},"content":{"rendered":"<p>Bang Leader Dual Flavor 45000 Puffs 2 in 1 Vape est une vape jetable tr\u00e8s abordable. C'est aussi une vape de singe avec un motif de singe, 18ml+18ml de liquide de haute qualit\u00e9 et une puissante batterie de 650mAh.<\/p>\n<p>Le Bang Leader 45000 Puffs a un design d\u00e9grad\u00e9, des couleurs vives et une forme ovale qui rendent le produit compact et exquis. Un indicateur de niveau d'huile se trouve de chaque c\u00f4t\u00e9 du fond, ce qui permet \u00e0 la forte saveur de fruit d'apporter une sensation confortable de douceur et de fra\u00eecheur. Les clients peuvent fumer \u00e0 leur guise sans se sentir fatigu\u00e9s.<\/p>\n<p>Nous utilisons une bo\u00eete de 10 pi\u00e8ces pour commencer \u00e0 commander, ce qui permet aux clients d'\u00e9conomiser encore plus d'argent. Permettez aux clients de b\u00e9n\u00e9ficier d'un meilleur rapport qualit\u00e9-prix !<\/p>\n<h2><strong>Bang Leader dual flavors 45000 Puffs 2 in 1 Vape Quick Details<\/strong><\/h2>\n<p><img decoding=\"async\" class=\"alignright wp-image-1191\" title=\"Bang Leader dual flavors 45000 Puffs monkey vape\" src=\"https:\/\/vapesaler.com\/wp-content\/uploads\/2025\/04\/Bang-Leader-dual-flavors-45000-Puffs-monkey-vape-300x300.jpg\" alt=\"Bang Leader dual flavors 45000 Puffs monkey vape\" width=\"500\" height=\"500\" srcset=\"https:\/\/vapesaler.com\/wp-content\/uploads\/2025\/04\/Bang-Leader-dual-flavors-45000-Puffs-monkey-vape-300x300.jpg 300w, https:\/\/vapesaler.com\/wp-content\/uploads\/2025\/04\/Bang-Leader-dual-flavors-45000-Puffs-monkey-vape-150x150.jpg 150w, https:\/\/vapesaler.com\/wp-content\/uploads\/2025\/04\/Bang-Leader-dual-flavors-45000-Puffs-monkey-vape-768x768.jpg 768w, https:\/\/vapesaler.com\/wp-content\/uploads\/2025\/04\/Bang-Leader-dual-flavors-45000-Puffs-monkey-vape-12x12.jpg 12w, https:\/\/vapesaler.com\/wp-content\/uploads\/2025\/04\/Bang-Leader-dual-flavors-45000-Puffs-monkey-vape-510x510.jpg 510w, https:\/\/vapesaler.com\/wp-content\/uploads\/2025\/04\/Bang-Leader-dual-flavors-45000-Puffs-monkey-vape-100x100.jpg 100w, https:\/\/vapesaler.com\/wp-content\/uploads\/2025\/04\/Bang-Leader-dual-flavors-45000-Puffs-monkey-vape.jpg 1000w\" sizes=\"(max-width: 500px) 100vw, 500px\" \/><\/p>\n<ul>\n<li>Bouff\u00e9es:40000 Bouff\u00e9es<\/li>\n<li>Capacit\u00e9 de la batterie : 650mAh<\/li>\n<li>Volume d'e-liquide : 18ml*2<\/li>\n<li>Teneur en nicotine : 0\/20\/50mg<\/li>\n<li>Faction\uff1aDual Flavors\/Toggle switch<\/li>\n<li>Emballage : 10 pi\u00e8ces dans 1 bo\u00eete de pr\u00e9sentation<\/li>\n<li>Type C Rechargeable<\/li>\n<li>Affichage de la recharge et de l'e-liquide<\/li>\n<li>R\u00e9sistance du fil chauffant : Double noyau de maille 1.0Q<\/li>\n<\/ul>\n<h2><strong>Liste des ar\u00f4mes<\/strong><\/h2>\n<ol>\n<li>glace \u00e0 la past\u00e8que\/menthe \u00e0 la myrtille<\/li>\n<li>past\u00e8que\/bleue cerise<\/li>\n<li>myrtille glac\u00e9e\/p\u00eache mangue past\u00e8que<\/li>\n<li>glace \u00e0 la myrtille\/glace \u00e0 la p\u00eache<\/li>\n<li>myrtille framboise\/m\u00e9lange de baies<\/li>\n<li>glace \u00e0 la myrtille, \u00e0 la framboise et au raisin<\/li>\n<li>Red Bull\/Banane fraise<\/li>\n<li>red bull\/melon d'eau aux myrtilles<\/li>\n<li>chewing-gum \u00e0 la fraise, \u00e0 la mangue et \u00e0 la past\u00e8que<\/li>\n<li>mangue-fraise\/kiwi-fraise<\/li>\n<li>glace fraise-melon d'eau\/dragon noir<\/li>\n<li>fraise past\u00e8que\/kiwi fruit de la passion goyave<\/li>\n<\/ol>\n<h2><strong>Contenu de l'emballage<\/strong><\/h2>\n<ul>\n<li>10 pi\u00e8ces \/ bo\u00eete moyenne<\/li>\n<li>100 pcs\/carton<\/li>\n<\/ul>\n<p><img decoding=\"async\" class=\"aligncenter wp-image-1192 size-full\" title=\"Bang Leader dual flavors 45000 Puffs\" src=\"https:\/\/vapesaler.com\/wp-content\/uploads\/2025\/04\/Bang-Leader-dual-flavors-45000-Puffs.jpg\" alt=\"Bang Leader dual flavors 45000 Puffs\" width=\"1039\" height=\"560\" srcset=\"https:\/\/vapesaler.com\/wp-content\/uploads\/2025\/04\/Bang-Leader-dual-flavors-45000-Puffs.jpg 1039w, https:\/\/vapesaler.com\/wp-content\/uploads\/2025\/04\/Bang-Leader-dual-flavors-45000-Puffs-300x162.jpg 300w, https:\/\/vapesaler.com\/wp-content\/uploads\/2025\/04\/Bang-Leader-dual-flavors-45000-Puffs-1024x552.jpg 1024w, https:\/\/vapesaler.com\/wp-content\/uploads\/2025\/04\/Bang-Leader-dual-flavors-45000-Puffs-768x414.jpg 768w, https:\/\/vapesaler.com\/wp-content\/uploads\/2025\/04\/Bang-Leader-dual-flavors-45000-Puffs-18x10.jpg 18w, https:\/\/vapesaler.com\/wp-content\/uploads\/2025\/04\/Bang-Leader-dual-flavors-45000-Puffs-510x275.jpg 510w\" sizes=\"(max-width: 1039px) 100vw, 1039px\" \/><\/p>","protected":false},"excerpt":{"rendered":"<p>Bang Leader Dual Flavor 45000 Puffs 2 in 1 Vape is a highly affordable disposable vape. It comes with dual flavors that can be easily switched between flavors by flicking the mouthpiece left or right.It is also a monkey vape with a monkey pattern, 18ml+18ml high quality liquid and a powerful 650mAh battery. Bang Leader [&#8230;]\n","protected":false},"featured_media":1166,"comment_status":"open","ping_status":"closed","template":"","meta":{"om_disable_all_campaigns":false},"product_brand":[81],"product_cat":[105],"product_tag":[212,50,79],"class_list":{"0":"post-1165","1":"product","2":"type-product","3":"status-publish","4":"has-post-thumbnail","6":"product_brand-bang","7":"product_cat-dual-flavour","8":"product_tag-45000puffs","9":"product_tag-disposable-vape","10":"product_tag-dual-favour","11":"pa_flavor-blueberry-ice-black-dragon-ice","12":"pa_flavor-blueberry-ice-strawberry-banana","13":"pa_flavor-blueberry-raspberry-peach-mango-watermelon","14":"pa_flavor-blueberry-watermelon-strawberry-mango","15":"pa_flavor-cola-ice-cherry-cranberry","16":"pa_flavor-pineapple-ice-triple-mango","17":"pa_flavor-red-bull-blueberry-watermelon-2","18":"pa_flavor-red-bull-watermelon-bubble-candy","19":"pa_flavor-strawberry-kiwi-peach-ice","20":"pa_flavor-strawberry-watermelon-grape-ice","21":"pa_flavor-strawberry-watermelon-kiwi-passion-fruit-guava-2","22":"pa_flavor-watermelon-ice-strawberry-mango","23":"pa_nicotine-0mg","24":"pa_nicotine-20mg","25":"pa_nicotine-50mg","26":"pa_puffs-45000-puffs","28":"first","29":"instock","30":"shipping-taxable","31":"purchasable","32":"product-type-variable"},"aioseo_notices":[],"_links":{"self":[{"href":"https:\/\/vapesaler.com\/fr\/wp-json\/wp\/v2\/product\/1165","targetHints":{"allow":["GET"]}}],"collection":[{"href":"https:\/\/vapesaler.com\/fr\/wp-json\/wp\/v2\/product"}],"about":[{"href":"https:\/\/vapesaler.com\/fr\/wp-json\/wp\/v2\/types\/product"}],"replies":[{"embeddable":true,"href":"https:\/\/vapesaler.com\/fr\/wp-json\/wp\/v2\/comments?post=1165"}],"wp:featuredmedia":[{"embeddable":true,"href":"https:\/\/vapesaler.com\/fr\/wp-json\/wp\/v2\/media\/1166"}],"wp:attachment":[{"href":"https:\/\/vapesaler.com\/fr\/wp-json\/wp\/v2\/media?parent=1165"}],"wp:term":[{"taxonomy":"product_brand","embeddable":true,"href":"https:\/\/vapesaler.com\/fr\/wp-json\/wp\/v2\/product_brand?post=1165"},{"taxonomy":"product_cat","embeddable":true,"href":"https:\/\/vapesaler.com\/fr\/wp-json\/wp\/v2\/product_cat?post=1165"},{"taxonomy":"product_tag","embeddable":true,"href":"https:\/\/vapesaler.com\/fr\/wp-json\/wp\/v2\/product_tag?post=1165"}],"curies":[{"name":"wp","href":"https:\/\/api.w.org\/{rel}","templated":true}]}}