{"id":1074,"date":"2025-04-21T09:25:40","date_gmt":"2025-04-21T09:25:40","guid":{"rendered":"https:\/\/vapesaler.com\/?post_type=product&#038;p=1074"},"modified":"2025-04-28T09:28:08","modified_gmt":"2025-04-28T09:28:08","slug":"bangking-triple-3-in-1-flavors-45000-puffs-disposable-vape","status":"publish","type":"product","link":"https:\/\/vapesaler.com\/fr\/produit\/bangking-triple-3-in-1-flavors-45000-puffs-disposable-vape","title":{"rendered":"BangKing Triple 3 in 1 Flavors 45000 Puffs Vape jetable"},"content":{"rendered":"<p>BangKing Triple 3 en 1 Flavors 45000 Puffs Disposable Vape est un nouveau trois saveurs en un jetable de BangKing Triple 3 en 1 Flavors 45000 Puffs. <a href=\"https:\/\/vapesaler.com\/fr\/brands\/bangking\/\">Bangking<\/a>. Chaque produit contient trois compartiments de liquide, et l'embout est con\u00e7u comme un grand commutateur rotatif qui permet de passer facilement d'un ar\u00f4me \u00e0 l'autre.<br \/>\nLe BangKing Triple pr\u00e9sente un design cylindrique minimaliste qui am\u00e9liore la sensation du produit dans la main. L'utilisation globale d'un processus de peinture en couleurs d\u00e9grad\u00e9es, la transition entre les couleurs sup\u00e9rieures et inf\u00e9rieures est tr\u00e8s naturelle.<br \/>\nCette fois-ci, un nouvel ajustement a \u00e9galement \u00e9t\u00e9 effectu\u00e9 au niveau de la saveur, en utilisant une vari\u00e9t\u00e9 de composites de fruits pour am\u00e9liorer le caract\u00e8re juteux de la fum\u00e9e. Rend la saveur de la bouche plus pleine et plus forte.<br \/>\nLa performance est toujours la m\u00eame que le design \u00e0 prix \u00e9lev\u00e9, 3 * 15ML capacit\u00e9 totale de 45ML liquide, coupl\u00e9 avec la capacit\u00e9 de la batterie 650mAh, permet aux consommateurs d'utiliser plus d'une semaine.<\/p>\n<h2><strong>BangKing Triple 3 en 1 Flavors 45000 Puffs Disposable VapeQuick Details<\/strong><\/h2>\n<p><img decoding=\"async\" class=\"wp-image-1097 alignright\" title=\"Bangking triple 45000 Puffs vape\" src=\"https:\/\/vapesaler.com\/wp-content\/uploads\/2025\/04\/Bangking-triple-45000-Puffs-vape-300x300.jpg\" alt=\"Bangking triple 45000 Puffs vape\" width=\"500\" height=\"500\" srcset=\"https:\/\/vapesaler.com\/wp-content\/uploads\/2025\/04\/Bangking-triple-45000-Puffs-vape-300x300.jpg 300w, https:\/\/vapesaler.com\/wp-content\/uploads\/2025\/04\/Bangking-triple-45000-Puffs-vape-150x150.jpg 150w, https:\/\/vapesaler.com\/wp-content\/uploads\/2025\/04\/Bangking-triple-45000-Puffs-vape-768x768.jpg 768w, https:\/\/vapesaler.com\/wp-content\/uploads\/2025\/04\/Bangking-triple-45000-Puffs-vape-12x12.jpg 12w, https:\/\/vapesaler.com\/wp-content\/uploads\/2025\/04\/Bangking-triple-45000-Puffs-vape-510x510.jpg 510w, https:\/\/vapesaler.com\/wp-content\/uploads\/2025\/04\/Bangking-triple-45000-Puffs-vape-100x100.jpg 100w, https:\/\/vapesaler.com\/wp-content\/uploads\/2025\/04\/Bangking-triple-45000-Puffs-vape.jpg 800w\" sizes=\"(max-width: 500px) 100vw, 500px\" \/><\/p>\n<ul>\n<li>Puffs : 3*15000\uff0845000\uff09 Puffs<\/li>\n<li>Capacit\u00e9 de la batterie : 650mAh<\/li>\n<li>Volume d'e-liquide : 45ml<\/li>\n<li>Teneur en nicotine : 0\/20\/50mg<\/li>\n<li>Emballage : 10 pi\u00e8ces dans 1 bo\u00eete moyenne<\/li>\n<li>\n<div>Type C Rechargeable<\/div>\n<\/li>\n<li>\n<div>Triple saveur<\/div>\n<\/li>\n<li>R\u00e9sistance du fil chauffant : Bobine de maille<\/li>\n<\/ul>\n<h2><strong>Liste des ar\u00f4mes<\/strong><\/h2>\n<ol>\n<li><strong>Past\u00e8que &amp; Red Bull &amp; Fraise Kiwi<\/strong><\/li>\n<li><strong>Glace au citron vert et \u00e0 la fraise Glace \u00e0 la past\u00e8que et \u00e0 la myrtille<\/strong><\/li>\n<li><strong>Fraise, banane et framboise Past\u00e8que et citron vert<\/strong><\/li>\n<li><strong>Fraise, kiwi, mangue acide, ananas et Red Bull<\/strong><\/li>\n<li><strong>Fruits tropicaux et fraises Past\u00e8que et p\u00eache au citron<\/strong><\/li>\n<li><strong>Ananas noix de coco, fraise, banane et bleu Razz<\/strong><\/li>\n<li><strong>Fraise, framboise, triple melon, mangue acide, ananas<\/strong><\/li>\n<li><strong>Framboise Past\u00e8que &amp; Mangue P\u00eache &amp; Fraise Kiwi<\/strong><\/li>\n<li><strong>Coca \u00e0 la fraise et \u00e0 la vanille, myrtille et framboise, citron et citron vert<\/strong><\/li>\n<li><strong>Cr\u00e8me glac\u00e9e \u00e0 la past\u00e8que et \u00e0 la fraise et triple melon<\/strong><\/li>\n<\/ol>\n<h2><strong>Contenu de l'emballage<\/strong><\/h2>\n<ul>\n<li>Poids du produit : 140g\/pcs<\/li>\n<li>Taille du produit : 47*47*161mm<\/li>\n<li>QT\u00c9 : 10 pi\u00e8ces\/bo\u00eete<\/li>\n<li>Poids : 21 kg<\/li>\n<\/ul>","protected":false},"excerpt":{"rendered":"<p>BangKing Triple 3 in 1 Flavors 45000 Puffs Disposable Vape is a new three-flavor-in-one disposable from Bangking. Each product contains three liquid compartments, and the mouthpiece is designed as a large rotary switch that makes it easy to switch between different flavors. The design of the BangKing Triple features a minimalist cylindrical design that enhances [&#8230;]\n","protected":false},"featured_media":1075,"comment_status":"open","ping_status":"closed","template":"","meta":{"om_disable_all_campaigns":false},"product_brand":[36],"product_cat":[105],"product_tag":[],"class_list":{"0":"post-1074","1":"product","2":"type-product","3":"status-publish","4":"has-post-thumbnail","6":"product_brand-bangking","7":"product_cat-dual-flavour","8":"pa_flavor-lemon-lime-strawberry-watermelon-blueberry-ice","9":"pa_flavor-pineapple-coconut-strawberry-banana-blue-razz","10":"pa_flavor-raspberry-watermelon-mango-peach-strawberry-kiwi","11":"pa_flavor-strawberry-banana-raspberry-watermelon-lemon-lime","12":"pa_flavor-strawberry-kiwi-sour-mango-pineapple-red-bull","13":"pa_flavor-strawberry-raspberry-triple-melon-sour-mango-pineapple","14":"pa_flavor-strawberry-vanilla-coke-blueberry-raspberry-lemon-lime","15":"pa_flavor-tropical-fruit-strawberry-watermelon-lemon-peach","16":"pa_flavor-watermelon-red-bull-strawberry-kiwi","17":"pa_flavor-watermelon-strawberry-ice-cream-triple-melon","18":"pa_nicotine-0mg","19":"pa_nicotine-20mg","20":"pa_nicotine-50mg","21":"pa_puffs-45000-puffs","23":"first","24":"instock","25":"shipping-taxable","26":"purchasable","27":"product-type-variable"},"aioseo_notices":[],"_links":{"self":[{"href":"https:\/\/vapesaler.com\/fr\/wp-json\/wp\/v2\/product\/1074","targetHints":{"allow":["GET"]}}],"collection":[{"href":"https:\/\/vapesaler.com\/fr\/wp-json\/wp\/v2\/product"}],"about":[{"href":"https:\/\/vapesaler.com\/fr\/wp-json\/wp\/v2\/types\/product"}],"replies":[{"embeddable":true,"href":"https:\/\/vapesaler.com\/fr\/wp-json\/wp\/v2\/comments?post=1074"}],"wp:featuredmedia":[{"embeddable":true,"href":"https:\/\/vapesaler.com\/fr\/wp-json\/wp\/v2\/media\/1075"}],"wp:attachment":[{"href":"https:\/\/vapesaler.com\/fr\/wp-json\/wp\/v2\/media?parent=1074"}],"wp:term":[{"taxonomy":"product_brand","embeddable":true,"href":"https:\/\/vapesaler.com\/fr\/wp-json\/wp\/v2\/product_brand?post=1074"},{"taxonomy":"product_cat","embeddable":true,"href":"https:\/\/vapesaler.com\/fr\/wp-json\/wp\/v2\/product_cat?post=1074"},{"taxonomy":"product_tag","embeddable":true,"href":"https:\/\/vapesaler.com\/fr\/wp-json\/wp\/v2\/product_tag?post=1074"}],"curies":[{"name":"wp","href":"https:\/\/api.w.org\/{rel}","templated":true}]}}