{"id":821,"date":"2025-04-10T03:19:14","date_gmt":"2025-04-10T03:19:14","guid":{"rendered":"https:\/\/vapesaler.com\/?post_type=product&#038;p=821"},"modified":"2025-04-28T09:36:21","modified_gmt":"2025-04-28T09:36:21","slug":"bang-tornado-dtl-40000","status":"publish","type":"product","link":"https:\/\/vapesaler.com\/es\/producto\/bang-tornado-dtl-40000","title":{"rendered":"Bang Tornado DTL 40000 Puffs Vape desechable"},"content":{"rendered":"<p>El vapeador Bang Tornado DTL 40000 Puffs Disposable es un vapeador inhalador DTL (Direct To Lung) y MTL(Mouth To Lung) con un fondo que se puede cambiar por la perilla de empuje de ajuste de flujo de aire. Tambi\u00e9n es un seguro para ni\u00f1os. Es muy potente y completo con tres n\u00facleos de malla 1.0 Omega que proporcionan una poderosa cantidad de humo. Es una muy buena opci\u00f3n para los clientes que les gusta la sensaci\u00f3n de hookah vaping.<br \/>\nAl mismo tiempo, tiene un aspecto muy exquisito, la parte superior del dise\u00f1o de la c\u00e1scara de cristal de elefante transparente, la parte inferior de la pantalla led de visualizaci\u00f3n, proporcionando E-l\u00edquidos y la visualizaci\u00f3n del estado de uso de energ\u00eda. 850mAh bater\u00eda de gran capacidad, 40Ml de capacidad y 3 de malla n\u00facleo de alta potencia. \u00a1Deje que puede proporcionar gran humo al mismo tiempo tambi\u00e9n el uso muy duradero!<\/p>\n<h2><strong>Bang Tornado DTL 40000 Puffs Vape desechable Quick Details<\/strong><\/h2>\n<p><img decoding=\"async\" class=\"wp-image-848 alignright\" title=\"bang tornado DTL 40k Puffs\" src=\"https:\/\/vapesaler.com\/wp-content\/uploads\/2025\/04\/bang-tornado-DTL-40k-Puffs-300x300.jpg\" alt=\"bang tornado DTL 40k Puffs\" width=\"500\" height=\"500\" srcset=\"https:\/\/vapesaler.com\/wp-content\/uploads\/2025\/04\/bang-tornado-DTL-40k-Puffs-300x300.jpg 300w, https:\/\/vapesaler.com\/wp-content\/uploads\/2025\/04\/bang-tornado-DTL-40k-Puffs-150x150.jpg 150w, https:\/\/vapesaler.com\/wp-content\/uploads\/2025\/04\/bang-tornado-DTL-40k-Puffs-768x768.jpg 768w, https:\/\/vapesaler.com\/wp-content\/uploads\/2025\/04\/bang-tornado-DTL-40k-Puffs-12x12.jpg 12w, https:\/\/vapesaler.com\/wp-content\/uploads\/2025\/04\/bang-tornado-DTL-40k-Puffs-510x510.jpg 510w, https:\/\/vapesaler.com\/wp-content\/uploads\/2025\/04\/bang-tornado-DTL-40k-Puffs-100x100.jpg 100w, https:\/\/vapesaler.com\/wp-content\/uploads\/2025\/04\/bang-tornado-DTL-40k-Puffs.jpg 1000w\" sizes=\"(max-width: 500px) 100vw, 500px\" \/><\/p>\n<ul>\n<li>Puffs: 40000<\/li>\n<li>Capacidad de la bater\u00eda: 850 mAh<\/li>\n<li>Volumen del E-l\u00edquido: 40ML<\/li>\n<li>Contenido de nicotina: 0\/20\/50mg<\/li>\n<li>Embalaje: 10 piezas en 1 caja expositora<\/li>\n<li>Pantalla Led<\/li>\n<li>\n<div>Recargable tipo C<\/div>\n<\/li>\n<li>\n<div>Indicador de carga y e-l\u00edquido<\/div>\n<\/li>\n<li>Resistencia del hilo calefactor: Tres 1.0Q n\u00facleo de malla<\/li>\n<li>Facci\u00f3n: Ajuste del flujo de aire \/ DTL\/MTL<\/li>\n<\/ul>\n<h2><strong>Lista de sabores<\/strong><\/h2>\n<ol>\n<li><strong>Melocot\u00f3n helado<\/strong><\/li>\n<li><strong>Amor 66<\/strong><\/li>\n<li><strong>Triple baya<\/strong><\/li>\n<li><strong>Ar\u00e1ndano Lim\u00f3n<\/strong><\/li>\n<li><strong>Bebida Enereg<\/strong><\/li>\n<li><strong>Manzana doble<\/strong><\/li>\n<li><strong>Mango Melocot\u00f3n<\/strong><\/li>\n<li><strong>Ar\u00e1ndano Uva<\/strong><\/li>\n<li><strong>Sand\u00eda con fresa<\/strong><\/li>\n<li><strong>Ar\u00e1ndano Frambuesa<\/strong><\/li>\n<li><strong>Sand\u00eda<\/strong><\/li>\n<li><strong>Fresa Kiwi<\/strong><\/li>\n<\/ol>\n<h2><strong>Contenido del embalaje<\/strong><\/h2>\n<ul>\n<li>10 unidades \/caja mediana.<\/li>\n<li>100 unidades\/caja<\/li>\n<li>14 kg\/caja<\/li>\n<\/ul>","protected":false},"excerpt":{"rendered":"<p>The Bang Tornado DTL 40000 Puffs Disposable vape is a DTL (Direct To Lung) and MTL(Mouth To Lung) vape\u00a0inhaler with a bottom that can be switched by the airflow adjustment push knob. It is also a child lock. It is very powerful and comprehensive with three mesh 1.0 Omega cores that provide a powerful amount [&#8230;]\n","protected":false},"featured_media":822,"comment_status":"open","ping_status":"closed","template":"","meta":{"om_disable_all_campaigns":false},"product_brand":[81],"product_cat":[15],"product_tag":[],"class_list":{"0":"post-821","1":"product","2":"type-product","3":"status-publish","4":"has-post-thumbnail","6":"product_brand-bang","7":"product_cat-disposables","8":"pa_flavor-blueberry-grape","9":"pa_flavor-blueberry-lemonade","10":"pa_flavor-blueberry-raspberry","11":"pa_flavor-double-apple","12":"pa_flavor-enereg-drink","13":"pa_flavor-love-66","14":"pa_flavor-mango-peach","15":"pa_flavor-peach-ice","16":"pa_flavor-strawberry-kiwi","17":"pa_flavor-strawberry-watermelon","18":"pa_flavor-triple-berry","19":"pa_flavor-watermelon","20":"pa_nicotine-20mg","21":"pa_nicotine-50mg","22":"pa_puffs-40000-puffs","24":"first","25":"instock","26":"shipping-taxable","27":"purchasable","28":"product-type-variable"},"aioseo_notices":[],"_links":{"self":[{"href":"https:\/\/vapesaler.com\/es\/wp-json\/wp\/v2\/product\/821","targetHints":{"allow":["GET"]}}],"collection":[{"href":"https:\/\/vapesaler.com\/es\/wp-json\/wp\/v2\/product"}],"about":[{"href":"https:\/\/vapesaler.com\/es\/wp-json\/wp\/v2\/types\/product"}],"replies":[{"embeddable":true,"href":"https:\/\/vapesaler.com\/es\/wp-json\/wp\/v2\/comments?post=821"}],"wp:featuredmedia":[{"embeddable":true,"href":"https:\/\/vapesaler.com\/es\/wp-json\/wp\/v2\/media\/822"}],"wp:attachment":[{"href":"https:\/\/vapesaler.com\/es\/wp-json\/wp\/v2\/media?parent=821"}],"wp:term":[{"taxonomy":"product_brand","embeddable":true,"href":"https:\/\/vapesaler.com\/es\/wp-json\/wp\/v2\/product_brand?post=821"},{"taxonomy":"product_cat","embeddable":true,"href":"https:\/\/vapesaler.com\/es\/wp-json\/wp\/v2\/product_cat?post=821"},{"taxonomy":"product_tag","embeddable":true,"href":"https:\/\/vapesaler.com\/es\/wp-json\/wp\/v2\/product_tag?post=821"}],"curies":[{"name":"wp","href":"https:\/\/api.w.org\/{rel}","templated":true}]}}