{"id":1929,"date":"2025-08-01T08:55:18","date_gmt":"2025-08-01T08:55:18","guid":{"rendered":"https:\/\/vapesaler.com\/?post_type=product&#038;p=1929"},"modified":"2025-08-01T08:55:51","modified_gmt":"2025-08-01T08:55:51","slug":"bang-de-60000-puffs-3-in-1-disposable-vape-60ml","status":"publish","type":"product","link":"https:\/\/vapesaler.com\/es\/producto\/bang-de-60000-puffs-3-en-1-vape-desechable-60ml","title":{"rendered":"Bang De 60000 Puffs 3 en 1 Vape Desechable 60ml"},"content":{"rendered":"<p><strong>\u00a1Desbloquea un mundo de sabor y satisfacci\u00f3n sin fin con el revolucionario Bang DE 60000 Puffs 3en1 Vape Desechable!<\/strong><\/p>\n<p>Prep\u00e1rese para experimentar el vapeo como nunca antes. El Bang DE 60000 redefine los vapeadores desechables con su innovador <strong>Sistema de sabor conmutable Slider<\/strong>. Esto no es s\u00f3lo otro vape; es su <strong>centro de mando personal flavor <\/strong>que ofrece <strong>tres perfiles de sabor distintos <\/strong>en un \u00fanico dispositivo premium. <strong>Basta con deslizar el interruptor <\/strong>en la parte inferior y cambie instant\u00e1neamente entre su experiencia de sabor preferida: la euforia pura nunca ha sido tan f\u00e1cil.<\/p>\n<p><strong>Experimenta la revoluci\u00f3n del triple sabor de Bang DE:<\/strong><\/p>\n<ol>\n<li><strong>Sabor A: <\/strong>Del\u00e9itese con un perfil puro y concentrado.<\/li>\n<li><strong>Sabor B: <\/strong>Descubra otra sensaci\u00f3n gustativa rica y distinta.<\/li>\n<li><strong>Sabor AB: <\/strong>Abrazar la <strong>fusi\u00f3n perfecta <\/strong>de A y B: \u00a1una armon\u00eda \u00fanica elaborada en cada calada!<\/li>\n<\/ol>\n<h2><strong>Bang De 60000 Puffs 3 en 1 Vape Desechable Quick Details<\/strong><\/h2>\n<ul>\n<li><strong>Capacidad masiva de 60 ml: <\/strong>Contiene un enorme dep\u00f3sito de e-l\u00edquido de sales de nicotina de alta calidad.<\/li>\n<li><strong>R\u00e9cord de 60.000 puffs: <\/strong>Dise\u00f1ados para una longevidad extrema, satisfacen sus necesidades de vapeo durante mucho m\u00e1s tiempo que los desechables est\u00e1ndar.<\/li>\n<li><strong>Opciones de nicotina: <\/strong>Ad\u00e1ptese perfectamente a su mercado con puntos fuertes flexibles:<strong>\u00a02%, 3% o 5%<\/strong>Sal de nicotina.<\/li>\n<li><strong>Potencia y consistencia de primera: <\/strong>Caracter\u00edsticas <strong>Bater\u00eda recargable de 850 mAh <\/strong>( se recarga c\u00f3modamente mediante <strong>Puerto Tipo-C <\/strong>) y un 1.<strong>0\u03a9 Aceite de malla triple <\/strong>garantizando un sabor suave y rico y una producci\u00f3n de vapor satisfactoria desde la primera calada hasta la \u00faltima.<\/li>\n<li><strong>Mant\u00e9n el control: <\/strong>En <strong>Pantalla LCD integrada <\/strong>le mantiene informado sobre la duraci\u00f3n de la bater\u00eda y los niveles de e-l\u00edquido - sin conjeturas, s\u00f3lo puro placer de vapear.<\/li>\n<\/ul>\n<h3><strong>Para\u00edso de sabores: Elige tu combo triple de sabores<\/strong><\/h3>\n<figure id=\"attachment_1977\" aria-describedby=\"caption-attachment-1977\" style=\"width: 500px\" class=\"wp-caption alignright\"><img decoding=\"async\" class=\"wp-image-1977\" title=\"Bang De 60000 Puffs 3 en 1 Vape Desechable\" src=\"https:\/\/vapesaler.com\/wp-content\/uploads\/2025\/08\/Bang-De-60000-Puffs-3-in-1-Disposable-Vape-235x300.webp\" alt=\"Bang De 60000 Puffs 3 en 1 Vape Desechable\" width=\"500\" height=\"638\" srcset=\"https:\/\/vapesaler.com\/wp-content\/uploads\/2025\/08\/Bang-De-60000-Puffs-3-in-1-Disposable-Vape-235x300.webp 235w, https:\/\/vapesaler.com\/wp-content\/uploads\/2025\/08\/Bang-De-60000-Puffs-3-in-1-Disposable-Vape-9x12.webp 9w, https:\/\/vapesaler.com\/wp-content\/uploads\/2025\/08\/Bang-De-60000-Puffs-3-in-1-Disposable-Vape-510x651.webp 510w, https:\/\/vapesaler.com\/wp-content\/uploads\/2025\/08\/Bang-De-60000-Puffs-3-in-1-Disposable-Vape.webp 600w\" sizes=\"(max-width: 500px) 100vw, 500px\" \/><figcaption id=\"caption-attachment-1977\" class=\"wp-caption-text\">Bang De 60000 Puffs 3 en 1 Vape Desechable<\/figcaption><\/figure>\n<p>Seleccione entre<strong>12 experiencias \u00fanicas de triple sabor<\/strong>dise\u00f1ados para satisfacer todos los paladares:<\/p>\n<table>\n<tbody>\n<tr>\n<td width=\"173\"><strong>Combo de sabores AB <\/strong><\/td>\n<td width=\"173\"><strong>Combinaci\u00f3n de sabores A<\/strong><\/td>\n<td width=\"173\"><strong>Combinaci\u00f3n de sabores B<\/strong><\/td>\n<\/tr>\n<tr>\n<td width=\"173\">Hielo de sand\u00eda y menta con ar\u00e1ndanos<\/td>\n<td width=\"173\">Hielo de sand\u00eda<\/td>\n<td width=\"173\">Menta con ar\u00e1ndanos<\/td>\n<\/tr>\n<tr>\n<td width=\"173\">Sand\u00eda y ar\u00e1ndanos cereza<\/td>\n<td width=\"173\">Sand\u00eda dulce<\/td>\n<td width=\"173\">Ar\u00e1ndano Cereza<\/td>\n<\/tr>\n<tr>\n<td width=\"173\">Hielo de ar\u00e1ndanos y melocot\u00f3n mango sand\u00eda<\/td>\n<td width=\"173\">Hielo de ar\u00e1ndanos<\/td>\n<td width=\"173\">Melocot\u00f3n Mango Sand\u00eda<\/td>\n<\/tr>\n<tr>\n<td width=\"173\">Hielo de ar\u00e1ndanos y melocot\u00f3n<\/td>\n<td width=\"173\">Hielo de ar\u00e1ndanos<\/td>\n<td width=\"173\">Melocot\u00f3n helado<\/td>\n<\/tr>\n<tr>\n<td width=\"173\">Frambuesa ar\u00e1ndano y baya mixta<\/td>\n<td width=\"173\">Ar\u00e1ndano Frambuesa<\/td>\n<td width=\"173\">Mezcla de bayas<\/td>\n<\/tr>\n<tr>\n<td width=\"173\">Hielo de frambuesa y uva<\/td>\n<td width=\"173\">Ar\u00e1ndano Frambuesa<\/td>\n<td width=\"173\">Hielo de uva<\/td>\n<\/tr>\n<tr>\n<td width=\"173\">Red bull &amp; Fresa Pl\u00e1tano<\/td>\n<td width=\"173\">Toro de energ\u00eda<\/td>\n<td width=\"173\">Fresa Pl\u00e1tano<\/td>\n<\/tr>\n<tr>\n<td width=\"173\">Red bull &amp; Sand\u00eda de ar\u00e1ndanos<\/td>\n<td width=\"173\">Toro de energ\u00eda<\/td>\n<td width=\"173\">Sand\u00eda con ar\u00e1ndanos<\/td>\n<\/tr>\n<tr>\n<td width=\"173\">Chicle de fresa, mango y sand\u00eda<\/td>\n<td width=\"173\">Fresa Mango<\/td>\n<td width=\"173\">Sand\u00eda Chicle<\/td>\n<\/tr>\n<tr>\n<td width=\"173\">Fresa mango &amp; Fresa kiwi<\/td>\n<td width=\"173\">Fresa Mango<\/td>\n<td width=\"173\">Fresa Kiwi<\/td>\n<\/tr>\n<tr>\n<td width=\"173\">Sand\u00eda con fresas y hielo de drag\u00f3n negro<\/td>\n<td width=\"173\">Sand\u00eda con fresa<\/td>\n<td width=\"173\">Hielo ex\u00f3tico de drag\u00f3n negro<\/td>\n<\/tr>\n<tr>\n<td width=\"173\">Fresa sand\u00eda &amp; Kiwi fruta de la pasi\u00f3n guayaba<\/td>\n<td width=\"173\">Sand\u00eda con fresa<\/td>\n<td width=\"173\">Kiwi Fruta de la pasi\u00f3n Guayaba<\/td>\n<\/tr>\n<\/tbody>\n<\/table>\n<h2><strong>Contenido del embalaje:<\/strong><\/h2>\n<ul>\n<li>Peso del producto: 115 g<\/li>\n<li>Venta al por menor: 10 unidades\/caja<\/li>\n<li>Env\u00edo: 100 unidades\/caja<\/li>\n<li>Tama\u00f1o de la caja: 51,0 cm * 26,1 cm * 24,0 cm \/ 12,1 kg<\/li>\n<\/ul>\n<figure id=\"attachment_1966\" aria-describedby=\"caption-attachment-1966\" style=\"width: 1200px\" class=\"wp-caption aligncenter\"><img decoding=\"async\" class=\"wp-image-1966 size-full\" title=\"Bang De 60000 Puff 3 en 1 Vape Desechable\" src=\"https:\/\/vapesaler.com\/wp-content\/uploads\/2025\/08\/Bang-De-60000-Puff-3-in-1-Disposable-Vape.webp\" alt=\"Bang De 60000 Puff 3 en 1 Vape Desechable\" width=\"1200\" height=\"1216\" srcset=\"https:\/\/vapesaler.com\/wp-content\/uploads\/2025\/08\/Bang-De-60000-Puff-3-in-1-Disposable-Vape.webp 1200w, https:\/\/vapesaler.com\/wp-content\/uploads\/2025\/08\/Bang-De-60000-Puff-3-in-1-Disposable-Vape-296x300.webp 296w, https:\/\/vapesaler.com\/wp-content\/uploads\/2025\/08\/Bang-De-60000-Puff-3-in-1-Disposable-Vape-1011x1024.webp 1011w, https:\/\/vapesaler.com\/wp-content\/uploads\/2025\/08\/Bang-De-60000-Puff-3-in-1-Disposable-Vape-768x778.webp 768w, https:\/\/vapesaler.com\/wp-content\/uploads\/2025\/08\/Bang-De-60000-Puff-3-in-1-Disposable-Vape-12x12.webp 12w, https:\/\/vapesaler.com\/wp-content\/uploads\/2025\/08\/Bang-De-60000-Puff-3-in-1-Disposable-Vape-510x517.webp 510w, https:\/\/vapesaler.com\/wp-content\/uploads\/2025\/08\/Bang-De-60000-Puff-3-in-1-Disposable-Vape-100x100.webp 100w\" sizes=\"(max-width: 1200px) 100vw, 1200px\" \/><figcaption id=\"caption-attachment-1966\" class=\"wp-caption-text\">Bang De 60000 Puff 3 en 1 Vape Desechable<\/figcaption><\/figure>","protected":false},"excerpt":{"rendered":"<p>Unlock a world of taste and endless satisfaction with the revolutionary Bang DE 60000 Puffs 3in1 Disposable Vape! Get ready to experience vaping like never before. The Bang DE 60000 redefines disposable vapes with its groundbreaking Slider Switchable Flavor System. This isn&#8217;t just another vape; it&#8217;s your personal flavor command center offering three distinct flavor [&#8230;]\n","protected":false},"featured_media":1976,"comment_status":"open","ping_status":"closed","template":"","meta":{"om_disable_all_campaigns":false},"product_brand":[81],"product_cat":[105],"product_tag":[78,411,50,304],"class_list":{"0":"post-1929","1":"product","2":"type-product","3":"status-publish","4":"has-post-thumbnail","6":"product_brand-bang","7":"product_cat-dual-flavour","8":"product_tag-50000puffs","9":"product_tag-bang-de","10":"product_tag-disposable-vape","11":"product_tag-tripe-favour","12":"pa_flavor-blueberry-ice-peach-ice-2","13":"pa_flavor-blueberry-ice-peach-mango-watermelon-2","14":"pa_flavor-blueberry-raspberry-grape-ice-2","15":"pa_flavor-blueberry-raspberry-mixed-berry-2","16":"pa_flavor-red-bull-blueberry-watermelon-2","17":"pa_flavor-red-bull-strawberry-banana-2","18":"pa_flavor-strawberry-mango-strawberry-kiwi-2","19":"pa_flavor-strawberry-mango-watermelon-bubble-gum-2","20":"pa_flavor-strawberry-watermelon-black-dragon-ice-2","21":"pa_flavor-strawberry-watermelon-kiwi-passion-fruit-guava-2","22":"pa_flavor-watermelon-ice-blueberry-cherry","23":"pa_flavor-watermelon-ice-blueberry-mint-2","24":"pa_nicotine-20mg","25":"pa_nicotine-30mg","26":"pa_nicotine-50mg","27":"pa_puffs-60000-puffs","29":"first","30":"instock","31":"shipping-taxable","32":"purchasable","33":"product-type-variable"},"aioseo_notices":[],"_links":{"self":[{"href":"https:\/\/vapesaler.com\/es\/wp-json\/wp\/v2\/product\/1929","targetHints":{"allow":["GET"]}}],"collection":[{"href":"https:\/\/vapesaler.com\/es\/wp-json\/wp\/v2\/product"}],"about":[{"href":"https:\/\/vapesaler.com\/es\/wp-json\/wp\/v2\/types\/product"}],"replies":[{"embeddable":true,"href":"https:\/\/vapesaler.com\/es\/wp-json\/wp\/v2\/comments?post=1929"}],"wp:featuredmedia":[{"embeddable":true,"href":"https:\/\/vapesaler.com\/es\/wp-json\/wp\/v2\/media\/1976"}],"wp:attachment":[{"href":"https:\/\/vapesaler.com\/es\/wp-json\/wp\/v2\/media?parent=1929"}],"wp:term":[{"taxonomy":"product_brand","embeddable":true,"href":"https:\/\/vapesaler.com\/es\/wp-json\/wp\/v2\/product_brand?post=1929"},{"taxonomy":"product_cat","embeddable":true,"href":"https:\/\/vapesaler.com\/es\/wp-json\/wp\/v2\/product_cat?post=1929"},{"taxonomy":"product_tag","embeddable":true,"href":"https:\/\/vapesaler.com\/es\/wp-json\/wp\/v2\/product_tag?post=1929"}],"curies":[{"name":"wp","href":"https:\/\/api.w.org\/{rel}","templated":true}]}}