{"id":1681,"date":"2025-06-19T11:09:40","date_gmt":"2025-06-19T11:09:40","guid":{"rendered":"https:\/\/vapesaler.com\/?post_type=product&#038;p=1681"},"modified":"2025-06-19T11:09:41","modified_gmt":"2025-06-19T11:09:41","slug":"bang-king-tornado-35000-smart-screen-disposable-vape","status":"publish","type":"product","link":"https:\/\/vapesaler.com\/es\/producto\/bang-king-tornado-35000-smart-screen-vape-desechable","title":{"rendered":"BANG KING TORNADO 35000 Pantalla Inteligente Vape Desechable"},"content":{"rendered":"<p>El Vapeador Desechable con Pantalla Inteligente BANG KING TORNADO 35000 redefine el vapeo desechable con sus caracter\u00edsticas de vanguardia, dise\u00f1adas tanto para la comodidad como para el rendimiento. Perfecto para los vapeadores que buscan longevidad, personalizaci\u00f3n y seguridad, este dispositivo est\u00e1 repleto de innovaciones para elevar su experiencia.<\/p>\n<p>Mantenga el control con la pantalla inteligente clara y f\u00e1cil de leer. Controla la duraci\u00f3n de la bater\u00eda, los niveles de e-l\u00edquido y los ajustes de potencia en tiempo real. La tecnolog\u00eda anti-dry burn evita autom\u00e1ticamente el sobrecalentamiento cuando el e-l\u00edquido se agota, asegurando un sabor suave y consistente hasta la \u00faltima calada. Equipado con una bobina de malla dual de 1,0\u03a9, el TORNADO 35000 ofrece un sabor rico e intenso y una producci\u00f3n de vapor masiva. Disfrute de cada nota de su e-l\u00edquido favorito como nunca antes. Alimentado por una bater\u00eda de 650mAh y carga r\u00e1pida Tipo-C, el TORNADO 35000 sigue el ritmo de tu estilo de vida. Pasa menos tiempo cargando y m\u00e1s tiempo vapeando. Con hasta 35.000 caladas, este vapeador desechable dura m\u00e1s que sus competidores. Su dep\u00f3sito precargado de 30 ml supone menos recambios y una satisfacci\u00f3n infinita.<\/p>\n<h2><strong>BANG KING TORNADO 35000 Pantalla Inteligente Vape Desechable Quick Details<\/strong><\/h2>\n<figure id=\"attachment_1718\" aria-describedby=\"caption-attachment-1718\" style=\"width: 500px\" class=\"wp-caption alignright\"><img decoding=\"async\" class=\"wp-image-1718\" title=\"BANG KING TORNADO 35000 Vape desechable\" src=\"https:\/\/vapesaler.com\/wp-content\/uploads\/2025\/06\/BANG-KING-TORNADO-35000-Disposable-Vape-212x300.webp\" alt=\"BANG KING TORNADO 35000 Vape desechable\" width=\"500\" height=\"708\" srcset=\"https:\/\/vapesaler.com\/wp-content\/uploads\/2025\/06\/BANG-KING-TORNADO-35000-Disposable-Vape-212x300.webp 212w, https:\/\/vapesaler.com\/wp-content\/uploads\/2025\/06\/BANG-KING-TORNADO-35000-Disposable-Vape-8x12.webp 8w, https:\/\/vapesaler.com\/wp-content\/uploads\/2025\/06\/BANG-KING-TORNADO-35000-Disposable-Vape-510x723.webp 510w, https:\/\/vapesaler.com\/wp-content\/uploads\/2025\/06\/BANG-KING-TORNADO-35000-Disposable-Vape.webp 600w\" sizes=\"(max-width: 500px) 100vw, 500px\" \/><figcaption id=\"caption-attachment-1718\" class=\"wp-caption-text\">BANG KING TORNADO 35000 Vape desechable<\/figcaption><\/figure>\n<ul>\n<li><strong>Puffs<\/strong>: Hasta 35.000<\/li>\n<li><strong>Capacidad de e-l\u00edquido<\/strong>: 30mL<\/li>\n<li><strong>Nicotina<\/strong>: 2%\/3%\/5%<\/li>\n<li><strong>Bater\u00eda<\/strong>: 650mAh (Recargable Tipo-C)<\/li>\n<li><strong>Bobina<\/strong>: Malla doble 1.0\u03a9<\/li>\n<li><strong>Mostrar<\/strong>: E-L\u00edquido y Monitor de Potencia<\/li>\n<li><strong>Peso<\/strong>: 100g<\/li>\n<li><strong>Embalaje<\/strong>: 10pcs\/caja, 200pcs\/ctn (20kg G.W.)<\/li>\n<\/ul>\n<h2><strong>Lista de sabores:<\/strong><\/h2>\n<ol>\n<li>\u00a0Fresa y mango<\/li>\n<li>\u00a0Amor66<\/li>\n<li>\u00a0Hielo razz azul<\/li>\n<li>Sand\u00eda con fresas<\/li>\n<li>Menta lim\u00f3n<\/li>\n<li>\u00a0Manzana doble<\/li>\n<li>Bebida energ\u00e9tica<\/li>\n<li>\u00a0Melocot\u00f3n helado<\/li>\n<li>\u00a0Fresa kiwi<\/li>\n<li>\u00a0Hielo de uva<\/li>\n<li>\u00a0Hielo de ar\u00e1ndanos<\/li>\n<li>\u00a0Sand\u00eda<\/li>\n<\/ol>\n<h3><strong>\u00bfPor qu\u00e9 elegir BANG KING TORNADO 35000?<\/strong><\/h3>\n<ul>\n<li><strong>12 deliciosos sabores<\/strong>: Explore una amplia gama de opciones atrevidas y refrescantes.<\/li>\n<li><strong>Port\u00e1til y ligero<\/strong>: Pesando s\u00f3lo <strong>100g<\/strong>Es perfecta para llevarla encima.<\/li>\n<li><strong>Carga ecol\u00f3gica<\/strong>: Recarga a trav\u00e9s de Type-C en lugar de tirar las pilas.<\/li>\n<\/ul>\n<figure id=\"attachment_1719\" aria-describedby=\"caption-attachment-1719\" style=\"width: 900px\" class=\"wp-caption aligncenter\"><img decoding=\"async\" class=\"wp-image-1719 size-full\" title=\"BANG KING TORNADO 35000 caladas Vape desechable\" src=\"https:\/\/vapesaler.com\/wp-content\/uploads\/2025\/06\/BANG-KING-TORNADO-35000-puffs-Disposable-Vape.webp\" alt=\"BANG KING TORNADO 35000 caladas Vape desechable\" width=\"900\" height=\"600\" srcset=\"https:\/\/vapesaler.com\/wp-content\/uploads\/2025\/06\/BANG-KING-TORNADO-35000-puffs-Disposable-Vape.webp 900w, https:\/\/vapesaler.com\/wp-content\/uploads\/2025\/06\/BANG-KING-TORNADO-35000-puffs-Disposable-Vape-300x200.webp 300w, https:\/\/vapesaler.com\/wp-content\/uploads\/2025\/06\/BANG-KING-TORNADO-35000-puffs-Disposable-Vape-768x512.webp 768w, https:\/\/vapesaler.com\/wp-content\/uploads\/2025\/06\/BANG-KING-TORNADO-35000-puffs-Disposable-Vape-18x12.webp 18w, https:\/\/vapesaler.com\/wp-content\/uploads\/2025\/06\/BANG-KING-TORNADO-35000-puffs-Disposable-Vape-510x340.webp 510w\" sizes=\"(max-width: 900px) 100vw, 900px\" \/><figcaption id=\"caption-attachment-1719\" class=\"wp-caption-text\">BANG KING TORNADO 35000 caladas Vape desechable<\/figcaption><\/figure>","protected":false},"excerpt":{"rendered":"<p>The\u00a0BANG KING TORNADO 35000\u00a0Smart Screen Disposable Vape\u00a0redefines disposable vaping with its cutting-edge features, designed for both convenience and performance. Perfect for vapers seeking longevity, customization, and safety, this device is packed with innovations to elevate your experience. Stay in control with the clear, easy-to-read smart screen. Monitor battery life, e-liquid levels, and power settings in [&#8230;]\n","protected":false},"featured_media":1729,"comment_status":"open","ping_status":"closed","template":"","meta":{"om_disable_all_campaigns":false},"product_brand":[36],"product_cat":[15],"product_tag":[370,50,292],"class_list":{"0":"post-1681","1":"product","2":"type-product","3":"status-publish","4":"has-post-thumbnail","6":"product_brand-bangking","7":"product_cat-disposables","8":"product_tag-35000puffs","9":"product_tag-disposable-vape","10":"product_tag-led-display","11":"pa_flavor-blue-razz-ice","12":"pa_flavor-blueberry-ice","13":"pa_flavor-double-apple","14":"pa_flavor-energy-drink","15":"pa_flavor-grape-ice","16":"pa_flavor-lemon-mint","17":"pa_flavor-love66","18":"pa_flavor-peach-ice","19":"pa_flavor-strawberry-kiwi","20":"pa_flavor-strawberry-mango","21":"pa_flavor-strawberry-watermelon","22":"pa_flavor-watermelon","23":"pa_nicotine-20mg","24":"pa_nicotine-30mg","25":"pa_nicotine-50mg","26":"pa_puffs-35000-puffs","28":"first","29":"instock","30":"shipping-taxable","31":"purchasable","32":"product-type-variable"},"aioseo_notices":[],"_links":{"self":[{"href":"https:\/\/vapesaler.com\/es\/wp-json\/wp\/v2\/product\/1681","targetHints":{"allow":["GET"]}}],"collection":[{"href":"https:\/\/vapesaler.com\/es\/wp-json\/wp\/v2\/product"}],"about":[{"href":"https:\/\/vapesaler.com\/es\/wp-json\/wp\/v2\/types\/product"}],"replies":[{"embeddable":true,"href":"https:\/\/vapesaler.com\/es\/wp-json\/wp\/v2\/comments?post=1681"}],"wp:featuredmedia":[{"embeddable":true,"href":"https:\/\/vapesaler.com\/es\/wp-json\/wp\/v2\/media\/1729"}],"wp:attachment":[{"href":"https:\/\/vapesaler.com\/es\/wp-json\/wp\/v2\/media?parent=1681"}],"wp:term":[{"taxonomy":"product_brand","embeddable":true,"href":"https:\/\/vapesaler.com\/es\/wp-json\/wp\/v2\/product_brand?post=1681"},{"taxonomy":"product_cat","embeddable":true,"href":"https:\/\/vapesaler.com\/es\/wp-json\/wp\/v2\/product_cat?post=1681"},{"taxonomy":"product_tag","embeddable":true,"href":"https:\/\/vapesaler.com\/es\/wp-json\/wp\/v2\/product_tag?post=1681"}],"curies":[{"name":"wp","href":"https:\/\/api.w.org\/{rel}","templated":true}]}}