{"id":1474,"date":"2025-05-20T10:36:03","date_gmt":"2025-05-20T10:36:03","guid":{"rendered":"https:\/\/vapesaler.com\/?post_type=product&#038;p=1474"},"modified":"2025-05-20T10:44:16","modified_gmt":"2025-05-20T10:44:16","slug":"vopk-ultra-40k-puffs-40000-double-flavors-disposable-vape","status":"publish","type":"product","link":"https:\/\/vapesaler.com\/es\/producto\/vopk-ultra-40k-puffs-40000-sabores-dobles-vape-desechable","title":{"rendered":"VOPK ULTRA 40K Puffs 40000 Sabores Dobles Vape Desechable"},"content":{"rendered":"<div><strong>El VOPK ULTRA 40K Puffs 40000 Sabores Dobles Vape Desechable<\/strong> es un dispositivo de vapeo desechable muy vers\u00e1til.<\/div>\n<div>Funcionalmente, es un<strong> Dispositivo 2 en 1<\/strong> que te permite cambiar f\u00e1cilmente entre sabores moviendo la boquilla a izquierda y derecha. Adem\u00e1s, cada sabor est\u00e1 equipado con una bobina de malla dual que le permite cambiar entre los dos modos de funcionamiento con un bot\u00f3n en el lateral. De esta manera, los clientes pueden experimentar un humo de alta potencia y un sabor m\u00e1s fuerte.<\/div>\n<div>En t\u00e9rminos de rendimiento, est\u00e1 equipado con una bater\u00eda de alta capacidad de 650mAh y puerto de carga r\u00e1pida Type-C. La capacidad de 36 ml de l\u00edquido para vapear proporciona al producto 40.000 caladas, \u00a1lo que puede durar m\u00e1s tiempo!<\/div>\n<div>En t\u00e9rminos de dise\u00f1o exterior, cuenta con una pantalla led integral, que le permite observar la cantidad de l\u00edquido en cada sabor individualmente. la pantalla led puede mostrar tanto el nivel de potencia como el cambio de modo. Viene con un patr\u00f3n spaceman que se iluminar\u00e1 durante el uso. Lleno de sentido de la tecnolog\u00eda.<\/div>\n<div>En t\u00e9rminos de sabor, VOPK ULTRA 40K, la elecci\u00f3n de m\u00faltiples sabores de frutas compuestas, para que la boca para disfrutar de la \u00faltima experiencia, una variedad de dulces sabores de frutas frescas con el humo para llenar la boca, si se trata de un dejar de fumar o un jugador de alto nivel, esta es una muy buena opci\u00f3n.<\/div>\n<h2><strong>VOPK ULTRA 40K Puffs 40000 Double Flavors Vape Desechable Quick Details<\/strong><\/h2>\n<figure id=\"attachment_1496\" aria-describedby=\"caption-attachment-1496\" style=\"width: 600px\" class=\"wp-caption alignright\"><img decoding=\"async\" class=\"wp-image-1496\" title=\"VOPK ULTRA 40000 Puffs Doble Sabor Vape Desechable\" src=\"https:\/\/vapesaler.com\/wp-content\/uploads\/2025\/05\/VOPK-ULTRA-40000-Puffs-Double-Flavors-Disposable-Vape-148x300.jpg\" alt=\"VOPK ULTRA 40000 Puffs Doble Sabor Vape Desechable\" width=\"600\" height=\"1213\" srcset=\"https:\/\/vapesaler.com\/wp-content\/uploads\/2025\/05\/VOPK-ULTRA-40000-Puffs-Double-Flavors-Disposable-Vape-148x300.jpg 148w, https:\/\/vapesaler.com\/wp-content\/uploads\/2025\/05\/VOPK-ULTRA-40000-Puffs-Double-Flavors-Disposable-Vape-507x1024.jpg 507w, https:\/\/vapesaler.com\/wp-content\/uploads\/2025\/05\/VOPK-ULTRA-40000-Puffs-Double-Flavors-Disposable-Vape-768x1552.jpg 768w, https:\/\/vapesaler.com\/wp-content\/uploads\/2025\/05\/VOPK-ULTRA-40000-Puffs-Double-Flavors-Disposable-Vape-760x1536.jpg 760w, https:\/\/vapesaler.com\/wp-content\/uploads\/2025\/05\/VOPK-ULTRA-40000-Puffs-Double-Flavors-Disposable-Vape-6x12.jpg 6w, https:\/\/vapesaler.com\/wp-content\/uploads\/2025\/05\/VOPK-ULTRA-40000-Puffs-Double-Flavors-Disposable-Vape-510x1031.jpg 510w, https:\/\/vapesaler.com\/wp-content\/uploads\/2025\/05\/VOPK-ULTRA-40000-Puffs-Double-Flavors-Disposable-Vape.jpg 1000w\" sizes=\"(max-width: 600px) 100vw, 600px\" \/><figcaption id=\"caption-attachment-1496\" class=\"wp-caption-text\">VOPK ULTRA 40000 Puffs Doble Sabor Vape Desechable<\/figcaption><\/figure>\n<ul>\n<li>Puffs: Hasta 40000 Puffs<\/li>\n<li>Nicotina:2%\/5%<\/li>\n<li>Bobina de cuatro mallas: <strong>\u00a0<\/strong>1 ohm \/ 0,5 ohm\uff08 N\u00facleos calefactores conmutables para cada sabor )<\/li>\n<li>E-l\u00edquido:36ml<\/li>\n<li>Bater\u00eda:650mah<\/li>\n<li>Recargable:Tipo-C<\/li>\n<li>La pantalla LED inteligente muestra la duraci\u00f3n de la bater\u00eda y los niveles de e-l\u00edquido<\/li>\n<li>Doble sabor<\/li>\n<li>Seguro para ni\u00f1os<\/li>\n<li>Modos de extracci\u00f3n simple y doble<\/li>\n<li>10 sabores a elegir<\/li>\n<\/ul>\n<h2><strong>Lista de sabores<\/strong><\/h2>\n<ol>\n<li>Fresa Sand\u00eda y Kiwi Fruta de la Pasi\u00f3n Guayaba<\/li>\n<li>Ar\u00e1ndano Frambuesa y Mango Melocot\u00f3n Sand\u00eda<\/li>\n<li>Osito de gominola Blue Razz &amp; Kiwi fresa<\/li>\n<li>Blue Razz Cereza y Fresa Frambuesa<\/li>\n<li>Fizzy Lim\u00f3n Lima y Sand\u00eda Menta Fresca<\/li>\n<li>Hielo de sand\u00eda y hielo Blue Razz<\/li>\n<li>Blue Razz Pi\u00f1a y Triple Mango<\/li>\n<li>Uva Berry Burst &amp; Pera Manzana Frambuesa<\/li>\n<li>Fresa Ar\u00e1ndano Cereza y Pi\u00f1a Pasi\u00f3n Lima<\/li>\n<li>Mentol Ar\u00e1ndano Fresa &amp; Mentol Ar\u00e1ndano Frambuesa<\/li>\n<\/ol>\n<h2><strong>Contenido del embalaje<\/strong><\/h2>\n<ul>\n<li>10 unidades \/caja mediana.<\/li>\n<li>16 caja mediana \/ cart\u00f3n<\/li>\n<li>160 unidades\/caja<\/li>\n<\/ul>\n<figure id=\"attachment_1497\" aria-describedby=\"caption-attachment-1497\" style=\"width: 1024px\" class=\"wp-caption aligncenter\"><img decoding=\"async\" class=\"wp-image-1497 size-full\" title=\"VOPK ULTRA 40000 Puff Doble Sabor Vape Desechable\" src=\"https:\/\/vapesaler.com\/wp-content\/uploads\/2025\/05\/VOPK-ULTRA-40000-Puff-Double-Flavors-Disposable-Vape.jpg\" alt=\"VOPK ULTRA 40000 Puff Doble Sabor Vape Desechable\" width=\"1024\" height=\"996\" srcset=\"https:\/\/vapesaler.com\/wp-content\/uploads\/2025\/05\/VOPK-ULTRA-40000-Puff-Double-Flavors-Disposable-Vape.jpg 1024w, https:\/\/vapesaler.com\/wp-content\/uploads\/2025\/05\/VOPK-ULTRA-40000-Puff-Double-Flavors-Disposable-Vape-300x292.jpg 300w, https:\/\/vapesaler.com\/wp-content\/uploads\/2025\/05\/VOPK-ULTRA-40000-Puff-Double-Flavors-Disposable-Vape-768x747.jpg 768w, https:\/\/vapesaler.com\/wp-content\/uploads\/2025\/05\/VOPK-ULTRA-40000-Puff-Double-Flavors-Disposable-Vape-12x12.jpg 12w, https:\/\/vapesaler.com\/wp-content\/uploads\/2025\/05\/VOPK-ULTRA-40000-Puff-Double-Flavors-Disposable-Vape-510x496.jpg 510w\" sizes=\"(max-width: 1024px) 100vw, 1024px\" \/><figcaption id=\"caption-attachment-1497\" class=\"wp-caption-text\">VOPK ULTRA 40000 Puff Doble Sabor Vape Desechable<\/figcaption><\/figure>","protected":false},"excerpt":{"rendered":"<p>The VOPK ULTRA 40K Puffs 40000 Double Flavors Disposable Vape is a very versatile disposable vaping device. Functionally, it is a 2 in 1 device that allows you to easily switch between flavors by toggling the mouthpiece left and right. Also, each flavor is equipped with a dual mesh coil that allows you to switch [&#8230;]\n","protected":false},"featured_media":1480,"comment_status":"open","ping_status":"closed","template":"","meta":{"om_disable_all_campaigns":false},"product_brand":[293],"product_cat":[105],"product_tag":[119,50,79,104,292],"class_list":{"0":"post-1474","1":"product","2":"type-product","3":"status-publish","4":"has-post-thumbnail","6":"product_brand-vopk","7":"product_cat-dual-flavour","8":"product_tag-40000puffs","9":"product_tag-disposable-vape","10":"product_tag-dual-favour","11":"product_tag-dual-mesh","12":"product_tag-led-display","13":"pa_flavor-blue-razz-cherry-strawberry-raspberry","14":"pa_flavor-blue-razz-gummy-bear-strawberry-kiwi","15":"pa_flavor-blue-razz-pineapple-triple-mango","16":"pa_flavor-blueberry-raspberry-peach-mango-watermelon","17":"pa_flavor-blueberry-strawberry-menthol-blueberry-raspberry-menthol","18":"pa_flavor-fizzy-lemon-lime-watermelon-fresh-mint","19":"pa_flavor-grape-berry-burst-pear-apple-raspberry","20":"pa_flavor-strawberry-cranberry-cherry-pineapple-passion-lime","21":"pa_flavor-strawberry-watermelon-kiwi-passion-fruit-guava-2","22":"pa_flavor-watermelon-ice-blue-razz-ice","23":"pa_nicotine-20mg","24":"pa_nicotine-50mg","25":"pa_puffs-40000-puffs","27":"first","28":"instock","29":"shipping-taxable","30":"purchasable","31":"product-type-variable"},"aioseo_notices":[],"_links":{"self":[{"href":"https:\/\/vapesaler.com\/es\/wp-json\/wp\/v2\/product\/1474","targetHints":{"allow":["GET"]}}],"collection":[{"href":"https:\/\/vapesaler.com\/es\/wp-json\/wp\/v2\/product"}],"about":[{"href":"https:\/\/vapesaler.com\/es\/wp-json\/wp\/v2\/types\/product"}],"replies":[{"embeddable":true,"href":"https:\/\/vapesaler.com\/es\/wp-json\/wp\/v2\/comments?post=1474"}],"wp:featuredmedia":[{"embeddable":true,"href":"https:\/\/vapesaler.com\/es\/wp-json\/wp\/v2\/media\/1480"}],"wp:attachment":[{"href":"https:\/\/vapesaler.com\/es\/wp-json\/wp\/v2\/media?parent=1474"}],"wp:term":[{"taxonomy":"product_brand","embeddable":true,"href":"https:\/\/vapesaler.com\/es\/wp-json\/wp\/v2\/product_brand?post=1474"},{"taxonomy":"product_cat","embeddable":true,"href":"https:\/\/vapesaler.com\/es\/wp-json\/wp\/v2\/product_cat?post=1474"},{"taxonomy":"product_tag","embeddable":true,"href":"https:\/\/vapesaler.com\/es\/wp-json\/wp\/v2\/product_tag?post=1474"}],"curies":[{"name":"wp","href":"https:\/\/api.w.org\/{rel}","templated":true}]}}