{"id":1165,"date":"2025-04-23T09:56:20","date_gmt":"2025-04-23T09:56:20","guid":{"rendered":"https:\/\/vapesaler.com\/?post_type=product&#038;p=1165"},"modified":"2025-04-28T09:31:44","modified_gmt":"2025-04-28T09:31:44","slug":"bang-leader-dual-flavors-45000-puffs-2-in-1-vape","status":"publish","type":"product","link":"https:\/\/vapesaler.com\/es\/producto\/bang-leader-dual-flavors-45000-puffs-2-en-1-vape","title":{"rendered":"Bang Leader sabores duales 45000 Puffs 2 en 1 Vape"},"content":{"rendered":"<p>Bang Leader Dual Flavor 45000 Puffs 2 en 1 Vape es un vape desechable muy asequible. Viene con sabores duales que se pueden cambiar f\u00e1cilmente entre los sabores moviendo la boquilla hacia la izquierda o la derecha. Tambi\u00e9n es un mono vape con un patr\u00f3n de mono, 18ml + 18ml de l\u00edquido de alta calidad y una potente bater\u00eda de 650mAh.<\/p>\n<p>Bang Leader 45000 Puffs dise\u00f1o degradado, colores coloridos y forma ovalada hacen que el producto compacto y exquisito. Hay un indicador de nivel de aceite en cada lado de la parte inferior, permitiendo que el fuerte sabor a fruta traiga una confortable sensaci\u00f3n de dulzura y frescura. Deje que los clientes lo fumen como quieran sin sentirse cansados.<\/p>\n<p>Utilizamos 10pcs en una caja para comenzar a ordenar, que puede ahorrar el dinero de los clientes a\u00fan m\u00e1s. \u00a1Deje que los clientes m\u00e1s rentable!<\/p>\n<h2><strong>Bang Leader sabores duales 45000 Puffs 2 en 1 Vape Detalles R\u00e1pidos<\/strong><\/h2>\n<p><img decoding=\"async\" class=\"alignright wp-image-1191\" title=\"Bang Leader sabores duales 45000 Puffs mono vape\" src=\"https:\/\/vapesaler.com\/wp-content\/uploads\/2025\/04\/Bang-Leader-dual-flavors-45000-Puffs-monkey-vape-300x300.jpg\" alt=\"Bang Leader sabores duales 45000 Puffs mono vape\" width=\"500\" height=\"500\" srcset=\"https:\/\/vapesaler.com\/wp-content\/uploads\/2025\/04\/Bang-Leader-dual-flavors-45000-Puffs-monkey-vape-300x300.jpg 300w, https:\/\/vapesaler.com\/wp-content\/uploads\/2025\/04\/Bang-Leader-dual-flavors-45000-Puffs-monkey-vape-150x150.jpg 150w, https:\/\/vapesaler.com\/wp-content\/uploads\/2025\/04\/Bang-Leader-dual-flavors-45000-Puffs-monkey-vape-768x768.jpg 768w, https:\/\/vapesaler.com\/wp-content\/uploads\/2025\/04\/Bang-Leader-dual-flavors-45000-Puffs-monkey-vape-12x12.jpg 12w, https:\/\/vapesaler.com\/wp-content\/uploads\/2025\/04\/Bang-Leader-dual-flavors-45000-Puffs-monkey-vape-510x510.jpg 510w, https:\/\/vapesaler.com\/wp-content\/uploads\/2025\/04\/Bang-Leader-dual-flavors-45000-Puffs-monkey-vape-100x100.jpg 100w, https:\/\/vapesaler.com\/wp-content\/uploads\/2025\/04\/Bang-Leader-dual-flavors-45000-Puffs-monkey-vape.jpg 1000w\" sizes=\"(max-width: 500px) 100vw, 500px\" \/><\/p>\n<ul>\n<li>Puffs:40000Puffs<\/li>\n<li>Capacidad de la bater\u00eda:650mAh<\/li>\n<li>E-L\u00edquido Volumen: 18ml*2<\/li>\n<li>Contenido de nicotina: 0\/20\/50mg<\/li>\n<li>Facci\u00f3n\uff1aSabores dobles\/Interruptor basculante<\/li>\n<li>Embalaje: 10 piezas en 1 caja expositora<\/li>\n<li>Recargable tipo C<\/li>\n<li>Pantalla de recarga y e-l\u00edquido<\/li>\n<li>Resistencia del hilo calefactor Doble n\u00facleo de malla 1.0Q<\/li>\n<\/ul>\n<h2><strong>Lista de sabores<\/strong><\/h2>\n<ol>\n<li>hielo de sand\u00eda\/menta de ar\u00e1ndanos<\/li>\n<li>sand\u00eda\/ar\u00e1ndano cereza<\/li>\n<li>ar\u00e1ndano hielo\/melocot\u00f3n mango sand\u00eda<\/li>\n<li>hielo de ar\u00e1ndanos\/hielo de melocot\u00f3n<\/li>\n<li>ar\u00e1ndano frambuesa\/mezcla de bayas<\/li>\n<li>hielo de ar\u00e1ndano, frambuesa y uva<\/li>\n<li>red bull\/pl\u00e1tano con fresa<\/li>\n<li>red bull\/sand\u00eda de ar\u00e1ndanos<\/li>\n<li>chicle de fresa, mango y sand\u00eda<\/li>\n<li>fresa mango\/fresa kiwi<\/li>\n<li>sand\u00eda fresa\/hielo drag\u00f3n negro<\/li>\n<li>fresa sand\u00eda\/kiwi fruta de la pasi\u00f3n guayaba<\/li>\n<\/ol>\n<h2><strong>Contenido del embalaje<\/strong><\/h2>\n<ul>\n<li>10 unidades \/caja mediana<\/li>\n<li>100 unidades\/caja<\/li>\n<\/ul>\n<p><img decoding=\"async\" class=\"aligncenter wp-image-1192 size-full\" title=\"Bang Leader sabores duales 45000 Puffs\" src=\"https:\/\/vapesaler.com\/wp-content\/uploads\/2025\/04\/Bang-Leader-dual-flavors-45000-Puffs.jpg\" alt=\"Bang Leader sabores duales 45000 Puffs\" width=\"1039\" height=\"560\" srcset=\"https:\/\/vapesaler.com\/wp-content\/uploads\/2025\/04\/Bang-Leader-dual-flavors-45000-Puffs.jpg 1039w, https:\/\/vapesaler.com\/wp-content\/uploads\/2025\/04\/Bang-Leader-dual-flavors-45000-Puffs-300x162.jpg 300w, https:\/\/vapesaler.com\/wp-content\/uploads\/2025\/04\/Bang-Leader-dual-flavors-45000-Puffs-1024x552.jpg 1024w, https:\/\/vapesaler.com\/wp-content\/uploads\/2025\/04\/Bang-Leader-dual-flavors-45000-Puffs-768x414.jpg 768w, https:\/\/vapesaler.com\/wp-content\/uploads\/2025\/04\/Bang-Leader-dual-flavors-45000-Puffs-18x10.jpg 18w, https:\/\/vapesaler.com\/wp-content\/uploads\/2025\/04\/Bang-Leader-dual-flavors-45000-Puffs-510x275.jpg 510w\" sizes=\"(max-width: 1039px) 100vw, 1039px\" \/><\/p>","protected":false},"excerpt":{"rendered":"<p>Bang Leader Dual Flavor 45000 Puffs 2 in 1 Vape is a highly affordable disposable vape. It comes with dual flavors that can be easily switched between flavors by flicking the mouthpiece left or right.It is also a monkey vape with a monkey pattern, 18ml+18ml high quality liquid and a powerful 650mAh battery. Bang Leader [&#8230;]\n","protected":false},"featured_media":1166,"comment_status":"open","ping_status":"closed","template":"","meta":{"om_disable_all_campaigns":false},"product_brand":[81],"product_cat":[105],"product_tag":[212,50,79],"class_list":{"0":"post-1165","1":"product","2":"type-product","3":"status-publish","4":"has-post-thumbnail","6":"product_brand-bang","7":"product_cat-dual-flavour","8":"product_tag-45000puffs","9":"product_tag-disposable-vape","10":"product_tag-dual-favour","11":"pa_flavor-blueberry-ice-black-dragon-ice","12":"pa_flavor-blueberry-ice-strawberry-banana","13":"pa_flavor-blueberry-raspberry-peach-mango-watermelon","14":"pa_flavor-blueberry-watermelon-strawberry-mango","15":"pa_flavor-cola-ice-cherry-cranberry","16":"pa_flavor-pineapple-ice-triple-mango","17":"pa_flavor-red-bull-blueberry-watermelon-2","18":"pa_flavor-red-bull-watermelon-bubble-candy","19":"pa_flavor-strawberry-kiwi-peach-ice","20":"pa_flavor-strawberry-watermelon-grape-ice","21":"pa_flavor-strawberry-watermelon-kiwi-passion-fruit-guava-2","22":"pa_flavor-watermelon-ice-strawberry-mango","23":"pa_nicotine-0mg","24":"pa_nicotine-20mg","25":"pa_nicotine-50mg","26":"pa_puffs-45000-puffs","28":"first","29":"instock","30":"shipping-taxable","31":"purchasable","32":"product-type-variable"},"aioseo_notices":[],"_links":{"self":[{"href":"https:\/\/vapesaler.com\/es\/wp-json\/wp\/v2\/product\/1165","targetHints":{"allow":["GET"]}}],"collection":[{"href":"https:\/\/vapesaler.com\/es\/wp-json\/wp\/v2\/product"}],"about":[{"href":"https:\/\/vapesaler.com\/es\/wp-json\/wp\/v2\/types\/product"}],"replies":[{"embeddable":true,"href":"https:\/\/vapesaler.com\/es\/wp-json\/wp\/v2\/comments?post=1165"}],"wp:featuredmedia":[{"embeddable":true,"href":"https:\/\/vapesaler.com\/es\/wp-json\/wp\/v2\/media\/1166"}],"wp:attachment":[{"href":"https:\/\/vapesaler.com\/es\/wp-json\/wp\/v2\/media?parent=1165"}],"wp:term":[{"taxonomy":"product_brand","embeddable":true,"href":"https:\/\/vapesaler.com\/es\/wp-json\/wp\/v2\/product_brand?post=1165"},{"taxonomy":"product_cat","embeddable":true,"href":"https:\/\/vapesaler.com\/es\/wp-json\/wp\/v2\/product_cat?post=1165"},{"taxonomy":"product_tag","embeddable":true,"href":"https:\/\/vapesaler.com\/es\/wp-json\/wp\/v2\/product_tag?post=1165"}],"curies":[{"name":"wp","href":"https:\/\/api.w.org\/{rel}","templated":true}]}}