{"id":1074,"date":"2025-04-21T09:25:40","date_gmt":"2025-04-21T09:25:40","guid":{"rendered":"https:\/\/vapesaler.com\/?post_type=product&#038;p=1074"},"modified":"2025-04-28T09:28:08","modified_gmt":"2025-04-28T09:28:08","slug":"bangking-triple-3-in-1-flavors-45000-puffs-disposable-vape","status":"publish","type":"product","link":"https:\/\/vapesaler.com\/es\/producto\/bangking-triple-3-en-1-sabores-45000-caladas-vape-desechable","title":{"rendered":"BangKing Triple 3 en 1 Sabores 45000 Puffs Vape Desechable"},"content":{"rendered":"<p>BangKing Triple 3 en 1 Sabores 45000 Puffs Vape desechable es un nuevo tres sabores en uno desechables de <a href=\"https:\/\/vapesaler.com\/es\/brands\/bangking\/\">Bangking<\/a>. Cada producto contiene tres compartimentos para l\u00edquidos, y la boquilla est\u00e1 dise\u00f1ada como un gran interruptor giratorio que facilita el cambio entre diferentes sabores.<br \/>\nEl dise\u00f1o del BangKing Triple presenta un dise\u00f1o cil\u00edndrico minimalista que realza la sensaci\u00f3n de todo el producto en la mano. El uso general del proceso de pintura de color degradado, la transici\u00f3n de color superior e inferior es muy natural.<br \/>\nEsta vez, tambi\u00e9n se ha hecho un nuevo ajuste en el sabor, utilizando una variedad de compuesto de frutas para realzar la jugosidad del humo. Hace que el sabor de boca m\u00e1s lleno y fuerte.<br \/>\nEl rendimiento sigue siendo el mismo que siempre dise\u00f1o de alto precio, 3 * 15ML total de 45ML de capacidad de l\u00edquido, junto con la capacidad de la bater\u00eda 650mAh, permite a los consumidores a utilizar m\u00e1s de una semana.<\/p>\n<h2><strong>BangKing Triple 3 en 1 Sabores 45000 Puffs Vape DesechableQuick Details<\/strong><\/h2>\n<p><img decoding=\"async\" class=\"wp-image-1097 alignright\" title=\"Bangking triple 45000 Puffs vape\" src=\"https:\/\/vapesaler.com\/wp-content\/uploads\/2025\/04\/Bangking-triple-45000-Puffs-vape-300x300.jpg\" alt=\"Bangking triple 45000 Puffs vape\" width=\"500\" height=\"500\" srcset=\"https:\/\/vapesaler.com\/wp-content\/uploads\/2025\/04\/Bangking-triple-45000-Puffs-vape-300x300.jpg 300w, https:\/\/vapesaler.com\/wp-content\/uploads\/2025\/04\/Bangking-triple-45000-Puffs-vape-150x150.jpg 150w, https:\/\/vapesaler.com\/wp-content\/uploads\/2025\/04\/Bangking-triple-45000-Puffs-vape-768x768.jpg 768w, https:\/\/vapesaler.com\/wp-content\/uploads\/2025\/04\/Bangking-triple-45000-Puffs-vape-12x12.jpg 12w, https:\/\/vapesaler.com\/wp-content\/uploads\/2025\/04\/Bangking-triple-45000-Puffs-vape-510x510.jpg 510w, https:\/\/vapesaler.com\/wp-content\/uploads\/2025\/04\/Bangking-triple-45000-Puffs-vape-100x100.jpg 100w, https:\/\/vapesaler.com\/wp-content\/uploads\/2025\/04\/Bangking-triple-45000-Puffs-vape.jpg 800w\" sizes=\"(max-width: 500px) 100vw, 500px\" \/><\/p>\n<ul>\n<li>Puffs: 3*15000\uff0845000\uff09 Puffs<\/li>\n<li>Capacidad de la bater\u00eda: 650 mAh<\/li>\n<li>Volumen del E-l\u00edquido: 45ml<\/li>\n<li>Contenido de nicotina: 0\/20\/50mg<\/li>\n<li>Embalaje: 10 piezas en 1 caja mediana<\/li>\n<li>\n<div>Recargable tipo C<\/div>\n<\/li>\n<li>\n<div>Triple sabor<\/div>\n<\/li>\n<li>Resistencia del alambre calefactor: Bobina de malla<\/li>\n<\/ul>\n<h2><strong>Lista de sabores<\/strong><\/h2>\n<ol>\n<li><strong>Sand\u00eda &amp; Red Bull &amp; Fresa Kiwi<\/strong><\/li>\n<li><strong>Lim\u00f3n Lima y Fresa Sand\u00eda y Ar\u00e1ndanos Hielo<\/strong><\/li>\n<li><strong>Fresa Pl\u00e1tano y Frambuesa Sand\u00eda y Lima Lim\u00f3n<\/strong><\/li>\n<li><strong>Fresa Kiwi &amp; Mango Agrio Pi\u00f1a &amp; Red Bull<\/strong><\/li>\n<li><strong>Fruta tropical y fresa Sand\u00eda y melocot\u00f3n lim\u00f3n<\/strong><\/li>\n<li><strong>Pi\u00f1a Coco &amp; Fresa Pl\u00e1tano &amp; Blue Razz<\/strong><\/li>\n<li><strong>Fresa Frambuesa &amp; Triple Mel\u00f3n &amp; Mango Agrio Pi\u00f1a<\/strong><\/li>\n<li><strong>Frambuesa Sand\u00eda y Mango Melocot\u00f3n y Fresa Kiwi<\/strong><\/li>\n<li><strong>Fresa Vainilla Coca-Cola &amp; Ar\u00e1ndano Frambuesa &amp; Lim\u00f3n Lima<\/strong><\/li>\n<li><strong>Helado de Sand\u00eda y Fresa y Triple de Mel\u00f3n<\/strong><\/li>\n<\/ol>\n<h2><strong>Contenido del embalaje<\/strong><\/h2>\n<ul>\n<li>Peso del producto: 140 g\/unidad<\/li>\n<li>Tama\u00f1o del producto: 47*47*161 mm<\/li>\n<li>CANT.: 10 uds\/caja<\/li>\n<li>G.W.: 21kg<\/li>\n<\/ul>","protected":false},"excerpt":{"rendered":"<p>BangKing Triple 3 in 1 Flavors 45000 Puffs Disposable Vape is a new three-flavor-in-one disposable from Bangking. Each product contains three liquid compartments, and the mouthpiece is designed as a large rotary switch that makes it easy to switch between different flavors. The design of the BangKing Triple features a minimalist cylindrical design that enhances [&#8230;]\n","protected":false},"featured_media":1075,"comment_status":"open","ping_status":"closed","template":"","meta":{"om_disable_all_campaigns":false},"product_brand":[36],"product_cat":[105],"product_tag":[],"class_list":{"0":"post-1074","1":"product","2":"type-product","3":"status-publish","4":"has-post-thumbnail","6":"product_brand-bangking","7":"product_cat-dual-flavour","8":"pa_flavor-lemon-lime-strawberry-watermelon-blueberry-ice","9":"pa_flavor-pineapple-coconut-strawberry-banana-blue-razz","10":"pa_flavor-raspberry-watermelon-mango-peach-strawberry-kiwi","11":"pa_flavor-strawberry-banana-raspberry-watermelon-lemon-lime","12":"pa_flavor-strawberry-kiwi-sour-mango-pineapple-red-bull","13":"pa_flavor-strawberry-raspberry-triple-melon-sour-mango-pineapple","14":"pa_flavor-strawberry-vanilla-coke-blueberry-raspberry-lemon-lime","15":"pa_flavor-tropical-fruit-strawberry-watermelon-lemon-peach","16":"pa_flavor-watermelon-red-bull-strawberry-kiwi","17":"pa_flavor-watermelon-strawberry-ice-cream-triple-melon","18":"pa_nicotine-0mg","19":"pa_nicotine-20mg","20":"pa_nicotine-50mg","21":"pa_puffs-45000-puffs","23":"first","24":"instock","25":"shipping-taxable","26":"purchasable","27":"product-type-variable"},"aioseo_notices":[],"_links":{"self":[{"href":"https:\/\/vapesaler.com\/es\/wp-json\/wp\/v2\/product\/1074","targetHints":{"allow":["GET"]}}],"collection":[{"href":"https:\/\/vapesaler.com\/es\/wp-json\/wp\/v2\/product"}],"about":[{"href":"https:\/\/vapesaler.com\/es\/wp-json\/wp\/v2\/types\/product"}],"replies":[{"embeddable":true,"href":"https:\/\/vapesaler.com\/es\/wp-json\/wp\/v2\/comments?post=1074"}],"wp:featuredmedia":[{"embeddable":true,"href":"https:\/\/vapesaler.com\/es\/wp-json\/wp\/v2\/media\/1075"}],"wp:attachment":[{"href":"https:\/\/vapesaler.com\/es\/wp-json\/wp\/v2\/media?parent=1074"}],"wp:term":[{"taxonomy":"product_brand","embeddable":true,"href":"https:\/\/vapesaler.com\/es\/wp-json\/wp\/v2\/product_brand?post=1074"},{"taxonomy":"product_cat","embeddable":true,"href":"https:\/\/vapesaler.com\/es\/wp-json\/wp\/v2\/product_cat?post=1074"},{"taxonomy":"product_tag","embeddable":true,"href":"https:\/\/vapesaler.com\/es\/wp-json\/wp\/v2\/product_tag?post=1074"}],"curies":[{"name":"wp","href":"https:\/\/api.w.org\/{rel}","templated":true}]}}