{"id":968,"date":"2025-04-17T04:50:58","date_gmt":"2025-04-17T04:50:58","guid":{"rendered":"https:\/\/vapesaler.com\/?post_type=product&#038;p=968"},"modified":"2025-06-13T10:30:15","modified_gmt":"2025-06-13T10:30:15","slug":"waspe-triple-flavors-vape","status":"publish","type":"product","link":"https:\/\/vapesaler.com\/de\/produkt\/waspe-dreifach-aromen-vape","title":{"rendered":"Waspe Triple Aromen vape 60000 PUFFS 3-in-1 Einweg Vape"},"content":{"rendered":"<p>Die <a href=\"https:\/\/vapesaler.com\/de\/brands\/waspe\/\">Waspe <\/a>Triple Flavors vape 60000 PUFFS 3-in-1 Disposable Vape ist ein kreatives Produkt. Mit dem Design von drei Fl\u00fcssigkeitsf\u00e4chern in einer Struktur, kombiniert mit dem 360-Grad-mechanischen Drehschalter des Mundst\u00fccks, ist es einfach, den Wechsel von drei Geschmacksrichtungen in einem Produkt zu realisieren.<\/p>\n<p>Erstens, in Bezug auf das Design, ist es ein Master-Ebene. Es nimmt an <a href=\"https:\/\/en.wikipedia.org\/wiki\/Pascal%27s_triangle\">Pascalsches Dreieck<\/a> Aussehen Struktur Design, das derzeit als die stabilste und vern\u00fcnftige Dreieck Struktur anerkannt ist, kombiniert mit gro\u00dfen Bogen Fase. Machen Sie das ganze Produkt stabil, ohne das Gef\u00fchl der Mode zu verlieren.<\/p>\n<p>Und das Farbschema, nimmt es Dopamin Farbschema, mit der Textur der metallischen Spr\u00fchfarbe gekoppelt. Perfekt lassen die Nikotin k\u00f6nnen die Menschen produzieren Dopamin Thema kombiniert. Der untere Teil der Vakuum-Beschichtung, Galvanik bringt eine metallische Textur zur gleichen Zeit lassen Sie die Anzeige versteckt werden. Ein Gef\u00fchl der Technologie, ein Gef\u00fchl der hohen Klasse, Stabilit\u00e4t und Mode sind alle sehr nat\u00fcrlich zusammen gemischt.<\/p>\n<p>\u00dcber den Geschmack Design, das gleiche Produkt auf den drei Geschmacksrichtungen ist \u00fcberm\u00e4\u00dfig wird nicht zu gro\u00df sein, sind \u00e4hnliche Geschmack, so dass die Kunden reduzieren k\u00f6nnen, weil es einen Geschmack nicht m\u00f6gen und kann nicht eine Wahl treffen.<\/p>\n<p>Leistung, <a href=\"https:\/\/vapesaler.com\/de\/brands\/waspe\/\">Waspe<\/a> Triple Flavor nimmt 850mAh Akku mit hoher Kapazit\u00e4t, wodurch die Aufladung Angst. 54ml Fl\u00fcssigkeit Fachkapazit\u00e4t, sondern auch stark verbessert die Lebensdauer des Produkts, f\u00fcr die normale Dosierung der Kunden kann mehr als zwei Wochen dauern.<\/p>\n<h2><strong>Waspe Triple Aromen vape 60000 PUFFS 3-in-1 Einweg Vape Schnelle Details<\/strong><\/h2>\n<p><img decoding=\"async\" class=\"alignright wp-image-996\" title=\"waspe Triple Flavor vape 60000 PUFFS 3 in 1 Einweg vape\" src=\"https:\/\/vapesaler.com\/wp-content\/uploads\/2025\/04\/waspe-Triple-Flavor-vape-60000-PUFFS-3-in-1-disposable-vape-300x300.jpg\" alt=\"waspe Triple Flavor vape 60000 PUFFS 3 in 1 Einweg vape\" width=\"500\" height=\"500\" srcset=\"https:\/\/vapesaler.com\/wp-content\/uploads\/2025\/04\/waspe-Triple-Flavor-vape-60000-PUFFS-3-in-1-disposable-vape-300x300.jpg 300w, https:\/\/vapesaler.com\/wp-content\/uploads\/2025\/04\/waspe-Triple-Flavor-vape-60000-PUFFS-3-in-1-disposable-vape-150x150.jpg 150w, https:\/\/vapesaler.com\/wp-content\/uploads\/2025\/04\/waspe-Triple-Flavor-vape-60000-PUFFS-3-in-1-disposable-vape-768x768.jpg 768w, https:\/\/vapesaler.com\/wp-content\/uploads\/2025\/04\/waspe-Triple-Flavor-vape-60000-PUFFS-3-in-1-disposable-vape-12x12.jpg 12w, https:\/\/vapesaler.com\/wp-content\/uploads\/2025\/04\/waspe-Triple-Flavor-vape-60000-PUFFS-3-in-1-disposable-vape-510x510.jpg 510w, https:\/\/vapesaler.com\/wp-content\/uploads\/2025\/04\/waspe-Triple-Flavor-vape-60000-PUFFS-3-in-1-disposable-vape-100x100.jpg 100w, https:\/\/vapesaler.com\/wp-content\/uploads\/2025\/04\/waspe-Triple-Flavor-vape-60000-PUFFS-3-in-1-disposable-vape.jpg 800w\" sizes=\"(max-width: 500px) 100vw, 500px\" \/><\/p>\n<ul>\n<li>Puffs: 3*20000\uff0860000\uff09 Puffs<\/li>\n<li>Akku-Kapazit\u00e4t: 850mAh<\/li>\n<li>E-Liquid Volumen: 54ml<\/li>\n<li>Nikotingehalt: 0\/20\/50mg<\/li>\n<li>Verpackung: 10 St\u00fcck in 1 mittelgro\u00dfen Schachtel<\/li>\n<li>Led-Anzeige<\/li>\n<li>\n<div>C-Typ Wiederaufladbar<\/div>\n<\/li>\n<li>\n<div>Dreifache Geschmacksrichtungen<\/div>\n<\/li>\n<li>\n<div>Ladezustand und E-Liquid-Anzeige<\/div>\n<\/li>\n<li>Widerstand des Heizdrahtes: Mesh-Spule \/ 0.9ohm+0.9ohm+0.9ohm<\/li>\n<\/ul>\n<h2><strong>Geschmacksliste<\/strong><\/h2>\n<ol>\n<li>Wassermelone Eis &amp; Erdbeere Kiwi &amp; Zitrone Limette<\/li>\n<li>Erdbeer-Wassermelone &amp; Erdbeer-Himbeer-Bonbon &amp; Traubeneis<\/li>\n<li>Blueberry Ice &amp; Black Dragon Ice &amp; Fizzy Cherry Ice<\/li>\n<li>Erdbeere-Himbeere-Kirsche &amp; Liebe 666 &amp; Kirsche Candy Ice<\/li>\n<li>Pfirsich Eis &amp; Ananas Mango Pfirsich &amp; Cranberry Zitrone<\/li>\n<li>Red Bull Ice &amp; Strawberry Mango &amp; Strawberry Watermelon Bubblegum<\/li>\n<li>Gemischte Beeren &amp; Gummib\u00e4rchen &amp; Gemischte Fr\u00fcchte<\/li>\n<li>Dreifach-Melonen-Eis &amp; Regenbogen-Bonbon &amp; Blaubeer-Bonbon<\/li>\n<li>Traubeneis &amp; Erdbeer-Bonbon &amp; Erdbeer-Himbeer-Kirsche<\/li>\n<li>Erdbeer-Banane-Ananas-Kokosnuss-Eis &amp; Mango-Eis<\/li>\n<li>Cherry Cola Ice &amp; Erdbeer Cola &amp; Cola Ice<\/li>\n<li>Blaubeere-Himbeere &amp; Blaubeere-Zuckerwatte &amp; Double Apple Ice<\/li>\n<\/ol>\n<h2><strong>Packung Inhalt<\/strong><\/h2>\n<ul>\n<li>Produktgewicht: 130g\/St\u00fcck<\/li>\n<li>Produktgr\u00f6\u00dfe: 47*47*161mm<\/li>\n<li>Menge: 160 St\u00fcck\/Ctn, 10 St\u00fcck\/Karton<\/li>\n<li>Gewicht: 21 kg<\/li>\n<\/ul>\n<p><img decoding=\"async\" class=\"aligncenter wp-image-997 size-full\" title=\"waspe Triple Flavors vape 60000 PUFFS 3 in 1 Einweg vape\" src=\"https:\/\/vapesaler.com\/wp-content\/uploads\/2025\/04\/waspe-Triple-Flavors-vape-60000-PUFFS-3-in-1-disposable-vape.jpg\" alt=\"waspe Triple Flavors vape 60000 PUFFS 3 in 1 Einweg vape\" width=\"1024\" height=\"600\" srcset=\"https:\/\/vapesaler.com\/wp-content\/uploads\/2025\/04\/waspe-Triple-Flavors-vape-60000-PUFFS-3-in-1-disposable-vape.jpg 1024w, https:\/\/vapesaler.com\/wp-content\/uploads\/2025\/04\/waspe-Triple-Flavors-vape-60000-PUFFS-3-in-1-disposable-vape-300x176.jpg 300w, https:\/\/vapesaler.com\/wp-content\/uploads\/2025\/04\/waspe-Triple-Flavors-vape-60000-PUFFS-3-in-1-disposable-vape-768x450.jpg 768w, https:\/\/vapesaler.com\/wp-content\/uploads\/2025\/04\/waspe-Triple-Flavors-vape-60000-PUFFS-3-in-1-disposable-vape-18x12.jpg 18w, https:\/\/vapesaler.com\/wp-content\/uploads\/2025\/04\/waspe-Triple-Flavors-vape-60000-PUFFS-3-in-1-disposable-vape-510x299.jpg 510w\" sizes=\"(max-width: 1024px) 100vw, 1024px\" \/><\/p>","protected":false},"excerpt":{"rendered":"<p>The Waspe Triple Flavors vape 60000 PUFFS 3-in-1 Disposable Vape is a creative product. With the design of three liquid compartments in one structure, combined with the 360-degree mechanical rotary switch of the mouthpiece, it is easy to realize the switching of three flavors in one product. First, In terms of design, it is a [&#8230;]\n","protected":false},"featured_media":969,"comment_status":"open","ping_status":"closed","template":"","meta":{"om_disable_all_campaigns":false},"product_brand":[145],"product_cat":[105],"product_tag":[180,179,50],"class_list":{"0":"post-968","1":"product","2":"type-product","3":"status-publish","4":"has-post-thumbnail","6":"product_brand-waspe","7":"product_cat-dual-flavour","8":"product_tag-3-in-1","9":"product_tag-60000puffs","10":"product_tag-disposable-vape","11":"pa_flavor-blueberry-ice-black-dragon-ice-fizzy-cherry-ice","12":"pa_flavor-blueberry-raspberry-blueberry-cotton-candy-double-apple-ice","13":"pa_flavor-cherry-cola-ice-strawberry-cola-cola-ice","14":"pa_flavor-grape-ice-strawberry-candy-strawberry-raspberry-cherry","15":"pa_flavor-mixed-berries-gummy-bear-mixed-fruit","16":"pa_flavor-peach-ice-pineapple-mango-peach-cranberry-lemon","17":"pa_flavor-red-bull-ice-strawberry-mango-strawberry-watermelon-bubblegum","18":"pa_flavor-strawberry-banana-pineapple-coconut-ice-mango-ice","19":"pa_flavor-strawberry-raspberry-cherry-love-666-cherry-candy-ice","20":"pa_flavor-strawberry-watermelon-strawberry-raspberry-candy-grape-ice","21":"pa_flavor-triple-melon-ice-rainbow-candy-blueberry-candy","22":"pa_flavor-watermelon-ice-strawberry-kiwi-lemon-lime","23":"pa_nicotine-0mg","24":"pa_nicotine-20mg","25":"pa_nicotine-50mg","26":"pa_puffs-60000-puffs","28":"first","29":"instock","30":"shipping-taxable","31":"purchasable","32":"product-type-variable"},"aioseo_notices":[],"_links":{"self":[{"href":"https:\/\/vapesaler.com\/de\/wp-json\/wp\/v2\/product\/968","targetHints":{"allow":["GET"]}}],"collection":[{"href":"https:\/\/vapesaler.com\/de\/wp-json\/wp\/v2\/product"}],"about":[{"href":"https:\/\/vapesaler.com\/de\/wp-json\/wp\/v2\/types\/product"}],"replies":[{"embeddable":true,"href":"https:\/\/vapesaler.com\/de\/wp-json\/wp\/v2\/comments?post=968"}],"wp:featuredmedia":[{"embeddable":true,"href":"https:\/\/vapesaler.com\/de\/wp-json\/wp\/v2\/media\/969"}],"wp:attachment":[{"href":"https:\/\/vapesaler.com\/de\/wp-json\/wp\/v2\/media?parent=968"}],"wp:term":[{"taxonomy":"product_brand","embeddable":true,"href":"https:\/\/vapesaler.com\/de\/wp-json\/wp\/v2\/product_brand?post=968"},{"taxonomy":"product_cat","embeddable":true,"href":"https:\/\/vapesaler.com\/de\/wp-json\/wp\/v2\/product_cat?post=968"},{"taxonomy":"product_tag","embeddable":true,"href":"https:\/\/vapesaler.com\/de\/wp-json\/wp\/v2\/product_tag?post=968"}],"curies":[{"name":"wp","href":"https:\/\/api.w.org\/{rel}","templated":true}]}}