{"id":930,"date":"2025-04-16T02:48:32","date_gmt":"2025-04-16T02:48:32","guid":{"rendered":"https:\/\/vapesaler.com\/?post_type=product&#038;p=930"},"modified":"2025-06-13T10:30:03","modified_gmt":"2025-06-13T10:30:03","slug":"waspe-double-flavor-40000-puffs-disposable-vape","status":"publish","type":"product","link":"https:\/\/vapesaler.com\/de\/produkt\/waspe-doppelgeschmacksrichtungen","title":{"rendered":"WASPE Double Flavor 40000 PUFFS Einweg Vape"},"content":{"rendered":"<p>Die WASPE Double Flavor ist eine Einwegzigarette mit 40.000 Z\u00fcgen und zwei Geschmacksrichtungen von<a href=\"https:\/\/vapesaler.com\/de\/brands\/bangblaze\/\"> WASPE<\/a>. Es enth\u00e4lt 850mah Akku-Kapazit\u00e4t, die Sie von immer besorgt \u00fcber die Macht halten wird. Es hat auch doppelte Aromen und doppelte Fl\u00fcssigkeit F\u00e4cher, 18ml * 2 mit insgesamt 36ml Fl\u00fcssigkeit, 4Kpuffs kann f\u00fcr zwei Wochen dauern!<\/p>\n<p>16 Geschmacksrichtungen werden immer noch hinzugef\u00fcgt, um die Bed\u00fcrfnisse aller Arten von Fruchtaromen zu erf\u00fcllen. Der Geschmack ist nat\u00fcrlich und frisch und lang anhaltend, ohne in der Kehle stecken zu bleiben. Genie\u00dfen Sie den nat\u00fcrlichen Geschmack, w\u00e4hrend Sie das Dopaminvergn\u00fcgen genie\u00dfen, das durch hochreines Nikotin entsteht.<\/p>\n<p>Das Design des Produkts verwendet Dopamin Farbe kombiniert mit Vakuum-Plating-Prozess an der Unterseite. Versteckte LED-Anzeige (nur sichtbar, wenn in Gebrauch). Mit der Kombination von Technologie und Mode, ist WASPE Double Flavor eine trendige und stilvolle vape!<\/p>\n<h2><strong>WASPE Double Flavor 40000 PUFFS Einweg-Vape Schnelle Details<\/strong><\/h2>\n<p><img decoding=\"async\" class=\"wp-image-947 alignright\" title=\"waspe Double Flavor vape 40000puff\" src=\"https:\/\/vapesaler.com\/wp-content\/uploads\/2025\/04\/waspe-Double-Flavor-vape-40000puff-300x300.jpg\" alt=\"waspe Double Flavor vape 40000puff\" width=\"500\" height=\"500\" srcset=\"https:\/\/vapesaler.com\/wp-content\/uploads\/2025\/04\/waspe-Double-Flavor-vape-40000puff-300x300.jpg 300w, https:\/\/vapesaler.com\/wp-content\/uploads\/2025\/04\/waspe-Double-Flavor-vape-40000puff-150x150.jpg 150w, https:\/\/vapesaler.com\/wp-content\/uploads\/2025\/04\/waspe-Double-Flavor-vape-40000puff-768x768.jpg 768w, https:\/\/vapesaler.com\/wp-content\/uploads\/2025\/04\/waspe-Double-Flavor-vape-40000puff-12x12.jpg 12w, https:\/\/vapesaler.com\/wp-content\/uploads\/2025\/04\/waspe-Double-Flavor-vape-40000puff-510x510.jpg 510w, https:\/\/vapesaler.com\/wp-content\/uploads\/2025\/04\/waspe-Double-Flavor-vape-40000puff-100x100.jpg 100w, https:\/\/vapesaler.com\/wp-content\/uploads\/2025\/04\/waspe-Double-Flavor-vape-40000puff.jpg 800w\" sizes=\"(max-width: 500px) 100vw, 500px\" \/><\/p>\n<ul>\n<li>Puffs: 2*20000\uff0840000\uff09 Puffs<\/li>\n<li>Akku-Kapazit\u00e4t: 850mAh<\/li>\n<li>E-Fl\u00fcssigkeit Volumen: 38ml<\/li>\n<li>Nikotingehalt: 0\/20\/50mg<\/li>\n<li>Verpackung: 10 St\u00fcck in 1 mittelgro\u00dfen Schachtel<\/li>\n<li>Led-Anzeige<\/li>\n<li>\n<div>C-Typ Wiederaufladbar<\/div>\n<\/li>\n<li>\n<div>Double Flavor<\/div>\n<\/li>\n<li>\n<div>Ladezustand und E-Liquid-Anzeige<\/div>\n<\/li>\n<li>Widerstand des Heizdrahtes: Doppelter 0,9Q Maschenkern<\/li>\n<\/ul>\n<h2><strong>Geschmacksliste<\/strong><\/h2>\n<ol>\n<li>Wassermeloneneis &amp; Zitrone-Limette<\/li>\n<li>Sprudel-Kirsch-Eis &amp; Blaubeer-Zuckerwatte<\/li>\n<li>Erdbeere Wassermelone &amp; Heidelbeere Himbeere<\/li>\n<li>Red Bull Ice &amp; Erdbeer-Mango<\/li>\n<li>Pfirsich Eis &amp; Ananas Mango Pfirsich<\/li>\n<li>Traubeneis &amp; Erdbeer-Kiwi<\/li>\n<li>Gemischte Beeren &amp; doppeltes Apfel-Eis<\/li>\n<li>Blue Razz Limonade &amp; Wassermelone Bubblegum<\/li>\n<li>Erdbeere-Himbeere-Kirsche &amp; Liebe 666<\/li>\n<li>Erdbeer-Banane-Ananas-Kokosnuss-Eis<\/li>\n<li>Erdbeere, Wassermelone, Kaugummi und gemischte Fr\u00fcchte<\/li>\n<li>Kirsch-Cola-Eis &amp; Erdbeer-Himbeer-Bonbon<\/li>\n<li>Saurer Apfel-Himbeer-Erdbeer-Big Bang<\/li>\n<li>Pfirsich Beere &amp; Wassermelone Mango Pfirsich<\/li>\n<li>Blaubeereis &amp; Schwarzer Drache Eis<\/li>\n<li>Erdbeere-Kirsche &amp; Kiwi-Passionsfrucht<\/li>\n<\/ol>\n<h2><strong>Packung Inhalt<\/strong><\/h2>\n<ul>\n<li>Produktgewicht: 120g\/St\u00fcck<\/li>\n<li>Produktgr\u00f6\u00dfe: 61*31*115mm<\/li>\n<li>Menge: 160 St\u00fcck\/ctn, 10 St\u00fcck\/Karton<\/li>\n<li>Gesamtgewicht: 20kg<\/li>\n<\/ul>\n<p><img decoding=\"async\" class=\"aligncenter wp-image-948 size-full\" title=\"waspe Double Flavor vape\" src=\"https:\/\/vapesaler.com\/wp-content\/uploads\/2025\/04\/waspe-Double-Flavor-vape.png\" alt=\"waspe Double Flavor vape\" width=\"984\" height=\"568\" srcset=\"https:\/\/vapesaler.com\/wp-content\/uploads\/2025\/04\/waspe-Double-Flavor-vape.png 984w, https:\/\/vapesaler.com\/wp-content\/uploads\/2025\/04\/waspe-Double-Flavor-vape-300x173.png 300w, https:\/\/vapesaler.com\/wp-content\/uploads\/2025\/04\/waspe-Double-Flavor-vape-768x443.png 768w, https:\/\/vapesaler.com\/wp-content\/uploads\/2025\/04\/waspe-Double-Flavor-vape-18x10.png 18w, https:\/\/vapesaler.com\/wp-content\/uploads\/2025\/04\/waspe-Double-Flavor-vape-510x294.png 510w\" sizes=\"(max-width: 984px) 100vw, 984px\" \/><\/p>","protected":false},"excerpt":{"rendered":"<p>The WASPE Double Flavor is a 40,000puff dual flavor disposable cigarette from WASPE. It contains 850mah Battery capacity, which will keep you from getting anxious about the power. It also has double flavors and double liquid compartments, 18ml*2 with a total of 36ml of liquid, 4Kpuffs can last for two weeks! 16 flavors are still [&#8230;]\n","protected":false},"featured_media":911,"comment_status":"open","ping_status":"closed","template":"","meta":{"om_disable_all_campaigns":false},"product_brand":[145],"product_cat":[105],"product_tag":[119,50,79,104],"class_list":{"0":"post-930","1":"product","2":"type-product","3":"status-publish","4":"has-post-thumbnail","6":"product_brand-waspe","7":"product_cat-dual-flavour","8":"product_tag-40000puffs","9":"product_tag-disposable-vape","10":"product_tag-dual-favour","11":"product_tag-dual-mesh","12":"pa_flavor-blue-razz-lemonade-watermelon-bubblegum","13":"pa_flavor-blueberry-ice-black-dragon-ice","14":"pa_flavor-cherry-cola-ice-strawberry-raspberry-candy","15":"pa_flavor-fizzy-cherry-ice-blueberry-cotton-candy-3","16":"pa_flavor-grape-ice-strawberry-kiwi","17":"pa_flavor-mixed-berries-double-apple-ice","18":"pa_flavor-peach-berry-watermelon-mango-peach","19":"pa_flavor-peach-ice-pineapple-mango-peach","20":"pa_flavor-red-bull-ice-strawberry-mango","21":"pa_flavor-sour-apple-raspberry-strawberry-big-bang","22":"pa_flavor-strawberry-banana-pineapple-coconut-ice","23":"pa_flavor-strawberry-cherry-kiwi-passion-fruit","24":"pa_flavor-strawberry-raspberry-cherry-love-666","25":"pa_flavor-strawberry-watermelon-blueberry-raspberry","26":"pa_flavor-strawberry-watermelon-bubblegum-mixed-fruit","27":"pa_flavor-watermelon-ice-lemon-lime","28":"pa_nicotine-0mg","29":"pa_nicotine-20mg","30":"pa_nicotine-50mg","31":"pa_puffs-40000-puffs","33":"first","34":"instock","35":"shipping-taxable","36":"purchasable","37":"product-type-variable"},"aioseo_notices":[],"_links":{"self":[{"href":"https:\/\/vapesaler.com\/de\/wp-json\/wp\/v2\/product\/930","targetHints":{"allow":["GET"]}}],"collection":[{"href":"https:\/\/vapesaler.com\/de\/wp-json\/wp\/v2\/product"}],"about":[{"href":"https:\/\/vapesaler.com\/de\/wp-json\/wp\/v2\/types\/product"}],"replies":[{"embeddable":true,"href":"https:\/\/vapesaler.com\/de\/wp-json\/wp\/v2\/comments?post=930"}],"wp:featuredmedia":[{"embeddable":true,"href":"https:\/\/vapesaler.com\/de\/wp-json\/wp\/v2\/media\/911"}],"wp:attachment":[{"href":"https:\/\/vapesaler.com\/de\/wp-json\/wp\/v2\/media?parent=930"}],"wp:term":[{"taxonomy":"product_brand","embeddable":true,"href":"https:\/\/vapesaler.com\/de\/wp-json\/wp\/v2\/product_brand?post=930"},{"taxonomy":"product_cat","embeddable":true,"href":"https:\/\/vapesaler.com\/de\/wp-json\/wp\/v2\/product_cat?post=930"},{"taxonomy":"product_tag","embeddable":true,"href":"https:\/\/vapesaler.com\/de\/wp-json\/wp\/v2\/product_tag?post=930"}],"curies":[{"name":"wp","href":"https:\/\/api.w.org\/{rel}","templated":true}]}}