{"id":871,"date":"2025-04-14T08:16:41","date_gmt":"2025-04-14T08:16:41","guid":{"rendered":"https:\/\/vapesaler.com\/?post_type=product&#038;p=871"},"modified":"2025-04-28T09:36:32","modified_gmt":"2025-04-28T09:36:32","slug":"bangking-disposable-vape-with-screen","status":"publish","type":"product","link":"https:\/\/vapesaler.com\/de\/produkt\/bangking-einweg-vape-mit-bildschirm","title":{"rendered":"BangKing Einweg vape mit Bildschirm 36000 Puffs"},"content":{"rendered":"<p>Die BangKing Disposable vape mit Bildschirm 36000 Puffs mit Sternzeichen Design, das Touch-Button-Design ist auch voll von Technologie in das gesamte Design.<\/p>\n<p>Es hat 30ml Liquid-Kapazit\u00e4t, Batterie 650mha Kapazit\u00e4t, Airflow-Einstellung und Airflow-Einstellung ist m\u00f6glich durch den Druckknopf an der Unterseite.<\/p>\n<p id=\"brxe-sultlx\" class=\"brxe-product-title singal-product-title\">Die BangKing Constellation hat 36.000puffs, 12 Aromen, die f\u00fcr 1 Woche vaping dauern, genie\u00dfen Sie die Technologie und erleben Sie 12 erstaunliche Fruchtaromen zur gleichen Zeit. Es ist eine beliebte Wahl f\u00fcr die meisten Verbraucher<\/p>\n<h2><strong>BangKing Disposable vape mit Bildschirm 36000 Puffs Schnelle Details<\/strong><\/h2>\n<p><img decoding=\"async\" class=\"wp-image-885 alignright\" title=\"Einweg-Vape mit Bildschirm 36000 Puffs\" src=\"https:\/\/vapesaler.com\/wp-content\/uploads\/2025\/04\/Disposable-vape-with-screen-36000-Puffs-300x300.jpg\" alt=\"Einweg-Vape mit Bildschirm 36000 Puffs\" width=\"500\" height=\"500\" srcset=\"https:\/\/vapesaler.com\/wp-content\/uploads\/2025\/04\/Disposable-vape-with-screen-36000-Puffs-300x300.jpg 300w, https:\/\/vapesaler.com\/wp-content\/uploads\/2025\/04\/Disposable-vape-with-screen-36000-Puffs-150x150.jpg 150w, https:\/\/vapesaler.com\/wp-content\/uploads\/2025\/04\/Disposable-vape-with-screen-36000-Puffs-768x768.jpg 768w, https:\/\/vapesaler.com\/wp-content\/uploads\/2025\/04\/Disposable-vape-with-screen-36000-Puffs-12x12.jpg 12w, https:\/\/vapesaler.com\/wp-content\/uploads\/2025\/04\/Disposable-vape-with-screen-36000-Puffs-510x510.jpg 510w, https:\/\/vapesaler.com\/wp-content\/uploads\/2025\/04\/Disposable-vape-with-screen-36000-Puffs-100x100.jpg 100w, https:\/\/vapesaler.com\/wp-content\/uploads\/2025\/04\/Disposable-vape-with-screen-36000-Puffs.jpg 800w\" sizes=\"(max-width: 500px) 100vw, 500px\" \/><\/p>\n<ul>\n<li>Puffs: 28000<\/li>\n<li>Batteriekapazit\u00e4t:650mAh<\/li>\n<li>E-Liquid Volumen: 30ml<\/li>\n<li>Nikotingehalt: 0\/20\/50mg<\/li>\n<li>Verpackung: 10 St\u00fcck in 1 Displaykarton<\/li>\n<li>C-Typ Wiederaufladbar<\/li>\n<li>Ladezustand und E-Liquid-Anzeige<\/li>\n<li>Widerstand des Heizdrahtes: 1.0Q Netzkern<\/li>\n<li>Touch-Button\/Leistungssteuerung<\/li>\n<li>Tierkreiszeichen Sternzeichen Design<\/li>\n<\/ul>\n<h2><strong>Geschmacksliste<\/strong><\/h2>\n<ol>\n<li>Blaues Razzeis<\/li>\n<li>Erdbeere Wassermelone<\/li>\n<li>Wassermelone Eis<\/li>\n<li>Erdbeere-Banane<\/li>\n<li>Tropische Fr\u00fcchte<\/li>\n<li>Dreifach-Beereneis<\/li>\n<li>Saftiges Pfirsicheis<\/li>\n<li>Erdbeer-Kiwi<\/li>\n<li>Pfirsich Mango Wassermelone<\/li>\n<li>Kiwi Passionsfrucht Guave<\/li>\n<li>Traubeneis<\/li>\n<li>Herr Blau<\/li>\n<\/ol>\n<h2><strong>Packung Inhalt<\/strong><\/h2>\n<ul>\n<li>10 St\u00fcck \/Medienkarton.<\/li>\n<li>100 St\u00fcck\/Karton<\/li>\n<\/ul>","protected":false},"excerpt":{"rendered":"<p>The BangKing Disposable vape With Screen 36000 Puffs with Zodiac Star Sign Design, the touch button design is also full of technology in the overall design. It has 30ml Liquid capacity, Battery 650mha capacity, airflow adjustment and airflow adjustment is possible through the push button at the bottom. The BangKing Constellation has 36,000puffs, 12 flavors [&#8230;]\n","protected":false},"featured_media":872,"comment_status":"open","ping_status":"closed","template":"","meta":{"om_disable_all_campaigns":false},"product_brand":[36],"product_cat":[34],"product_tag":[84,50,138],"class_list":{"0":"post-871","1":"product","2":"type-product","3":"status-publish","4":"has-post-thumbnail","6":"product_brand-bangking","7":"product_cat-full-screen","8":"product_tag-36000puffs","9":"product_tag-disposable-vape","10":"product_tag-touch-button","11":"pa_flavor-blue-razz-ice","12":"pa_flavor-grape-ice","13":"pa_flavor-juicy-peach-ice","14":"pa_flavor-kiwi-passion-fruit-guava","15":"pa_flavor-mr-blue","16":"pa_flavor-peach-mango-watermelon","17":"pa_flavor-strawberry-banana","18":"pa_flavor-strawberry-kiwi","19":"pa_flavor-strawberry-watermelon","20":"pa_flavor-triple-berry-ice","21":"pa_flavor-tropical-fruit","22":"pa_flavor-watermelon-ice","23":"pa_nicotine-0mg","24":"pa_nicotine-20mg","25":"pa_nicotine-50mg","26":"pa_puffs-36000-puffs","28":"first","29":"instock","30":"shipping-taxable","31":"purchasable","32":"product-type-variable"},"aioseo_notices":[],"_links":{"self":[{"href":"https:\/\/vapesaler.com\/de\/wp-json\/wp\/v2\/product\/871","targetHints":{"allow":["GET"]}}],"collection":[{"href":"https:\/\/vapesaler.com\/de\/wp-json\/wp\/v2\/product"}],"about":[{"href":"https:\/\/vapesaler.com\/de\/wp-json\/wp\/v2\/types\/product"}],"replies":[{"embeddable":true,"href":"https:\/\/vapesaler.com\/de\/wp-json\/wp\/v2\/comments?post=871"}],"wp:featuredmedia":[{"embeddable":true,"href":"https:\/\/vapesaler.com\/de\/wp-json\/wp\/v2\/media\/872"}],"wp:attachment":[{"href":"https:\/\/vapesaler.com\/de\/wp-json\/wp\/v2\/media?parent=871"}],"wp:term":[{"taxonomy":"product_brand","embeddable":true,"href":"https:\/\/vapesaler.com\/de\/wp-json\/wp\/v2\/product_brand?post=871"},{"taxonomy":"product_cat","embeddable":true,"href":"https:\/\/vapesaler.com\/de\/wp-json\/wp\/v2\/product_cat?post=871"},{"taxonomy":"product_tag","embeddable":true,"href":"https:\/\/vapesaler.com\/de\/wp-json\/wp\/v2\/product_tag?post=871"}],"curies":[{"name":"wp","href":"https:\/\/api.w.org\/{rel}","templated":true}]}}