{"id":658,"date":"2025-03-31T10:49:11","date_gmt":"2025-03-31T10:49:11","guid":{"rendered":"https:\/\/vapesaler.com\/?post_type=product&#038;p=658"},"modified":"2025-04-28T09:25:54","modified_gmt":"2025-04-28T09:25:54","slug":"bood-pulese-vape-50k-puffs-dual-mesh","status":"publish","type":"product","link":"https:\/\/vapesaler.com\/de\/produkt\/bood-pulese-vape-50k-puffs-dual-mesh","title":{"rendered":"Bood Pulese Vape 50k Puffs Dual Mesh"},"content":{"rendered":"<p>Das Bood Pulese Vape 50k Puffs ist ein von Bood entwickeltes Flaggschiff. Minimalistisches Design, volle Funktionalit\u00e4t und frische Aromen. Und es ist mit glatten Linien entworfen, um einen sehr bequemen Handgriff zu liefern. Wichtig ist, dass es eine 38ml Kapazit\u00e4t hat, kann 50.000 Puffs unterst\u00fctzen und verf\u00fcgt \u00fcber eine Dual-Mesh-Kern modulation.it kann ein Kern arbeiten oder zwei Kerne arbeiten zur gleichen Zeit zu unterst\u00fctzen. Ein Docht kann lange Zeit zu verwenden, und zwei Dochte k\u00f6nnen die Menge an Rauch und intensiveren Geschmack verdoppeln.<\/p>\n<p>Dieses Produkt hat auch ein Vollbild-Design mit einem stilvollen und wundersch\u00f6nen Bildschirm-Effekt, der es den Kunden auch erm\u00f6glicht, die verbleibende Kapazit\u00e4t und Leistung des Produkts im Auge zu behalten. Das Produkt hat insgesamt 10 Geschmacksrichtungen, und sein Geschmack ist sehr frisch, genie\u00dfen Sie die S\u00fc\u00dfe und Kehle-R\u00fchren Gef\u00fchl ohne unangenehme Gef\u00fchle zu schaffen. Es ist ein empfehlenswertes Produkt.<\/p>\n<h2><strong>Bood Pulese Vape 50k Puffs Schnelle Details<\/strong><\/h2>\n<ul>\n<li>Puffs: 36000 Puffs<\/li>\n<li>Akku-Kapazit\u00e4t: 850mAh<\/li>\n<li>E-Fl\u00fcssigkeit Volumen: 38ml<\/li>\n<li>Nikotingehalt: 0\/20\/50mg<\/li>\n<li>Verpackung: 10 St\u00fcck in 1 mittelgro\u00dfen Schachtel<\/li>\n<li>Led-Vollbildanzeige<\/li>\n<li>\n<div>C-Typ Wiederaufladbar<\/div>\n<\/li>\n<li>Drei Leistungsstufen und Ber\u00fchrungssteuerung<\/li>\n<li>\n<div>Ladezustand und E-Liquid-Anzeige<\/div>\n<\/li>\n<li>Widerstand des Heizdrahtes: doppelter 1.0Q Maschenkern<\/li>\n<li>Gr\u00f6\u00dfe\uff1a54*38.5*27cm<\/li>\n<\/ul>\n<h2><strong>Geschmacksliste<\/strong><\/h2>\n<ol>\n<li>MELONE KIEFER APFEL ORANGE<\/li>\n<li>HEIDELBEERE SAURE HIMBEERE<\/li>\n<li>WASSERMELONE-KIWI<\/li>\n<li>HEIDELBEERE-WASSERMELONE<\/li>\n<li>SCHWARZES BEERENEIS<\/li>\n<li>DREIZEHN MELONEN<\/li>\n<li>STRAWBERRY ICE<\/li>\n<li>ERDBEER-WASSERMELONEN-EIS<\/li>\n<li>DOPPELTE LIMONADE<\/li>\n<li>WEINTRAUBE PREISELBEERE HEIDELBEERE HIMBEERE<\/li>\n<\/ol>\n<h2><strong>Packung Inhalt<\/strong><\/h2>\n<ul>\n<li>10 St\u00fcck \/Medienkarton.<\/li>\n<li>180 St\u00fcck\/Karton<\/li>\n<li>22.5kg\/180St\u00fcck<\/li>\n<\/ul>\n<p><img decoding=\"async\" class=\"wp-image-673 size-full\" title=\"Bood Pulese Vape 50k Puffs Einweg\" src=\"https:\/\/vapesaler.com\/wp-content\/uploads\/2025\/03\/Bood-Pulese-Vape-50k-Puffs-Disposable.jpg\" alt=\"Bood Pulese Vape 50k Puffs Einweg\" width=\"1200\" height=\"400\" srcset=\"https:\/\/vapesaler.com\/wp-content\/uploads\/2025\/03\/Bood-Pulese-Vape-50k-Puffs-Disposable.jpg 1200w, https:\/\/vapesaler.com\/wp-content\/uploads\/2025\/03\/Bood-Pulese-Vape-50k-Puffs-Disposable-300x100.jpg 300w, https:\/\/vapesaler.com\/wp-content\/uploads\/2025\/03\/Bood-Pulese-Vape-50k-Puffs-Disposable-1024x341.jpg 1024w, https:\/\/vapesaler.com\/wp-content\/uploads\/2025\/03\/Bood-Pulese-Vape-50k-Puffs-Disposable-768x256.jpg 768w, https:\/\/vapesaler.com\/wp-content\/uploads\/2025\/03\/Bood-Pulese-Vape-50k-Puffs-Disposable-510x170.jpg 510w\" sizes=\"(max-width: 1200px) 100vw, 1200px\" \/><\/p>","protected":false},"excerpt":{"rendered":"<p>This Bood Pulese Vape 50k Puffs is a flagship machine developed by Bood. Minimalist design, full functionality and fresh flavours. And It is designed with smooth lines to deliver a very comfortable hand grip. Importantly it has a 38ml capacity, can support 50,000 puffs and features a dual mesh core modulation.It can support one core [&#8230;]\n","protected":false},"featured_media":659,"comment_status":"open","ping_status":"closed","template":"","meta":{"om_disable_all_campaigns":false},"product_brand":[49],"product_cat":[34],"product_tag":[78,50,104],"class_list":{"0":"post-658","1":"product","2":"type-product","3":"status-publish","4":"has-post-thumbnail","6":"product_brand-bood","7":"product_cat-full-screen","8":"product_tag-50000puffs","9":"product_tag-disposable-vape","10":"product_tag-dual-mesh","11":"pa_flavor-blackberry-ice","12":"pa_flavor-blueberry-sour-raspberry","13":"pa_flavor-blueberry-watermelon","14":"pa_flavor-double-lemonade","15":"pa_flavor-grape-cranberry-blueberry-raspberry","16":"pa_flavor-melon-pine-apple-orange","17":"pa_flavor-strawberry-ice","18":"pa_flavor-strawberry-watermelon-ice","19":"pa_flavor-triple-melon","20":"pa_flavor-watermelon-kiwi","21":"pa_nicotine-0mg","22":"pa_nicotine-20mg","23":"pa_nicotine-50mg","24":"pa_puffs-50000-puffs","26":"first","27":"instock","28":"shipping-taxable","29":"purchasable","30":"product-type-variable"},"aioseo_notices":[],"_links":{"self":[{"href":"https:\/\/vapesaler.com\/de\/wp-json\/wp\/v2\/product\/658","targetHints":{"allow":["GET"]}}],"collection":[{"href":"https:\/\/vapesaler.com\/de\/wp-json\/wp\/v2\/product"}],"about":[{"href":"https:\/\/vapesaler.com\/de\/wp-json\/wp\/v2\/types\/product"}],"replies":[{"embeddable":true,"href":"https:\/\/vapesaler.com\/de\/wp-json\/wp\/v2\/comments?post=658"}],"wp:featuredmedia":[{"embeddable":true,"href":"https:\/\/vapesaler.com\/de\/wp-json\/wp\/v2\/media\/659"}],"wp:attachment":[{"href":"https:\/\/vapesaler.com\/de\/wp-json\/wp\/v2\/media?parent=658"}],"wp:term":[{"taxonomy":"product_brand","embeddable":true,"href":"https:\/\/vapesaler.com\/de\/wp-json\/wp\/v2\/product_brand?post=658"},{"taxonomy":"product_cat","embeddable":true,"href":"https:\/\/vapesaler.com\/de\/wp-json\/wp\/v2\/product_cat?post=658"},{"taxonomy":"product_tag","embeddable":true,"href":"https:\/\/vapesaler.com\/de\/wp-json\/wp\/v2\/product_tag?post=658"}],"curies":[{"name":"wp","href":"https:\/\/api.w.org\/{rel}","templated":true}]}}