{"id":620,"date":"2025-03-26T02:29:27","date_gmt":"2025-03-26T02:29:27","guid":{"rendered":"https:\/\/vapesaler.com\/?post_type=product&#038;p=620"},"modified":"2025-04-28T09:36:04","modified_gmt":"2025-04-28T09:36:04","slug":"bang-power-control-vape-36000-puffs","status":"publish","type":"product","link":"https:\/\/vapesaler.com\/de\/produkt\/bang-power-control-vape-36000-puffs","title":{"rendered":"BANG Power Control Vape 36000 Z\u00fcge"},"content":{"rendered":"<p>BANG Power Control Vape 36000 Puffs ist von der ber\u00fchmten Marke BANG. Dar\u00fcber hinaus verf\u00fcgt er \u00fcber ein intelligentes Vollbild-Design, drei Leistungsstufen, Airflow-Einstellung und eine gro\u00dfe Kapazit\u00e4t. Mit seinen umfassenden Funktionen, glatten Saugwiderstand, und sehr frische Aromen, bringt es Kunden die ultimative Erfahrung. Ebenso wichtig: Der Druckknopf zur Einstellung des Luftstroms an der Unterseite ist auch eine Kindersicherung, um Kinder vor versehentlichem Ber\u00fchren zu sch\u00fctzen.<br \/>\nIn der Tat ist der Geschmack und die Haltbarkeit des Vapes die wichtigste Leistung, die den Verbrauchern wichtig ist. In diesem Produkt BANG nimmt die neue nat\u00fcrliche S\u00fc\u00dfe, so dass die Kunden den nat\u00fcrlichen Geschmack ohne Gef\u00fchl matschig genie\u00dfen k\u00f6nnen.<\/p>\n<h2><strong>BANG Power Control Vape 36000 Puffs Schnelle Details<\/strong><\/h2>\n<ul>\n<li>Puffs: 36000 Puffs<\/li>\n<li>Akku-Kapazit\u00e4t: 850mAh<\/li>\n<li>E-Fl\u00fcssigkeit Volumen: 36ml<\/li>\n<li>Nikotingehalt: 0\/20\/50mg<\/li>\n<li>Verpackung: 10 St\u00fcck in 1 mittelgro\u00dfen Schachtel<\/li>\n<li>Led-Vollbildanzeige<\/li>\n<li>\n<div>C-Typ Wiederaufladbar<\/div>\n<\/li>\n<li>Drei Leistungsstufen und Ber\u00fchrungssteuerung<\/li>\n<li>\n<div>Ladezustand und E-Liquid-Anzeige<\/div>\n<\/li>\n<li>Widerstand des Heizdrahtes: doppelter 1.0Q Maschenkern<\/li>\n<\/ul>\n<h2><strong>Geschmacksliste<\/strong><\/h2>\n<ol>\n<li>Erdbeer-Mango<\/li>\n<li>Erdbeer-Kiwi<\/li>\n<li>Erdbeere-Banane<\/li>\n<li>Erdbeere Wassermelone<\/li>\n<li>Schwarzer Drache Eis<\/li>\n<li>Mix Obst<\/li>\n<li>Blaubeereis<\/li>\n<li>Heidelbeere-Himbeere<\/li>\n<li>Traubeneis<\/li>\n<li>Dreifach-Beere<\/li>\n<li>Pfirsich Mango Wassermelone<\/li>\n<li>Wassermelone Eis<\/li>\n<\/ol>\n<h2><strong>Packung Inhalt<\/strong><\/h2>\n<ul>\n<li>10 St\u00fcck \/Medienkarton.<\/li>\n<li>100 St\u00fcck\/Karton<\/li>\n<\/ul>\n<p><img decoding=\"async\" class=\"wp-image-647 size-full\" title=\"bang Macht Kontrolle vape 36000 Einweg vape\" src=\"https:\/\/vapesaler.com\/wp-content\/uploads\/2025\/03\/bang-power-control-vape-36000-disposable-vape.jpg\" alt=\"bang Macht Kontrolle vape 36000 Einweg vape\" width=\"1024\" height=\"400\" srcset=\"https:\/\/vapesaler.com\/wp-content\/uploads\/2025\/03\/bang-power-control-vape-36000-disposable-vape.jpg 1024w, https:\/\/vapesaler.com\/wp-content\/uploads\/2025\/03\/bang-power-control-vape-36000-disposable-vape-300x117.jpg 300w, https:\/\/vapesaler.com\/wp-content\/uploads\/2025\/03\/bang-power-control-vape-36000-disposable-vape-768x300.jpg 768w, https:\/\/vapesaler.com\/wp-content\/uploads\/2025\/03\/bang-power-control-vape-36000-disposable-vape-510x199.jpg 510w\" sizes=\"(max-width: 1024px) 100vw, 1024px\" \/><\/p>","protected":false},"excerpt":{"rendered":"<p>BANG Power Control Vape 36000 Puffs is from the famous brand BANG. Furthermore it features a smart full-screen design, three power levels, airflow adjustment and a large capacity. With its comprehensive functions, smooth suction resistance, and highly fresh flavours, it brings customers the ultimate experience . Equally important \uff0cThe airflow adjustment push button at the [&#8230;]\n","protected":false},"featured_media":621,"comment_status":"open","ping_status":"closed","template":"","meta":{"om_disable_all_campaigns":false},"product_brand":[81],"product_cat":[34],"product_tag":[84,50],"class_list":{"0":"post-620","1":"product","2":"type-product","3":"status-publish","4":"has-post-thumbnail","6":"product_brand-bang","7":"product_cat-full-screen","8":"product_tag-36000puffs","9":"product_tag-disposable-vape","10":"pa_flavor-black-dragon-ice","11":"pa_flavor-blueberry-ice","12":"pa_flavor-blueberry-raspberry","13":"pa_flavor-grape-ice","14":"pa_flavor-max-fruit","15":"pa_flavor-peach-mango-watermelon","16":"pa_flavor-strawberry-banana","17":"pa_flavor-strawberry-kiwi","18":"pa_flavor-strawberry-mango","19":"pa_flavor-strawberry-watermelon","20":"pa_flavor-triple-berry","21":"pa_flavor-watermelon-ice","22":"pa_nicotine-0mg","23":"pa_nicotine-20mg","24":"pa_nicotine-50mg","25":"pa_puffs-36000-puffs","27":"first","28":"instock","29":"shipping-taxable","30":"purchasable","31":"product-type-variable"},"aioseo_notices":[],"_links":{"self":[{"href":"https:\/\/vapesaler.com\/de\/wp-json\/wp\/v2\/product\/620","targetHints":{"allow":["GET"]}}],"collection":[{"href":"https:\/\/vapesaler.com\/de\/wp-json\/wp\/v2\/product"}],"about":[{"href":"https:\/\/vapesaler.com\/de\/wp-json\/wp\/v2\/types\/product"}],"replies":[{"embeddable":true,"href":"https:\/\/vapesaler.com\/de\/wp-json\/wp\/v2\/comments?post=620"}],"wp:featuredmedia":[{"embeddable":true,"href":"https:\/\/vapesaler.com\/de\/wp-json\/wp\/v2\/media\/621"}],"wp:attachment":[{"href":"https:\/\/vapesaler.com\/de\/wp-json\/wp\/v2\/media?parent=620"}],"wp:term":[{"taxonomy":"product_brand","embeddable":true,"href":"https:\/\/vapesaler.com\/de\/wp-json\/wp\/v2\/product_brand?post=620"},{"taxonomy":"product_cat","embeddable":true,"href":"https:\/\/vapesaler.com\/de\/wp-json\/wp\/v2\/product_cat?post=620"},{"taxonomy":"product_tag","embeddable":true,"href":"https:\/\/vapesaler.com\/de\/wp-json\/wp\/v2\/product_tag?post=620"}],"curies":[{"name":"wp","href":"https:\/\/api.w.org\/{rel}","templated":true}]}}