{"id":583,"date":"2025-03-24T08:29:44","date_gmt":"2025-03-24T08:29:44","guid":{"rendered":"https:\/\/vapesaler.com\/?post_type=product&#038;p=583"},"modified":"2025-06-13T10:21:34","modified_gmt":"2025-06-13T10:21:34","slug":"bangking-dual-flavor-50000-puffs-disposable-vape","status":"publish","type":"product","link":"https:\/\/vapesaler.com\/de\/produkt\/bangking-dualen-geschmack-50000-puffs-einweg-vape","title":{"rendered":"BANGKING Dual Flavor 50000 Puffs Einweg Vape"},"content":{"rendered":"<p><a href=\"https:\/\/vapesaler.com\/de\/brands\/bangking\/\">BANGKING<\/a> Dual Flavor 50.000 Puffs ist ein Einwegger\u00e4t mit zwei Geschmacksrichtungen von <a href=\"https:\/\/vapesaler.com\/de\/brands\/bangking\/\">Bangking<\/a>Es verwendet ein Mundst\u00fcck, das von links nach rechts wechselt, um die Geschmacksrichtungen zu \u00e4ndern. Es tr\u00e4gt zwei gro\u00dfe Kapazit\u00e4t e-Fl\u00fcssigkeit F\u00e4cher, von denen jeder 25.000 Z\u00fcge unterst\u00fctzen kann. Und die Dual-Display an der Unterseite, die die Kapazit\u00e4t der einzelnen e-Fl\u00fcssigkeit Fach unabh\u00e4ngig zeigt.<br \/>\nMit einer Akkukapazit\u00e4t von 850 mAh, die den Kunden zwei Tage lang ohne Aufladen unterst\u00fctzt, ist es ein sehr kosteng\u00fcnstiges <a href=\"https:\/\/vapesaler.com\/de\/product-category\/disposables\/\">Einweg-Vape<\/a> Produkt. Es erm\u00f6glicht den Kunden, einen Vape zu kaufen und die Erfahrung von zwei zu genie\u00dfen.<\/p>\n<h2><strong>BANGKING Dual Flavor 50.000 Puffs Schnelle Details<\/strong><\/h2>\n<ul>\n<li>Puffs: 25000+25000<\/li>\n<li>Akku-Kapazit\u00e4t: 850mAh<\/li>\n<li>E-Liquid Volumen: 25ml+25ml<\/li>\n<li>Nikotingehalt: 0\/20\/50mg<\/li>\n<li>Verpackung: 10 St\u00fcck in 1 Displaykarton<\/li>\n<li>Led Bildschirm Display<\/li>\n<li>\n<div>C-Typ Wiederaufladbar<\/div>\n<\/li>\n<li>\n<div>Ladezustand und E-Liquid-Anzeige<\/div>\n<\/li>\n<li>Widerstand des Heizdrahtes: doppelter 1.0Q Maschenkern<\/li>\n<\/ul>\n<h2><strong>Geschmacksliste<\/strong><\/h2>\n<ol>\n<li>Wassermelonen-Eis \/ Heidelbeer-Minze<\/li>\n<li>Wassermelone\/Blaubeere-Kirsche<\/li>\n<li>Heidelbeere Eis \/ Pfirsich Mango Wassermelone<\/li>\n<li>Blaubeereis \/ Pfirsicheis<\/li>\n<li>Blaubeere-Himbeere\/gemischte Beere<\/li>\n<li>Heidelbeer-Himbeer-Trauben-Eis<\/li>\n<li>Red Bull\/Erdbeere-Banane<\/li>\n<li>Red Bull \/ Blaubeere-Wassermelone<\/li>\n<li>Erdbeer-Mango \/ Wassermelone Kaugummi<\/li>\n<li>Erdbeer-Mango\/Erdbeer-Kiwi<\/li>\n<li>Erdbeer-Wassermelone \/ Black Dragon Ice<\/li>\n<li>Erdbeere Wassermelone \/ Kiwi Passionsfrucht Guave<\/li>\n<\/ol>\n<h2><strong>Packung Inhalt<\/strong><\/h2>\n<ul>\n<li>10 St\u00fcck \/Medienkarton.<\/li>\n<li>100 St\u00fcck\/Karton<\/li>\n<li>14kg\/Karton<\/li>\n<\/ul>\n<figure id=\"attachment_610\" aria-describedby=\"caption-attachment-610\" style=\"width: 800px\" class=\"wp-caption aligncenter\"><img decoding=\"async\" class=\"wp-image-610\" title=\"Bangking Doppelgeschmack 50000 Z\u00fcge\" src=\"https:\/\/vapesaler.com\/wp-content\/uploads\/2025\/03\/Bangking-dual-flavour-50000-puffs-300x176.jpg\" alt=\"Bangking Doppelgeschmack 50000 Z\u00fcge\" width=\"800\" height=\"469\" srcset=\"https:\/\/vapesaler.com\/wp-content\/uploads\/2025\/03\/Bangking-dual-flavour-50000-puffs-300x176.jpg 300w, https:\/\/vapesaler.com\/wp-content\/uploads\/2025\/03\/Bangking-dual-flavour-50000-puffs-768x450.jpg 768w, https:\/\/vapesaler.com\/wp-content\/uploads\/2025\/03\/Bangking-dual-flavour-50000-puffs-510x299.jpg 510w, https:\/\/vapesaler.com\/wp-content\/uploads\/2025\/03\/Bangking-dual-flavour-50000-puffs.jpg 1024w\" sizes=\"(max-width: 800px) 100vw, 800px\" \/><figcaption id=\"caption-attachment-610\" class=\"wp-caption-text\">Bangking Doppelgeschmack 50000 Z\u00fcge<\/figcaption><\/figure>","protected":false},"excerpt":{"rendered":"<p>BANGKING Dual Flavor 50,000 Puffs is a disposable dual flavour vape from Bangking\uff0cWhich uses a mouthpiece that switches from left to right to change flavours. It carries two large capacity e-liquid compartments, each of which can support 25,000 puffs. And the dual display at the bottom that shows the capacity of each e-liquid compartment independently. [&#8230;]\n","protected":false},"featured_media":584,"comment_status":"open","ping_status":"closed","template":"","meta":{"om_disable_all_campaigns":false},"product_brand":[36],"product_cat":[105],"product_tag":[78,50,79],"class_list":{"0":"post-583","1":"product","2":"type-product","3":"status-publish","4":"has-post-thumbnail","6":"product_brand-bangking","7":"product_cat-dual-flavour","8":"product_tag-50000puffs","9":"product_tag-disposable-vape","10":"product_tag-dual-favour","11":"pa_flavor-blueberry-ice-peach-ice","12":"pa_flavor-blueberry-ice-peach-mango-watermelon","13":"pa_flavor-blueberry-raspberry-grape-ice","14":"pa_flavor-blueberry-raspberry-mixed-berry","15":"pa_flavor-red-bull-blueberry-watermelon","16":"pa_flavor-red-bull-strawberry-banana","17":"pa_flavor-strawberry-mango-strawberry-kiwi","18":"pa_flavor-strawberry-mango-watermelon-bubble-gum","19":"pa_flavor-strawberry-watermelon-black-dragon-ice","20":"pa_flavor-strawberry-watermelon-kiwi-passion-fruit-guava","21":"pa_flavor-watermelon-blueberry-cherry","22":"pa_flavor-watermelon-ice-blueberry-mint","23":"pa_nicotine-0mg","24":"pa_nicotine-20mg","25":"pa_nicotine-50mg","26":"pa_puffs-50000-puffs","28":"first","29":"instock","30":"shipping-taxable","31":"purchasable","32":"product-type-variable"},"aioseo_notices":[],"_links":{"self":[{"href":"https:\/\/vapesaler.com\/de\/wp-json\/wp\/v2\/product\/583","targetHints":{"allow":["GET"]}}],"collection":[{"href":"https:\/\/vapesaler.com\/de\/wp-json\/wp\/v2\/product"}],"about":[{"href":"https:\/\/vapesaler.com\/de\/wp-json\/wp\/v2\/types\/product"}],"replies":[{"embeddable":true,"href":"https:\/\/vapesaler.com\/de\/wp-json\/wp\/v2\/comments?post=583"}],"wp:featuredmedia":[{"embeddable":true,"href":"https:\/\/vapesaler.com\/de\/wp-json\/wp\/v2\/media\/584"}],"wp:attachment":[{"href":"https:\/\/vapesaler.com\/de\/wp-json\/wp\/v2\/media?parent=583"}],"wp:term":[{"taxonomy":"product_brand","embeddable":true,"href":"https:\/\/vapesaler.com\/de\/wp-json\/wp\/v2\/product_brand?post=583"},{"taxonomy":"product_cat","embeddable":true,"href":"https:\/\/vapesaler.com\/de\/wp-json\/wp\/v2\/product_cat?post=583"},{"taxonomy":"product_tag","embeddable":true,"href":"https:\/\/vapesaler.com\/de\/wp-json\/wp\/v2\/product_tag?post=583"}],"curies":[{"name":"wp","href":"https:\/\/api.w.org\/{rel}","templated":true}]}}