{"id":1802,"date":"2025-07-21T07:53:11","date_gmt":"2025-07-21T07:53:11","guid":{"rendered":"https:\/\/vapesaler.com\/?post_type=product&#038;p=1802"},"modified":"2025-12-07T11:42:03","modified_gmt":"2025-12-07T11:42:03","slug":"bang-king-triple-85000k-puffs-disposable-vape","status":"publish","type":"product","link":"https:\/\/vapesaler.com\/de\/produkt\/bang-king-triple-85000k-puffs-wegwerfbare-vape","title":{"rendered":"Bang King Triple 85000K Puffs Einweg Vape"},"content":{"rendered":"<p>Entdecke den revolution\u00e4ren Bang King Triple 3in1 Disposable Vape, der f\u00fcr Dampfer entwickelt wurde, die kompromisslos auf Auswahl und Komfort setzen. Verzichte auf mehrere Ger\u00e4te - der innovative Bang Vape packt drei verschiedene Geschmackspatronen nahtlos in ein schlankes Ger\u00e4t. Holen Sie sich bis zu einer massiven 85K Puffs der geschmacklichen Zufriedenheit mit v\u00f6lliger Freiheit!<\/p>\n<ol>\n<li>Revolution\u00e4rer Dreifach-Geschmackskomfort: Der Bang King Triple 3in1 Disposable Vape macht die Notwendigkeit mehrerer Ger\u00e4te \u00fcberfl\u00fcssig. Sein innovatives Design integriert nahtlos drei verschiedene vorgef\u00fcllte Geschmackspatronen in einer schlanken Einheit. Wechseln Sie jederzeit m\u00fchelos zwischen Ihren drei Lieblingsgeschmacksrichtungen mit einem einfachen Anheben und Drehen des Mundst\u00fccks.<\/li>\n<li>Hohe Kapazit\u00e4t und intelligente Funktionen: Entwickelt f\u00fcr langen Genuss, fasst das Ger\u00e4t 63 ml Premium-E-Liquid (ca. 21 ml pro Kartusche) und liefert bis zu 85.000 Z\u00fcge. Bleiben Sie auf dem Laufenden mit dem integrierten intelligenten Display, das den F\u00fcllstand des E-Liquids und den Batteriestatus in Echtzeit anzeigt. Die Energie kommt von einem robusten 600mAh USB-C-Akku f\u00fcr eine dauerhafte Nutzung.<\/li>\n<li>Optimierte Leistung &amp; Auswahl: Jede Patrone verwendet eine leistungsstarke 1.0\u03a9 Mesh-Spule f\u00fcr au\u00dfergew\u00f6hnlich glatte zieht und maximalen Geschmack. W\u00e4hlen Sie Ihre perfekte Erfahrung aus 16 einzigartigen Geschmackskombinationen und w\u00e4hlen Sie Ihre bevorzugte Nikotinst\u00e4rke: 2% oder 5%.<\/li>\n<\/ol>\n<h2><strong>Bang King Triple 85000K Puffs Disposable Vape Vape Eigenschaften:<\/strong><\/h2>\n<figure id=\"attachment_1821\" aria-describedby=\"caption-attachment-1821\" style=\"width: 500px\" class=\"wp-caption alignright\"><img decoding=\"async\" class=\"wp-image-1821\" title=\"Bang King Triple 85000K Puffs Einweg Vape\" src=\"https:\/\/vapesaler.com\/wp-content\/uploads\/2025\/07\/Bang-King-Triple-85000K-Puffs-Disposable-Vape-615x1024.webp\" alt=\"Bang King Triple 85000K Puffs Einweg Vape\" width=\"500\" height=\"833\" srcset=\"https:\/\/vapesaler.com\/wp-content\/uploads\/2025\/07\/Bang-King-Triple-85000K-Puffs-Disposable-Vape-615x1024.webp 615w, https:\/\/vapesaler.com\/wp-content\/uploads\/2025\/07\/Bang-King-Triple-85000K-Puffs-Disposable-Vape-180x300.webp 180w, https:\/\/vapesaler.com\/wp-content\/uploads\/2025\/07\/Bang-King-Triple-85000K-Puffs-Disposable-Vape-768x1280.webp 768w, https:\/\/vapesaler.com\/wp-content\/uploads\/2025\/07\/Bang-King-Triple-85000K-Puffs-Disposable-Vape-922x1536.webp 922w, https:\/\/vapesaler.com\/wp-content\/uploads\/2025\/07\/Bang-King-Triple-85000K-Puffs-Disposable-Vape-7x12.webp 7w, https:\/\/vapesaler.com\/wp-content\/uploads\/2025\/07\/Bang-King-Triple-85000K-Puffs-Disposable-Vape-510x850.webp 510w, https:\/\/vapesaler.com\/wp-content\/uploads\/2025\/07\/Bang-King-Triple-85000K-Puffs-Disposable-Vape.webp 998w\" sizes=\"(max-width: 500px) 100vw, 500px\" \/><figcaption id=\"caption-attachment-1821\" class=\"wp-caption-text\">Bang King Triple 85000K Puffs Einweg Vape<\/figcaption><\/figure>\n<ul>\n<li><strong>Revolution\u00e4res 3in1-Design: <\/strong>Drei Geschmacksrichtungen, ein Ger\u00e4t.<\/li>\n<li><strong>Massives Potenzial von 85.000 Puffs: <\/strong>Insgesamt 63mL E-Liquid (21mL pro Kartusche).<\/li>\n<li><strong>Intelligentes OLED-Display: <\/strong>Echtzeit-\u00dcberwachung von E-Liquid und Batterie.<\/li>\n<li><strong>Langlebig und wiederaufladbar: <\/strong>600mAh Akku mit USB-C Ladefunktion.<\/li>\n<li><strong>Premium-Geschmackserlebnis: <\/strong>Dreifach 1.0\u03a9 Mesh Spulen.<\/li>\n<li><strong>16 Geschmacksvielfaltspakete: <\/strong>Vielf\u00e4ltige Kombinationen f\u00fcr jeden Geschmack.<\/li>\n<li><strong>Nikotin-Optionen: <\/strong>\u00a02%, 5%.<\/li>\n<\/ul>\n<h2><strong>Entdecken Sie die 16 Bang King Dreifach-Geschmackskombinationen:<\/strong><\/h2>\n<ol>\n<li>Wassermeloneneis &amp; Red Bull &amp; Erdbeer-Kiwi<\/li>\n<li>Zitrone-Limette-Erdbeere-Wassermelone-Blaubeere-Eis<\/li>\n<li>Erdbeer-Banane &amp; Himbeer-Wassermelone &amp; Rosa Limonade<\/li>\n<li>Blauer Razz Kirsche &amp; K\u00fchle Minze &amp; Pfirsich Mango<\/li>\n<li>Tropische Fr\u00fcchte &amp; Erdbeere Wassermelone &amp; Zitrone Pfirsich<\/li>\n<li>Ananas-Kokosnuss &amp; Erdbeer-Banane &amp; Blue Razz<\/li>\n<li>Erdbeer-Wassermelone &amp; Dreifach-Melone &amp; Erdbeereis<\/li>\n<li>Gemischtes Obst &amp; Mango Pfirsich &amp; Traubeneis<\/li>\n<li>Erdbeer-Vanille-Cola &amp; Pfirsich-Eis &amp; Schwarzer Drache-Eis<\/li>\n<li>Lush Ice &amp; Kiwi Passionsfrucht Guave &amp; Erdbeere Mango<\/li>\n<li>Erdbeer-Wassermelone &amp; Wassermelone &amp; Blue Razz<\/li>\n<li>Beerenlimonade &amp; Erdbeere Red Bull &amp; Erdbeer-Pom<\/li>\n<li>Double Apple &amp; Fruity Fusion &amp; Ananas<\/li>\n<li>Cola Ice &amp; Herr Blau &amp; Cherry Cola<\/li>\n<li>Erdbeerdonut &amp; Bananeneis &amp; Liebe 66<\/li>\n<li>Eistee Zitrone &amp; Mango auf Eis &amp; Lychee-Eis<\/li>\n<\/ol>\n<p><strong>Verpacken: <\/strong>Einzelkarton (1 St\u00fcck), Displaykarton (10 St\u00fcck), Karton (100 St\u00fcck, ~15,0kg).<\/p>\n<figure id=\"attachment_1803\" aria-describedby=\"caption-attachment-1803\" style=\"width: 1265px\" class=\"wp-caption aligncenter\"><img decoding=\"async\" class=\"wp-image-1803 size-full\" title=\"Bang King Triple 85K Puffs Einweg-Vape\" src=\"https:\/\/vapesaler.com\/wp-content\/uploads\/2025\/07\/Bang-King-Triple-85K-Puffs-Disposable-Vape.webp\" alt=\"Bang King Triple 85K Puffs Einweg-Vape\" width=\"1265\" height=\"885\" srcset=\"https:\/\/vapesaler.com\/wp-content\/uploads\/2025\/07\/Bang-King-Triple-85K-Puffs-Disposable-Vape.webp 1265w, https:\/\/vapesaler.com\/wp-content\/uploads\/2025\/07\/Bang-King-Triple-85K-Puffs-Disposable-Vape-300x210.webp 300w, https:\/\/vapesaler.com\/wp-content\/uploads\/2025\/07\/Bang-King-Triple-85K-Puffs-Disposable-Vape-1024x716.webp 1024w, https:\/\/vapesaler.com\/wp-content\/uploads\/2025\/07\/Bang-King-Triple-85K-Puffs-Disposable-Vape-768x537.webp 768w, https:\/\/vapesaler.com\/wp-content\/uploads\/2025\/07\/Bang-King-Triple-85K-Puffs-Disposable-Vape-18x12.webp 18w, https:\/\/vapesaler.com\/wp-content\/uploads\/2025\/07\/Bang-King-Triple-85K-Puffs-Disposable-Vape-510x357.webp 510w\" sizes=\"(max-width: 1265px) 100vw, 1265px\" \/><figcaption id=\"caption-attachment-1803\" class=\"wp-caption-text\">Bang King Triple 85K Puffs Einweg-Vape<\/figcaption><\/figure>","protected":false},"excerpt":{"rendered":"<p>Discover the revolutionary Bang King Triple 3in1 Disposable Vape, designed for vapers who demand choice and convenience without compromise. Ditch the need for multiple devices \u2013 the innovative\u00a0Bang vape\u00a0packs\u00a0three distinct flavor cartridges\u00a0seamlessly into one sleek unit. Get up to a massive\u00a085K Puffs\u00a0of flavorful satisfaction with total freedom! Revolutionary Triple Flavor Convenience: The Bang King Triple [&#8230;]\n","protected":false},"featured_media":1820,"comment_status":"open","ping_status":"closed","template":"","meta":{"om_disable_all_campaigns":false},"product_brand":[36],"product_cat":[105],"product_tag":[180,399,50,304],"class_list":{"0":"post-1802","1":"product","2":"type-product","3":"status-publish","4":"has-post-thumbnail","6":"product_brand-bangking","7":"product_cat-dual-flavour","8":"product_tag-3-in-1","9":"product_tag-85000puffs","10":"product_tag-disposable-vape","11":"product_tag-tripe-favour","12":"pa_flavor-berry-lemonade-strawberry-red-bull-strawberry-pom","13":"pa_flavor-blue-razz-cherry-cool-mint-peach-mango","14":"pa_flavor-cola-ice-mr-blue-cherry-cola","15":"pa_flavor-double-apple-fruity-fusion-pineapple","16":"pa_flavor-iced-tea-lemon-mango-on-ice-lychee-ice","17":"pa_flavor-lemon-lime-strawberry-watermelon-blueberry-ice","18":"pa_flavor-lush-ice-kiwi-passion-fruit-guava-strawberry-mango","19":"pa_flavor-mixed-fruit-mango-peach-grape-ice","20":"pa_flavor-pineapple-coconut-strawberry-banana-blue-razz","21":"pa_flavor-strawberry-banana-raspberry-watermelon-pink-lemonade","22":"pa_flavor-strawberry-donut-banana-ice-love-66","23":"pa_flavor-strawberry-vanilla-coke-peach-ice-black-dragon-ice","24":"pa_flavor-strawberry-watermelon-triple-melon-strawberry-ice","25":"pa_flavor-strawberry-watermelon-watermelon-blue-razz","26":"pa_flavor-tropical-fruit-strawberry-watermelon-lemon-peach","27":"pa_flavor-watermelon-ice-red-bull-strawberry-kiwi","28":"pa_nicotine-20mg","29":"pa_nicotine-30mg","30":"pa_nicotine-50mg","31":"pa_puffs-85000-puffs","33":"first","34":"instock","35":"shipping-taxable","36":"purchasable","37":"product-type-variable"},"aioseo_notices":[],"_links":{"self":[{"href":"https:\/\/vapesaler.com\/de\/wp-json\/wp\/v2\/product\/1802","targetHints":{"allow":["GET"]}}],"collection":[{"href":"https:\/\/vapesaler.com\/de\/wp-json\/wp\/v2\/product"}],"about":[{"href":"https:\/\/vapesaler.com\/de\/wp-json\/wp\/v2\/types\/product"}],"replies":[{"embeddable":true,"href":"https:\/\/vapesaler.com\/de\/wp-json\/wp\/v2\/comments?post=1802"}],"wp:featuredmedia":[{"embeddable":true,"href":"https:\/\/vapesaler.com\/de\/wp-json\/wp\/v2\/media\/1820"}],"wp:attachment":[{"href":"https:\/\/vapesaler.com\/de\/wp-json\/wp\/v2\/media?parent=1802"}],"wp:term":[{"taxonomy":"product_brand","embeddable":true,"href":"https:\/\/vapesaler.com\/de\/wp-json\/wp\/v2\/product_brand?post=1802"},{"taxonomy":"product_cat","embeddable":true,"href":"https:\/\/vapesaler.com\/de\/wp-json\/wp\/v2\/product_cat?post=1802"},{"taxonomy":"product_tag","embeddable":true,"href":"https:\/\/vapesaler.com\/de\/wp-json\/wp\/v2\/product_tag?post=1802"}],"curies":[{"name":"wp","href":"https:\/\/api.w.org\/{rel}","templated":true}]}}