{"id":1569,"date":"2025-06-04T05:23:12","date_gmt":"2025-06-04T05:23:12","guid":{"rendered":"https:\/\/vapesaler.com\/?post_type=product&#038;p=1569"},"modified":"2025-06-04T05:23:13","modified_gmt":"2025-06-04T05:23:13","slug":"fizzy-nova-plus-40000-puffs-dual-mesh-disposable-vape","status":"publish","type":"product","link":"https:\/\/vapesaler.com\/de\/produkt\/fizzy-nova-plus-40000-puffs-dual-mesh-wegwerfbare-vape","title":{"rendered":"Fizzy Nova Plus 40000 Z\u00fcge Dual Mesh Einweg Vape"},"content":{"rendered":"<div>Fizzy Nova Plus 40000 Puffs Dual Mesh Disposable Vape ist ein Upgrade von Fizzy Nova 20000 Puffs. Die gesamte Palette der Aromen wurden f\u00fcr einen frischeren und volleren Geschmack aktualisiert. Es hat 850mAh hohe Kapazit\u00e4t Batterie, 40ml e-Fl\u00fcssigkeit. es wird f\u00fcr Wochen von vaping Erfahrung dauern.<\/div>\n<div>Es wird f\u00fcr Wochen von vaping Erfahrung dauern. In Bezug auf die Leistung, nimmt es zwei Arbeitsmodi - ECO &amp; BOOST, die leicht durch den Druckknopf an der Unterseite umgeschaltet werden kann. ECO kann das Produkt haltbarer und geeignet f\u00fcr orale Rauchen zu machen, und BOOST kann die explosive Kraft des gesamten Produkts zu verbessern, so dass das Produkt mehr reichen Geschmack und gr\u00f6\u00dferen Rauch zu bekommen. Die Fizzy Nova kommt auch mit Airflow-Einstellung.<\/div>\n<div>Noch besser: Der Fizzy 40K Puff Disposable Vape verf\u00fcgt \u00fcber ein Smart LED Display, das den Batteriestand, den E-Liquid-Status und den Nutzungsmodus auf einen Blick anzeigt. In Bezug auf das Aroma Design, hat dieses Ger\u00e4t insgesamt 12 klassische Fruchtaromen f\u00fcr einen frischen und nat\u00fcrlichen Geschmack. Es f\u00fchlt sich an, als w\u00fcrden Sie in frisches Obst bei\u00dfen, und der reichhaltige, erfrischende Geschmack des Ger\u00e4ts ist eine gro\u00dfartige Erg\u00e4nzung f\u00fcr jedes Ger\u00e4t. Es f\u00fchlt sich an, als w\u00fcrden Sie in frisches Obst bei\u00dfen, und das reichhaltige, erfrischende Gef\u00fchl f\u00fcllt Ihren ganzen Mund aus. Egal ob Sie Anf\u00e4nger oder Ex-Raucher sind, dieses Produkt ist eine Erfahrung wert!<\/div>\n<div>\n<h2>Fizzy Nova Plus 40000 Z\u00fcge Dual Mesh Einweg Vape Schnelle Details<\/h2>\n<figure id=\"attachment_1595\" aria-describedby=\"caption-attachment-1595\" style=\"width: 500px\" class=\"wp-caption alignright\"><img decoding=\"async\" class=\"wp-image-1595\" title=\"Fizzy 40K puff Nova Plus Dual Mesh Einweg Vape\" src=\"https:\/\/vapesaler.com\/wp-content\/uploads\/2025\/06\/Fizzy-40K-puff-Nova-Plus-Dual-Mesh-Disposable-Vape-300x300.jpg\" alt=\"Fizzy 40K puff Nova Plus Dual Mesh Einweg Vape\" width=\"500\" height=\"500\" srcset=\"https:\/\/vapesaler.com\/wp-content\/uploads\/2025\/06\/Fizzy-40K-puff-Nova-Plus-Dual-Mesh-Disposable-Vape-300x300.jpg 300w, https:\/\/vapesaler.com\/wp-content\/uploads\/2025\/06\/Fizzy-40K-puff-Nova-Plus-Dual-Mesh-Disposable-Vape-150x150.jpg 150w, https:\/\/vapesaler.com\/wp-content\/uploads\/2025\/06\/Fizzy-40K-puff-Nova-Plus-Dual-Mesh-Disposable-Vape-768x768.jpg 768w, https:\/\/vapesaler.com\/wp-content\/uploads\/2025\/06\/Fizzy-40K-puff-Nova-Plus-Dual-Mesh-Disposable-Vape-12x12.jpg 12w, https:\/\/vapesaler.com\/wp-content\/uploads\/2025\/06\/Fizzy-40K-puff-Nova-Plus-Dual-Mesh-Disposable-Vape-510x510.jpg 510w, https:\/\/vapesaler.com\/wp-content\/uploads\/2025\/06\/Fizzy-40K-puff-Nova-Plus-Dual-Mesh-Disposable-Vape-100x100.jpg 100w, https:\/\/vapesaler.com\/wp-content\/uploads\/2025\/06\/Fizzy-40K-puff-Nova-Plus-Dual-Mesh-Disposable-Vape.jpg 1000w\" sizes=\"(max-width: 500px) 100vw, 500px\" \/><figcaption id=\"caption-attachment-1595\" class=\"wp-caption-text\">Fizzy 40K puff Nova Plus Dual Mesh Einweg Vape<\/figcaption><\/figure>\n<ul>\n<li>Puffs:40000 Puffs<\/li>\n<li>Maschenspule<\/li>\n<li>Modus einstellbar: ECO &amp; BOOST<\/li>\n<li>Steuerung des Luftstroms<\/li>\n<li>Fl\u00fcssig: 40ml<\/li>\n<li>Akku: 850 mAh<\/li>\n<li>Nikotin:2%\/ 5%<\/li>\n<li>Wiederaufladbar:Typ-C<\/li>\n<li>LED-Anzeige Batterie- und Fl\u00fcssigkeitsstand<\/li>\n<\/ul>\n<h2>Geschm\u00e4cker\uff1a<\/h2>\n<p>1. Erdbeereis<br \/>\n2. Heidelbeere-Kokosnuss<br \/>\n3. Erdbeer-Kiwi<br \/>\n4. Blaubeereis<br \/>\n5. Wassermelone Eis<br \/>\n6. Pfirsich Mango Wassermelone<br \/>\n7. Kiwi Passionsfrucht Guave<br \/>\n8. Himbeere-Zitrone<br \/>\n9. Dreifachbeere<br \/>\n10. Pfirsich-Eis<br \/>\n11. Trauben-Limette<br \/>\n12. Blue Razz Limonade<\/p>\n<h2>Details zur Verpackung<\/h2>\n<p>Produktgewicht:120g\/Stk<br \/>\nProduktgr\u00f6\u00dfe:52.5*24.5*104.3mm<br \/>\nMENGE: 180 St\u00fcck\/Karton, 10 St\u00fcck\/Karton<br \/>\nGesamtgewicht:22kg\/ctn<\/p>\n<figure id=\"attachment_1596\" aria-describedby=\"caption-attachment-1596\" style=\"width: 1024px\" class=\"wp-caption aligncenter\"><img decoding=\"async\" class=\"wp-image-1596 size-full\" title=\"Fizzy 40000 puff Nova Plus Dual Mesh Einweg Vape\" src=\"https:\/\/vapesaler.com\/wp-content\/uploads\/2025\/06\/Fizzy-40000-puff-Nova-Plus-Dual-Mesh-Disposable-Vape.jpg\" alt=\"Fizzy 40000 puff Nova Plus Dual Mesh Einweg Vape\" width=\"1024\" height=\"683\" srcset=\"https:\/\/vapesaler.com\/wp-content\/uploads\/2025\/06\/Fizzy-40000-puff-Nova-Plus-Dual-Mesh-Disposable-Vape.jpg 1024w, https:\/\/vapesaler.com\/wp-content\/uploads\/2025\/06\/Fizzy-40000-puff-Nova-Plus-Dual-Mesh-Disposable-Vape-300x200.jpg 300w, https:\/\/vapesaler.com\/wp-content\/uploads\/2025\/06\/Fizzy-40000-puff-Nova-Plus-Dual-Mesh-Disposable-Vape-768x512.jpg 768w, https:\/\/vapesaler.com\/wp-content\/uploads\/2025\/06\/Fizzy-40000-puff-Nova-Plus-Dual-Mesh-Disposable-Vape-18x12.jpg 18w, https:\/\/vapesaler.com\/wp-content\/uploads\/2025\/06\/Fizzy-40000-puff-Nova-Plus-Dual-Mesh-Disposable-Vape-510x340.jpg 510w\" sizes=\"(max-width: 1024px) 100vw, 1024px\" \/><figcaption id=\"caption-attachment-1596\" class=\"wp-caption-text\">Fizzy 40000 puff Nova Plus Dual Mesh Einweg Vape<\/figcaption><\/figure>\n<\/div>","protected":false},"excerpt":{"rendered":"<p>Fizzy Nova Plus 40000 puffs Dual Mesh Disposable Vape is an upgrade from Fizzy Nova 20000 Puffs. The full range of flavors have been upgraded for a fresher and fuller taste. It has 850mAh high capacity battery, 40ml e-liquid. it will last for weeks of vaping experience. It will last for weeks of vaping experience. [&#8230;]\n","protected":false},"featured_media":1594,"comment_status":"open","ping_status":"closed","template":"","meta":{"om_disable_all_campaigns":false},"product_brand":[338],"product_cat":[15],"product_tag":[119,50,104,292],"class_list":{"0":"post-1569","1":"product","2":"type-product","3":"status-publish","4":"has-post-thumbnail","6":"product_brand-fizzy","7":"product_cat-disposables","8":"product_tag-40000puffs","9":"product_tag-disposable-vape","10":"product_tag-dual-mesh","11":"product_tag-led-display","12":"pa_flavor-blue-razz-lemonade","13":"pa_flavor-blueberry-coconut","14":"pa_flavor-blueberry-ice","15":"pa_flavor-grape-lime","16":"pa_flavor-kiwi-passion-fruit-guava","17":"pa_flavor-peach-ice","18":"pa_flavor-peach-mango-watermelon","19":"pa_flavor-raspberry-lemon","20":"pa_flavor-strawberry-ice","21":"pa_flavor-strawberry-kiwi","22":"pa_flavor-triple-berry","23":"pa_flavor-watermelon-ice","24":"pa_nicotine-20mg","25":"pa_nicotine-50mg","26":"pa_puffs-40000-puffs","28":"first","29":"instock","30":"shipping-taxable","31":"purchasable","32":"product-type-variable"},"aioseo_notices":[],"_links":{"self":[{"href":"https:\/\/vapesaler.com\/de\/wp-json\/wp\/v2\/product\/1569","targetHints":{"allow":["GET"]}}],"collection":[{"href":"https:\/\/vapesaler.com\/de\/wp-json\/wp\/v2\/product"}],"about":[{"href":"https:\/\/vapesaler.com\/de\/wp-json\/wp\/v2\/types\/product"}],"replies":[{"embeddable":true,"href":"https:\/\/vapesaler.com\/de\/wp-json\/wp\/v2\/comments?post=1569"}],"wp:featuredmedia":[{"embeddable":true,"href":"https:\/\/vapesaler.com\/de\/wp-json\/wp\/v2\/media\/1594"}],"wp:attachment":[{"href":"https:\/\/vapesaler.com\/de\/wp-json\/wp\/v2\/media?parent=1569"}],"wp:term":[{"taxonomy":"product_brand","embeddable":true,"href":"https:\/\/vapesaler.com\/de\/wp-json\/wp\/v2\/product_brand?post=1569"},{"taxonomy":"product_cat","embeddable":true,"href":"https:\/\/vapesaler.com\/de\/wp-json\/wp\/v2\/product_cat?post=1569"},{"taxonomy":"product_tag","embeddable":true,"href":"https:\/\/vapesaler.com\/de\/wp-json\/wp\/v2\/product_tag?post=1569"}],"curies":[{"name":"wp","href":"https:\/\/api.w.org\/{rel}","templated":true}]}}