{"id":1498,"date":"2025-05-22T11:01:26","date_gmt":"2025-05-22T11:01:26","guid":{"rendered":"https:\/\/vapesaler.com\/?post_type=product&#038;p=1498"},"modified":"2025-06-13T10:28:41","modified_gmt":"2025-06-13T10:28:41","slug":"bang-bar-blaze-60000-puffs-4in1-disposable-vape","status":"publish","type":"product","link":"https:\/\/vapesaler.com\/de\/produkt\/knall-bar-blaze-60000-puffs-4in1-einweg-vape","title":{"rendered":"Bang Bar Blaze 60000 Puffs 4in1 Einweg-Vape"},"content":{"rendered":"<p><strong>Die Bang Bar Blaze 60000 Puffs 4in1 Einweg vape<\/strong> ist hier, um Ihr Dampferlebnis mit seiner beeindruckenden Kapazit\u00e4t von 60.000 Z\u00fcgen zu revolutionieren, damit Sie Ihre Lieblingsbesch\u00e4ftigung tagelang oder sogar wochenlang ohne Unterbrechung genie\u00dfen k\u00f6nnen. Dieses innovative Ger\u00e4t wurde f\u00fcr Dampfer entwickelt, die eine unkomplizierte und leistungsstarke L\u00f6sung zum Dampfen suchen.<\/p>\n<p><strong>Unerreichte Akkulaufzeit und bequemes Aufladen:<\/strong> Der Bang Blaze 60000 Puffs Vape ist mit einem robusten 650-mAh-Akku ausgestattet, der Dir die n\u00f6tige Energie zum Dampfen \u00fcber einen l\u00e4ngeren Zeitraum liefert. Mit seinem Typ-C-Ladeanschluss k\u00f6nnen Sie Ihr Ger\u00e4t schnell wieder aufladen und im Handumdrehen wieder dampfen. Verabschieden Sie sich von der Unannehmlichkeit, dass Ihnen der Akku ausgeht, und begr\u00fc\u00dfen Sie ununterbrochene Dampferlebnisse.<\/p>\n<p><strong>Gro\u00dfe Kapazit\u00e4t Pre-gef\u00fcllt E-Fl\u00fcssigkeit Patrone:<\/strong> Mit einer massiven 56ML vorgef\u00fcllt e-Fl\u00fcssigkeit Patrone, die Bang Blaze 4in1 Vape sorgt daf\u00fcr, dass Sie Ihre vaping Erfahrung f\u00fcr eine betr\u00e4chtliche Menge an Zeit genie\u00dfen k\u00f6nnen. Diese Funktion ist perfekt f\u00fcr diejenigen, die Komfort zu sch\u00e4tzen wissen.<\/p>\n<p><strong>Hervorragende Dampfqualit\u00e4t mit 1,0\u03a9-Widerstand<\/strong>: Die 1,0-Ohm-Widerstandsspule im Bang Blaze 4in1 Vape liefert eine gleichm\u00e4\u00dfige und konsistente Dampfproduktion. Jeder Zug ist so konzipiert, dass er ein reichhaltiges und geschmackvolles Erlebnis bietet, das sowohl Anf\u00e4nger als auch erfahrene Dampfer auf der Suche nach einem befriedigenden Dampferlebnis zufriedenstellt.<\/p>\n<p><strong>Mehrere Geschmacksrichtungen zur Auswahl:<\/strong> Der Bang Blaze 4in1 Vape kommt mit vier verschiedenen Geschmacksrichtungen in einem Ger\u00e4t, mit 12 Versionen von 48 k\u00f6stlichen Aromen zur Auswahl, um jeden Geschmacksvorlieben gerecht zu werden. Von erfrischenden Fruchtaromen bis hin zu k\u00fchlen Minzaromen ist f\u00fcr jede Stimmung etwas dabei. Jede der 4 Geschmacksrichtungen f\u00fcr jedes Ger\u00e4t ist durchdacht konzipiert, so dass Sie jeden Tag eine andere Geschmacksrichtung in einem Ger\u00e4t genie\u00dfen k\u00f6nnen.<\/p>\n<h2><strong>Bang Bar Blaze 60000 Puffs 4in1 Einweg Vape Schnelle Details<\/strong><\/h2>\n<figure id=\"attachment_1510\" aria-describedby=\"caption-attachment-1510\" style=\"width: 500px\" class=\"wp-caption alignright\"><img decoding=\"async\" class=\"wp-image-1510\" title=\"Bang Bar Blaze 60000 Puffs 4in1 Einweg-Vape\" src=\"https:\/\/vapesaler.com\/wp-content\/uploads\/2025\/05\/Bang-Bar-Blaze-60000-Puffs-4in1-Disposable-vape-300x300.jpg\" alt=\"Bang Bar Blaze 60000 Puffs 4in1 Einweg-Vape\" width=\"500\" height=\"500\" srcset=\"https:\/\/vapesaler.com\/wp-content\/uploads\/2025\/05\/Bang-Bar-Blaze-60000-Puffs-4in1-Disposable-vape-300x300.jpg 300w, https:\/\/vapesaler.com\/wp-content\/uploads\/2025\/05\/Bang-Bar-Blaze-60000-Puffs-4in1-Disposable-vape-150x150.jpg 150w, https:\/\/vapesaler.com\/wp-content\/uploads\/2025\/05\/Bang-Bar-Blaze-60000-Puffs-4in1-Disposable-vape-768x768.jpg 768w, https:\/\/vapesaler.com\/wp-content\/uploads\/2025\/05\/Bang-Bar-Blaze-60000-Puffs-4in1-Disposable-vape-12x12.jpg 12w, https:\/\/vapesaler.com\/wp-content\/uploads\/2025\/05\/Bang-Bar-Blaze-60000-Puffs-4in1-Disposable-vape-510x510.jpg 510w, https:\/\/vapesaler.com\/wp-content\/uploads\/2025\/05\/Bang-Bar-Blaze-60000-Puffs-4in1-Disposable-vape-100x100.jpg 100w, https:\/\/vapesaler.com\/wp-content\/uploads\/2025\/05\/Bang-Bar-Blaze-60000-Puffs-4in1-Disposable-vape.jpg 1000w\" sizes=\"(max-width: 500px) 100vw, 500px\" \/><figcaption id=\"caption-attachment-1510\" class=\"wp-caption-text\">Bang Bar Blaze 60000 Puffs 4in1 Einweg-Vape<\/figcaption><\/figure>\n<ul>\n<li>Puffs: 60000 Puffs<\/li>\n<li>Akku-Kapazit\u00e4t: 650mAh<\/li>\n<li>E-Liquid Volumen: 56ml<\/li>\n<li>Nikotingehalt: 20\/30\/50mg<\/li>\n<li>Verpackung: 10 St\u00fcck in 1 Displaykarton<\/li>\n<li>Led Bildschirm Display<\/li>\n<li>\n<div>C-Typ Wiederaufladbar<\/div>\n<\/li>\n<li>\n<div>Ladezustand und E-Liquid-Anzeige<\/div>\n<\/li>\n<li>Widerstand des Heizdrahtes: doppelter 1.0Q Maschenkern<\/li>\n<\/ul>\n<h2><strong>Geschmacksliste<\/strong><\/h2>\n<ol>\n<li>Blaubeereis &amp; Pfirsicheis &amp; Regenbogenbonbon &amp; Zitrone-Sauer-Orange<\/li>\n<li>Heidelbeere Eis &amp; Pfirsich Mango Wassermelone &amp; Passionskuss &amp; Melone Apfel<\/li>\n<li>Heidelbeere Himbeere &amp; Traube Eis &amp; Beere Eis &amp; Aloe Mango Melone<\/li>\n<li>Heidelbeere-Himbeere &amp; Gemischte Beeren &amp; Kalifornische Kirsche &amp; Passionsfrucht-Mango<\/li>\n<li>Energy Drink &amp; Heidelbeere Wassermelone &amp; Saurer Apfel Himbeere &amp; Gummib\u00e4rchen<\/li>\n<li>Energy Drink &amp; Erdbeere Banane &amp; Mango Pfirsich Aprikose &amp; Maracuja Kiwi Limette<\/li>\n<li>Erdbeere Mango &amp; Erdbeere Kiwi &amp; Apfel Traube &amp; Wassermelone Drachenfrucht<\/li>\n<li>Erdbeer-Mango &amp; Wassermelone Bubble Gum &amp; Red Mojito &amp; Love 66<\/li>\n<li>Erdbeer-Wassermelone &amp; Schwarzes Eis &amp; Dreizehn Melone &amp; Preiselbeere-Traube<\/li>\n<li>Erdbeere Wassermelone &amp; Kiwi Passionsfrucht Guave &amp; Mango Eis &amp; Wassermelone Saurer Pfirsich<\/li>\n<li>Wassermeloneneis &amp; Heidelbeere-Kirsche &amp; Sommerzeit &amp; Saure Mango-Ananas<\/li>\n<li>Wassermelonen-Eis &amp; Heidelbeer-Minze &amp; Fuji-Eis &amp; Limetten-Romantik<\/li>\n<\/ol>\n<h2><strong>Packliste:<\/strong><\/h2>\n<ul>\n<li>Produktgewicht: 0,14g &amp; St\u00fcck<\/li>\n<li>QTY: 200 St\u00fcck &amp; ctn, 10 St\u00fcck &amp; Box<\/li>\n<li>Gesamtgewicht: 28,5 kg<\/li>\n<\/ul>\n<figure id=\"attachment_1523\" aria-describedby=\"caption-attachment-1523\" style=\"width: 1500px\" class=\"wp-caption aligncenter\"><img decoding=\"async\" class=\"wp-image-1523 size-full\" title=\"Bang Blaze 4in1 60000 Puffs Einweg-Dampfger\u00e4t\" src=\"https:\/\/vapesaler.com\/wp-content\/uploads\/2025\/05\/Bang-Blaze-4in1-60000-Puffs-Disposable-vape.webp\" alt=\"Bang Blaze 4in1 60000 Puffs Einweg-Dampfger\u00e4t\" width=\"1500\" height=\"750\" srcset=\"https:\/\/vapesaler.com\/wp-content\/uploads\/2025\/05\/Bang-Blaze-4in1-60000-Puffs-Disposable-vape.webp 1500w, https:\/\/vapesaler.com\/wp-content\/uploads\/2025\/05\/Bang-Blaze-4in1-60000-Puffs-Disposable-vape-300x150.webp 300w, https:\/\/vapesaler.com\/wp-content\/uploads\/2025\/05\/Bang-Blaze-4in1-60000-Puffs-Disposable-vape-1024x512.webp 1024w, https:\/\/vapesaler.com\/wp-content\/uploads\/2025\/05\/Bang-Blaze-4in1-60000-Puffs-Disposable-vape-768x384.webp 768w, https:\/\/vapesaler.com\/wp-content\/uploads\/2025\/05\/Bang-Blaze-4in1-60000-Puffs-Disposable-vape-18x9.webp 18w, https:\/\/vapesaler.com\/wp-content\/uploads\/2025\/05\/Bang-Blaze-4in1-60000-Puffs-Disposable-vape-510x255.webp 510w\" sizes=\"(max-width: 1500px) 100vw, 1500px\" \/><figcaption id=\"caption-attachment-1523\" class=\"wp-caption-text\">Bang Blaze 4in1 60000 Puffs Einweg-Dampfger\u00e4t<\/figcaption><\/figure>","protected":false},"excerpt":{"rendered":"<p>The Bang Bar Blaze 60000 Puffs 4in1 Disposable vape is here to revolutionize your vaping experience with its impressive 60,000-puff capacity, ensuring you can enjoy your favorite activity for days or even weeks without interruption. This innovative device is designed for vapers who seek a hassle-free, high-performance vaping solution. Unparalleled Battery Life and Charging Convenience: [&#8230;]\n","protected":false},"featured_media":1525,"comment_status":"open","ping_status":"closed","template":"","meta":{"om_disable_all_campaigns":false},"product_brand":[120],"product_cat":[105],"product_tag":[],"class_list":{"0":"post-1498","1":"product","2":"type-product","3":"status-publish","4":"has-post-thumbnail","6":"product_brand-bangblaze","7":"product_cat-dual-flavour","8":"pa_flavor-blueberry-ice-peach-ice-rainbow-candy-lemon-sour-orange","9":"pa_flavor-blueberry-ice-peach-mango-watermelon-passion-kiss-melon-apple","10":"pa_flavor-blueberry-raspberry-grape-ice-berry-ice-aloe-mango-melon","11":"pa_flavor-blueberry-raspberry-mixed-berries-california-cherry-passion-fruit-mango","12":"pa_flavor-energy-drink-blueberry-watermelon-sour-apple-raspberry-gummy-bear","13":"pa_flavor-energy-drink-strawberry-banana-mango-peach-apricot-passion-fruit-kiwi-lime","14":"pa_flavor-strawberry-mango-strawberry-kiwi-apple-grape-watermelon-dragonfruit","15":"pa_flavor-strawberry-mango-watermelon-bubblegum-red-mojito-love-66","16":"pa_flavor-strawberry-watermelon-black-ice-thirteenmelon-cranberry-grape","17":"pa_flavor-strawberry-watermelon-kiwi-passion-fruit-guava-mango-ice-watermelon-sour-peach","18":"pa_flavor-watermelon-ice-blueberry-cherry-summer-time-sour-mango-pineapple","19":"pa_flavor-watermelon-ice-blueberry-mint-fuji-ice-lime-romance","20":"pa_nicotine-20mg","21":"pa_nicotine-30mg","22":"pa_nicotine-50mg","23":"pa_puffs-60000-puffs","25":"first","26":"instock","27":"shipping-taxable","28":"purchasable","29":"product-type-variable"},"aioseo_notices":[],"_links":{"self":[{"href":"https:\/\/vapesaler.com\/de\/wp-json\/wp\/v2\/product\/1498","targetHints":{"allow":["GET"]}}],"collection":[{"href":"https:\/\/vapesaler.com\/de\/wp-json\/wp\/v2\/product"}],"about":[{"href":"https:\/\/vapesaler.com\/de\/wp-json\/wp\/v2\/types\/product"}],"replies":[{"embeddable":true,"href":"https:\/\/vapesaler.com\/de\/wp-json\/wp\/v2\/comments?post=1498"}],"wp:featuredmedia":[{"embeddable":true,"href":"https:\/\/vapesaler.com\/de\/wp-json\/wp\/v2\/media\/1525"}],"wp:attachment":[{"href":"https:\/\/vapesaler.com\/de\/wp-json\/wp\/v2\/media?parent=1498"}],"wp:term":[{"taxonomy":"product_brand","embeddable":true,"href":"https:\/\/vapesaler.com\/de\/wp-json\/wp\/v2\/product_brand?post=1498"},{"taxonomy":"product_cat","embeddable":true,"href":"https:\/\/vapesaler.com\/de\/wp-json\/wp\/v2\/product_cat?post=1498"},{"taxonomy":"product_tag","embeddable":true,"href":"https:\/\/vapesaler.com\/de\/wp-json\/wp\/v2\/product_tag?post=1498"}],"curies":[{"name":"wp","href":"https:\/\/api.w.org\/{rel}","templated":true}]}}