{"id":1474,"date":"2025-05-20T10:36:03","date_gmt":"2025-05-20T10:36:03","guid":{"rendered":"https:\/\/vapesaler.com\/?post_type=product&#038;p=1474"},"modified":"2025-05-20T10:44:16","modified_gmt":"2025-05-20T10:44:16","slug":"vopk-ultra-40k-puffs-40000-double-flavors-disposable-vape","status":"publish","type":"product","link":"https:\/\/vapesaler.com\/de\/produkt\/vopk-ultra-40k-puffs-40000-doppelten-aromen-einweg-vape","title":{"rendered":"VOPK ULTRA 40K Puffs 40000 Doppel Aromen Einweg Vape"},"content":{"rendered":"<div><strong>Die VOPK ULTRA 40K Puffs 40000 Double Aromen Einweg Vape<\/strong> ist ein sehr vielseitiges Einwegger\u00e4t zum Verdampfen.<\/div>\n<div>Funktionell ist es ein<strong> 2 in 1 Ger\u00e4t<\/strong> die es Ihnen erm\u00f6glicht, leicht zwischen den Geschmacksrichtungen zu wechseln, indem Sie das Mundst\u00fcck nach links und rechts schieben. Au\u00dferdem ist jede Geschmacksrichtung mit einer Dual-Mesh-Spule ausgestattet, die es Ihnen erm\u00f6glicht, zwischen den beiden Betriebsarten mit einer Taste an der Seite zu wechseln. Auf diese Weise k\u00f6nnen die Kunden erleben leistungsstarke Rauch und einen st\u00e4rkeren Geschmack.<\/div>\n<div>In Bezug auf die Leistung, ist es mit einer hohen Kapazit\u00e4t 650mAh Akku und Typ-C Schnellladeanschluss ausgestattet. 36ml Vape Liquid Kapazit\u00e4t gibt dem Produkt 40.000 Puffs, die l\u00e4nger dauern kann!<\/div>\n<div>In Bezug auf die \u00e4u\u00dfere Gestaltung, es verf\u00fcgt \u00fcber eine umfassende LED-Anzeige, die Sie die Menge der Fl\u00fcssigkeit in jedem Geschmack individuell beobachten k\u00f6nnen. die LED-Anzeige kann sowohl die Leistung und Modus-Schaltung zeigen. Kommt mit einem Spaceman-Muster, das den Spaceman w\u00e4hrend des Gebrauchs aufleuchten l\u00e4sst. Voller Sinn f\u00fcr Technologie.<\/div>\n<div>In Bezug auf den Geschmack, VOPK ULTRA 40K, die Wahl von mehreren zusammengesetzten Fruchtaromen, so dass der Mund, um die ultimative Erfahrung, eine Vielzahl von s\u00fc\u00dfen frischen Fruchtaromen mit dem Rauch zu genie\u00dfen, um den Mund zu f\u00fcllen, ob es sich um ein Quit-Raucher oder ein Senior-Spieler, ist dies eine sehr gute Wahl.<\/div>\n<h2><strong>Die VOPK ULTRA 40K Puffs 40000 Doppel Aromen Einweg Vape Schnelle Details<\/strong><\/h2>\n<figure id=\"attachment_1496\" aria-describedby=\"caption-attachment-1496\" style=\"width: 600px\" class=\"wp-caption alignright\"><img decoding=\"async\" class=\"wp-image-1496\" title=\"VOPK ULTRA 40000 Puffs Doppel Aromen Einweg Vape\" src=\"https:\/\/vapesaler.com\/wp-content\/uploads\/2025\/05\/VOPK-ULTRA-40000-Puffs-Double-Flavors-Disposable-Vape-148x300.jpg\" alt=\"VOPK ULTRA 40000 Puffs Doppel Aromen Einweg Vape\" width=\"600\" height=\"1213\" srcset=\"https:\/\/vapesaler.com\/wp-content\/uploads\/2025\/05\/VOPK-ULTRA-40000-Puffs-Double-Flavors-Disposable-Vape-148x300.jpg 148w, https:\/\/vapesaler.com\/wp-content\/uploads\/2025\/05\/VOPK-ULTRA-40000-Puffs-Double-Flavors-Disposable-Vape-507x1024.jpg 507w, https:\/\/vapesaler.com\/wp-content\/uploads\/2025\/05\/VOPK-ULTRA-40000-Puffs-Double-Flavors-Disposable-Vape-768x1552.jpg 768w, https:\/\/vapesaler.com\/wp-content\/uploads\/2025\/05\/VOPK-ULTRA-40000-Puffs-Double-Flavors-Disposable-Vape-760x1536.jpg 760w, https:\/\/vapesaler.com\/wp-content\/uploads\/2025\/05\/VOPK-ULTRA-40000-Puffs-Double-Flavors-Disposable-Vape-6x12.jpg 6w, https:\/\/vapesaler.com\/wp-content\/uploads\/2025\/05\/VOPK-ULTRA-40000-Puffs-Double-Flavors-Disposable-Vape-510x1031.jpg 510w, https:\/\/vapesaler.com\/wp-content\/uploads\/2025\/05\/VOPK-ULTRA-40000-Puffs-Double-Flavors-Disposable-Vape.jpg 1000w\" sizes=\"(max-width: 600px) 100vw, 600px\" \/><figcaption id=\"caption-attachment-1496\" class=\"wp-caption-text\">VOPK ULTRA 40000 Puffs Doppel Aromen Einweg Vape<\/figcaption><\/figure>\n<ul>\n<li>Puffs: Bis zu 40000 Puffs<\/li>\n<li>Nikotin:2%\/5%<\/li>\n<li>Vier Maschenspulen: <strong>\u00a0<\/strong>1 Ohm \/ 0,5 Ohm\uff08 Umschaltbare Heizkerne f\u00fcr jede Geschmacksrichtung )<\/li>\n<li>E-Fl\u00fcssigkeit:36ml<\/li>\n<li>Akku:650mah<\/li>\n<li>Wiederaufladbar:Typ-C<\/li>\n<li>Intelligentes LED-Display zur Anzeige von Akkulaufzeit und Fl\u00fcssigkeitsstand<\/li>\n<li>Double Flavor<\/li>\n<li>Sicherheitsfunktion Kindersicherung<\/li>\n<li>Einzel- und Zweifach-Ziehmodi<\/li>\n<li>10 Geschmacksrichtungen zur Auswahl<\/li>\n<\/ul>\n<h2><strong>Geschmacksliste<\/strong><\/h2>\n<ol>\n<li>Erdbeere Wassermelone &amp; Kiwi Passionsfrucht Guave<\/li>\n<li>Heidelbeere Himbeere &amp; Mango Pfirsich Wassermelone<\/li>\n<li>Blue Razz Gummib\u00e4rchen &amp; Erdbeer-Kiwi<\/li>\n<li>Blauer Razz Kirsche &amp; Erdbeere Himbeere<\/li>\n<li>Sprudel Zitrone-Limette &amp; Wassermelone Frische Minze<\/li>\n<li>Wassermelonen-Eis &amp; Blaues Razz-Eis<\/li>\n<li>Blue Razz Ananas &amp; Dreifach-Mango<\/li>\n<li>Traube-Beere-Burst &amp; Birne-Apfel-Himbeere<\/li>\n<li>Erdbeere-Cranberry-Kirsche &amp; Ananas-Passion-Limette<\/li>\n<li>Heidelbeer-Erdbeer-Menthol &amp; Heidelbeer-Himbeer-Menthol<\/li>\n<\/ol>\n<h2><strong>Packung Inhalt<\/strong><\/h2>\n<ul>\n<li>10 St\u00fcck \/Medienkarton.<\/li>\n<li>16 mittelgro\u00dfe Schachteln\/Karton<\/li>\n<li>160 St\u00fcck\/Karton<\/li>\n<\/ul>\n<figure id=\"attachment_1497\" aria-describedby=\"caption-attachment-1497\" style=\"width: 1024px\" class=\"wp-caption aligncenter\"><img decoding=\"async\" class=\"wp-image-1497 size-full\" title=\"VOPK ULTRA 40000 Puff Double Aromen Einweg Vape\" src=\"https:\/\/vapesaler.com\/wp-content\/uploads\/2025\/05\/VOPK-ULTRA-40000-Puff-Double-Flavors-Disposable-Vape.jpg\" alt=\"VOPK ULTRA 40000 Puff Double Aromen Einweg Vape\" width=\"1024\" height=\"996\" srcset=\"https:\/\/vapesaler.com\/wp-content\/uploads\/2025\/05\/VOPK-ULTRA-40000-Puff-Double-Flavors-Disposable-Vape.jpg 1024w, https:\/\/vapesaler.com\/wp-content\/uploads\/2025\/05\/VOPK-ULTRA-40000-Puff-Double-Flavors-Disposable-Vape-300x292.jpg 300w, https:\/\/vapesaler.com\/wp-content\/uploads\/2025\/05\/VOPK-ULTRA-40000-Puff-Double-Flavors-Disposable-Vape-768x747.jpg 768w, https:\/\/vapesaler.com\/wp-content\/uploads\/2025\/05\/VOPK-ULTRA-40000-Puff-Double-Flavors-Disposable-Vape-12x12.jpg 12w, https:\/\/vapesaler.com\/wp-content\/uploads\/2025\/05\/VOPK-ULTRA-40000-Puff-Double-Flavors-Disposable-Vape-510x496.jpg 510w\" sizes=\"(max-width: 1024px) 100vw, 1024px\" \/><figcaption id=\"caption-attachment-1497\" class=\"wp-caption-text\">VOPK ULTRA 40000 Puff Double Aromen Einweg Vape<\/figcaption><\/figure>","protected":false},"excerpt":{"rendered":"<p>The VOPK ULTRA 40K Puffs 40000 Double Flavors Disposable Vape is a very versatile disposable vaping device. Functionally, it is a 2 in 1 device that allows you to easily switch between flavors by toggling the mouthpiece left and right. Also, each flavor is equipped with a dual mesh coil that allows you to switch [&#8230;]\n","protected":false},"featured_media":1480,"comment_status":"open","ping_status":"closed","template":"","meta":{"om_disable_all_campaigns":false},"product_brand":[293],"product_cat":[105],"product_tag":[119,50,79,104,292],"class_list":{"0":"post-1474","1":"product","2":"type-product","3":"status-publish","4":"has-post-thumbnail","6":"product_brand-vopk","7":"product_cat-dual-flavour","8":"product_tag-40000puffs","9":"product_tag-disposable-vape","10":"product_tag-dual-favour","11":"product_tag-dual-mesh","12":"product_tag-led-display","13":"pa_flavor-blue-razz-cherry-strawberry-raspberry","14":"pa_flavor-blue-razz-gummy-bear-strawberry-kiwi","15":"pa_flavor-blue-razz-pineapple-triple-mango","16":"pa_flavor-blueberry-raspberry-peach-mango-watermelon","17":"pa_flavor-blueberry-strawberry-menthol-blueberry-raspberry-menthol","18":"pa_flavor-fizzy-lemon-lime-watermelon-fresh-mint","19":"pa_flavor-grape-berry-burst-pear-apple-raspberry","20":"pa_flavor-strawberry-cranberry-cherry-pineapple-passion-lime","21":"pa_flavor-strawberry-watermelon-kiwi-passion-fruit-guava-2","22":"pa_flavor-watermelon-ice-blue-razz-ice","23":"pa_nicotine-20mg","24":"pa_nicotine-50mg","25":"pa_puffs-40000-puffs","27":"first","28":"instock","29":"shipping-taxable","30":"purchasable","31":"product-type-variable"},"aioseo_notices":[],"_links":{"self":[{"href":"https:\/\/vapesaler.com\/de\/wp-json\/wp\/v2\/product\/1474","targetHints":{"allow":["GET"]}}],"collection":[{"href":"https:\/\/vapesaler.com\/de\/wp-json\/wp\/v2\/product"}],"about":[{"href":"https:\/\/vapesaler.com\/de\/wp-json\/wp\/v2\/types\/product"}],"replies":[{"embeddable":true,"href":"https:\/\/vapesaler.com\/de\/wp-json\/wp\/v2\/comments?post=1474"}],"wp:featuredmedia":[{"embeddable":true,"href":"https:\/\/vapesaler.com\/de\/wp-json\/wp\/v2\/media\/1480"}],"wp:attachment":[{"href":"https:\/\/vapesaler.com\/de\/wp-json\/wp\/v2\/media?parent=1474"}],"wp:term":[{"taxonomy":"product_brand","embeddable":true,"href":"https:\/\/vapesaler.com\/de\/wp-json\/wp\/v2\/product_brand?post=1474"},{"taxonomy":"product_cat","embeddable":true,"href":"https:\/\/vapesaler.com\/de\/wp-json\/wp\/v2\/product_cat?post=1474"},{"taxonomy":"product_tag","embeddable":true,"href":"https:\/\/vapesaler.com\/de\/wp-json\/wp\/v2\/product_tag?post=1474"}],"curies":[{"name":"wp","href":"https:\/\/api.w.org\/{rel}","templated":true}]}}