{"id":1243,"date":"2025-04-28T08:26:59","date_gmt":"2025-04-28T08:26:59","guid":{"rendered":"https:\/\/vapesaler.com\/?post_type=product&#038;p=1243"},"modified":"2025-06-13T10:24:06","modified_gmt":"2025-06-13T10:24:06","slug":"bangking-25000k-puffs-two-liquid-tanks-disposable-vape","status":"publish","type":"product","link":"https:\/\/vapesaler.com\/de\/produkt\/bangking-25000k-puffs-zwei-flussigkeitstanks-einweg-vape","title":{"rendered":"BangKing 25000 Puffs zwei fl\u00fcssige Tanks Einweg Vape"},"content":{"rendered":"<div>Entdecken Sie die <a href=\"https:\/\/vapesaler.com\/de\/brands\/bangking\/\">BangKing<\/a> 25000 Puffs Two Liquid Tanks Disposable Vape, ein etwas anderes Produkt, das mit zwei 23-ml-Liquidf\u00e4chern ausgestattet ist, die \u00fcber das Mundst\u00fcck und den Stopfen an der Oberseite geschaltet werden.<\/div>\n<div><\/div>\n<div>Es verf\u00fcgt \u00fcber einen 650-mAh-Akku, der schnelles Aufladen unterst\u00fctzt und in nur 20 Minuten vollst\u00e4ndig aufgeladen werden kann. Das wunderbare Aussehen der integrierten flachen Form Box ist ein Anblick zu sehen. Die Gradient Farbe \u00d6l Spritzen Prozess macht das ganze Produkt einfach mit dem Gef\u00fchl der modischen und trendigen Vergn\u00fcgen.<\/div>\n<div><\/div>\n<div>Der Boden kommt mit einstellbarer Luftstrom und schnellem Laden Typ-C-Anschluss, insgesamt 12 sehr fantastische Aromen mit mehreren Nikotin Inhalt Optionen.<\/div>\n<div>\n<h2><strong>BangKing 25000 Puffs Zwei Liquid Tanks Einweg Vape Schnelle Details<\/strong><\/h2>\n<figure id=\"attachment_1259\" aria-describedby=\"caption-attachment-1259\" style=\"width: 500px\" class=\"wp-caption alignright\"><img decoding=\"async\" class=\"wp-image-1259\" title=\"BangKing 25000 Puffs Zwei Fl\u00fcssigkeitstanks\" src=\"https:\/\/vapesaler.com\/wp-content\/uploads\/2025\/04\/BangKing-25000-Puffs-Two-Liquid-Tanks-300x284.jpg\" alt=\"BangKing 25000 Puffs Zwei Fl\u00fcssigkeitstanks\" width=\"500\" height=\"474\" srcset=\"https:\/\/vapesaler.com\/wp-content\/uploads\/2025\/04\/BangKing-25000-Puffs-Two-Liquid-Tanks-300x284.jpg 300w, https:\/\/vapesaler.com\/wp-content\/uploads\/2025\/04\/BangKing-25000-Puffs-Two-Liquid-Tanks-768x727.jpg 768w, https:\/\/vapesaler.com\/wp-content\/uploads\/2025\/04\/BangKing-25000-Puffs-Two-Liquid-Tanks-13x12.jpg 13w, https:\/\/vapesaler.com\/wp-content\/uploads\/2025\/04\/BangKing-25000-Puffs-Two-Liquid-Tanks-510x483.jpg 510w, https:\/\/vapesaler.com\/wp-content\/uploads\/2025\/04\/BangKing-25000-Puffs-Two-Liquid-Tanks.jpg 872w\" sizes=\"(max-width: 500px) 100vw, 500px\" \/><figcaption id=\"caption-attachment-1259\" class=\"wp-caption-text\">BangKing 25000 Puffs Zwei Fl\u00fcssigkeitstanks<\/figcaption><\/figure>\n<ul>\n<li>Puffs: 25000 Puffs<\/li>\n<li>Akku-Kapazit\u00e4t: 650mAh<\/li>\n<li>E-Liquid Volumen: 23ml+23ml<\/li>\n<li>Nikotingehalt: 0\/20\/50mg<\/li>\n<li>Verpackung: 10 St\u00fcck in 1 mittelgro\u00dfen Schachtel<\/li>\n<li>Led-Anzeige<\/li>\n<li>\n<div>C-Typ Wiederaufladbar<\/div>\n<\/li>\n<li>\n<div>Doppelter Tank<\/div>\n<\/li>\n<li>\n<div>Ladezustand und E-Liquid-Anzeige<\/div>\n<\/li>\n<li>Widerstand des Heizdrahtes: doppelter 1\u03a9 Maschenkern<\/li>\n<\/ul>\n<h1><strong>Geschmacksliste<\/strong><\/h1>\n<ol>\n<li>Blaues Razzeis<\/li>\n<li>Saftiges Pfirsicheis<\/li>\n<li>Erdbeere Wassermelone<\/li>\n<li>Wassermelone Eis<\/li>\n<li>Erdbeere-Banane<\/li>\n<li>Saurer Apfel Eis<\/li>\n<li>Dreifachbeeren-Eis<\/li>\n<li>Tropische Fr\u00fcchte<\/li>\n<li>Kirschbombe<\/li>\n<li>Traubeneis<\/li>\n<li>Pfirsich-Mango<\/li>\n<li>Erdbeer-Mango<\/li>\n<\/ol>\n<h2><strong>Packung Inhalt<\/strong><\/h2>\n<ul>\n<li>Produktgewicht: 120g\/St\u00fcck<\/li>\n<li>Produktgr\u00f6\u00dfe: 61*31*115mm<\/li>\n<li>Menge: 160 St\u00fcck\/ctn, 10 St\u00fcck\/Karton<\/li>\n<li>Gesamtgewicht: 20kg<\/li>\n<\/ul>\n<figure id=\"attachment_1257\" aria-describedby=\"caption-attachment-1257\" style=\"width: 1920px\" class=\"wp-caption alignnone\"><img decoding=\"async\" class=\"wp-image-1257 size-full\" title=\"BangKing 25000 Puffs Zwei Einweg Vape\" src=\"https:\/\/vapesaler.com\/wp-content\/uploads\/2025\/04\/BangKing-25000-Puffs-Two-Disposable-Vape.jpg\" alt=\"BangKing 25000 Puffs Zwei Einweg Vape\" width=\"1920\" height=\"1240\" srcset=\"https:\/\/vapesaler.com\/wp-content\/uploads\/2025\/04\/BangKing-25000-Puffs-Two-Disposable-Vape.jpg 1920w, https:\/\/vapesaler.com\/wp-content\/uploads\/2025\/04\/BangKing-25000-Puffs-Two-Disposable-Vape-300x194.jpg 300w, https:\/\/vapesaler.com\/wp-content\/uploads\/2025\/04\/BangKing-25000-Puffs-Two-Disposable-Vape-1024x661.jpg 1024w, https:\/\/vapesaler.com\/wp-content\/uploads\/2025\/04\/BangKing-25000-Puffs-Two-Disposable-Vape-768x496.jpg 768w, https:\/\/vapesaler.com\/wp-content\/uploads\/2025\/04\/BangKing-25000-Puffs-Two-Disposable-Vape-1536x992.jpg 1536w, https:\/\/vapesaler.com\/wp-content\/uploads\/2025\/04\/BangKing-25000-Puffs-Two-Disposable-Vape-18x12.jpg 18w, https:\/\/vapesaler.com\/wp-content\/uploads\/2025\/04\/BangKing-25000-Puffs-Two-Disposable-Vape-510x329.jpg 510w\" sizes=\"(max-width: 1920px) 100vw, 1920px\" \/><figcaption id=\"caption-attachment-1257\" class=\"wp-caption-text\">BangKing 25000 Puffs Zwei Einweg Vape<\/figcaption><\/figure>\n<\/div>","protected":false},"excerpt":{"rendered":"<p>Discover the BangKing 25000 Puffs Two Liquid Tanks Disposable Vape, a product with a difference, which comes with two 23ml liquid compartments, which are switched via the mouthpiece and stopper at the top. It comes with a 650mAh battery that supports fast charging and can be fully charged in just 20 minutes. The marvelous appearance [&#8230;]\n","protected":false},"featured_media":1258,"comment_status":"open","ping_status":"closed","template":"","meta":{"om_disable_all_campaigns":false},"product_brand":[36],"product_cat":[15],"product_tag":[233,232,50,51],"class_list":{"0":"post-1243","1":"product","2":"type-product","3":"status-publish","4":"has-post-thumbnail","6":"product_brand-bangking","7":"product_cat-disposables","8":"product_tag-2-in-1","9":"product_tag-25000puffs","10":"product_tag-disposable-vape","11":"product_tag-vape","12":"pa_flavor-blue-razz-ice","13":"pa_flavor-cherry-bomb","14":"pa_flavor-grape-ice","15":"pa_flavor-juicy-peach-ice","16":"pa_flavor-peach-mango","17":"pa_flavor-sour-apple-ice","18":"pa_flavor-strawberry-banana","19":"pa_flavor-strawberry-mango","20":"pa_flavor-strawberry-watermelon","21":"pa_flavor-triple-berry-ice","22":"pa_flavor-tropical-fruit","23":"pa_flavor-watermelon-ice","24":"pa_nicotine-0mg","25":"pa_nicotine-20mg","26":"pa_nicotine-50mg","27":"pa_puffs-25000-puffs","29":"first","30":"instock","31":"shipping-taxable","32":"purchasable","33":"product-type-variable"},"aioseo_notices":[],"_links":{"self":[{"href":"https:\/\/vapesaler.com\/de\/wp-json\/wp\/v2\/product\/1243","targetHints":{"allow":["GET"]}}],"collection":[{"href":"https:\/\/vapesaler.com\/de\/wp-json\/wp\/v2\/product"}],"about":[{"href":"https:\/\/vapesaler.com\/de\/wp-json\/wp\/v2\/types\/product"}],"replies":[{"embeddable":true,"href":"https:\/\/vapesaler.com\/de\/wp-json\/wp\/v2\/comments?post=1243"}],"wp:featuredmedia":[{"embeddable":true,"href":"https:\/\/vapesaler.com\/de\/wp-json\/wp\/v2\/media\/1258"}],"wp:attachment":[{"href":"https:\/\/vapesaler.com\/de\/wp-json\/wp\/v2\/media?parent=1243"}],"wp:term":[{"taxonomy":"product_brand","embeddable":true,"href":"https:\/\/vapesaler.com\/de\/wp-json\/wp\/v2\/product_brand?post=1243"},{"taxonomy":"product_cat","embeddable":true,"href":"https:\/\/vapesaler.com\/de\/wp-json\/wp\/v2\/product_cat?post=1243"},{"taxonomy":"product_tag","embeddable":true,"href":"https:\/\/vapesaler.com\/de\/wp-json\/wp\/v2\/product_tag?post=1243"}],"curies":[{"name":"wp","href":"https:\/\/api.w.org\/{rel}","templated":true}]}}